{"id":417,"date":"2025-02-26T12:35:32","date_gmt":"2025-02-26T11:35:32","guid":{"rendered":"https:\/\/lerousseaugrenoble.fr\/boutique\/?post_type=product&#038;p=417"},"modified":"2025-05-09T12:42:28","modified_gmt":"2025-05-09T10:42:28","slug":"les-nouettes-jean-christophe-garnier-2021","status":"publish","type":"product","link":"https:\/\/lerousseaugrenoble.fr\/boutique\/produit\/les-nouettes-jean-christophe-garnier-2021\/","title":{"rendered":"Les nouettes Jean Christophe Garnier 2021"},"content":{"rendered":"<div class=\"flex max-w-full flex-col flex-grow\">\n<div class=\"min-h-8 text-message relative flex w-full flex-col items-end gap-2 whitespace-normal break-words text-start [.text-message+&amp;]:mt-5\" dir=\"auto\" data-message-author-role=\"assistant\" data-message-id=\"d08bc75a-4c68-42b7-a77f-eeb3ec873cb1\" data-message-model-slug=\"gpt-4o\">\n<div class=\"flex w-full flex-col gap-1 empty:hidden first:pt-[3px]\">\n<div class=\"markdown prose w-full break-words dark:prose-invert dark\">\n<p data-start=\"0\" data-end=\"269\"><strong data-start=\"0\" data-end=\"51\">Les Nouettes 2021 \u2013 Jean-Christophe Garnier \ud83c\udf47\u2728<\/strong><br data-start=\"51\" data-end=\"54\" \/>Un vin naturel pur et sinc\u00e8re, reflet du travail artisanal de Jean-Christophe Garnier. Cette cuv\u00e9e exprime avec finesse le terroir lig\u00e9rien, offrant un \u00e9quilibre parfait entre fra\u00eecheur, complexit\u00e9 et gourmandise.<\/p>\n<h3 data-start=\"271\" data-end=\"304\"><strong data-start=\"275\" data-end=\"302\">Caract\u00e9ristiques du Vin<\/strong><\/h3>\n<p data-start=\"305\" data-end=\"460\">\ud83d\udcc5 <strong data-start=\"308\" data-end=\"321\">Mill\u00e9sime<\/strong> : 2021<br data-start=\"328\" data-end=\"331\" \/>\ud83d\udccd <strong data-start=\"334\" data-end=\"344\">R\u00e9gion<\/strong> : Loire, France<br data-start=\"360\" data-end=\"363\" \/>\ud83c\udf47 <strong data-start=\"366\" data-end=\"377\">C\u00e9pages<\/strong> : Grolleau, Pineau d&#8217;Aunis<br data-start=\"404\" data-end=\"407\" \/>\ud83c\udf7e <strong data-start=\"410\" data-end=\"420\">Format<\/strong> : 75 cl<br data-start=\"428\" data-end=\"431\" \/>% <strong data-start=\"433\" data-end=\"450\">Taux d\u2019alcool<\/strong> : 10,5%<\/p>\n<h3 data-start=\"462\" data-end=\"483\"><strong data-start=\"466\" data-end=\"481\">D\u00e9gustation<\/strong><\/h3>\n<p data-start=\"484\" data-end=\"794\">\ud83d\udc43 <strong data-start=\"487\" data-end=\"494\">Nez<\/strong> : Intense et charmeur, d\u00e9voilant des ar\u00f4mes de fruits m\u00fbrs, de fleurs blanches et une l\u00e9g\u00e8re touche min\u00e9rale.<br data-start=\"604\" data-end=\"607\" \/>\ud83d\udc44 <strong data-start=\"610\" data-end=\"620\">Bouche<\/strong> : Belle vivacit\u00e9, avec une mati\u00e8re ample et juteuse. Les ar\u00f4mes fruit\u00e9s sont port\u00e9s par une belle tension et une min\u00e9ralit\u00e9 subtile, offrant une finale longue et \u00e9l\u00e9gante.<\/p>\n<h3 data-start=\"796\" data-end=\"832\"><strong data-start=\"800\" data-end=\"830\">Un vin vivant et expressif<\/strong><\/h3>\n<p data-start=\"833\" data-end=\"1035\" data-is-last-node=\"\" data-is-only-node=\"\">\ud83c\udf77 <strong data-start=\"836\" data-end=\"857\">Les Nouettes 2021<\/strong> incarne la philosophie du vin naturel avec \u00e9clat. \u00c0 d\u00e9guster d\u00e8s aujourd\u2019hui pour profiter de son \u00e9nergie vibrante ou \u00e0 laisser \u00e9voluer en cave pour encore plus de profondeur. \u2728<\/p>\n<\/div>\n<\/div>\n<\/div>\n<\/div>\n","protected":false},"excerpt":{"rendered":"<p data-start=\"0\" data-end=\"149\"><strong data-start=\"0\" data-end=\"51\">Les Nouettes 2021 \u2013 Jean-Christophe Garnier \ud83c\udf47\u2728<\/strong><br data-start=\"51\" data-end=\"54\" \/>Un vin naturel vibrant, alliant fra\u00eecheur et gourmandise, parfait reflet du terroir lig\u00e9rien.<\/p>\n<p data-start=\"151\" data-end=\"306\">\ud83d\udcc5 <strong data-start=\"154\" data-end=\"167\">Mill\u00e9sime<\/strong> : 2021<br data-start=\"174\" data-end=\"177\" \/>\ud83d\udccd <strong data-start=\"180\" data-end=\"190\" data-is-only-node=\"\">R\u00e9gion<\/strong> : Loire, France<br data-start=\"206\" data-end=\"209\" \/>\ud83c\udf47 <strong data-start=\"212\" data-end=\"223\">C\u00e9pages<\/strong> : Grolleau, Pineau d&#8217;Aunis<br data-start=\"250\" data-end=\"253\" \/>\ud83c\udf7e <strong data-start=\"256\" data-end=\"266\">Format<\/strong> : 75 cl<br data-start=\"274\" data-end=\"277\" \/>% <strong data-start=\"279\" data-end=\"296\">Taux d\u2019alcool<\/strong> : 10,5%<\/p>\n<p data-start=\"308\" data-end=\"441\">\ud83d\udc43 <strong data-start=\"311\" data-end=\"318\">Nez<\/strong> : Fruits m\u00fbrs, fleurs blanches, touche min\u00e9rale.<br data-start=\"367\" data-end=\"370\" \/>\ud83d\udc44 <strong data-start=\"373\" data-end=\"383\" data-is-only-node=\"\">Bouche<\/strong> : Fra\u00eeche et juteuse, belle tension et finale \u00e9l\u00e9gante.<\/p>\n<p data-start=\"443\" data-end=\"513\" data-is-last-node=\"\" data-is-only-node=\"\">Un vin expressif et authentique, id\u00e9al \u00e0 d\u00e9guster d\u00e8s maintenant ! \ud83c\udf77\u2728<\/p>\n","protected":false},"featured_media":432,"comment_status":"open","ping_status":"closed","template":"","meta":[],"product_brand":[],"product_cat":[15,188,174,25,303],"product_tag":[],"class_list":{"0":"post-417","1":"product","2":"type-product","3":"status-publish","4":"has-post-thumbnail","6":"product_cat-bouteilles-vins","7":"product_cat-vignerons-j-c-garnier","8":"product_cat-loire","9":"product_cat-bouteilles-vins-rouges","10":"product_cat-vins-rouges-loire","13":"first","14":"instock","15":"shipping-taxable","16":"purchasable","17":"product-type-simple"},"_links":{"self":[{"href":"https:\/\/lerousseaugrenoble.fr\/boutique\/wp-json\/wp\/v2\/product\/417","targetHints":{"allow":["GET"]}}],"collection":[{"href":"https:\/\/lerousseaugrenoble.fr\/boutique\/wp-json\/wp\/v2\/product"}],"about":[{"href":"https:\/\/lerousseaugrenoble.fr\/boutique\/wp-json\/wp\/v2\/types\/product"}],"replies":[{"embeddable":true,"href":"https:\/\/lerousseaugrenoble.fr\/boutique\/wp-json\/wp\/v2\/comments?post=417"}],"version-history":[{"count":2,"href":"https:\/\/lerousseaugrenoble.fr\/boutique\/wp-json\/wp\/v2\/product\/417\/revisions"}],"predecessor-version":[{"id":25250,"href":"https:\/\/lerousseaugrenoble.fr\/boutique\/wp-json\/wp\/v2\/product\/417\/revisions\/25250"}],"wp:featuredmedia":[{"embeddable":true,"href":"https:\/\/lerousseaugrenoble.fr\/boutique\/wp-json\/wp\/v2\/media\/432"}],"wp:attachment":[{"href":"https:\/\/lerousseaugrenoble.fr\/boutique\/wp-json\/wp\/v2\/media?parent=417"}],"wp:term":[{"taxonomy":"product_brand","embeddable":true,"href":"https:\/\/lerousseaugrenoble.fr\/boutique\/wp-json\/wp\/v2\/product_brand?post=417"},{"taxonomy":"product_cat","embeddable":true,"href":"https:\/\/lerousseaugrenoble.fr\/boutique\/wp-json\/wp\/v2\/product_cat?post=417"},{"taxonomy":"product_tag","embeddable":true,"href":"https:\/\/lerousseaugrenoble.fr\/boutique\/wp-json\/wp\/v2\/product_tag?post=417"}],"curies":[{"name":"wp","href":"https:\/\/api.w.org\/{rel}","templated":true}]}}