{"id":416,"date":"2025-02-26T12:30:02","date_gmt":"2025-02-26T11:30:02","guid":{"rendered":"https:\/\/lerousseaugrenoble.fr\/boutique\/?post_type=product&#038;p=416"},"modified":"2025-08-04T10:30:04","modified_gmt":"2025-08-04T08:30:04","slug":"les-baconnelles-gerard-marula-2021","status":"publish","type":"product","link":"https:\/\/lerousseaugrenoble.fr\/boutique\/produit\/les-baconnelles-gerard-marula-2021\/","title":{"rendered":"Les Baconnelles Gerard Marula 2021"},"content":{"rendered":"<p data-start=\"0\" data-end=\"377\"><strong data-start=\"0\" data-end=\"44\">Les Baconnelles 2021 \u2013 G\u00e9rard Marula \ud83c\udf47\u2728<\/strong><br data-start=\"44\" data-end=\"47\" \/>Un vin naturel vibrant qui incarne la philosophie artisanale de G\u00e9rard Marula. Cette cuv\u00e9e r\u00e9v\u00e8le toute la finesse du <strong data-start=\"165\" data-end=\"183\">Pineau d&#8217;Aunis<\/strong>, c\u00e9page embl\u00e9matique de la Loire, \u00e0 travers une vinification sans intrants et un respect absolu du terroir. Un vin d\u2019\u00e9motion, d\u00e9licatement \u00e9pic\u00e9, qui s\u00e9duit par sa fra\u00eecheur et sa buvabilit\u00e9.<\/p>\n<h3 data-start=\"379\" data-end=\"412\"><strong data-start=\"383\" data-end=\"410\">Caract\u00e9ristiques du Vin<\/strong><\/h3>\n<p data-start=\"413\" data-end=\"555\">\ud83d\udcc5 <strong data-start=\"416\" data-end=\"429\">Mill\u00e9sime<\/strong> : 2021<br data-start=\"436\" data-end=\"439\" \/>\ud83d\udccd <strong data-start=\"442\" data-end=\"452\">R\u00e9gion<\/strong> : Loire, France<br data-start=\"468\" data-end=\"471\" \/>\ud83c\udf47 <strong data-start=\"474\" data-end=\"484\">C\u00e9page<\/strong> : Cabernet Franc\u00a0<br data-start=\"501\" data-end=\"504\" \/>\ud83c\udf7e <strong data-start=\"507\" data-end=\"517\">Format<\/strong> : 75 cl<br data-start=\"525\" data-end=\"528\" \/>% <strong data-start=\"530\" data-end=\"547\">Taux d\u2019alcool<\/strong> : 12%<\/p>\n<h3 data-start=\"557\" data-end=\"578\"><strong data-start=\"561\" data-end=\"576\">D\u00e9gustation<\/strong><\/h3>\n<p data-start=\"579\" data-end=\"967\">\ud83d\udc43 <strong data-start=\"582\" data-end=\"589\">Nez<\/strong> : Expressif et subtil, d\u00e9voilant des ar\u00f4mes de <strong data-start=\"637\" data-end=\"664\">fruits rouges croquants<\/strong> (groseille, framboise), d\u2019<strong data-start=\"691\" data-end=\"708\">\u00e9pices douces<\/strong>(poivre blanc) et une touche florale d\u00e9licate.<br data-start=\"755\" data-end=\"758\" \/>\ud83d\udc44 <strong data-start=\"761\" data-end=\"771\">Bouche<\/strong> : L\u2019attaque est <strong data-start=\"788\" data-end=\"809\" data-is-only-node=\"\">fra\u00eeche et fluide<\/strong>, port\u00e9e par des tanins soyeux et une structure a\u00e9rienne. Belle <strong data-start=\"873\" data-end=\"887\">min\u00e9ralit\u00e9<\/strong> et longueur savoureuse, marqu\u00e9e par une touche \u00e9pic\u00e9e et une finale \u00e9l\u00e9gante.<\/p>\n<h3 data-start=\"969\" data-end=\"1009\"><strong data-start=\"973\" data-end=\"1007\">Un Vin d\u2019\u00c9motion et de Partage<\/strong><\/h3>\n<p data-start=\"1010\" data-end=\"1273\" data-is-last-node=\"\" data-is-only-node=\"\">Les Baconnelles 2021 est une cuv\u00e9e qui se distingue par sa <strong data-start=\"1069\" data-end=\"1096\">puret\u00e9 et son \u00e9quilibre<\/strong>, parfaite pour accompagner une cuisine l\u00e9g\u00e8re et conviviale. \u00c0 d\u00e9guster d\u00e8s maintenant pour son \u00e9clat aromatique ou \u00e0 garder quelques ann\u00e9es pour encore plus de complexit\u00e9. \ud83c\udf77\u2728<\/p>\n","protected":false},"excerpt":{"rendered":"<p data-start=\"0\" data-end=\"155\"><strong data-start=\"0\" data-end=\"44\">Les Baconnelles 2021 \u2013 G\u00e9rard Marula \ud83c\udf47\u2728<\/strong><br data-start=\"44\" data-end=\"47\" \/>Un vin naturel pur et sinc\u00e8re, r\u00e9v\u00e9lant toute l\u2019authenticit\u00e9 du terroir lig\u00e9rien avec finesse et \u00e9l\u00e9gance.<\/p>\n<p data-start=\"157\" data-end=\"299\">\ud83d\udcc5 <strong data-start=\"160\" data-end=\"173\">Mill\u00e9sime<\/strong> : 2021<br data-start=\"180\" data-end=\"183\" \/>\ud83d\udccd <strong data-start=\"186\" data-end=\"196\" data-is-only-node=\"\">R\u00e9gion<\/strong> : Loire, France<br data-start=\"212\" data-end=\"215\" \/>\ud83c\udf47 <strong data-start=\"218\" data-end=\"228\">C\u00e9page<\/strong> : Cabernet Franc<\/p>\n<p data-start=\"157\" data-end=\"299\">\ud83c\udf7e <strong data-start=\"251\" data-end=\"261\">Format<\/strong> : 75 cl<br data-start=\"269\" data-end=\"272\" \/>% <strong data-start=\"274\" data-end=\"291\">Taux d\u2019alcool<\/strong> : 12%<\/p>\n<p data-start=\"301\" data-end=\"440\">\ud83d\udc43 <strong data-start=\"304\" data-end=\"311\">Nez<\/strong> : Petits fruits rouges, \u00e9pices douces, touche florale.<br data-start=\"366\" data-end=\"369\" \/>\ud83d\udc44 <strong data-start=\"372\" data-end=\"382\" data-is-only-node=\"\">Bouche<\/strong> : Fra\u00eeche et fluide, tanins d\u00e9licats, belle min\u00e9ralit\u00e9.<\/p>\n<p data-start=\"442\" data-end=\"502\" data-is-last-node=\"\" data-is-only-node=\"\">Un vin vibrant et accessible, \u00e0 partager sans attendre ! \ud83c\udf77\u2728<\/p>\n","protected":false},"featured_media":439,"comment_status":"open","ping_status":"closed","template":"","meta":[],"product_brand":[],"product_cat":[15,174,25,303],"product_tag":[],"class_list":{"0":"post-416","1":"product","2":"type-product","3":"status-publish","4":"has-post-thumbnail","6":"product_cat-bouteilles-vins","7":"product_cat-loire","8":"product_cat-bouteilles-vins-rouges","9":"product_cat-vins-rouges-loire","12":"first","13":"instock","14":"shipping-taxable","15":"purchasable","16":"product-type-simple"},"_links":{"self":[{"href":"https:\/\/lerousseaugrenoble.fr\/boutique\/wp-json\/wp\/v2\/product\/416","targetHints":{"allow":["GET"]}}],"collection":[{"href":"https:\/\/lerousseaugrenoble.fr\/boutique\/wp-json\/wp\/v2\/product"}],"about":[{"href":"https:\/\/lerousseaugrenoble.fr\/boutique\/wp-json\/wp\/v2\/types\/product"}],"replies":[{"embeddable":true,"href":"https:\/\/lerousseaugrenoble.fr\/boutique\/wp-json\/wp\/v2\/comments?post=416"}],"version-history":[{"count":3,"href":"https:\/\/lerousseaugrenoble.fr\/boutique\/wp-json\/wp\/v2\/product\/416\/revisions"}],"predecessor-version":[{"id":25412,"href":"https:\/\/lerousseaugrenoble.fr\/boutique\/wp-json\/wp\/v2\/product\/416\/revisions\/25412"}],"wp:featuredmedia":[{"embeddable":true,"href":"https:\/\/lerousseaugrenoble.fr\/boutique\/wp-json\/wp\/v2\/media\/439"}],"wp:attachment":[{"href":"https:\/\/lerousseaugrenoble.fr\/boutique\/wp-json\/wp\/v2\/media?parent=416"}],"wp:term":[{"taxonomy":"product_brand","embeddable":true,"href":"https:\/\/lerousseaugrenoble.fr\/boutique\/wp-json\/wp\/v2\/product_brand?post=416"},{"taxonomy":"product_cat","embeddable":true,"href":"https:\/\/lerousseaugrenoble.fr\/boutique\/wp-json\/wp\/v2\/product_cat?post=416"},{"taxonomy":"product_tag","embeddable":true,"href":"https:\/\/lerousseaugrenoble.fr\/boutique\/wp-json\/wp\/v2\/product_tag?post=416"}],"curies":[{"name":"wp","href":"https:\/\/api.w.org\/{rel}","templated":true}]}}