{"id":411,"date":"2025-02-26T12:09:47","date_gmt":"2025-02-26T11:09:47","guid":{"rendered":"https:\/\/lerousseaugrenoble.fr\/boutique\/?post_type=product&#038;p=411"},"modified":"2025-03-17T15:40:02","modified_gmt":"2025-03-17T14:40:02","slug":"barolo-docg-le-vigne-sandrone-2019","status":"publish","type":"product","link":"https:\/\/lerousseaugrenoble.fr\/boutique\/produit\/barolo-docg-le-vigne-sandrone-2019\/","title":{"rendered":"Barolo DOCG Le Vigne Sandrone 2019"},"content":{"rendered":"<div class=\"flex max-w-full flex-col flex-grow\">\n<div class=\"min-h-8 text-message relative flex w-full flex-col items-end gap-2 whitespace-normal break-words text-start [.text-message+&amp;]:mt-5\" dir=\"auto\" data-message-author-role=\"assistant\" data-message-id=\"127b0de7-47ba-4cdc-ac07-e2eda000abcb\" data-message-model-slug=\"gpt-4o\">\n<div class=\"flex w-full flex-col gap-1 empty:hidden first:pt-[3px]\">\n<div class=\"markdown prose w-full break-words dark:prose-invert dark\">\n<p data-start=\"0\" data-end=\"273\"><strong data-start=\"0\" data-end=\"43\">Barolo DOCG Le Vigne Sandrone 2019 \ud83d\udccd\ud83c\udf47<\/strong><br data-start=\"43\" data-end=\"46\" \/>Un grand Barolo issu d\u2019un assemblage de diff\u00e9rentes parcelles s\u00e9lectionn\u00e9es avec soin, offrant une complexit\u00e9 et une profondeur remarquables. Ce mill\u00e9sime 2019 exprime toute la noblesse du Nebbiolo avec \u00e9l\u00e9gance et intensit\u00e9.<\/p>\n<h3 data-start=\"275\" data-end=\"308\"><strong data-start=\"279\" data-end=\"306\">Caract\u00e9ristiques du Vin<\/strong><\/h3>\n<p data-start=\"309\" data-end=\"449\">\ud83d\udcc5 <strong data-start=\"312\" data-end=\"325\">Mill\u00e9sime<\/strong> : 2019<br data-start=\"332\" data-end=\"335\" \/>\ud83d\udccd <strong data-start=\"338\" data-end=\"348\">R\u00e9gion<\/strong> : Pi\u00e9mont, Italie<br data-start=\"366\" data-end=\"369\" \/>\ud83c\udf47 <strong data-start=\"372\" data-end=\"382\">C\u00e9page<\/strong> : Nebbiolo<br data-start=\"393\" data-end=\"396\" \/>\ud83c\udf7e <strong data-start=\"399\" data-end=\"409\">Format<\/strong> : 75 cl<br data-start=\"417\" data-end=\"420\" \/>% <strong data-start=\"422\" data-end=\"439\">Taux d\u2019alcool<\/strong> : 14,5%<\/p>\n<h3 data-start=\"451\" data-end=\"472\"><strong data-start=\"455\" data-end=\"470\">D\u00e9gustation<\/strong><\/h3>\n<p data-start=\"473\" data-end=\"835\">\ud83d\udc43 <strong data-start=\"476\" data-end=\"483\">Nez<\/strong> : Intense et raffin\u00e9, il d\u00e9voile des ar\u00f4mes de cerise noire, de rose s\u00e9ch\u00e9e, de r\u00e9glisse et d\u2019\u00e9pices douces, avec une subtile touche de truffe et de tabac.<br data-start=\"639\" data-end=\"642\" \/>\ud83d\udc44 <strong data-start=\"645\" data-end=\"655\">Bouche<\/strong> : Structur\u00e9e et \u00e9l\u00e9gante, avec des tanins fins et soyeux. L\u2019\u00e9quilibre entre puissance et finesse se prolonge sur une finale persistante aux notes de fruits m\u00fbrs et de sous-bois.<\/p>\n<p data-start=\"837\" data-end=\"949\" data-is-last-node=\"\" data-is-only-node=\"\">Un Barolo d\u2019exception, taill\u00e9 pour la garde, qui se r\u00e9v\u00e8lera encore davantage apr\u00e8s quelques ann\u00e9es en cave. \ud83c\udf77\u2728<\/p>\n<\/div>\n<\/div>\n<\/div>\n<\/div>\n","protected":false},"excerpt":{"rendered":"<p>Barolo DOCG Le Vigne Sandrone 2019 \ud83d\udccd\ud83c\udf47<br \/>\nUn Barolo d\u2019exception, alliant finesse et puissance, issu d\u2019un assemblage de terroirs s\u00e9lectionn\u00e9s.<\/p>\n<p>\ud83d\udcc5 Mill\u00e9sime : 2019<br \/>\n\ud83d\udccd R\u00e9gion : Pi\u00e9mont, Italie<br \/>\n\ud83c\udf47 C\u00e9page : Nebbiolo<br \/>\n\ud83c\udf7e Format : 75 cl<br \/>\n% Taux d\u2019alcool : 14,5%<\/p>\n<p>\ud83d\udc43 Nez : Ar\u00f4mes de cerise noire, rose s\u00e9ch\u00e9e, r\u00e9glisse et \u00e9pices.<br \/>\n\ud83d\udc44 Bouche : Tanins fins, belle structure et finale longue sur des notes de fruits m\u00fbrs et sous-bois.<\/p>\n<p>Un vin \u00e9l\u00e9gant et taill\u00e9 pour la garde. \ud83c\udf77\u2728<\/p>\n","protected":false},"featured_media":0,"comment_status":"open","ping_status":"closed","template":"","meta":[],"product_brand":[],"product_cat":[132,142,25,310],"product_tag":[],"class_list":{"0":"post-411","1":"product","2":"type-product","3":"status-publish","5":"product_cat-italie","6":"product_cat-vignerons-sandrone","7":"product_cat-bouteilles-vins-rouges","8":"product_cat-vins-rouges-italie","10":"first","11":"instock","12":"shipping-taxable","13":"purchasable","14":"product-type-simple"},"_links":{"self":[{"href":"https:\/\/lerousseaugrenoble.fr\/boutique\/wp-json\/wp\/v2\/product\/411","targetHints":{"allow":["GET"]}}],"collection":[{"href":"https:\/\/lerousseaugrenoble.fr\/boutique\/wp-json\/wp\/v2\/product"}],"about":[{"href":"https:\/\/lerousseaugrenoble.fr\/boutique\/wp-json\/wp\/v2\/types\/product"}],"replies":[{"embeddable":true,"href":"https:\/\/lerousseaugrenoble.fr\/boutique\/wp-json\/wp\/v2\/comments?post=411"}],"version-history":[{"count":0,"href":"https:\/\/lerousseaugrenoble.fr\/boutique\/wp-json\/wp\/v2\/product\/411\/revisions"}],"wp:attachment":[{"href":"https:\/\/lerousseaugrenoble.fr\/boutique\/wp-json\/wp\/v2\/media?parent=411"}],"wp:term":[{"taxonomy":"product_brand","embeddable":true,"href":"https:\/\/lerousseaugrenoble.fr\/boutique\/wp-json\/wp\/v2\/product_brand?post=411"},{"taxonomy":"product_cat","embeddable":true,"href":"https:\/\/lerousseaugrenoble.fr\/boutique\/wp-json\/wp\/v2\/product_cat?post=411"},{"taxonomy":"product_tag","embeddable":true,"href":"https:\/\/lerousseaugrenoble.fr\/boutique\/wp-json\/wp\/v2\/product_tag?post=411"}],"curies":[{"name":"wp","href":"https:\/\/api.w.org\/{rel}","templated":true}]}}