{"id":323,"date":"2025-02-25T14:48:40","date_gmt":"2025-02-25T13:48:40","guid":{"rendered":"https:\/\/lerousseaugrenoble.fr\/boutique\/?post_type=product&#038;p=323"},"modified":"2025-05-09T12:55:42","modified_gmt":"2025-05-09T10:55:42","slug":"vdf-cinsault-charlotte-houillon-2021","status":"publish","type":"product","link":"https:\/\/lerousseaugrenoble.fr\/boutique\/produit\/vdf-cinsault-charlotte-houillon-2021\/","title":{"rendered":"VDF Cinsault Charlotte Houillon 2021"},"content":{"rendered":"<p data-start=\"0\" data-end=\"533\"><strong data-start=\"0\" data-end=\"45\">VDF Cinsault Charlotte Houillon 2021 \ud83d\udccd\ud83c\udf47<\/strong><br data-start=\"45\" data-end=\"48\" \/>Le <strong data-start=\"51\" data-end=\"68\">Cinsault 2021<\/strong> de Charlotte Houillon est une cuv\u00e9e de caract\u00e8re, issue des pratiques biodynamiques et du respect profond du terroir. Ce vin est un hommage \u00e0 la puret\u00e9 et \u00e0 l\u2019expression naturelle du c\u00e9page Cinsault, cultiv\u00e9 sur des sols argilo-calcaires. Avec une vinification sans intrants ni soufre ajout\u00e9, ce vin refl\u00e8te parfaitement l&#8217;engagement de Charlotte pour des vins sans artifices. Le mill\u00e9sime 2021 se distingue par sa fra\u00eecheur, sa l\u00e9g\u00e8ret\u00e9 et son approche naturelle.<\/p>\n<p data-start=\"535\" data-end=\"702\"><strong data-start=\"535\" data-end=\"562\">Caract\u00e9ristiques du Vin<\/strong><br data-start=\"562\" data-end=\"565\" \/>\ud83d\udcc5 <strong data-start=\"568\" data-end=\"581\">Mill\u00e9sime<\/strong> : 2021<br data-start=\"588\" data-end=\"591\" data-is-only-node=\"\" \/>\ud83d\udccd <strong data-start=\"594\" data-end=\"604\">R\u00e9gion<\/strong> : Vall\u00e9e du Rh\u00f4ne<br data-start=\"622\" data-end=\"625\" \/>\ud83c\udf47 <strong data-start=\"628\" data-end=\"638\">C\u00e9page<\/strong> : Cinsault<br data-start=\"649\" data-end=\"652\" \/>\ud83c\udf7e <strong data-start=\"655\" data-end=\"665\">Format<\/strong> : 75 cl<br data-start=\"673\" data-end=\"676\" \/>% <strong data-start=\"678\" data-end=\"695\">Taux d\u2019alcool<\/strong> : 13 %<\/p>\n<p data-start=\"704\" data-end=\"1249\"><strong data-start=\"704\" data-end=\"719\">D\u00e9gustation<\/strong><br data-start=\"719\" data-end=\"722\" \/>\ud83d\udc43 <strong data-start=\"725\" data-end=\"732\">Nez<\/strong> : Le nez est expressif, avec des ar\u00f4mes frais et d\u00e9licats de cerise, de fraise des bois et une pointe d\u2019\u00e9pices. Des notes florales et herbac\u00e9es ajoutent une dimension suppl\u00e9mentaire, offrant un bouquet aromatique complexe.<br data-start=\"955\" data-end=\"958\" data-is-only-node=\"\" \/>\ud83d\udc44 <strong data-start=\"961\" data-end=\"971\">Bouche<\/strong> : La bouche est l\u00e9g\u00e8re, fluide et \u00e9l\u00e9gante, avec une belle fra\u00eecheur. Les tanins sont fins, et la texture est souple, \u00e9quilibr\u00e9e par une belle acidit\u00e9 qui donne de la vivacit\u00e9 au vin. La finale est nette et fruit\u00e9e, avec des ar\u00f4mes de fruits rouges qui persistent agr\u00e9ablement.<\/p>\n<p data-start=\"1251\" data-end=\"1671\" data-is-last-node=\"\" data-is-only-node=\"\"><strong data-start=\"1251\" data-end=\"1280\">Un Vin Naturel et Raffin\u00e9<\/strong><br data-start=\"1280\" data-end=\"1283\" \/>Le <strong data-start=\"1286\" data-end=\"1303\">Cinsault 2021<\/strong> est un vin facile \u00e0 appr\u00e9cier, mais avec suffisamment de complexit\u00e9 pour s\u00e9duire les amateurs de vins naturels. Parfait pour accompagner des salades estivales, des grillades ou des fromages frais, ce vin se distingue par sa capacit\u00e9 \u00e0 capturer l\u2019essence du terroir et du c\u00e9page. Un vin de plaisir, \u00e0 d\u00e9guster jeune pour profiter de sa fra\u00eecheur et de sa l\u00e9g\u00e8ret\u00e9. \ud83c\udf77\u2728<\/p>\n","protected":false},"excerpt":{"rendered":"<p data-start=\"0\" data-end=\"299\"><strong data-start=\"0\" data-end=\"45\">VDF Cinsault Charlotte Houillon 2021 \ud83d\udccd\ud83c\udf47<\/strong><br data-start=\"45\" data-end=\"48\" \/>Un vin naturel expressif et l\u00e9ger, n\u00e9 du travail biodynamique de Charlotte Houillon. Ce Cinsault 2021 est une v\u00e9ritable invitation \u00e0 la fra\u00eecheur, avec des ar\u00f4mes fruit\u00e9s de cerise et fraise des bois, et une bouche \u00e9l\u00e9gante, souple et rafra\u00eechissante.<\/p>\n<p data-start=\"301\" data-end=\"468\"><strong data-start=\"301\" data-end=\"328\">Caract\u00e9ristiques du Vin<\/strong><br data-start=\"328\" data-end=\"331\" \/>\ud83d\udcc5 <strong data-start=\"334\" data-end=\"347\">Mill\u00e9sime<\/strong> : 2021<br data-start=\"354\" data-end=\"357\" data-is-only-node=\"\" \/>\ud83d\udccd <strong data-start=\"360\" data-end=\"370\">R\u00e9gion<\/strong> : Vall\u00e9e du Rh\u00f4ne<br data-start=\"388\" data-end=\"391\" \/>\ud83c\udf47 <strong data-start=\"394\" data-end=\"404\">C\u00e9page<\/strong> : Cinsault<br data-start=\"415\" data-end=\"418\" \/>\ud83c\udf7e <strong data-start=\"421\" data-end=\"431\">Format<\/strong> : 75 cl<br data-start=\"439\" data-end=\"442\" \/>% <strong data-start=\"444\" data-end=\"461\">Taux d\u2019alcool<\/strong> : 13 %<\/p>\n<p data-start=\"470\" data-end=\"639\"><strong data-start=\"470\" data-end=\"485\">D\u00e9gustation<\/strong><br data-start=\"485\" data-end=\"488\" \/>\ud83d\udc43 <strong data-start=\"491\" data-end=\"498\">Nez<\/strong> : Frais, fruit\u00e9 avec des notes de cerise et fraise des bois.<br data-start=\"559\" data-end=\"562\" data-is-only-node=\"\" \/>\ud83d\udc44 <strong data-start=\"565\" data-end=\"575\">Bouche<\/strong> : L\u00e9g\u00e8re, fluide, avec une belle acidit\u00e9 et une finale fruit\u00e9e.<\/p>\n<p data-start=\"641\" data-end=\"689\" data-is-last-node=\"\" data-is-only-node=\"\">Un vin parfait pour l\u2019\u00e9t\u00e9, frais et naturel. \ud83c\udf77\u2728<\/p>\n","protected":false},"featured_media":575,"comment_status":"open","ping_status":"closed","template":"","meta":[],"product_brand":[],"product_cat":[227,254,25,300],"product_tag":[],"class_list":{"0":"post-323","1":"product","2":"type-product","3":"status-publish","4":"has-post-thumbnail","6":"product_cat-cotes-du-rhone","7":"product_cat-vignerons-domaine-charlotte-houillon","8":"product_cat-bouteilles-vins-rouges","9":"product_cat-vins-rouges-cote-du-rhone","12":"first","13":"instock","14":"shipping-taxable","15":"purchasable","16":"product-type-simple"},"_links":{"self":[{"href":"https:\/\/lerousseaugrenoble.fr\/boutique\/wp-json\/wp\/v2\/product\/323","targetHints":{"allow":["GET"]}}],"collection":[{"href":"https:\/\/lerousseaugrenoble.fr\/boutique\/wp-json\/wp\/v2\/product"}],"about":[{"href":"https:\/\/lerousseaugrenoble.fr\/boutique\/wp-json\/wp\/v2\/types\/product"}],"replies":[{"embeddable":true,"href":"https:\/\/lerousseaugrenoble.fr\/boutique\/wp-json\/wp\/v2\/comments?post=323"}],"version-history":[{"count":1,"href":"https:\/\/lerousseaugrenoble.fr\/boutique\/wp-json\/wp\/v2\/product\/323\/revisions"}],"predecessor-version":[{"id":25258,"href":"https:\/\/lerousseaugrenoble.fr\/boutique\/wp-json\/wp\/v2\/product\/323\/revisions\/25258"}],"wp:featuredmedia":[{"embeddable":true,"href":"https:\/\/lerousseaugrenoble.fr\/boutique\/wp-json\/wp\/v2\/media\/575"}],"wp:attachment":[{"href":"https:\/\/lerousseaugrenoble.fr\/boutique\/wp-json\/wp\/v2\/media?parent=323"}],"wp:term":[{"taxonomy":"product_brand","embeddable":true,"href":"https:\/\/lerousseaugrenoble.fr\/boutique\/wp-json\/wp\/v2\/product_brand?post=323"},{"taxonomy":"product_cat","embeddable":true,"href":"https:\/\/lerousseaugrenoble.fr\/boutique\/wp-json\/wp\/v2\/product_cat?post=323"},{"taxonomy":"product_tag","embeddable":true,"href":"https:\/\/lerousseaugrenoble.fr\/boutique\/wp-json\/wp\/v2\/product_tag?post=323"}],"curies":[{"name":"wp","href":"https:\/\/api.w.org\/{rel}","templated":true}]}}