{"id":321,"date":"2025-02-25T14:44:59","date_gmt":"2025-02-25T13:44:59","guid":{"rendered":"https:\/\/lerousseaugrenoble.fr\/boutique\/?post_type=product&#038;p=321"},"modified":"2025-08-04T12:21:36","modified_gmt":"2025-08-04T10:21:36","slug":"vdf-indigo-charlotte-houillon-2020","status":"publish","type":"product","link":"https:\/\/lerousseaugrenoble.fr\/boutique\/produit\/vdf-indigo-charlotte-houillon-2020\/","title":{"rendered":"VDF Indigo Charlotte Houillon 2020"},"content":{"rendered":"<p data-start=\"0\" data-end=\"43\"><strong data-start=\"0\" data-end=\"43\">VDF Indigo Charlotte Houillon 2020 \ud83d\udccd\ud83c\udf47<\/strong><\/p>\n<p data-start=\"45\" data-end=\"388\">Le <strong data-start=\"48\" data-end=\"86\">VDF Indigo Charlotte Houillon 2020<\/strong> est une cuv\u00e9e qui r\u00e9v\u00e8le la passion et l&#8217;engagement de la vigneronne Charlotte Houillon pour les vins naturels. Ce vin unique, \u00e0 la fois vibrant et authentique, est \u00e9labor\u00e9 avec des raisins cultiv\u00e9s sans produits chimiques et vinifi\u00e9s de mani\u00e8re minimaliste, pour mettre en avant la puret\u00e9 du terroir.<\/p>\n<p data-start=\"390\" data-end=\"564\"><strong data-start=\"390\" data-end=\"417\">Caract\u00e9ristiques du Vin<\/strong><br data-start=\"417\" data-end=\"420\" \/>\ud83d\udcc5 <strong data-start=\"423\" data-end=\"436\">Mill\u00e9sime<\/strong> : 2020<br data-start=\"443\" data-end=\"446\" \/>\ud83d\udccd <strong data-start=\"449\" data-end=\"459\">R\u00e9gion<\/strong> : Vall\u00e9e du Rh\u00f4ne<br data-start=\"477\" data-end=\"480\" \/>\ud83c\udf47 <strong data-start=\"483\" data-end=\"493\">C\u00e9page<\/strong> : 90% Syrah, Grenache 10%<br data-start=\"511\" data-end=\"514\" \/>\ud83c\udf7e <strong data-start=\"517\" data-end=\"527\">Format<\/strong> : 75 cl<br data-start=\"535\" data-end=\"538\" \/><strong data-start=\"540\" data-end=\"557\">Taux d&#8217;alcool<\/strong> : 13,5 %<\/p>\n<p data-start=\"566\" data-end=\"840\"><strong data-start=\"566\" data-end=\"581\">D\u00e9gustation<\/strong><br data-start=\"581\" data-end=\"584\" \/>\ud83d\udc43 <strong data-start=\"587\" data-end=\"594\">Nez<\/strong> : Un bouquet de fruits noirs, de violette, et des touches \u00e9pic\u00e9es de poivre et de garrigue.<br data-start=\"686\" data-end=\"689\" \/>\ud83d\udc44 <strong data-start=\"692\" data-end=\"702\">Bouche<\/strong> : L&#8217;attaque est franche et croquante, avec une belle structure tannique et une finale rafra\u00eechissante, soutenue par une belle min\u00e9ralit\u00e9.<\/p>\n<p data-start=\"842\" data-end=\"972\" data-is-last-node=\"\" data-is-only-node=\"\">Un vin naturel plein de caract\u00e8re, \u00e0 d\u00e9couvrir d\u00e8s aujourd&#8217;hui pour sa fra\u00eecheur ou \u00e0 laisser en cave pour plus de complexit\u00e9. \ud83c\udf77\u2728<\/p>\n","protected":false},"excerpt":{"rendered":"<div class=\"flex max-w-full flex-col flex-grow\">\n<div class=\"min-h-8 text-message relative flex w-full flex-col items-end gap-2 whitespace-normal break-words text-start [.text-message+&amp;]:mt-5\" dir=\"auto\" data-message-author-role=\"assistant\" data-message-id=\"6339ec49-74c1-410e-931c-0c0c84dd33fa\" data-message-model-slug=\"gpt-4o-mini\">\n<div class=\"flex w-full flex-col gap-1 empty:hidden first:pt-[3px]\">\n<div class=\"markdown prose w-full break-words dark:prose-invert dark\">\n<p data-start=\"0\" data-end=\"216\"><strong data-start=\"0\" data-end=\"43\">VDF Indigo Charlotte Houillon 2020 \ud83d\udccd\ud83c\udf47<\/strong><br data-start=\"43\" data-end=\"46\" \/>Un vin naturel vibrant, n\u00e9 du travail minutieux de Charlotte Houillon. \u00c9labor\u00e9 \u00e0 partir de Grenache et Syrah, ce vin met en avant un terroir pur, sans intrants chimiques.<\/p>\n<p data-start=\"218\" data-end=\"385\"><strong data-start=\"218\" data-end=\"238\">Caract\u00e9ristiques<\/strong><br data-start=\"238\" data-end=\"241\" \/>\ud83d\udcc5 <strong data-start=\"244\" data-end=\"257\">Mill\u00e9sime<\/strong> : 2020<br data-start=\"264\" data-end=\"267\" data-is-only-node=\"\" \/>\ud83d\udccd <strong data-start=\"270\" data-end=\"280\">R\u00e9gion<\/strong> : Vall\u00e9e du Rh\u00f4ne<br data-start=\"298\" data-end=\"301\" \/>\ud83c\udf47 <strong data-start=\"304\" data-end=\"314\">C\u00e9page<\/strong> : 90% Syrah, 10% Grenache<br data-start=\"332\" data-end=\"335\" \/>\ud83c\udf7e <strong data-start=\"338\" data-end=\"348\">Format<\/strong> : 75 cl<br data-start=\"356\" data-end=\"359\" \/>% <strong data-start=\"361\" data-end=\"378\">Taux d&#8217;alcool<\/strong> : 13,5 %<\/p>\n<p data-start=\"387\" data-end=\"517\"><strong data-start=\"387\" data-end=\"402\">D\u00e9gustation<\/strong><br data-start=\"402\" data-end=\"405\" \/>\ud83d\udc43 <strong data-start=\"408\" data-end=\"415\">Nez<\/strong> : Fruits noirs, violette, \u00e9pices.<br data-start=\"449\" data-end=\"452\" data-is-only-node=\"\" \/>\ud83d\udc44 <strong data-start=\"455\" data-end=\"465\">Bouche<\/strong> : Attaque fra\u00eeche, tannins fins, finale min\u00e9rale.<\/p>\n<p data-start=\"519\" data-end=\"580\" data-is-last-node=\"\" data-is-only-node=\"\">Un vin \u00e0 savourer pour sa puret\u00e9 et son caract\u00e8re naturel. \ud83c\udf77<\/p>\n<\/div>\n<\/div>\n<\/div>\n<\/div>\n","protected":false},"featured_media":578,"comment_status":"open","ping_status":"closed","template":"","meta":[],"product_brand":[],"product_cat":[227,254,25,300],"product_tag":[],"class_list":{"0":"post-321","1":"product","2":"type-product","3":"status-publish","4":"has-post-thumbnail","6":"product_cat-cotes-du-rhone","7":"product_cat-vignerons-domaine-charlotte-houillon","8":"product_cat-bouteilles-vins-rouges","9":"product_cat-vins-rouges-cote-du-rhone","12":"first","13":"instock","14":"shipping-taxable","15":"purchasable","16":"product-type-simple"},"_links":{"self":[{"href":"https:\/\/lerousseaugrenoble.fr\/boutique\/wp-json\/wp\/v2\/product\/321","targetHints":{"allow":["GET"]}}],"collection":[{"href":"https:\/\/lerousseaugrenoble.fr\/boutique\/wp-json\/wp\/v2\/product"}],"about":[{"href":"https:\/\/lerousseaugrenoble.fr\/boutique\/wp-json\/wp\/v2\/types\/product"}],"replies":[{"embeddable":true,"href":"https:\/\/lerousseaugrenoble.fr\/boutique\/wp-json\/wp\/v2\/comments?post=321"}],"version-history":[{"count":3,"href":"https:\/\/lerousseaugrenoble.fr\/boutique\/wp-json\/wp\/v2\/product\/321\/revisions"}],"predecessor-version":[{"id":25419,"href":"https:\/\/lerousseaugrenoble.fr\/boutique\/wp-json\/wp\/v2\/product\/321\/revisions\/25419"}],"wp:featuredmedia":[{"embeddable":true,"href":"https:\/\/lerousseaugrenoble.fr\/boutique\/wp-json\/wp\/v2\/media\/578"}],"wp:attachment":[{"href":"https:\/\/lerousseaugrenoble.fr\/boutique\/wp-json\/wp\/v2\/media?parent=321"}],"wp:term":[{"taxonomy":"product_brand","embeddable":true,"href":"https:\/\/lerousseaugrenoble.fr\/boutique\/wp-json\/wp\/v2\/product_brand?post=321"},{"taxonomy":"product_cat","embeddable":true,"href":"https:\/\/lerousseaugrenoble.fr\/boutique\/wp-json\/wp\/v2\/product_cat?post=321"},{"taxonomy":"product_tag","embeddable":true,"href":"https:\/\/lerousseaugrenoble.fr\/boutique\/wp-json\/wp\/v2\/product_tag?post=321"}],"curies":[{"name":"wp","href":"https:\/\/api.w.org\/{rel}","templated":true}]}}