{"id":319,"date":"2025-02-25T14:40:04","date_gmt":"2025-02-25T13:40:04","guid":{"rendered":"https:\/\/lerousseaugrenoble.fr\/boutique\/?post_type=product&#038;p=319"},"modified":"2025-08-04T12:29:02","modified_gmt":"2025-08-04T10:29:02","slug":"cote-rotie-coteaux-de-tupin-jean-michel-stephan-2018","status":"publish","type":"product","link":"https:\/\/lerousseaugrenoble.fr\/boutique\/produit\/cote-rotie-coteaux-de-tupin-jean-michel-stephan-2018\/","title":{"rendered":"C\u00f4te Rotie coteaux de Tupin Jean Michel Stephan 2018"},"content":{"rendered":"<p data-start=\"0\" data-end=\"61\"><strong data-start=\"0\" data-end=\"61\">C\u00f4te R\u00f4tie Coteaux de Tupin Jean Michel Stephan 2018 \ud83d\udccd\ud83c\udf47<\/strong><\/p>\n<p data-start=\"63\" data-end=\"540\">Le <strong data-start=\"66\" data-end=\"102\">C\u00f4te R\u00f4tie Coteaux de Tupin 2018<\/strong>, \u00e9labor\u00e9 par Jean Michel Stephan, est un vin qui illustre parfaitement le savoir-faire du vigneron et la richesse d&#8217;un terroir d&#8217;exception. Situ\u00e9 dans l&#8217;une des appellations les plus prestigieuses de la vall\u00e9e du Rh\u00f4ne, le domaine Stephan cultive ses vignes en biodynamie, un choix qui se refl\u00e8te dans la puret\u00e9 et l\u2019authenticit\u00e9 de ce vin. Ce mill\u00e9sime 2018, issu de Syrah, est un bel exemple de l&#8217;harmonie entre tradition et modernit\u00e9.<\/p>\n<p data-start=\"542\" data-end=\"698\"><strong data-start=\"542\" data-end=\"569\">Caract\u00e9ristiques du Vin<\/strong><br data-start=\"569\" data-end=\"572\" \/>\ud83d\udcc5 <strong data-start=\"575\" data-end=\"588\">Mill\u00e9sime<\/strong> : 2018<br data-start=\"595\" data-end=\"598\" \/>\ud83d\udccd <strong data-start=\"601\" data-end=\"611\">R\u00e9gion<\/strong> : Rh\u00f4ne<br data-start=\"619\" data-end=\"622\" \/>\ud83c\udf47 <strong data-start=\"625\" data-end=\"635\">C\u00e9page<\/strong> : Syrah<br data-start=\"643\" data-end=\"646\" \/>\ud83c\udf7e <strong data-start=\"649\" data-end=\"659\">Format<\/strong> : 75 cl<br data-start=\"667\" data-end=\"670\" \/>% <strong data-start=\"672\" data-end=\"689\">Taux d&#8217;alcool<\/strong> : 14,5 %<\/p>\n<p data-start=\"700\" data-end=\"1405\"><strong data-start=\"700\" data-end=\"715\">D\u00e9gustation<\/strong><br data-start=\"715\" data-end=\"718\" \/>\ud83d\udc43 <strong data-start=\"721\" data-end=\"728\">Nez<\/strong> : Tr\u00e8s expressif et complexe, ce vin s\u2019ouvre sur des ar\u00f4mes de fruits noirs m\u00fbrs, tels que la m\u00fbre et la cerise noire, accompagn\u00e9s de nuances florales de violette et de touches \u00e9pic\u00e9es (poivre, r\u00e9glisse). Une l\u00e9g\u00e8re note bois\u00e9e se m\u00eale \u00e0 un fond min\u00e9ral typique du terroir granitique de la C\u00f4te R\u00f4tie.<br data-start=\"1030\" data-end=\"1033\" \/>\ud83d\udc44 <strong data-start=\"1036\" data-end=\"1046\">Bouche<\/strong> : L\u2019attaque est riche et suave, suivie par une texture velout\u00e9e et une belle concentration. Les tanins sont fins, bien pr\u00e9sents, et la mati\u00e8re est bien structur\u00e9e, soutenue par une acidit\u00e9 fra\u00eeche et min\u00e9rale. La fin de bouche d\u00e9voile une finale longue et \u00e9pic\u00e9e, avec une persistance aromatique remarquable, port\u00e9e par des notes de fruits noirs et d&#8217;\u00e9pices.<\/p>\n<p data-start=\"1407\" data-end=\"1885\" data-is-last-node=\"\" data-is-only-node=\"\"><strong data-start=\"1407\" data-end=\"1423\">Vin de Garde<\/strong><br data-start=\"1423\" data-end=\"1426\" \/>Le <strong data-start=\"1429\" data-end=\"1465\">C\u00f4te R\u00f4tie Coteaux de Tupin 2018<\/strong> est un vin qui a le potentiel de se bonifier en cave. \u00c0 savourer d\u00e8s aujourd\u2019hui pour sa jeunesse et sa fra\u00eecheur, il peut \u00e9galement \u00eatre gard\u00e9 quelques ann\u00e9es afin de d\u00e9velopper des ar\u00f4mes plus complexes et une structure encore plus raffin\u00e9e. Parfait pour accompagner des viandes grill\u00e9es, des plats en sauce ou des fromages affin\u00e9s, il est un incontournable pour les amateurs de grands vins de la vall\u00e9e du Rh\u00f4ne. \ud83c\udf77\u2728<\/p>\n","protected":false},"excerpt":{"rendered":"<p data-start=\"0\" data-end=\"61\"><strong data-start=\"0\" data-end=\"61\">C\u00f4te R\u00f4tie Coteaux de Tupin Jean Michel Stephan 2018 \ud83d\udccd\ud83c\udf47<\/strong><\/p>\n<p data-start=\"63\" data-end=\"328\">Un C\u00f4te R\u00f4tie d\u2019exception, sign\u00e9 Jean Michel Stephan, mettant en avant la richesse de la Syrah et la puret\u00e9 du terroir. Ce mill\u00e9sime 2018 pr\u00e9sente une belle complexit\u00e9 avec des ar\u00f4mes de fruits noirs, d&#8217;\u00e9pices, de fleurs et une touche min\u00e9rale typique de la r\u00e9gion.<\/p>\n<p data-start=\"330\" data-end=\"479\"><strong data-start=\"330\" data-end=\"350\">Caract\u00e9ristiques<\/strong><br data-start=\"350\" data-end=\"353\" \/>\ud83d\udcc5 <strong data-start=\"356\" data-end=\"369\">Mill\u00e9sime<\/strong> : 2018<br data-start=\"376\" data-end=\"379\" data-is-only-node=\"\" \/>\ud83d\udccd <strong data-start=\"382\" data-end=\"392\">R\u00e9gion<\/strong> : Rh\u00f4ne<br data-start=\"400\" data-end=\"403\" \/>\ud83c\udf47 <strong data-start=\"406\" data-end=\"416\">C\u00e9page<\/strong> : Syrah<br data-start=\"424\" data-end=\"427\" \/>\ud83c\udf7e <strong data-start=\"430\" data-end=\"440\">Format<\/strong> : 75 cl<br data-start=\"448\" data-end=\"451\" \/>% <strong data-start=\"453\" data-end=\"470\">Taux d&#8217;alcool<\/strong> : 14,5 %<\/p>\n<p data-start=\"481\" data-end=\"790\" data-is-last-node=\"\" data-is-only-node=\"\"><strong data-start=\"481\" data-end=\"496\">D\u00e9gustation<\/strong><br data-start=\"496\" data-end=\"499\" \/>Le nez d\u00e9voile des notes de fruits noirs m\u00fbrs, de violette, et d\u2019\u00e9pices, avec une subtile touche bois\u00e9e. En bouche, il offre une texture velout\u00e9e, avec des tanins fins et une finale longue et \u00e9pic\u00e9e. Un vin harmonieux et \u00e9l\u00e9gant \u00e0 d\u00e9guster avec des viandes rouges ou des fromages affin\u00e9s. \ud83c\udf77<\/p>\n","protected":false},"featured_media":586,"comment_status":"open","ping_status":"closed","template":"","meta":[],"product_brand":[],"product_cat":[227,241,25,300],"product_tag":[],"class_list":{"0":"post-319","1":"product","2":"type-product","3":"status-publish","4":"has-post-thumbnail","6":"product_cat-cotes-du-rhone","7":"product_cat-vignerons-jean-michel-stephan","8":"product_cat-bouteilles-vins-rouges","9":"product_cat-vins-rouges-cote-du-rhone","12":"first","13":"instock","14":"shipping-taxable","15":"purchasable","16":"product-type-simple"},"_links":{"self":[{"href":"https:\/\/lerousseaugrenoble.fr\/boutique\/wp-json\/wp\/v2\/product\/319","targetHints":{"allow":["GET"]}}],"collection":[{"href":"https:\/\/lerousseaugrenoble.fr\/boutique\/wp-json\/wp\/v2\/product"}],"about":[{"href":"https:\/\/lerousseaugrenoble.fr\/boutique\/wp-json\/wp\/v2\/types\/product"}],"replies":[{"embeddable":true,"href":"https:\/\/lerousseaugrenoble.fr\/boutique\/wp-json\/wp\/v2\/comments?post=319"}],"version-history":[{"count":3,"href":"https:\/\/lerousseaugrenoble.fr\/boutique\/wp-json\/wp\/v2\/product\/319\/revisions"}],"predecessor-version":[{"id":25423,"href":"https:\/\/lerousseaugrenoble.fr\/boutique\/wp-json\/wp\/v2\/product\/319\/revisions\/25423"}],"wp:featuredmedia":[{"embeddable":true,"href":"https:\/\/lerousseaugrenoble.fr\/boutique\/wp-json\/wp\/v2\/media\/586"}],"wp:attachment":[{"href":"https:\/\/lerousseaugrenoble.fr\/boutique\/wp-json\/wp\/v2\/media?parent=319"}],"wp:term":[{"taxonomy":"product_brand","embeddable":true,"href":"https:\/\/lerousseaugrenoble.fr\/boutique\/wp-json\/wp\/v2\/product_brand?post=319"},{"taxonomy":"product_cat","embeddable":true,"href":"https:\/\/lerousseaugrenoble.fr\/boutique\/wp-json\/wp\/v2\/product_cat?post=319"},{"taxonomy":"product_tag","embeddable":true,"href":"https:\/\/lerousseaugrenoble.fr\/boutique\/wp-json\/wp\/v2\/product_tag?post=319"}],"curies":[{"name":"wp","href":"https:\/\/api.w.org\/{rel}","templated":true}]}}