{"id":313,"date":"2025-02-25T14:28:24","date_gmt":"2025-02-25T13:28:24","guid":{"rendered":"https:\/\/lerousseaugrenoble.fr\/boutique\/?post_type=product&#038;p=313"},"modified":"2025-08-18T10:32:36","modified_gmt":"2025-08-18T08:32:36","slug":"vdf-lenclume-simon-gastrein-2021","status":"publish","type":"product","link":"https:\/\/lerousseaugrenoble.fr\/boutique\/produit\/vdf-lenclume-simon-gastrein-2021\/","title":{"rendered":"VDF L\u2019enclume Simon Gastrein 2021"},"content":{"rendered":"<div class=\"flex max-w-full flex-col flex-grow\">\n<div class=\"min-h-8 text-message relative flex w-full flex-col items-end gap-2 whitespace-normal break-words text-start [.text-message+&amp;]:mt-5\" dir=\"auto\" data-message-author-role=\"assistant\" data-message-id=\"f89c53da-a4eb-4e62-9419-ac8e9825a4c6\" data-message-model-slug=\"gpt-4o-mini\">\n<div class=\"flex w-full flex-col gap-1 empty:hidden first:pt-[3px]\">\n<div class=\"markdown prose w-full break-words dark:prose-invert dark\">\n<p data-start=\"0\" data-end=\"42\"><strong data-start=\"0\" data-end=\"42\">VDF L\u2019Enclume Simon Gastrein 2021 \ud83d\udccd\ud83c\udf47<\/strong><\/p>\n<p data-start=\"44\" data-end=\"570\">Le <strong data-start=\"47\" data-end=\"84\">VDF L\u2019Enclume Simon Gastrein 2021<\/strong> est une cuv\u00e9e d&#8217;exception, r\u00e9v\u00e9lant le savoir-faire minutieux de Simon Gastrein. Ce vin est le reflet de son engagement en biodynamie, cultivant ses vignes de mani\u00e8re naturelle et respectueuse du terroir de l&#8217;Auvergne. L&#8217;<strong data-start=\"306\" data-end=\"317\">Enclume<\/strong> incarne \u00e0 la perfection la puret\u00e9 et la finesse des raisins cultiv\u00e9s sans intrants chimiques, offrant un vin \u00e0 la fois authentique et complexe. Un v\u00e9ritable hommage au terroir, un vin vivant, authentique, qui offre une expression parfaite de la nature.<\/p>\n<p data-start=\"572\" data-end=\"766\"><strong data-start=\"572\" data-end=\"599\">Caract\u00e9ristiques du Vin<\/strong><br data-start=\"599\" data-end=\"602\" \/>\ud83d\udcc5 <strong data-start=\"605\" data-end=\"618\">Mill\u00e9sime<\/strong> : 2021<br data-start=\"625\" data-end=\"628\" \/>\ud83d\udccd <strong data-start=\"631\" data-end=\"641\">R\u00e9gion<\/strong> : Coteaux du Rh\u00f4ne <br data-start=\"652\" data-end=\"655\" \/>\ud83c\udf47 <strong data-start=\"658\" data-end=\"668\">C\u00e9page<\/strong> : Syrah majoritaire (\u224880\u202f%) + Gamay (\u224820\u202f%)<br data-start=\"711\" data-end=\"714\" \/>\ud83c\udf7e <strong data-start=\"717\" data-end=\"727\">Format<\/strong> : 75 cl<br data-start=\"735\" data-end=\"738\" \/>% <strong data-start=\"740\" data-end=\"757\">Taux d&#8217;alcool<\/strong> : 13,5\u202f%<\/p>\n<p data-start=\"768\" data-end=\"1275\"><strong data-start=\"768\" data-end=\"783\">D\u00e9gustation<\/strong><br data-start=\"783\" data-end=\"786\" \/>\ud83d\udc43 <strong data-start=\"789\" data-end=\"796\">Nez<\/strong> : Le nez est riche, avec des ar\u00f4mes de fruits noirs m\u00fbrs comme la m\u00fbre et la myrtille, soutenus par des nuances florales et l\u00e9g\u00e8rement \u00e9pic\u00e9es. Une belle min\u00e9ralit\u00e9 se d\u00e9veloppe, accompagn\u00e9e de touches l\u00e9g\u00e8rement fum\u00e9es.<br data-start=\"1017\" data-end=\"1020\" \/>\ud83d\udc44 <strong data-start=\"1023\" data-end=\"1033\">Bouche<\/strong> : En bouche, le vin est rond et structur\u00e9, offrant des tanins fins et une belle mati\u00e8re. L&#8217;attaque est franche, suivie par une \u00e9volution suave, pleine de fruits rouges et noirs, avec une belle fra\u00eecheur min\u00e9rale qui persiste jusqu&#8217;en finale.<\/p>\n<p data-start=\"1277\" data-end=\"1577\"><strong data-start=\"1277\" data-end=\"1304\">Conseils de d\u00e9gustation<\/strong><br data-start=\"1304\" data-end=\"1307\" \/>Ce vin se marie id\u00e9alement avec des viandes grill\u00e9es, des plats en sauce ou des fromages affin\u00e9s. Il peut \u00e9galement \u00eatre d\u00e9gust\u00e9 seul, \u00e0 temp\u00e9rature ambiante, pour en appr\u00e9cier toutes les subtilit\u00e9s. Un vin \u00e0 conserver quelques ann\u00e9es en cave pour en suivre l&#8217;\u00e9volution.<\/p>\n<p data-start=\"1579\" data-end=\"1717\" data-is-last-node=\"\" data-is-only-node=\"\">Une cuv\u00e9e qui illustre parfaitement le travail de Simon Gastrein et qui ravira les amateurs de vins naturels et de terroirs pr\u00e9serv\u00e9s. \ud83c\udf77\u2728<\/p>\n<\/div>\n<\/div>\n<\/div>\n<\/div>\n","protected":false},"excerpt":{"rendered":"<div class=\"flex max-w-full flex-col flex-grow\">\n<div class=\"min-h-8 text-message relative flex w-full flex-col items-end gap-2 whitespace-normal break-words text-start [.text-message+&amp;]:mt-5\" dir=\"auto\" data-message-author-role=\"assistant\" data-message-id=\"3456cc55-1664-4532-a408-537b04278a85\" data-message-model-slug=\"gpt-4o-mini\">\n<div class=\"flex w-full flex-col gap-1 empty:hidden first:pt-[3px]\">\n<div class=\"markdown prose w-full break-words dark:prose-invert dark\">\n<p data-start=\"0\" data-end=\"42\"><strong data-start=\"0\" data-end=\"42\">VDF L\u2019Enclume Simon Gastrein 2021 \ud83d\udccd\ud83c\udf47<\/strong><\/p>\n<p data-start=\"44\" data-end=\"290\">Un vin biodynamique d\u2019exception de Simon Gastrein, cultiv\u00e9 naturellement en Auvergne. <strong data-start=\"130\" data-end=\"148\">L\u2019Enclume 2021<\/strong> refl\u00e8te la puret\u00e9 des raisins autochtones, avec une approche minimaliste, offrant un \u00e9quilibre parfait entre fruit\u00e9, fra\u00eecheur et min\u00e9ralit\u00e9.<\/p>\n<p data-start=\"292\" data-end=\"471\"><strong data-start=\"292\" data-end=\"319\">Caract\u00e9ristiques du Vin<\/strong><br data-start=\"319\" data-end=\"322\" \/>\ud83d\udcc5 <strong data-start=\"325\" data-end=\"338\">Mill\u00e9sime<\/strong> : 2021<br data-start=\"345\" data-end=\"348\" \/>\ud83d\udccd <strong data-start=\"351\" data-end=\"361\">R\u00e9gion<\/strong> : Coteaux du Rh\u00f4ne <br data-start=\"372\" data-end=\"375\" \/>\ud83c\udf47 <strong data-start=\"378\" data-end=\"388\">C\u00e9page<\/strong> : Syrah majoritaire (\u224880\u202f%) + Gamay (\u224820\u202f%)<br data-start=\"416\" data-end=\"419\" \/>\ud83c\udf7e <strong data-start=\"422\" data-end=\"432\">Format<\/strong> : 75 cl<br data-start=\"440\" data-end=\"443\" \/>% <strong data-start=\"445\" data-end=\"462\">Taux d&#8217;alcool<\/strong> :13,5\u202f%<\/p>\n<p data-start=\"473\" data-end=\"670\"><strong data-start=\"473\" data-end=\"488\">D\u00e9gustation<\/strong><br data-start=\"488\" data-end=\"491\" \/>\ud83d\udc43 <strong data-start=\"494\" data-end=\"501\">Nez<\/strong> : Ar\u00f4mes de fruits noirs m\u00fbrs, avec des notes florales et l\u00e9g\u00e8rement \u00e9pic\u00e9es.<br data-start=\"579\" data-end=\"582\" \/>\ud83d\udc44 <strong data-start=\"585\" data-end=\"595\">Bouche<\/strong> : Rond et structur\u00e9, avec des tanins fins et une belle fra\u00eecheur min\u00e9rale.<\/p>\n<p data-start=\"672\" data-end=\"761\" data-is-last-node=\"\" data-is-only-node=\"\">Un vin naturel \u00e0 savourer seul ou accompagn\u00e9 de viandes grill\u00e9es et fromages affin\u00e9s. \ud83c\udf77\u2728<\/p>\n<\/div>\n<\/div>\n<\/div>\n<\/div>\n","protected":false},"featured_media":25455,"comment_status":"open","ping_status":"closed","template":"","meta":[],"product_brand":[],"product_cat":[227,229,25,300],"product_tag":[],"class_list":{"0":"post-313","1":"product","2":"type-product","3":"status-publish","4":"has-post-thumbnail","6":"product_cat-cotes-du-rhone","7":"product_cat-vignerons-simon-gastrein","8":"product_cat-bouteilles-vins-rouges","9":"product_cat-vins-rouges-cote-du-rhone","12":"first","13":"instock","14":"shipping-taxable","15":"purchasable","16":"product-type-simple"},"_links":{"self":[{"href":"https:\/\/lerousseaugrenoble.fr\/boutique\/wp-json\/wp\/v2\/product\/313","targetHints":{"allow":["GET"]}}],"collection":[{"href":"https:\/\/lerousseaugrenoble.fr\/boutique\/wp-json\/wp\/v2\/product"}],"about":[{"href":"https:\/\/lerousseaugrenoble.fr\/boutique\/wp-json\/wp\/v2\/types\/product"}],"replies":[{"embeddable":true,"href":"https:\/\/lerousseaugrenoble.fr\/boutique\/wp-json\/wp\/v2\/comments?post=313"}],"version-history":[{"count":2,"href":"https:\/\/lerousseaugrenoble.fr\/boutique\/wp-json\/wp\/v2\/product\/313\/revisions"}],"predecessor-version":[{"id":25429,"href":"https:\/\/lerousseaugrenoble.fr\/boutique\/wp-json\/wp\/v2\/product\/313\/revisions\/25429"}],"wp:featuredmedia":[{"embeddable":true,"href":"https:\/\/lerousseaugrenoble.fr\/boutique\/wp-json\/wp\/v2\/media\/25455"}],"wp:attachment":[{"href":"https:\/\/lerousseaugrenoble.fr\/boutique\/wp-json\/wp\/v2\/media?parent=313"}],"wp:term":[{"taxonomy":"product_brand","embeddable":true,"href":"https:\/\/lerousseaugrenoble.fr\/boutique\/wp-json\/wp\/v2\/product_brand?post=313"},{"taxonomy":"product_cat","embeddable":true,"href":"https:\/\/lerousseaugrenoble.fr\/boutique\/wp-json\/wp\/v2\/product_cat?post=313"},{"taxonomy":"product_tag","embeddable":true,"href":"https:\/\/lerousseaugrenoble.fr\/boutique\/wp-json\/wp\/v2\/product_tag?post=313"}],"curies":[{"name":"wp","href":"https:\/\/api.w.org\/{rel}","templated":true}]}}