{"id":307,"date":"2025-02-25T14:19:08","date_gmt":"2025-02-25T13:19:08","guid":{"rendered":"https:\/\/lerousseaugrenoble.fr\/boutique\/?post_type=product&#038;p=307"},"modified":"2025-08-05T10:24:14","modified_gmt":"2025-08-05T08:24:14","slug":"vdf-klima-thibaud-capellaro-2020","status":"publish","type":"product","link":"https:\/\/lerousseaugrenoble.fr\/boutique\/produit\/vdf-klima-thibaud-capellaro-2020\/","title":{"rendered":"VDF Klima Thibaud Capellaro 2020"},"content":{"rendered":"<div class=\"flex max-w-full flex-col flex-grow\">\n<div class=\"min-h-8 text-message relative flex w-full flex-col items-end gap-2 whitespace-normal break-words text-start [.text-message+&amp;]:mt-5\" dir=\"auto\" data-message-author-role=\"assistant\" data-message-id=\"b1334655-3a02-4031-a53f-514732ad1b1a\" data-message-model-slug=\"gpt-4o-mini\">\n<div class=\"flex w-full flex-col gap-1 empty:hidden first:pt-[3px]\">\n<div class=\"markdown prose w-full break-words dark:prose-invert dark\">\n<p data-start=\"0\" data-end=\"41\"><strong data-start=\"0\" data-end=\"41\">VDF Klima Thibaud Capellaro 2020 \ud83d\udccd\ud83c\udf47<\/strong><\/p>\n<p data-start=\"43\" data-end=\"532\">Le <strong data-start=\"46\" data-end=\"82\">VDF Klima Thibaud Capellaro 2020<\/strong> est une cuv\u00e9e d\u2019exception qui se distingue par sa sinc\u00e9rit\u00e9 et son expression authentique du terroir. \u00c9labor\u00e9 par le vigneron Thibaud Capellaro, ce vin naturel t\u00e9moigne de l\u2019engagement du producteur \u00e0 respecter la nature et \u00e0 produire des vins qui refl\u00e8tent pleinement leur environnement. Ce mill\u00e9sime 2020 est un m\u00e9lange harmonieux de c\u00e9pages locaux, o\u00f9 l\u2019\u00e9l\u00e9gance et la fra\u00eecheur se rencontrent pour offrir un vin \u00e0 la fois accessible et complexe.<\/p>\n<p data-start=\"534\" data-end=\"808\">Le travail de Thibaud Capellaro repose sur une viticulture en biodynamie, avec une vendange manuelle et un minimum d&#8217;interventions en cave. Le <strong data-start=\"677\" data-end=\"695\">VDF Klima 2020<\/strong> est un vin naturellement vinifi\u00e9, sans intrants chimiques, qui laisse transpara\u00eetre toute la puret\u00e9 des raisins.<\/p>\n<p data-start=\"810\" data-end=\"1027\"><strong data-start=\"810\" data-end=\"837\">Caract\u00e9ristiques du Vin<\/strong><br data-start=\"837\" data-end=\"840\" \/>\ud83d\udcc5 <strong data-start=\"843\" data-end=\"856\">Mill\u00e9sime<\/strong> : 2020<br data-start=\"863\" data-end=\"866\" \/>\ud83d\udccd <strong data-start=\"869\" data-end=\"879\">R\u00e9gion<\/strong> : Sud de la France<br data-start=\"898\" data-end=\"901\" \/>\ud83c\udf47 <strong data-start=\"904\" data-end=\"914\">C\u00e9page<\/strong> : 50 % Grenache,\u00a0 50 % Syrah<br data-start=\"974\" data-end=\"977\" \/>\ud83c\udf7e <strong data-start=\"980\" data-end=\"990\">Format<\/strong> : 75 cl<br data-start=\"998\" data-end=\"1001\" \/>% <strong data-start=\"1003\" data-end=\"1020\">Taux d&#8217;alcool<\/strong> : 13,5 %<\/p>\n<p data-start=\"1029\" data-end=\"1628\"><strong data-start=\"1029\" data-end=\"1044\">D\u00e9gustation<\/strong><br data-start=\"1044\" data-end=\"1047\" \/>\ud83d\udc43 <strong data-start=\"1050\" data-end=\"1057\">Nez<\/strong> : Le nez est d\u2019abord marqu\u00e9 par des ar\u00f4mes de fruits rouges frais comme la cerise et la framboise, suivis de l\u00e9g\u00e8res notes \u00e9pic\u00e9es et florales. Des touches min\u00e9rales viennent apporter une dimension suppl\u00e9mentaire, offrant une complexit\u00e9 int\u00e9ressante.<br data-start=\"1308\" data-end=\"1311\" \/>\ud83d\udc44 <strong data-start=\"1314\" data-end=\"1324\">Bouche<\/strong> : En bouche, l&#8217;attaque est vive et fruit\u00e9e. La texture est souple et les tanins, fins et soyeux, apportent une belle structure au vin. La fra\u00eecheur min\u00e9rale est bien pr\u00e9sente, \u00e9quilibrant les saveurs fruit\u00e9es. La finale est nette et d\u00e9licatement \u00e9pic\u00e9e, laissant une impression de puret\u00e9 et de longueur.<\/p>\n<p data-start=\"1630\" data-end=\"2030\" data-is-last-node=\"\" data-is-only-node=\"\">Ce <strong data-start=\"1633\" data-end=\"1651\">VDF Klima 2020<\/strong> est un vin naturel qui peut \u00eatre d\u00e9gust\u00e9 d\u00e8s aujourd&#8217;hui pour sa fra\u00eecheur et sa vivacit\u00e9, mais il se r\u00e9v\u00e9lera encore plus riche et complexe avec quelques ann\u00e9es de garde. Un vin parfait pour les amateurs de vins authentiques et pour ceux qui recherchent une exp\u00e9rience gustative sinc\u00e8re. \u00c0 d\u00e9guster avec des mets savoureux, des viandes grill\u00e9es ou des plats m\u00e9diterran\u00e9ens. \ud83c\udf77\u2728<\/p>\n<\/div>\n<\/div>\n<\/div>\n<\/div>\n","protected":false},"excerpt":{"rendered":"<p data-start=\"0\" data-end=\"41\"><strong data-start=\"0\" data-end=\"41\">VDF Klima Thibaud Capellaro 2020 \ud83d\udccd\ud83c\udf47<\/strong><\/p>\n<p data-start=\"43\" data-end=\"341\">Le <strong data-start=\"46\" data-end=\"82\">VDF Klima Thibaud Capellaro 2020<\/strong> est un vin nature surprenant, qui capte l&#8217;essence de la r\u00e9gion du sud de la France. Ce mill\u00e9sime 2020, \u00e9labor\u00e9 sans intrants chimiques, r\u00e9v\u00e8le une belle intensit\u00e9 aromatique, alliant fruits m\u00fbrs et notes min\u00e9rales. C\u2019est un vin vibrant et plein de caract\u00e8re.<\/p>\n<p data-start=\"343\" data-end=\"528\"><strong data-start=\"343\" data-end=\"370\">Caract\u00e9ristiques du Vin<\/strong><br data-start=\"370\" data-end=\"373\" \/>\ud83d\udcc5 <strong data-start=\"376\" data-end=\"389\">Mill\u00e9sime<\/strong> : 2020<br data-start=\"396\" data-end=\"399\" \/>\ud83d\udccd <strong data-start=\"402\" data-end=\"412\">R\u00e9gion<\/strong> : Sud de la France<br data-start=\"431\" data-end=\"434\" \/>\ud83c\udf47 <strong data-start=\"437\" data-end=\"447\">C\u00e9page<\/strong> : 50% Ganaches, 50% Syrah<br data-start=\"475\" data-end=\"478\" \/>\ud83c\udf7e <strong data-start=\"481\" data-end=\"491\">Format<\/strong> : 75 cl<br data-start=\"499\" data-end=\"502\" \/>% <strong data-start=\"504\" data-end=\"521\">Taux d&#8217;alcool<\/strong> : 13,5 %<\/p>\n<p data-start=\"530\" data-end=\"729\"><strong data-start=\"530\" data-end=\"545\">D\u00e9gustation<\/strong><br data-start=\"545\" data-end=\"548\" \/>\ud83d\udc43 <strong data-start=\"551\" data-end=\"558\">Nez<\/strong> : expressif sur fruits rouges (framboise, cerise) avec des touches poivr\u00e9es, \u00e9pic\u00e9es, d\u00e9licatement florales et min\u00e9rales.<br data-start=\"643\" data-end=\"646\" \/>\ud83d\udc44 <strong data-start=\"649\" data-end=\"659\">Bouche<\/strong> : attaque croquante, fruit\u00e9e, acidit\u00e9 rasante, texture fluide, finale fra\u00eeche et l\u00e9g\u00e8rement \u00e9pic\u00e9e.<\/p>\n<p data-start=\"731\" data-end=\"839\" data-is-last-node=\"\" data-is-only-node=\"\">Un vin naturel d&#8217;une grande puret\u00e9, \u00e0 savourer lors d&#8217;un repas entre amis ou pour une occasion sp\u00e9ciale. \ud83c\udf77\u2728<\/p>\n","protected":false},"featured_media":25210,"comment_status":"open","ping_status":"closed","template":"","meta":[],"product_brand":[],"product_cat":[227,25,300],"product_tag":[],"class_list":{"0":"post-307","1":"product","2":"type-product","3":"status-publish","4":"has-post-thumbnail","6":"product_cat-cotes-du-rhone","7":"product_cat-bouteilles-vins-rouges","8":"product_cat-vins-rouges-cote-du-rhone","11":"first","12":"instock","13":"shipping-taxable","14":"purchasable","15":"product-type-simple"},"_links":{"self":[{"href":"https:\/\/lerousseaugrenoble.fr\/boutique\/wp-json\/wp\/v2\/product\/307","targetHints":{"allow":["GET"]}}],"collection":[{"href":"https:\/\/lerousseaugrenoble.fr\/boutique\/wp-json\/wp\/v2\/product"}],"about":[{"href":"https:\/\/lerousseaugrenoble.fr\/boutique\/wp-json\/wp\/v2\/types\/product"}],"replies":[{"embeddable":true,"href":"https:\/\/lerousseaugrenoble.fr\/boutique\/wp-json\/wp\/v2\/comments?post=307"}],"version-history":[{"count":4,"href":"https:\/\/lerousseaugrenoble.fr\/boutique\/wp-json\/wp\/v2\/product\/307\/revisions"}],"predecessor-version":[{"id":25432,"href":"https:\/\/lerousseaugrenoble.fr\/boutique\/wp-json\/wp\/v2\/product\/307\/revisions\/25432"}],"wp:featuredmedia":[{"embeddable":true,"href":"https:\/\/lerousseaugrenoble.fr\/boutique\/wp-json\/wp\/v2\/media\/25210"}],"wp:attachment":[{"href":"https:\/\/lerousseaugrenoble.fr\/boutique\/wp-json\/wp\/v2\/media?parent=307"}],"wp:term":[{"taxonomy":"product_brand","embeddable":true,"href":"https:\/\/lerousseaugrenoble.fr\/boutique\/wp-json\/wp\/v2\/product_brand?post=307"},{"taxonomy":"product_cat","embeddable":true,"href":"https:\/\/lerousseaugrenoble.fr\/boutique\/wp-json\/wp\/v2\/product_cat?post=307"},{"taxonomy":"product_tag","embeddable":true,"href":"https:\/\/lerousseaugrenoble.fr\/boutique\/wp-json\/wp\/v2\/product_tag?post=307"}],"curies":[{"name":"wp","href":"https:\/\/api.w.org\/{rel}","templated":true}]}}