{"id":306,"date":"2025-02-25T14:16:34","date_gmt":"2025-02-25T13:16:34","guid":{"rendered":"https:\/\/lerousseaugrenoble.fr\/boutique\/?post_type=product&#038;p=306"},"modified":"2025-05-09T13:07:44","modified_gmt":"2025-05-09T11:07:44","slug":"vdf-ti-rouge-les-miquettes-2021","status":"publish","type":"product","link":"https:\/\/lerousseaugrenoble.fr\/boutique\/produit\/vdf-ti-rouge-les-miquettes-2021\/","title":{"rendered":"VDF Ti Rouge Les Miquettes 2021"},"content":{"rendered":"<div class=\"flex max-w-full flex-col flex-grow\">\n<div class=\"min-h-8 text-message relative flex w-full flex-col items-end gap-2 whitespace-normal break-words text-start [.text-message+&amp;]:mt-5\" dir=\"auto\" data-message-author-role=\"assistant\" data-message-id=\"d2199108-c210-422e-b4e0-9bf193e8ac58\" data-message-model-slug=\"gpt-4o-mini\">\n<div class=\"flex w-full flex-col gap-1 empty:hidden first:pt-[3px]\">\n<div class=\"markdown prose w-full break-words dark:prose-invert dark\">\n<p data-start=\"0\" data-end=\"40\"><strong data-start=\"0\" data-end=\"40\">VDF Ti Rouge Les Miquettes 2021 \ud83d\udccd\ud83c\udf47<\/strong><\/p>\n<p data-start=\"42\" data-end=\"383\">Le <strong data-start=\"45\" data-end=\"80\">VDF Ti Rouge Les Miquettes 2021<\/strong> est une cuv\u00e9e vive et ensoleill\u00e9e, incarnant l&#8217;\u00e2me du terroir du sud de la France. \u00c9labor\u00e9 avec passion par le domaine Les Miquettes, ce vin rouge naturel est un v\u00e9ritable concentr\u00e9 de fruit et de fra\u00eecheur. Il met en avant un c\u00e9page local qui r\u00e9v\u00e8le toute la richesse et l&#8217;authenticit\u00e9 de la r\u00e9gion.<\/p>\n<p data-start=\"385\" data-end=\"629\">Ce vin est produit en Agriculture Biologique et avec une vinification minimale, sans intrants, pour laisser le fruit s\u2019exprimer dans sa plus pure essence. Un vin accessible, mais avec une belle personnalit\u00e9, parfait pour toutes les occasions.<\/p>\n<p data-start=\"631\" data-end=\"818\"><strong data-start=\"631\" data-end=\"658\">Caract\u00e9ristiques du Vin<\/strong><br data-start=\"658\" data-end=\"661\" \/>\ud83d\udcc5 <strong data-start=\"664\" data-end=\"677\">Mill\u00e9sime<\/strong> : 2021<br data-start=\"684\" data-end=\"687\" \/>\ud83d\udccd <strong data-start=\"690\" data-end=\"700\">R\u00e9gion<\/strong> : C\u00f4tes du Rh\u00f4ne<br data-start=\"719\" data-end=\"722\" \/>\ud83c\udf47 <strong data-start=\"725\" data-end=\"735\">C\u00e9page<\/strong> : Syrah<br data-start=\"763\" data-end=\"766\" \/>\ud83c\udf7e <strong data-start=\"769\" data-end=\"779\">Format<\/strong> : 75 cl<br data-start=\"787\" data-end=\"790\" \/>% <strong data-start=\"792\" data-end=\"809\">Taux d&#8217;alcool<\/strong> : 12,5 %<\/p>\n<p data-start=\"820\" data-end=\"1047\"><strong data-start=\"820\" data-end=\"835\">D\u00e9gustation<\/strong><br data-start=\"835\" data-end=\"838\" \/>\ud83d\udc43 <strong data-start=\"841\" data-end=\"848\">Nez<\/strong> : Le nez est frais et fruit\u00e9, avec des ar\u00f4mes de fruits rouges croquants comme la cerise, la framboise et quelques touches d\u2019\u00e9pices douces. Un c\u00f4t\u00e9 floral et l\u00e9ger ajoute de la finesse \u00e0 l\u2019ensemble.<\/p>\n<p data-start=\"1049\" data-end=\"1319\">\ud83d\udc44 <strong data-start=\"1052\" data-end=\"1062\">Bouche<\/strong> : La bouche est vive et juteuse, avec une belle fra\u00eecheur et des tanins souples. Le vin est gourmand, l\u00e9ger, mais suffisamment structur\u00e9 pour accompagner une vari\u00e9t\u00e9 de plats. La finale est nette et fruit\u00e9e, offrant une sensation de l\u00e9g\u00e8ret\u00e9 et de plaisir.<\/p>\n<p data-start=\"1321\" data-end=\"1643\" data-is-last-node=\"\" data-is-only-node=\"\"><strong data-start=\"1321\" data-end=\"1343\">Vin facile \u00e0 aimer<\/strong><br data-start=\"1343\" data-end=\"1346\" \/>Le <strong data-start=\"1349\" data-end=\"1384\">VDF Ti Rouge Les Miquettes 2021<\/strong> est un vin qui se boit avec plaisir et d\u00e9contraction. Il est id\u00e9al pour un ap\u00e9ritif entre amis, ou pour accompagner une cuisine du quotidien : grillades, plats m\u00e9diterran\u00e9ens, ou fromage. C&#8217;est un vin convivial qui se laisse d\u00e9guster en toute simplicit\u00e9. \ud83c\udf77\u2728<\/p>\n<\/div>\n<\/div>\n<\/div>\n<\/div>\n","protected":false},"excerpt":{"rendered":"<p data-start=\"0\" data-end=\"40\"><strong data-start=\"0\" data-end=\"40\">VDF Ti Rouge Les Miquettes 2021 \ud83d\udccd\ud83c\udf47<\/strong><\/p>\n<p data-start=\"42\" data-end=\"233\">Le <strong data-start=\"45\" data-end=\"80\">VDF Ti Rouge Les Miquettes 2021<\/strong> est un vin rouge naturel du sud de la France, fruit\u00e9 et frais. \u00c9labor\u00e9 sans intrants, il met en avant des ar\u00f4mes de fruits rouges et une belle l\u00e9g\u00e8ret\u00e9.<\/p>\n<p data-start=\"235\" data-end=\"422\"><strong data-start=\"235\" data-end=\"262\">Caract\u00e9ristiques du Vin<\/strong><br data-start=\"262\" data-end=\"265\" \/>\ud83d\udcc5 <strong data-start=\"268\" data-end=\"281\">Mill\u00e9sime<\/strong> : 2021<br data-start=\"288\" data-end=\"291\" \/>\ud83d\udccd <strong data-start=\"294\" data-end=\"304\">R\u00e9gion<\/strong> : C\u00f4tes du Rh\u00f4ne<br data-start=\"323\" data-end=\"326\" \/>\ud83c\udf47 <strong data-start=\"329\" data-end=\"339\">C\u00e9page<\/strong> : Syrah<br data-start=\"367\" data-end=\"370\" \/>\ud83c\udf7e <strong data-start=\"373\" data-end=\"383\">Format<\/strong> : 75 cl<br data-start=\"391\" data-end=\"394\" \/>% <strong data-start=\"396\" data-end=\"413\">Taux d&#8217;alcool<\/strong> : 12,5 %<\/p>\n<p data-start=\"424\" data-end=\"583\"><strong data-start=\"424\" data-end=\"439\">D\u00e9gustation<\/strong><br data-start=\"439\" data-end=\"442\" \/>\ud83d\udc43 <strong data-start=\"445\" data-end=\"452\">Nez<\/strong> : Ar\u00f4mes de cerise, framboise et fleurs l\u00e9g\u00e8res.<br data-start=\"501\" data-end=\"504\" \/>\ud83d\udc44 <strong data-start=\"507\" data-end=\"517\">Bouche<\/strong> : Vive, fruit\u00e9e, avec des tanins souples et une finale gourmande.<\/p>\n<p data-start=\"585\" data-end=\"650\" data-is-last-node=\"\" data-is-only-node=\"\">Un vin convivial \u00e0 d\u00e9guster avec des grillades ou un fromage. \ud83c\udf77\u2728<\/p>\n","protected":false},"featured_media":524,"comment_status":"open","ping_status":"closed","template":"","meta":[],"product_brand":[],"product_cat":[227,243,25,300],"product_tag":[],"class_list":{"0":"post-306","1":"product","2":"type-product","3":"status-publish","4":"has-post-thumbnail","6":"product_cat-cotes-du-rhone","7":"product_cat-vignerons-les-miquettes","8":"product_cat-bouteilles-vins-rouges","9":"product_cat-vins-rouges-cote-du-rhone","12":"first","13":"instock","14":"shipping-taxable","15":"purchasable","16":"product-type-simple"},"_links":{"self":[{"href":"https:\/\/lerousseaugrenoble.fr\/boutique\/wp-json\/wp\/v2\/product\/306","targetHints":{"allow":["GET"]}}],"collection":[{"href":"https:\/\/lerousseaugrenoble.fr\/boutique\/wp-json\/wp\/v2\/product"}],"about":[{"href":"https:\/\/lerousseaugrenoble.fr\/boutique\/wp-json\/wp\/v2\/types\/product"}],"replies":[{"embeddable":true,"href":"https:\/\/lerousseaugrenoble.fr\/boutique\/wp-json\/wp\/v2\/comments?post=306"}],"version-history":[{"count":1,"href":"https:\/\/lerousseaugrenoble.fr\/boutique\/wp-json\/wp\/v2\/product\/306\/revisions"}],"predecessor-version":[{"id":25267,"href":"https:\/\/lerousseaugrenoble.fr\/boutique\/wp-json\/wp\/v2\/product\/306\/revisions\/25267"}],"wp:featuredmedia":[{"embeddable":true,"href":"https:\/\/lerousseaugrenoble.fr\/boutique\/wp-json\/wp\/v2\/media\/524"}],"wp:attachment":[{"href":"https:\/\/lerousseaugrenoble.fr\/boutique\/wp-json\/wp\/v2\/media?parent=306"}],"wp:term":[{"taxonomy":"product_brand","embeddable":true,"href":"https:\/\/lerousseaugrenoble.fr\/boutique\/wp-json\/wp\/v2\/product_brand?post=306"},{"taxonomy":"product_cat","embeddable":true,"href":"https:\/\/lerousseaugrenoble.fr\/boutique\/wp-json\/wp\/v2\/product_cat?post=306"},{"taxonomy":"product_tag","embeddable":true,"href":"https:\/\/lerousseaugrenoble.fr\/boutique\/wp-json\/wp\/v2\/product_tag?post=306"}],"curies":[{"name":"wp","href":"https:\/\/api.w.org\/{rel}","templated":true}]}}