{"id":304,"date":"2025-02-25T14:13:04","date_gmt":"2025-02-25T13:13:04","guid":{"rendered":"https:\/\/lerousseaugrenoble.fr\/boutique\/?post_type=product&#038;p=304"},"modified":"2025-05-08T12:38:45","modified_gmt":"2025-05-08T10:38:45","slug":"clos-vougeot-chateau-de-la-tour-2018","status":"publish","type":"product","link":"https:\/\/lerousseaugrenoble.fr\/boutique\/produit\/clos-vougeot-chateau-de-la-tour-2018\/","title":{"rendered":"Clos Vougeot Chateau de la Tour 2018"},"content":{"rendered":"<div class=\"flex max-w-full flex-col flex-grow\">\n<div class=\"min-h-8 text-message relative flex w-full flex-col items-end gap-2 whitespace-normal break-words text-start [.text-message+&amp;]:mt-5\" dir=\"auto\" data-message-author-role=\"assistant\" data-message-id=\"6dc76139-4ee3-4b2f-8af0-a96b210276ea\" data-message-model-slug=\"gpt-4o-mini\">\n<div class=\"flex w-full flex-col gap-1 empty:hidden first:pt-[3px]\">\n<div class=\"markdown prose w-full break-words dark:prose-invert dark\">\n<p data-start=\"0\" data-end=\"45\"><strong data-start=\"0\" data-end=\"45\">Clos Vougeot Ch\u00e2teau de la Tour 2018 \ud83d\udccd\ud83c\udf47<\/strong><\/p>\n<p data-start=\"47\" data-end=\"525\">Le <strong data-start=\"50\" data-end=\"90\">Clos Vougeot Ch\u00e2teau de la Tour 2018<\/strong> est une cuv\u00e9e prestigieuse, v\u00e9ritable symbole de l\u2019excellence bourguignonne. Issu du terroir exceptionnel du Clos Vougeot, un des plus grands crus de la C\u00f4te de Nuits, ce vin incarne toute la richesse et la puissance du <strong data-start=\"311\" data-end=\"325\">Pinot Noir<\/strong>. La cuv\u00e9e 2018, mill\u00e9sime exceptionnel, b\u00e9n\u00e9ficie de conditions id\u00e9ales de culture et de vinification, pour offrir un vin riche, profond et \u00e9l\u00e9gant. Un must pour les amateurs de grands vins de garde.<\/p>\n<p data-start=\"527\" data-end=\"711\"><strong data-start=\"527\" data-end=\"554\">Caract\u00e9ristiques du Vin<\/strong><br data-start=\"554\" data-end=\"557\" \/>\ud83d\udcc5 <strong data-start=\"560\" data-end=\"573\">Mill\u00e9sime<\/strong> : 2018<br data-start=\"580\" data-end=\"583\" \/>\ud83d\udccd <strong data-start=\"586\" data-end=\"596\">R\u00e9gion<\/strong> : Bourgogne, <strong data-start=\"610\" data-end=\"627\">C\u00f4te de Nuits<\/strong><br data-start=\"627\" data-end=\"630\" \/>\ud83c\udf47 <strong data-start=\"633\" data-end=\"643\">C\u00e9page<\/strong> : Pinot Noir<br data-start=\"656\" data-end=\"659\" \/>\ud83c\udf7e <strong data-start=\"662\" data-end=\"672\">Format<\/strong> : 75 cl<br data-start=\"680\" data-end=\"683\" \/>% <strong data-start=\"685\" data-end=\"702\">Taux d&#8217;alcool<\/strong> : 13,5 %<\/p>\n<p data-start=\"713\" data-end=\"1281\"><strong data-start=\"713\" data-end=\"728\">D\u00e9gustation<\/strong><br data-start=\"728\" data-end=\"731\" \/>\ud83d\udc43 <strong data-start=\"734\" data-end=\"741\">Nez<\/strong> : Le nez est une explosion de fruits rouges m\u00fbrs, tels que la cerise et la framboise, m\u00eal\u00e9s \u00e0 des ar\u00f4mes de sous-bois, de r\u00e9glisse et d\u2019\u00e9pices. Un bouquet complexe et profond qui \u00e9volue au fil du temps.<br data-start=\"944\" data-end=\"947\" \/>\ud83d\udc44 <strong data-start=\"950\" data-end=\"960\">Bouche<\/strong> : En bouche, l\u2019attaque est souple et g\u00e9n\u00e9reuse, offrant une belle ampleur. Les tanins sont fins et velout\u00e9s, apportant une texture \u00e9l\u00e9gante. La longueur en bouche est impressionnante, avec une finale qui d\u00e9voile des notes de chocolat noir et de fruits noirs. Un vin parfaitement \u00e9quilibr\u00e9, \u00e0 la fois puissant et raffin\u00e9.<\/p>\n<p data-start=\"1283\" data-end=\"1750\"><strong data-start=\"1283\" data-end=\"1312\">Vin de Garde Exceptionnel<\/strong><br data-start=\"1312\" data-end=\"1315\" \/>Le <strong data-start=\"1318\" data-end=\"1358\">Clos Vougeot Ch\u00e2teau de la Tour 2018<\/strong> est un grand vin de garde, con\u00e7u pour vieillir et se bonifier avec les ann\u00e9es. Si vous avez la patience de l\u2019attendre, ce vin pourra d\u00e9velopper des ar\u00f4mes secondaires complexes, mais il peut aussi \u00eatre d\u00e9gust\u00e9 d\u00e8s maintenant apr\u00e8s une a\u00e9ration. Un <strong data-start=\"1607\" data-end=\"1626\">vin d\u2019exception<\/strong>, \u00e0 savourer au gr\u00e9 des occasions sp\u00e9ciales, ou \u00e0 mettre en cave pour en d\u00e9couvrir toute la profondeur dans quelques ann\u00e9es.<\/p>\n<p data-start=\"1752\" data-end=\"1887\" data-is-last-node=\"\" data-is-only-node=\"\">Un incontournable des <strong data-start=\"1774\" data-end=\"1802\">grands vins bourguignons<\/strong>, qui honore le terroir du Clos Vougeot et le savoir-faire du Ch\u00e2teau de la Tour. \ud83c\udf77\u2728<\/p>\n<\/div>\n<\/div>\n<\/div>\n<\/div>\n","protected":false},"excerpt":{"rendered":"<p data-start=\"0\" data-end=\"45\"><strong data-start=\"0\" data-end=\"45\">Clos Vougeot Ch\u00e2teau de la Tour 2018 \ud83d\udccd\ud83c\udf47<\/strong><\/p>\n<p data-start=\"47\" data-end=\"342\">Le <strong data-start=\"50\" data-end=\"90\">Clos Vougeot Ch\u00e2teau de la Tour 2018<\/strong> est un grand cru de Bourgogne, embl\u00e9matique du terroir de la C\u00f4te de Nuits. Ce vin, \u00e9labor\u00e9 \u00e0 partir de <strong data-start=\"195\" data-end=\"209\">Pinot Noir<\/strong>, offre une richesse et une profondeur exceptionnelles. Le mill\u00e9sime 2018 se distingue par une belle structure et une grande finesse.<\/p>\n<p data-start=\"344\" data-end=\"509\"><strong data-start=\"344\" data-end=\"371\">Caract\u00e9ristiques du Vin<\/strong><br data-start=\"371\" data-end=\"374\" \/>\ud83d\udcc5 <strong data-start=\"377\" data-end=\"390\">Mill\u00e9sime<\/strong> : 2018<br data-start=\"397\" data-end=\"400\" \/>\ud83d\udccd <strong data-start=\"403\" data-end=\"413\">R\u00e9gion<\/strong> : Bourgogne<br data-start=\"425\" data-end=\"428\" \/>\ud83c\udf47 <strong data-start=\"431\" data-end=\"441\">C\u00e9page<\/strong> : Pinot Noir<br data-start=\"454\" data-end=\"457\" \/>\ud83c\udf7e <strong data-start=\"460\" data-end=\"470\">Format<\/strong> : 75 cl<br data-start=\"478\" data-end=\"481\" \/>% <strong data-start=\"483\" data-end=\"500\">Taux d&#8217;alcool<\/strong> : 13,5 %<\/p>\n<p data-start=\"511\" data-end=\"675\"><strong data-start=\"511\" data-end=\"526\">D\u00e9gustation<\/strong><br data-start=\"526\" data-end=\"529\" \/>\ud83d\udc43 <strong data-start=\"532\" data-end=\"539\">Nez<\/strong> : Fruits rouges m\u00fbrs, r\u00e9glisse, et \u00e9pices.<br data-start=\"582\" data-end=\"585\" \/>\ud83d\udc44 <strong data-start=\"588\" data-end=\"598\">Bouche<\/strong> : Belle ampleur, tanins fins, finale longue avec des notes de chocolat noir.<\/p>\n<p data-start=\"677\" data-end=\"792\" data-is-last-node=\"\" data-is-only-node=\"\">Un vin de garde \u00e9l\u00e9gant et puissant, id\u00e9al \u00e0 savourer dans quelques ann\u00e9es ou d\u00e8s maintenant avec une a\u00e9ration. \ud83c\udf77\u2728<\/p>\n","protected":false},"featured_media":25200,"comment_status":"open","ping_status":"closed","template":"","meta":[],"product_brand":[],"product_cat":[195,25,301],"product_tag":[],"class_list":{"0":"post-304","1":"product","2":"type-product","3":"status-publish","4":"has-post-thumbnail","6":"product_cat-bourgogne","7":"product_cat-bouteilles-vins-rouges","8":"product_cat-vins-rouges-bourgogne","11":"first","12":"instock","13":"shipping-taxable","14":"purchasable","15":"product-type-simple"},"_links":{"self":[{"href":"https:\/\/lerousseaugrenoble.fr\/boutique\/wp-json\/wp\/v2\/product\/304","targetHints":{"allow":["GET"]}}],"collection":[{"href":"https:\/\/lerousseaugrenoble.fr\/boutique\/wp-json\/wp\/v2\/product"}],"about":[{"href":"https:\/\/lerousseaugrenoble.fr\/boutique\/wp-json\/wp\/v2\/types\/product"}],"replies":[{"embeddable":true,"href":"https:\/\/lerousseaugrenoble.fr\/boutique\/wp-json\/wp\/v2\/comments?post=304"}],"version-history":[{"count":1,"href":"https:\/\/lerousseaugrenoble.fr\/boutique\/wp-json\/wp\/v2\/product\/304\/revisions"}],"predecessor-version":[{"id":25204,"href":"https:\/\/lerousseaugrenoble.fr\/boutique\/wp-json\/wp\/v2\/product\/304\/revisions\/25204"}],"wp:featuredmedia":[{"embeddable":true,"href":"https:\/\/lerousseaugrenoble.fr\/boutique\/wp-json\/wp\/v2\/media\/25200"}],"wp:attachment":[{"href":"https:\/\/lerousseaugrenoble.fr\/boutique\/wp-json\/wp\/v2\/media?parent=304"}],"wp:term":[{"taxonomy":"product_brand","embeddable":true,"href":"https:\/\/lerousseaugrenoble.fr\/boutique\/wp-json\/wp\/v2\/product_brand?post=304"},{"taxonomy":"product_cat","embeddable":true,"href":"https:\/\/lerousseaugrenoble.fr\/boutique\/wp-json\/wp\/v2\/product_cat?post=304"},{"taxonomy":"product_tag","embeddable":true,"href":"https:\/\/lerousseaugrenoble.fr\/boutique\/wp-json\/wp\/v2\/product_tag?post=304"}],"curies":[{"name":"wp","href":"https:\/\/api.w.org\/{rel}","templated":true}]}}