{"id":302,"date":"2025-02-25T14:09:11","date_gmt":"2025-02-25T13:09:11","guid":{"rendered":"https:\/\/lerousseaugrenoble.fr\/boutique\/?post_type=product&#038;p=302"},"modified":"2025-05-09T13:10:47","modified_gmt":"2025-05-09T11:10:47","slug":"echezeaux-david-duban-2021","status":"publish","type":"product","link":"https:\/\/lerousseaugrenoble.fr\/boutique\/produit\/echezeaux-david-duban-2021\/","title":{"rendered":"Echezeaux David Duban 2021"},"content":{"rendered":"<div class=\"flex max-w-full flex-col flex-grow\">\n<div class=\"min-h-8 text-message relative flex w-full flex-col items-end gap-2 whitespace-normal break-words text-start [.text-message+&amp;]:mt-5\" dir=\"auto\" data-message-author-role=\"assistant\" data-message-id=\"aa6922e1-2fb7-4106-80b2-c1e3ccf5df5b\" data-message-model-slug=\"gpt-4o-mini\">\n<div class=\"flex w-full flex-col gap-1 empty:hidden first:pt-[3px]\">\n<div class=\"markdown prose w-full break-words dark:prose-invert dark\">\n<p data-start=\"0\" data-end=\"35\"><strong data-start=\"0\" data-end=\"35\">Echezeaux David Duban 2021 \ud83d\udccd\ud83c\udf47<\/strong><\/p>\n<p data-start=\"37\" data-end=\"536\">L&#8217;<strong data-start=\"39\" data-end=\"69\">Echezeaux David Duban 2021<\/strong> est une cuv\u00e9e rare et pr\u00e9cieuse qui exprime toute la puissance et l\u2019\u00e9l\u00e9gance du <strong data-start=\"150\" data-end=\"164\">Pinot Noir<\/strong> sur le prestigieux terroir d&#8217;<strong data-start=\"194\" data-end=\"207\">Ech\u00e9zeaux<\/strong>, grand cru situ\u00e9 au c\u0153ur de la C\u00f4te de Nuits. David Duban, un vigneron passionn\u00e9, met un point d\u2019honneur \u00e0 travailler ses vignes avec respect et pr\u00e9cision, dans un style naturel et authentique. Ce mill\u00e9sime 2021, issu de vieilles vignes de <strong data-start=\"448\" data-end=\"462\">Pinot Noir<\/strong>, r\u00e9v\u00e8le une grande richesse aromatique et une profondeur impressionnante.<\/p>\n<p data-start=\"538\" data-end=\"720\"><strong data-start=\"538\" data-end=\"565\">Caract\u00e9ristiques du Vin<\/strong><br data-start=\"565\" data-end=\"568\" \/>\ud83d\udcc5 <strong data-start=\"571\" data-end=\"584\">Mill\u00e9sime<\/strong> : 2021<br data-start=\"591\" data-end=\"594\" \/>\ud83d\udccd <strong data-start=\"597\" data-end=\"607\">R\u00e9gion<\/strong> : Bourgogne, <strong data-start=\"621\" data-end=\"638\">C\u00f4te de Nuits<\/strong><br data-start=\"638\" data-end=\"641\" \/>\ud83c\udf47 <strong data-start=\"644\" data-end=\"654\">C\u00e9page<\/strong> : Pinot Noir<br data-start=\"667\" data-end=\"670\" \/>\ud83c\udf7e <strong data-start=\"673\" data-end=\"683\">Format<\/strong> : 75 cl<br data-start=\"691\" data-end=\"694\" \/>% <strong data-start=\"696\" data-end=\"713\">Taux d&#8217;alcool<\/strong> : 13 %<\/p>\n<p data-start=\"722\" data-end=\"1432\"><strong data-start=\"722\" data-end=\"737\">D\u00e9gustation<\/strong><br data-start=\"737\" data-end=\"740\" \/>\ud83d\udc43 <strong data-start=\"743\" data-end=\"750\">Nez<\/strong> : Un bouquet riche et complexe, domin\u00e9 par des ar\u00f4mes de <strong data-start=\"808\" data-end=\"830\">fruits rouges m\u00fbrs<\/strong> (cerise, framboise), accompagn\u00e9s de <strong data-start=\"867\" data-end=\"885\">notes florales<\/strong> de rose et de violette, ainsi que des touches subtiles de <strong data-start=\"944\" data-end=\"955\" data-is-only-node=\"\">vanille<\/strong> et de <strong data-start=\"962\" data-end=\"976\">bois noble<\/strong>. Une touche min\u00e9rale vient renforcer la profondeur et la finesse de ce nez.<br data-start=\"1052\" data-end=\"1055\" \/>\ud83d\udc44 <strong data-start=\"1058\" data-end=\"1068\">Bouche<\/strong> : En bouche, ce <strong data-start=\"1085\" data-end=\"1098\">Grand Cru<\/strong> est d\u2019une <strong data-start=\"1109\" data-end=\"1128\">grande \u00e9l\u00e9gance<\/strong>, avec des <strong data-start=\"1139\" data-end=\"1154\">tanins fins<\/strong> et soyeux qui enveloppent le palais. Les <strong data-start=\"1196\" data-end=\"1214\">ar\u00f4mes fruit\u00e9s<\/strong> s\u2019\u00e9tendent sur une mati\u00e8re dense mais velout\u00e9e, soutenue par une belle <strong data-start=\"1286\" data-end=\"1297\">acidit\u00e9<\/strong> qui apporte une grande <strong data-start=\"1321\" data-end=\"1334\">fra\u00eecheur<\/strong>. La <strong data-start=\"1339\" data-end=\"1351\">longueur<\/strong> est impressionnante, laissant place \u00e0 une finale <strong data-start=\"1401\" data-end=\"1415\">savoureuse<\/strong> et <strong data-start=\"1419\" data-end=\"1431\">min\u00e9rale<\/strong>.<\/p>\n<p data-start=\"1434\" data-end=\"1741\"><strong data-start=\"1434\" data-end=\"1450\">Vin de Garde<\/strong><br data-start=\"1450\" data-end=\"1453\" \/>L&#8217;<strong data-start=\"1455\" data-end=\"1473\">Echezeaux 2021<\/strong> est un vin de <strong data-start=\"1488\" data-end=\"1497\">garde<\/strong> qui pourra se bonifier au fil des ann\u00e9es. Bien que d\u00e9j\u00e0 accessible, il saura r\u00e9v\u00e9ler davantage de complexit\u00e9 et de finesse avec le temps. Il est id\u00e9al pour accompagner des <strong data-start=\"1670\" data-end=\"1688\">viandes rouges<\/strong>, des <strong data-start=\"1694\" data-end=\"1714\" data-is-only-node=\"\">fromages affin\u00e9s<\/strong> ou des <strong data-start=\"1722\" data-end=\"1740\">plats en sauce<\/strong>.<\/p>\n<p data-start=\"1743\" data-end=\"1882\" data-is-last-node=\"\" data-is-only-node=\"\">Un vin d\u2019une <strong data-start=\"1756\" data-end=\"1776\">grande pr\u00e9cision<\/strong> et d&#8217;une <strong data-start=\"1786\" data-end=\"1812\">complexit\u00e9 remarquable<\/strong>, parfait pour les amateurs de grands <strong data-start=\"1850\" data-end=\"1864\">Pinot Noir <\/strong>bourguignons. \ud83c\udf77\u2728<\/p>\n<\/div>\n<\/div>\n<\/div>\n<\/div>\n","protected":false},"excerpt":{"rendered":"<p data-start=\"0\" data-end=\"35\"><strong data-start=\"0\" data-end=\"35\">Echezeaux David Duban 2021 \ud83d\udccd\ud83c\udf47<\/strong><\/p>\n<p data-start=\"37\" data-end=\"265\">L\u2019<strong data-start=\"39\" data-end=\"69\">Echezeaux David Duban 2021<\/strong> est un <strong data-start=\"77\" data-end=\"90\">Grand Cru<\/strong> bourguignon, qui incarne la finesse et l\u2019\u00e9l\u00e9gance du <strong data-start=\"144\" data-end=\"158\">Pinot Noir<\/strong>. N\u00e9 sur les sols prestigieux d\u2019<strong data-start=\"190\" data-end=\"203\">Ech\u00e9zeaux<\/strong>, ce vin r\u00e9v\u00e8le des ar\u00f4mes complexes et une structure soyeuse.<\/p>\n<p data-start=\"267\" data-end=\"449\"><strong data-start=\"267\" data-end=\"294\">Caract\u00e9ristiques du Vin<\/strong><br data-start=\"294\" data-end=\"297\" \/>\ud83d\udcc5 <strong data-start=\"300\" data-end=\"313\">Mill\u00e9sime<\/strong> : 2021<br data-start=\"320\" data-end=\"323\" \/>\ud83d\udccd <strong data-start=\"326\" data-end=\"336\">R\u00e9gion<\/strong> : Bourgogne, <strong data-start=\"350\" data-end=\"367\">C\u00f4te de Nuits<\/strong><br data-start=\"367\" data-end=\"370\" \/>\ud83c\udf47 <strong data-start=\"373\" data-end=\"383\">C\u00e9page<\/strong> : Pinot Noir<br data-start=\"396\" data-end=\"399\" \/>\ud83c\udf7e <strong data-start=\"402\" data-end=\"412\">Format<\/strong> : 75 cl<br data-start=\"420\" data-end=\"423\" \/>% <strong data-start=\"425\" data-end=\"442\">Taux d&#8217;alcool<\/strong> : 13 %<\/p>\n<p data-start=\"451\" data-end=\"638\"><strong data-start=\"451\" data-end=\"466\">D\u00e9gustation<\/strong><br data-start=\"466\" data-end=\"469\" \/>\ud83d\udc43 <strong data-start=\"472\" data-end=\"479\">Nez<\/strong> : Fruits rouges m\u00fbrs, fleurs, vanille et une touche min\u00e9rale.<br data-start=\"541\" data-end=\"544\" \/>\ud83d\udc44 <strong data-start=\"547\" data-end=\"557\">Bouche<\/strong> : Tanins fins et soyeux, avec une belle fra\u00eecheur et une longue finale min\u00e9rale.<\/p>\n<p data-start=\"640\" data-end=\"718\" data-is-last-node=\"\" data-is-only-node=\"\"><strong data-start=\"640\" data-end=\"656\">Vin de garde<\/strong>, parfait pour les amateurs de <strong data-start=\"687\" data-end=\"701\">Pinot Noir<\/strong> d&#8217;exception. \ud83c\udf77\u2728<\/p>\n","protected":false},"featured_media":25112,"comment_status":"open","ping_status":"closed","template":"","meta":[],"product_brand":[],"product_cat":[195,222,443,25,301],"product_tag":[],"class_list":{"0":"post-302","1":"product","2":"type-product","3":"status-publish","4":"has-post-thumbnail","6":"product_cat-bourgogne","7":"product_cat-vignerons-david-dubrand","8":"product_cat-vins-populaires","9":"product_cat-bouteilles-vins-rouges","10":"product_cat-vins-rouges-bourgogne","13":"first","14":"instock","15":"shipping-taxable","16":"purchasable","17":"product-type-simple"},"_links":{"self":[{"href":"https:\/\/lerousseaugrenoble.fr\/boutique\/wp-json\/wp\/v2\/product\/302","targetHints":{"allow":["GET"]}}],"collection":[{"href":"https:\/\/lerousseaugrenoble.fr\/boutique\/wp-json\/wp\/v2\/product"}],"about":[{"href":"https:\/\/lerousseaugrenoble.fr\/boutique\/wp-json\/wp\/v2\/types\/product"}],"replies":[{"embeddable":true,"href":"https:\/\/lerousseaugrenoble.fr\/boutique\/wp-json\/wp\/v2\/comments?post=302"}],"version-history":[{"count":2,"href":"https:\/\/lerousseaugrenoble.fr\/boutique\/wp-json\/wp\/v2\/product\/302\/revisions"}],"predecessor-version":[{"id":25433,"href":"https:\/\/lerousseaugrenoble.fr\/boutique\/wp-json\/wp\/v2\/product\/302\/revisions\/25433"}],"wp:featuredmedia":[{"embeddable":true,"href":"https:\/\/lerousseaugrenoble.fr\/boutique\/wp-json\/wp\/v2\/media\/25112"}],"wp:attachment":[{"href":"https:\/\/lerousseaugrenoble.fr\/boutique\/wp-json\/wp\/v2\/media?parent=302"}],"wp:term":[{"taxonomy":"product_brand","embeddable":true,"href":"https:\/\/lerousseaugrenoble.fr\/boutique\/wp-json\/wp\/v2\/product_brand?post=302"},{"taxonomy":"product_cat","embeddable":true,"href":"https:\/\/lerousseaugrenoble.fr\/boutique\/wp-json\/wp\/v2\/product_cat?post=302"},{"taxonomy":"product_tag","embeddable":true,"href":"https:\/\/lerousseaugrenoble.fr\/boutique\/wp-json\/wp\/v2\/product_tag?post=302"}],"curies":[{"name":"wp","href":"https:\/\/api.w.org\/{rel}","templated":true}]}}