{"id":298,"date":"2025-02-25T14:00:52","date_gmt":"2025-02-25T13:00:52","guid":{"rendered":"https:\/\/lerousseaugrenoble.fr\/boutique\/?post_type=product&#038;p=298"},"modified":"2025-05-09T13:16:05","modified_gmt":"2025-05-09T11:16:05","slug":"macon-cruzille-manganite-clos-des-vignes-du-maynes-2020","status":"publish","type":"product","link":"https:\/\/lerousseaugrenoble.fr\/boutique\/produit\/macon-cruzille-manganite-clos-des-vignes-du-maynes-2020\/","title":{"rendered":"M\u00e2con Cruzille Manganite Clos des Vignes du Maynes 2020"},"content":{"rendered":"<div class=\"flex max-w-full flex-col flex-grow\">\n<div class=\"min-h-8 text-message relative flex w-full flex-col items-end gap-2 whitespace-normal break-words text-start [.text-message+&amp;]:mt-5\" dir=\"auto\" data-message-author-role=\"assistant\" data-message-id=\"9ff6e016-7270-4866-9381-bc9d4789a7b9\" data-message-model-slug=\"gpt-4o-mini\">\n<div class=\"flex w-full flex-col gap-1 empty:hidden first:pt-[3px]\">\n<div class=\"markdown prose w-full break-words dark:prose-invert dark\">\n<p data-start=\"0\" data-end=\"64\"><strong data-start=\"0\" data-end=\"64\">M\u00e2con Cruzille Manganite Clos des Vignes du Maynes 2020 \ud83d\udccd\ud83c\udf47<\/strong><\/p>\n<p data-start=\"66\" data-end=\"680\">Le <strong data-start=\"69\" data-end=\"128\">M\u00e2con Cruzille Manganite Clos des Vignes du Maynes 2020<\/strong> est une cuv\u00e9e d&#8217;exception qui refl\u00e8te le savoir-faire unique du domaine <strong data-start=\"201\" data-end=\"230\">Clos des Vignes du Maynes<\/strong>, situ\u00e9 au c\u0153ur de la Bourgogne. Issu de vignes cultiv\u00e9es selon des principes biodynamiques, ce vin 100% <strong data-start=\"335\" data-end=\"349\">Chardonnay<\/strong> exprime toute la puret\u00e9 et la richesse de son terroir argilo-calcaire. La cuv\u00e9e <strong data-start=\"430\" data-end=\"443\">Manganite<\/strong> porte bien son nom, avec sa min\u00e9ralit\u00e9 marqu\u00e9e qui se m\u00eale \u00e0 la rondeur et \u00e0 l\u2019\u00e9l\u00e9gance du Chardonnay. Ce vin est l\u2019expression parfaite d\u2019un travail respectueux de la nature et du terroir, offrant une exp\u00e9rience sensorielle inoubliable.<\/p>\n<p data-start=\"682\" data-end=\"855\"><strong data-start=\"682\" data-end=\"709\">Caract\u00e9ristiques du Vin<\/strong><br data-start=\"709\" data-end=\"712\" \/>\ud83d\udcc5 <strong data-start=\"715\" data-end=\"728\">Mill\u00e9sime<\/strong> : 2020<br data-start=\"735\" data-end=\"738\" \/>\ud83d\udccd <strong data-start=\"741\" data-end=\"751\">R\u00e9gion<\/strong> : M\u00e2connais, Bourgogne<br data-start=\"774\" data-end=\"777\" \/>\ud83c\udf47 <strong data-start=\"780\" data-end=\"790\">C\u00e9page<\/strong> : Chardonnay<br data-start=\"803\" data-end=\"806\" \/>\ud83c\udf7e <strong data-start=\"809\" data-end=\"819\">Format<\/strong> : 75 cl<br data-start=\"827\" data-end=\"830\" \/>% <strong data-start=\"832\" data-end=\"849\">Taux d&#8217;alcool<\/strong> : 13%<\/p>\n<p data-start=\"857\" data-end=\"1091\"><strong data-start=\"857\" data-end=\"872\">D\u00e9gustation<\/strong><br data-start=\"872\" data-end=\"875\" \/>\ud83d\udc43 <strong data-start=\"878\" data-end=\"885\">Nez<\/strong> : Un nez \u00e9l\u00e9gant et frais, m\u00ealant des ar\u00f4mes de <strong data-start=\"934\" data-end=\"951\">p\u00eache blanche<\/strong>, de <strong data-start=\"956\" data-end=\"972\">pamplemousse<\/strong>, avec des notes florales d\u00e9licates de <strong data-start=\"1011\" data-end=\"1030\" data-is-only-node=\"\">fleur d\u2019oranger<\/strong> et une touche min\u00e9rale typique du terroir de M\u00e2con Cruzille.<\/p>\n<p data-start=\"1093\" data-end=\"1392\">\ud83d\udc44 <strong data-start=\"1096\" data-end=\"1106\">Bouche<\/strong> : La bouche est d&#8217;une grande finesse, avec une belle <strong data-start=\"1160\" data-end=\"1173\">fra\u00eecheur<\/strong> et une texture <strong data-start=\"1189\" data-end=\"1200\">soyeuse<\/strong>. Les ar\u00f4mes fruit\u00e9s et floraux se d\u00e9ploient avec harmonie, soutenus par une min\u00e9ralit\u00e9 fine et pr\u00e9cise. La finale est longue, pure et saline, laissant une agr\u00e9able sensation de <strong data-start=\"1378\" data-end=\"1391\">fra\u00eecheur<\/strong>.<\/p>\n<p data-start=\"1394\" data-end=\"1866\" data-is-last-node=\"\" data-is-only-node=\"\"><strong data-start=\"1394\" data-end=\"1428\">Un vin de terroir exceptionnel<\/strong><br data-start=\"1428\" data-end=\"1431\" \/>Ce <strong data-start=\"1434\" data-end=\"1467\">M\u00e2con Cruzille Manganite 2020<\/strong> est un vin biodynamique de grande qualit\u00e9, qui se distingue par sa puret\u00e9, son \u00e9quilibre et sa grande finesse. Parfait \u00e0 d\u00e9guster d\u00e8s maintenant pour profiter de sa fra\u00eecheur, il peut \u00e9galement se garder quelques ann\u00e9es en cave pour en appr\u00e9cier toute la complexit\u00e9 au fil du temps. Une cuv\u00e9e qui incarne parfaitement le terroir du M\u00e2connais et le savoir-faire de <strong data-start=\"1832\" data-end=\"1861\">Clos des Vignes du Maynes<\/strong>. \ud83c\udf77\u2728<\/p>\n<\/div>\n<\/div>\n<\/div>\n<\/div>\n","protected":false},"excerpt":{"rendered":"<div class=\"flex max-w-full flex-col flex-grow\">\n<div class=\"min-h-8 text-message relative flex w-full flex-col items-end gap-2 whitespace-normal break-words text-start [.text-message+&amp;]:mt-5\" dir=\"auto\" data-message-author-role=\"assistant\" data-message-id=\"f298dba3-c6d6-47f1-9d48-bbf397f21473\" data-message-model-slug=\"gpt-4o-mini\">\n<div class=\"flex w-full flex-col gap-1 empty:hidden first:pt-[3px]\">\n<div class=\"markdown prose w-full break-words dark:prose-invert dark\">\n<p data-start=\"0\" data-end=\"64\"><strong data-start=\"0\" data-end=\"64\">M\u00e2con Cruzille Manganite Clos des Vignes du Maynes 2020 \ud83d\udccd\ud83c\udf47<\/strong><\/p>\n<p data-start=\"66\" data-end=\"430\">Un Chardonnay biodynamique de grande qualit\u00e9, le <strong data-start=\"115\" data-end=\"148\">M\u00e2con Cruzille Manganite 2020<\/strong> exprime toute la puret\u00e9 du terroir bourguignon. Son <strong data-start=\"201\" data-end=\"208\">nez<\/strong> frais et fruit\u00e9, avec des ar\u00f4mes de <strong data-start=\"245\" data-end=\"262\">p\u00eache blanche<\/strong> et de <strong data-start=\"269\" data-end=\"285\">pamplemousse<\/strong>, se r\u00e9v\u00e8le en bouche avec une <strong data-start=\"316\" data-end=\"330\">min\u00e9ralit\u00e9<\/strong> fine et une texture <strong data-start=\"351\" data-end=\"362\">soyeuse<\/strong>. Une finale longue et saline, signe de son terroir argilo-calcaire.<\/p>\n<p data-start=\"432\" data-end=\"605\"><strong data-start=\"432\" data-end=\"459\">Caract\u00e9ristiques du Vin<\/strong><br data-start=\"459\" data-end=\"462\" \/>\ud83d\udcc5 <strong data-start=\"465\" data-end=\"478\">Mill\u00e9sime<\/strong> : 2020<br data-start=\"485\" data-end=\"488\" data-is-only-node=\"\" \/>\ud83d\udccd <strong data-start=\"491\" data-end=\"501\">R\u00e9gion<\/strong> : M\u00e2connais, Bourgogne<br data-start=\"524\" data-end=\"527\" \/>\ud83c\udf47 <strong data-start=\"530\" data-end=\"540\">C\u00e9page<\/strong> : Chardonnay<br data-start=\"553\" data-end=\"556\" \/>\ud83c\udf7e <strong data-start=\"559\" data-end=\"569\">Format<\/strong> : 75 cl<br data-start=\"577\" data-end=\"580\" \/>% <strong data-start=\"582\" data-end=\"599\">Taux d&#8217;alcool<\/strong> : 13%<\/p>\n<p data-start=\"607\" data-end=\"676\" data-is-last-node=\"\" data-is-only-node=\"\">Un vin \u00e0 d\u00e9guster maintenant ou \u00e0 garder quelques ann\u00e9es en cave. \ud83c\udf77\u2728<\/p>\n<\/div>\n<\/div>\n<\/div>\n<\/div>\n","protected":false},"featured_media":599,"comment_status":"open","ping_status":"closed","template":"","meta":[],"product_brand":[],"product_cat":[195,202,25,301],"product_tag":[],"class_list":{"0":"post-298","1":"product","2":"type-product","3":"status-publish","4":"has-post-thumbnail","6":"product_cat-bourgogne","7":"product_cat-vignerons-clos-des-vignes-du-maynes-bourgogne","8":"product_cat-bouteilles-vins-rouges","9":"product_cat-vins-rouges-bourgogne","12":"first","13":"instock","14":"shipping-taxable","15":"purchasable","16":"product-type-simple"},"_links":{"self":[{"href":"https:\/\/lerousseaugrenoble.fr\/boutique\/wp-json\/wp\/v2\/product\/298","targetHints":{"allow":["GET"]}}],"collection":[{"href":"https:\/\/lerousseaugrenoble.fr\/boutique\/wp-json\/wp\/v2\/product"}],"about":[{"href":"https:\/\/lerousseaugrenoble.fr\/boutique\/wp-json\/wp\/v2\/types\/product"}],"replies":[{"embeddable":true,"href":"https:\/\/lerousseaugrenoble.fr\/boutique\/wp-json\/wp\/v2\/comments?post=298"}],"version-history":[{"count":1,"href":"https:\/\/lerousseaugrenoble.fr\/boutique\/wp-json\/wp\/v2\/product\/298\/revisions"}],"predecessor-version":[{"id":25270,"href":"https:\/\/lerousseaugrenoble.fr\/boutique\/wp-json\/wp\/v2\/product\/298\/revisions\/25270"}],"wp:featuredmedia":[{"embeddable":true,"href":"https:\/\/lerousseaugrenoble.fr\/boutique\/wp-json\/wp\/v2\/media\/599"}],"wp:attachment":[{"href":"https:\/\/lerousseaugrenoble.fr\/boutique\/wp-json\/wp\/v2\/media?parent=298"}],"wp:term":[{"taxonomy":"product_brand","embeddable":true,"href":"https:\/\/lerousseaugrenoble.fr\/boutique\/wp-json\/wp\/v2\/product_brand?post=298"},{"taxonomy":"product_cat","embeddable":true,"href":"https:\/\/lerousseaugrenoble.fr\/boutique\/wp-json\/wp\/v2\/product_cat?post=298"},{"taxonomy":"product_tag","embeddable":true,"href":"https:\/\/lerousseaugrenoble.fr\/boutique\/wp-json\/wp\/v2\/product_tag?post=298"}],"curies":[{"name":"wp","href":"https:\/\/api.w.org\/{rel}","templated":true}]}}