{"id":297,"date":"2025-02-25T13:58:58","date_gmt":"2025-02-25T12:58:58","guid":{"rendered":"https:\/\/lerousseaugrenoble.fr\/boutique\/?post_type=product&#038;p=297"},"modified":"2025-05-09T13:14:58","modified_gmt":"2025-05-09T11:14:58","slug":"bourgogne-les-crays-clos-des-vignes-du-maynes-2021","status":"publish","type":"product","link":"https:\/\/lerousseaugrenoble.fr\/boutique\/produit\/bourgogne-les-crays-clos-des-vignes-du-maynes-2021\/","title":{"rendered":"Bourgogne les Crays Clos des Vignes du Maynes 2021"},"content":{"rendered":"<div class=\"flex max-w-full flex-col flex-grow\">\n<div class=\"min-h-8 text-message relative flex w-full flex-col items-end gap-2 whitespace-normal break-words text-start [.text-message+&amp;]:mt-5\" dir=\"auto\" data-message-author-role=\"assistant\" data-message-id=\"39f831dd-2360-49ca-a1df-44088f94f0c7\" data-message-model-slug=\"gpt-4o-mini\">\n<div class=\"flex w-full flex-col gap-1 empty:hidden first:pt-[3px]\">\n<div class=\"markdown prose w-full break-words dark:prose-invert dark\">\n<p data-start=\"0\" data-end=\"59\"><strong data-start=\"0\" data-end=\"59\">Bourgogne Les Crays Clos des Vignes du Maynes 2021 \ud83d\udccd\ud83c\udf47<\/strong><\/p>\n<p data-start=\"61\" data-end=\"669\">Le <strong data-start=\"64\" data-end=\"118\">Bourgogne Les Crays Clos des Vignes du Maynes 2021<\/strong> est un vin d&#8217;exception qui incarne l&#8217;excellence du domaine <strong data-start=\"178\" data-end=\"207\">Clos des Vignes du Maynes<\/strong>, un acteur phare de la viticulture biodynamique en Bourgogne. Ce mill\u00e9sime 2021 est le fruit d&#8217;un terroir unique, cultiv\u00e9 sans produits chimiques et dans un respect absolu des cycles naturels. Ce vin, 100% <strong data-start=\"414\" data-end=\"428\">Chardonnay<\/strong>, est l&#8217;expression pure de son terroir, alliant finesse, fra\u00eecheur et profondeur. Son travail m\u00e9ticuleux refl\u00e8te la vision du vigneron <strong data-start=\"563\" data-end=\"584\">Jean-Marc Vincent<\/strong>, qui \u0153uvre pour une viticulture plus respectueuse de la terre et de l&#8217;environnement.<\/p>\n<p data-start=\"671\" data-end=\"833\"><strong data-start=\"671\" data-end=\"698\">Caract\u00e9ristiques du Vin<\/strong><br data-start=\"698\" data-end=\"701\" \/>\ud83d\udcc5 <strong data-start=\"704\" data-end=\"717\">Mill\u00e9sime<\/strong> : 2021<br data-start=\"724\" data-end=\"727\" \/>\ud83d\udccd <strong data-start=\"730\" data-end=\"740\">R\u00e9gion<\/strong> : Bourgogne<br data-start=\"752\" data-end=\"755\" \/>\ud83c\udf47 <strong data-start=\"758\" data-end=\"768\">C\u00e9page<\/strong> : Chardonnay<br data-start=\"781\" data-end=\"784\" \/>\ud83c\udf7e <strong data-start=\"787\" data-end=\"797\">Format<\/strong> : 75 cl<br data-start=\"805\" data-end=\"808\" \/>% <strong data-start=\"810\" data-end=\"827\">Taux d&#8217;alcool<\/strong> : 13%<\/p>\n<p data-start=\"835\" data-end=\"1096\"><strong data-start=\"835\" data-end=\"850\">D\u00e9gustation<\/strong><br data-start=\"850\" data-end=\"853\" \/>\ud83d\udc43 <strong data-start=\"856\" data-end=\"863\">Nez<\/strong> : Un nez complexe et \u00e9l\u00e9gant, o\u00f9 se m\u00ealent des ar\u00f4mes de <strong data-start=\"921\" data-end=\"940\">fleurs blanches<\/strong>, de <strong data-start=\"945\" data-end=\"959\">p\u00eache m\u00fbre<\/strong>, de <strong data-start=\"964\" data-end=\"979\" data-is-only-node=\"\">citron vert<\/strong>, et une touche subtile de <strong data-start=\"1006\" data-end=\"1020\">min\u00e9ralit\u00e9<\/strong>. Des fragrances fra\u00eeches et fines qui captivent d\u00e8s les premi\u00e8res effluves.<\/p>\n<p data-start=\"1098\" data-end=\"1451\">\ud83d\udc44 <strong data-start=\"1101\" data-end=\"1111\">Bouche<\/strong> : L&#8217;attaque est vive et fra\u00eeche, offrant une texture ronde et soyeuse. Les ar\u00f4mes de <strong data-start=\"1197\" data-end=\"1213\">fruits frais<\/strong> et de <strong data-start=\"1220\" data-end=\"1234\">min\u00e9ralit\u00e9<\/strong> se d\u00e9veloppent en bouche avec une belle <strong data-start=\"1275\" data-end=\"1286\">\u00e9nergie<\/strong>, apport\u00e9e par une acidit\u00e9 parfaitement ma\u00eetris\u00e9e. La finale est longue, saline et \u00e9l\u00e9gante, t\u00e9moignant du terroir calcaire qui conf\u00e8re au vin une belle <strong data-start=\"1439\" data-end=\"1450\">tension<\/strong>.<\/p>\n<p data-start=\"1453\" data-end=\"1906\" data-is-last-node=\"\" data-is-only-node=\"\"><strong data-start=\"1453\" data-end=\"1475\">Un vin \u00e0 d\u00e9couvrir<\/strong><br data-start=\"1475\" data-end=\"1478\" \/>Ce <strong data-start=\"1481\" data-end=\"1509\">Bourgogne Les Crays 2021<\/strong> est un vin biodynamique qui s&#8217;inscrit dans une d\u00e9marche de puret\u00e9 et d&#8217;authenticit\u00e9. Il est id\u00e9al \u00e0 d\u00e9guster maintenant pour sa fra\u00eecheur et sa vivacit\u00e9, mais peut \u00e9galement \u00eatre conserv\u00e9 en cave pour quelques ann\u00e9es afin de laisser \u00e9voluer ses ar\u00f4mes et sa complexit\u00e9. Une cuv\u00e9e qui sublime le terroir bourguignon, entre finesse et \u00e9quilibre, et qui ravira les amateurs de vins authentiques. \ud83c\udf77\u2728<\/p>\n<\/div>\n<\/div>\n<\/div>\n<\/div>\n","protected":false},"excerpt":{"rendered":"<p data-start=\"0\" data-end=\"59\"><strong data-start=\"0\" data-end=\"59\">Bourgogne Les Crays Clos des Vignes du Maynes 2021 \ud83d\udccd\ud83c\udf47<\/strong><\/p>\n<p data-start=\"61\" data-end=\"354\">Un Bourgogne \u00e9l\u00e9gant, sign\u00e9 <strong data-start=\"89\" data-end=\"118\">Clos des Vignes du Maynes<\/strong>, o\u00f9 le respect du terroir et du <strong data-start=\"151\" data-end=\"175\">travail biodynamique<\/strong> se r\u00e9v\u00e8le pleinement. Ce vin est issu des parcelles du domaine, cultiv\u00e9es sans chimie, avec un soin particulier pour pr\u00e9server l\u2019expression pure et authentique du <strong data-start=\"339\" data-end=\"353\">Chardonnay<\/strong>.<\/p>\n<p data-start=\"356\" data-end=\"489\">\ud83d\udcc5 <strong data-start=\"359\" data-end=\"372\">Mill\u00e9sime<\/strong> : 2021<br data-start=\"379\" data-end=\"382\" \/>\ud83d\udccd <strong data-start=\"385\" data-end=\"395\">R\u00e9gion<\/strong> : Bourgogne<br data-start=\"407\" data-end=\"410\" data-is-only-node=\"\" \/>\ud83c\udf47 <strong data-start=\"413\" data-end=\"423\">C\u00e9page<\/strong> : Chardonnay<br data-start=\"436\" data-end=\"439\" \/>\ud83c\udf7e <strong data-start=\"442\" data-end=\"452\">Format<\/strong> : 75 cl<br data-start=\"460\" data-end=\"463\" \/>% <strong data-start=\"465\" data-end=\"482\">Taux d\u2019alcool<\/strong> : 13 %<\/p>\n<p data-start=\"491\" data-end=\"802\">\ud83d\udc43 <strong data-start=\"494\" data-end=\"501\">Nez<\/strong> : Ar\u00f4mes fins de <strong data-start=\"519\" data-end=\"538\">fleurs blanches<\/strong>, de <strong data-start=\"543\" data-end=\"552\">p\u00eache<\/strong> et de <strong data-start=\"559\" data-end=\"569\">citrus<\/strong>, avec une pointe min\u00e9rale qui annonce la complexit\u00e9 du vin.<br data-start=\"629\" data-end=\"632\" \/>\ud83d\udc44 <strong data-start=\"635\" data-end=\"645\">Bouche<\/strong> : L\u2019attaque est fra\u00eeche et nette, avec une belle <strong data-start=\"695\" data-end=\"706\">acidit\u00e9<\/strong> et une <strong data-start=\"714\" data-end=\"726\">longueur<\/strong> qui persiste. La finale, salivante et vivace, exprime la puret\u00e9 du terroir.<\/p>\n<p data-start=\"804\" data-end=\"910\" data-is-last-node=\"\" data-is-only-node=\"\">Un vin biodynamique raffin\u00e9, \u00e0 d\u00e9guster d\u00e8s maintenant ou \u00e0 laisser vieillir pour une belle \u00e9volution. \ud83c\udf77\u2728<\/p>\n","protected":false},"featured_media":601,"comment_status":"open","ping_status":"closed","template":"","meta":[],"product_brand":[],"product_cat":[195,202,25,301],"product_tag":[],"class_list":{"0":"post-297","1":"product","2":"type-product","3":"status-publish","4":"has-post-thumbnail","6":"product_cat-bourgogne","7":"product_cat-vignerons-clos-des-vignes-du-maynes-bourgogne","8":"product_cat-bouteilles-vins-rouges","9":"product_cat-vins-rouges-bourgogne","12":"first","13":"instock","14":"shipping-taxable","15":"purchasable","16":"product-type-simple"},"_links":{"self":[{"href":"https:\/\/lerousseaugrenoble.fr\/boutique\/wp-json\/wp\/v2\/product\/297","targetHints":{"allow":["GET"]}}],"collection":[{"href":"https:\/\/lerousseaugrenoble.fr\/boutique\/wp-json\/wp\/v2\/product"}],"about":[{"href":"https:\/\/lerousseaugrenoble.fr\/boutique\/wp-json\/wp\/v2\/types\/product"}],"replies":[{"embeddable":true,"href":"https:\/\/lerousseaugrenoble.fr\/boutique\/wp-json\/wp\/v2\/comments?post=297"}],"version-history":[{"count":1,"href":"https:\/\/lerousseaugrenoble.fr\/boutique\/wp-json\/wp\/v2\/product\/297\/revisions"}],"predecessor-version":[{"id":25269,"href":"https:\/\/lerousseaugrenoble.fr\/boutique\/wp-json\/wp\/v2\/product\/297\/revisions\/25269"}],"wp:featuredmedia":[{"embeddable":true,"href":"https:\/\/lerousseaugrenoble.fr\/boutique\/wp-json\/wp\/v2\/media\/601"}],"wp:attachment":[{"href":"https:\/\/lerousseaugrenoble.fr\/boutique\/wp-json\/wp\/v2\/media?parent=297"}],"wp:term":[{"taxonomy":"product_brand","embeddable":true,"href":"https:\/\/lerousseaugrenoble.fr\/boutique\/wp-json\/wp\/v2\/product_brand?post=297"},{"taxonomy":"product_cat","embeddable":true,"href":"https:\/\/lerousseaugrenoble.fr\/boutique\/wp-json\/wp\/v2\/product_cat?post=297"},{"taxonomy":"product_tag","embeddable":true,"href":"https:\/\/lerousseaugrenoble.fr\/boutique\/wp-json\/wp\/v2\/product_tag?post=297"}],"curies":[{"name":"wp","href":"https:\/\/api.w.org\/{rel}","templated":true}]}}