{"id":294,"date":"2025-02-25T13:49:55","date_gmt":"2025-02-25T12:49:55","guid":{"rendered":"https:\/\/lerousseaugrenoble.fr\/boutique\/?post_type=product&#038;p=294"},"modified":"2025-05-09T13:18:47","modified_gmt":"2025-05-09T11:18:47","slug":"vdf-reflet-dame-terre-de-roa-2021","status":"publish","type":"product","link":"https:\/\/lerousseaugrenoble.fr\/boutique\/produit\/vdf-reflet-dame-terre-de-roa-2021\/","title":{"rendered":"VDF Reflet d\u2019\u00e2me Terre de Roa 2021"},"content":{"rendered":"<div class=\"flex max-w-full flex-col flex-grow\">\n<div class=\"min-h-8 text-message relative flex w-full flex-col items-end gap-2 whitespace-normal break-words text-start [.text-message+&amp;]:mt-5\" dir=\"auto\" data-message-author-role=\"assistant\" data-message-id=\"370d2bed-4959-4f0d-a89a-77675ac9610c\" data-message-model-slug=\"gpt-4o-mini\">\n<div class=\"flex w-full flex-col gap-1 empty:hidden first:pt-[3px]\">\n<div class=\"markdown prose w-full break-words dark:prose-invert dark\">\n<h3 data-start=\"0\" data-end=\"51\"><strong data-start=\"4\" data-end=\"49\">VDF Reflet d\u2019\u00c2me 2021 \u2013 Terre de Roa \ud83d\udccd\ud83c\udf47<\/strong><\/h3>\n<p data-start=\"52\" data-end=\"468\"><strong data-start=\"52\" data-end=\"73\">Reflet d&#8217;\u00c2me 2021<\/strong> est une cuv\u00e9e qui incarne toute l\u2019authenticit\u00e9 du <strong data-start=\"124\" data-end=\"145\">terroir auvergnat<\/strong> avec une approche <strong data-start=\"164\" data-end=\"177\">naturelle<\/strong>. Provenant des sols volcaniques d\u2019Auvergne, ce <strong data-start=\"225\" data-end=\"242\">vin de France<\/strong> est un parfait \u00e9quilibre entre puret\u00e9 du fruit, min\u00e9ralit\u00e9 et finesse. Produit avec une vinification sans intrants et un respect total de la vigne, ce vin met en avant la beaut\u00e9 du <strong data-start=\"424\" data-end=\"433\">Gamay<\/strong>, c\u00e9page embl\u00e9matique de la r\u00e9gion.<\/p>\n<h3 data-start=\"470\" data-end=\"503\"><strong data-start=\"474\" data-end=\"501\">Caract\u00e9ristiques du Vin<\/strong><\/h3>\n<p data-start=\"504\" data-end=\"631\">\ud83d\udcc5 <strong data-start=\"507\" data-end=\"520\">Mill\u00e9sime<\/strong> : 2021<br data-start=\"527\" data-end=\"530\" \/>\ud83d\udccd <strong data-start=\"533\" data-end=\"543\">R\u00e9gion<\/strong> : Auvergne<br data-start=\"554\" data-end=\"557\" \/>\ud83c\udf47 <strong data-start=\"560\" data-end=\"570\">C\u00e9page<\/strong> : Gamay<br data-start=\"578\" data-end=\"581\" \/>\ud83c\udf7e <strong data-start=\"584\" data-end=\"594\" data-is-only-node=\"\">Format<\/strong> : 75 cl<br data-start=\"602\" data-end=\"605\" \/>% <strong data-start=\"607\" data-end=\"624\">Taux d\u2019alcool<\/strong> : 12 %<\/p>\n<h3 data-start=\"633\" data-end=\"654\"><strong data-start=\"637\" data-end=\"652\">D\u00e9gustation<\/strong><\/h3>\n<p data-start=\"655\" data-end=\"827\">\ud83d\udc43 <strong data-start=\"658\" data-end=\"665\">Nez<\/strong> : Un bouquet aromatique pur et \u00e9clatant de fruits rouges frais (cerise, framboise), accompagn\u00e9 de touches florales subtiles et de nuances min\u00e9rales distinctes.<\/p>\n<p data-start=\"829\" data-end=\"1028\">\ud83d\udc44 <strong data-start=\"832\" data-end=\"842\">Bouche<\/strong> : La bouche est g\u00e9n\u00e9reuse, avec une texture soyeuse qui porte bien la fra\u00eecheur. Des tanins fins et une belle vivacit\u00e9 min\u00e9rale s\u2019encha\u00eenent, offrant une finale longue et harmonieuse.<\/p>\n<h3 data-start=\"1030\" data-end=\"1083\"><strong data-start=\"1034\" data-end=\"1081\">Un Vin Naturel en Harmonie avec son Terroir<\/strong><\/h3>\n<p data-start=\"1084\" data-end=\"1471\" data-is-last-node=\"\" data-is-only-node=\"\">Le <strong data-start=\"1087\" data-end=\"1108\">Reflet d&#8217;\u00c2me 2021<\/strong> est un <strong data-start=\"1116\" data-end=\"1131\">vin naturel<\/strong> \u00e0 la fois accessible et raffin\u00e9, parfait pour d\u00e9couvrir ou red\u00e9couvrir le <strong data-start=\"1206\" data-end=\"1215\">Gamay<\/strong>auvergnat sous un jour authentique. Ce vin s&#8217;appr\u00e9cie d\u00e8s \u00e0 pr\u00e9sent, mais il peut aussi se conserver en cave pour quelques ann\u00e9es, o\u00f9 il gagnera en complexit\u00e9. Un vin d&#8217;exception qui ravira les amateurs de <strong data-start=\"1422\" data-end=\"1438\">vins vivants<\/strong> et de <strong data-start=\"1445\" data-end=\"1466\">terroirs sinc\u00e8res<\/strong>. \ud83c\udf77\u2728<\/p>\n<\/div>\n<\/div>\n<\/div>\n<\/div>\n","protected":false},"excerpt":{"rendered":"<div class=\"flex max-w-full flex-col flex-grow\">\n<div class=\"min-h-8 text-message relative flex w-full flex-col items-end gap-2 whitespace-normal break-words text-start [.text-message+&amp;]:mt-5\" dir=\"auto\" data-message-author-role=\"assistant\" data-message-id=\"31689ad8-9368-48ad-afaa-e117108be78d\" data-message-model-slug=\"gpt-4o-mini\">\n<div class=\"flex w-full flex-col gap-1 empty:hidden first:pt-[3px]\">\n<div class=\"markdown prose w-full break-words dark:prose-invert dark\">\n<h3 data-start=\"0\" data-end=\"51\"><strong data-start=\"4\" data-end=\"49\">VDF Reflet d\u2019\u00c2me 2021 \u2013 Terre de Roa \ud83d\udccd\ud83c\udf47<\/strong><\/h3>\n<p data-start=\"52\" data-end=\"287\">Le <strong data-start=\"55\" data-end=\"76\">Reflet d\u2019\u00c2me 2021<\/strong> est un <strong data-start=\"84\" data-end=\"99\">vin naturel<\/strong> provenant des sols volcaniques de l\u2019<strong data-start=\"136\" data-end=\"148\">Auvergne<\/strong>, r\u00e9alis\u00e9 avec un <strong data-start=\"166\" data-end=\"175\">Gamay<\/strong> pur et sans intrants. Un vin frais, min\u00e9ral et authentique, qui refl\u00e8te toute la richesse du terroir auvergnat.<\/p>\n<h3 data-start=\"289\" data-end=\"322\"><strong data-start=\"293\" data-end=\"320\">Caract\u00e9ristiques du Vin<\/strong><\/h3>\n<p data-start=\"323\" data-end=\"450\">\ud83d\udcc5 <strong data-start=\"326\" data-end=\"339\">Mill\u00e9sime<\/strong> : 2021<br data-start=\"346\" data-end=\"349\" \/>\ud83d\udccd <strong data-start=\"352\" data-end=\"362\">R\u00e9gion<\/strong> : Auvergne<br data-start=\"373\" data-end=\"376\" \/>\ud83c\udf47 <strong data-start=\"379\" data-end=\"389\">C\u00e9page<\/strong> : Gamay<br data-start=\"397\" data-end=\"400\" \/>\ud83c\udf7e <strong data-start=\"403\" data-end=\"413\">Format<\/strong> : 75 cl<br data-start=\"421\" data-end=\"424\" \/>% <strong data-start=\"426\" data-end=\"443\">Taux d\u2019alcool<\/strong> : 12 %<\/p>\n<h3 data-start=\"452\" data-end=\"473\"><strong data-start=\"456\" data-end=\"471\">D\u00e9gustation<\/strong><\/h3>\n<p data-start=\"474\" data-end=\"647\">\ud83d\udc43 <strong data-start=\"477\" data-end=\"484\">Nez<\/strong> : Aromatique, avec des notes de fruits rouges frais et une touche florale.<br data-start=\"559\" data-end=\"562\" \/>\ud83d\udc44 <strong data-start=\"565\" data-end=\"575\">Bouche<\/strong> : Fra\u00eeche, fluide et min\u00e9rale, avec une finale longue et harmonieuse.<\/p>\n<p data-start=\"649\" data-end=\"746\" data-is-last-node=\"\" data-is-only-node=\"\">Un vin d\u2019une grande puret\u00e9, \u00e0 savourer d\u00e8s maintenant ou \u00e0 conserver pour plus de complexit\u00e9. \ud83c\udf77\u2728<\/p>\n<\/div>\n<\/div>\n<\/div>\n<\/div>\n","protected":false},"featured_media":506,"comment_status":"open","ping_status":"closed","template":"","meta":[],"product_brand":[],"product_cat":[189,191,25,302],"product_tag":[],"class_list":{"0":"post-294","1":"product","2":"type-product","3":"status-publish","4":"has-post-thumbnail","6":"product_cat-auvergne","7":"product_cat-vignerons-terres-de-roa","8":"product_cat-bouteilles-vins-rouges","9":"product_cat-vins-rouges-auvergne","12":"first","13":"instock","14":"shipping-taxable","15":"purchasable","16":"product-type-simple"},"_links":{"self":[{"href":"https:\/\/lerousseaugrenoble.fr\/boutique\/wp-json\/wp\/v2\/product\/294","targetHints":{"allow":["GET"]}}],"collection":[{"href":"https:\/\/lerousseaugrenoble.fr\/boutique\/wp-json\/wp\/v2\/product"}],"about":[{"href":"https:\/\/lerousseaugrenoble.fr\/boutique\/wp-json\/wp\/v2\/types\/product"}],"replies":[{"embeddable":true,"href":"https:\/\/lerousseaugrenoble.fr\/boutique\/wp-json\/wp\/v2\/comments?post=294"}],"version-history":[{"count":1,"href":"https:\/\/lerousseaugrenoble.fr\/boutique\/wp-json\/wp\/v2\/product\/294\/revisions"}],"predecessor-version":[{"id":25273,"href":"https:\/\/lerousseaugrenoble.fr\/boutique\/wp-json\/wp\/v2\/product\/294\/revisions\/25273"}],"wp:featuredmedia":[{"embeddable":true,"href":"https:\/\/lerousseaugrenoble.fr\/boutique\/wp-json\/wp\/v2\/media\/506"}],"wp:attachment":[{"href":"https:\/\/lerousseaugrenoble.fr\/boutique\/wp-json\/wp\/v2\/media?parent=294"}],"wp:term":[{"taxonomy":"product_brand","embeddable":true,"href":"https:\/\/lerousseaugrenoble.fr\/boutique\/wp-json\/wp\/v2\/product_brand?post=294"},{"taxonomy":"product_cat","embeddable":true,"href":"https:\/\/lerousseaugrenoble.fr\/boutique\/wp-json\/wp\/v2\/product_cat?post=294"},{"taxonomy":"product_tag","embeddable":true,"href":"https:\/\/lerousseaugrenoble.fr\/boutique\/wp-json\/wp\/v2\/product_tag?post=294"}],"curies":[{"name":"wp","href":"https:\/\/api.w.org\/{rel}","templated":true}]}}