{"id":292,"date":"2025-02-25T13:44:59","date_gmt":"2025-02-25T12:44:59","guid":{"rendered":"https:\/\/lerousseaugrenoble.fr\/boutique\/?post_type=product&#038;p=292"},"modified":"2025-04-17T00:17:01","modified_gmt":"2025-04-16T22:17:01","slug":"cote-de-brouilly-selene-2021","status":"publish","type":"product","link":"https:\/\/lerousseaugrenoble.fr\/boutique\/produit\/cote-de-brouilly-selene-2021\/","title":{"rendered":"C\u00f4te de Brouilly S\u00e9l\u00e9n\u00e9 2021"},"content":{"rendered":"<div class=\"flex max-w-full flex-col flex-grow\">\n<div class=\"min-h-8 text-message relative flex w-full flex-col items-end gap-2 whitespace-normal break-words text-start [.text-message+&amp;]:mt-5\" dir=\"auto\" data-message-author-role=\"assistant\" data-message-id=\"f1c11e7c-5170-44f7-8abf-0d77b05e504e\" data-message-model-slug=\"gpt-4o\">\n<div class=\"flex w-full flex-col gap-1 empty:hidden first:pt-[3px]\">\n<div class=\"markdown prose w-full break-words dark:prose-invert dark\">\n<h3 data-start=\"0\" data-end=\"45\"><strong data-start=\"4\" data-end=\"43\">C\u00f4te de Brouilly 2021 \u2013 S\u00e9l\u00e9n\u00e9 \ud83d\udccd\ud83c\udf47<\/strong><\/h3>\n<p data-start=\"46\" data-end=\"404\">Ce <strong data-start=\"49\" data-end=\"74\">C\u00f4te de Brouilly 2021<\/strong> sign\u00e9 <strong data-start=\"81\" data-end=\"91\">S\u00e9l\u00e9n\u00e9<\/strong>, domaine men\u00e9 par Sylv\u00e8re Trichard, incarne l\u2019essence du Beaujolais nature. Issu de vieilles vignes de Gamay cultiv\u00e9es en bio sur des sols volcaniques, ce vin s\u00e9duit par sa fra\u00eecheur, son \u00e9nergie et son expression authentique du terroir. Une cuv\u00e9e vibrante, vinifi\u00e9e sans intrants et avec une grande pr\u00e9cision.<\/p>\n<h3 data-start=\"406\" data-end=\"439\"><strong data-start=\"410\" data-end=\"437\">Caract\u00e9ristiques du Vin<\/strong><\/h3>\n<p data-start=\"440\" data-end=\"573\">\ud83d\udcc5 <strong data-start=\"443\" data-end=\"456\">Mill\u00e9sime<\/strong> : 2021<br data-start=\"463\" data-end=\"466\" \/>\ud83d\udccd <strong data-start=\"469\" data-end=\"479\">R\u00e9gion<\/strong> : Beaujolais<br data-start=\"492\" data-end=\"495\" \/>\ud83c\udf47 <strong data-start=\"498\" data-end=\"508\">C\u00e9page<\/strong> : Gamay<br data-start=\"516\" data-end=\"519\" \/>\ud83c\udf7e <strong data-start=\"522\" data-end=\"532\" data-is-only-node=\"\">Format<\/strong> : 75 cl<br data-start=\"540\" data-end=\"543\" \/>% <strong data-start=\"545\" data-end=\"562\">Taux d\u2019alcool<\/strong> : 12,5 %<\/p>\n<h3 data-start=\"575\" data-end=\"596\"><strong data-start=\"579\" data-end=\"594\">D\u00e9gustation<\/strong><\/h3>\n<p data-start=\"597\" data-end=\"775\">\ud83d\udc43 <strong data-start=\"600\" data-end=\"607\">Nez<\/strong> : Intense et charmeur, il s\u2019ouvre sur des notes de fruits rouges croquants (cerise, framboise, groseille), accompagn\u00e9es de touches florales et d\u2019une fine min\u00e9ralit\u00e9.<\/p>\n<p data-start=\"777\" data-end=\"1035\">\ud83d\udc44 <strong data-start=\"780\" data-end=\"790\">Bouche<\/strong> : Une attaque fra\u00eeche et dynamique, avec une belle tension et une texture soyeuse. Les tanins sont fins et \u00e9l\u00e9gants, apportant une belle structure \u00e0 l\u2019ensemble. La finale est longue, marqu\u00e9e par une l\u00e9g\u00e8re touche \u00e9pic\u00e9e et une belle salinit\u00e9.<\/p>\n<h3 data-start=\"1037\" data-end=\"1073\"><strong data-start=\"1041\" data-end=\"1071\">Un Beaujolais de Caract\u00e8re<\/strong><\/h3>\n<p data-start=\"1074\" data-end=\"1348\" data-is-last-node=\"\" data-is-only-node=\"\">Un <strong data-start=\"1077\" data-end=\"1097\">C\u00f4te de Brouilly<\/strong> plein de vie, \u00e0 d\u00e9guster d\u00e8s maintenant pour sa fra\u00eecheur et son \u00e9clat, ou \u00e0 conserver quelques ann\u00e9es pour en appr\u00e9cier toute la complexit\u00e9. Id\u00e9al pour accompagner une belle table entre amis ou simplement pour le plaisir d\u2019un grand Gamay nature. \ud83c\udf77\u2728<\/p>\n<\/div>\n<\/div>\n<\/div>\n<\/div>\n","protected":false},"excerpt":{"rendered":"<div class=\"flex max-w-full flex-col flex-grow\">\n<div class=\"min-h-8 text-message relative flex w-full flex-col items-end gap-2 whitespace-normal break-words text-start [.text-message+&amp;]:mt-5\" dir=\"auto\" data-message-author-role=\"assistant\" data-message-id=\"597ce601-d9fe-4bea-8459-8280544315c9\" data-message-model-slug=\"gpt-4o\">\n<div class=\"flex w-full flex-col gap-1 empty:hidden first:pt-[3px]\">\n<div class=\"markdown prose w-full break-words dark:prose-invert dark\">\n<h3 data-start=\"0\" data-end=\"45\"><strong data-start=\"4\" data-end=\"43\">C\u00f4te de Brouilly 2021 \u2013 S\u00e9l\u00e9n\u00e9 \ud83d\udccd\ud83c\udf47<\/strong><\/h3>\n<p data-start=\"46\" data-end=\"247\">Un <strong data-start=\"49\" data-end=\"78\">Beaujolais nature vibrant<\/strong>, sign\u00e9 Sylv\u00e8re Trichard, issu de vieilles vignes sur sols volcaniques. Fra\u00eecheur, finesse et authenticit\u00e9 sont au rendez-vous dans cette cuv\u00e9e vinifi\u00e9e sans intrants.<\/p>\n<p data-start=\"249\" data-end=\"382\">\ud83d\udcc5 <strong data-start=\"252\" data-end=\"265\">Mill\u00e9sime<\/strong> : 2021<br data-start=\"272\" data-end=\"275\" \/>\ud83d\udccd <strong data-start=\"278\" data-end=\"288\">R\u00e9gion<\/strong> : Beaujolais<br data-start=\"301\" data-end=\"304\" data-is-only-node=\"\" \/>\ud83c\udf47 <strong data-start=\"307\" data-end=\"317\">C\u00e9page<\/strong> : Gamay<br data-start=\"325\" data-end=\"328\" \/>\ud83c\udf7e <strong data-start=\"331\" data-end=\"341\">Format<\/strong> : 75 cl<br data-start=\"349\" data-end=\"352\" \/>% <strong data-start=\"354\" data-end=\"371\">Taux d\u2019alcool<\/strong> : 12,5 %<\/p>\n<p data-start=\"384\" data-end=\"533\">\ud83d\udc43 <strong data-start=\"387\" data-end=\"394\">Nez<\/strong> : Fruits rouges croquants, fleurs et fine min\u00e9ralit\u00e9.<br data-start=\"448\" data-end=\"451\" \/>\ud83d\udc44 <strong data-start=\"454\" data-end=\"464\">Bouche<\/strong> : Fra\u00eeche et soyeuse, avec une belle tension et une finale \u00e9pic\u00e9e.<\/p>\n<p data-start=\"535\" data-end=\"634\" data-is-last-node=\"\" data-is-only-node=\"\">Un C\u00f4te de Brouilly plein d\u2019\u00e9nergie, id\u00e9al \u00e0 boire d\u00e8s maintenant ou \u00e0 garder quelques ann\u00e9es ! \ud83c\udf77\u2728<\/p>\n<\/div>\n<\/div>\n<\/div>\n<\/div>\n","protected":false},"featured_media":0,"comment_status":"open","ping_status":"closed","template":"","meta":[],"product_brand":[],"product_cat":[163,171,25,304],"product_tag":[],"class_list":{"0":"post-292","1":"product","2":"type-product","3":"status-publish","5":"product_cat-beaujolais","6":"product_cat-vignerons-selene","7":"product_cat-bouteilles-vins-rouges","8":"product_cat-vins-rouges-beaujolais","10":"first","11":"instock","12":"shipping-taxable","13":"purchasable","14":"product-type-simple"},"_links":{"self":[{"href":"https:\/\/lerousseaugrenoble.fr\/boutique\/wp-json\/wp\/v2\/product\/292","targetHints":{"allow":["GET"]}}],"collection":[{"href":"https:\/\/lerousseaugrenoble.fr\/boutique\/wp-json\/wp\/v2\/product"}],"about":[{"href":"https:\/\/lerousseaugrenoble.fr\/boutique\/wp-json\/wp\/v2\/types\/product"}],"replies":[{"embeddable":true,"href":"https:\/\/lerousseaugrenoble.fr\/boutique\/wp-json\/wp\/v2\/comments?post=292"}],"version-history":[{"count":0,"href":"https:\/\/lerousseaugrenoble.fr\/boutique\/wp-json\/wp\/v2\/product\/292\/revisions"}],"wp:attachment":[{"href":"https:\/\/lerousseaugrenoble.fr\/boutique\/wp-json\/wp\/v2\/media?parent=292"}],"wp:term":[{"taxonomy":"product_brand","embeddable":true,"href":"https:\/\/lerousseaugrenoble.fr\/boutique\/wp-json\/wp\/v2\/product_brand?post=292"},{"taxonomy":"product_cat","embeddable":true,"href":"https:\/\/lerousseaugrenoble.fr\/boutique\/wp-json\/wp\/v2\/product_cat?post=292"},{"taxonomy":"product_tag","embeddable":true,"href":"https:\/\/lerousseaugrenoble.fr\/boutique\/wp-json\/wp\/v2\/product_tag?post=292"}],"curies":[{"name":"wp","href":"https:\/\/api.w.org\/{rel}","templated":true}]}}