{"id":291,"date":"2025-02-25T13:42:53","date_gmt":"2025-02-25T12:42:53","guid":{"rendered":"https:\/\/lerousseaugrenoble.fr\/boutique\/?post_type=product&#038;p=291"},"modified":"2025-08-06T13:56:14","modified_gmt":"2025-08-06T11:56:14","slug":"julienas-climat-la-bottiere-la-souffrandiere-2020","status":"publish","type":"product","link":"https:\/\/lerousseaugrenoble.fr\/boutique\/produit\/julienas-climat-la-bottiere-la-souffrandiere-2020\/","title":{"rendered":"Julienas Climat la Botti\u00e8re &#8211; Bret Brothers 2020"},"content":{"rendered":"<h3 data-start=\"0\" data-end=\"66\"><strong data-start=\"4\" data-end=\"64\">Juli\u00e9nas Climat La Botti\u00e8re 2020 \u2013 Bret Brothers\ud83d\udccd\ud83c\udf47<\/strong><\/h3>\n<p data-start=\"67\" data-end=\"514\">Ce <strong data-start=\"70\" data-end=\"106\">Juli\u00e9nas Climat La Botti\u00e8re 2020<\/strong> est une expression remarquable du cru, \u00e9labor\u00e9 par Bret Brother\u00a0 (la Soufrandi\u00e8re), domaine reconnu pour son engagement en biodynamie et son travail minutieux des terroirs. Situ\u00e9 sur un sol granitique profond, ce climat conf\u00e8re au Gamay une \u00e9l\u00e9gance et une intensit\u00e9 uniques. Vinifi\u00e9 avec soin et peu d\u2019interventions, ce vin r\u00e9v\u00e8le toute la richesse aromatique et la finesse du Beaujolais dans une cuv\u00e9e d\u2019exception.<\/p>\n<h3 data-start=\"516\" data-end=\"549\"><strong data-start=\"520\" data-end=\"547\">Caract\u00e9ristiques du Vin<\/strong><\/h3>\n<p data-start=\"550\" data-end=\"681\">\ud83d\udcc5 <strong data-start=\"553\" data-end=\"566\">Mill\u00e9sime<\/strong> : 2020<br data-start=\"573\" data-end=\"576\" \/>\ud83d\udccd <strong data-start=\"579\" data-end=\"589\">R\u00e9gion<\/strong> : Beaujolais<br data-start=\"602\" data-end=\"605\" \/>\ud83c\udf47 <strong data-start=\"608\" data-end=\"618\">C\u00e9page<\/strong> : Gamay<br data-start=\"626\" data-end=\"629\" \/>\ud83c\udf7e <strong data-start=\"632\" data-end=\"642\" data-is-only-node=\"\">Format<\/strong> : 75 cl<br data-start=\"650\" data-end=\"653\" \/>% <strong data-start=\"655\" data-end=\"672\">Taux d\u2019alcool<\/strong> : 13 %<\/p>\n<h3 data-start=\"683\" data-end=\"704\"><strong data-start=\"687\" data-end=\"702\">D\u00e9gustation<\/strong><\/h3>\n<p data-start=\"705\" data-end=\"964\">\ud83d\udc43 <strong data-start=\"708\" data-end=\"715\">Nez<\/strong> : Expressif et raffin\u00e9, il d\u00e9voile des ar\u00f4mes intenses de cerise noire, de framboise et de m\u00fbre, accompagn\u00e9s de notes florales (violette, pivoine) et d\u2019une touche \u00e9pic\u00e9e rappelant le poivre blanc. Une belle min\u00e9ralit\u00e9 vient structurer l\u2019ensemble.<\/p>\n<p data-start=\"966\" data-end=\"1261\">\ud83d\udc44 <strong data-start=\"969\" data-end=\"979\">Bouche<\/strong> : Ample et juteuse d\u00e8s l\u2019attaque, la mati\u00e8re est soyeuse et bien \u00e9quilibr\u00e9e entre fra\u00eecheur et profondeur. Les tanins fins et \u00e9l\u00e9gants apportent de la structure, tandis que des nuances \u00e9pic\u00e9es et l\u00e9g\u00e8rement r\u00e9gliss\u00e9es prolongent la d\u00e9gustation dans une finale longue et vibrante.<\/p>\n<h3 data-start=\"1263\" data-end=\"1294\"><strong data-start=\"1267\" data-end=\"1292\">Un Grand Vin de Garde<\/strong><\/h3>\n<p data-start=\"1295\" data-end=\"1646\" data-is-last-node=\"\" data-is-only-node=\"\">Le <strong data-start=\"1298\" data-end=\"1334\">Juli\u00e9nas Climat La Botti\u00e8re 2020<\/strong> est un vin \u00e0 la fois gourmand et structur\u00e9, id\u00e9al pour une d\u00e9gustation d\u00e8s aujourd\u2019hui apr\u00e8s une a\u00e9ration, mais \u00e9galement taill\u00e9 pour la garde. Sa complexit\u00e9 et son raffinement se r\u00e9v\u00e9leront pleinement avec quelques ann\u00e9es en cave, offrant une magnifique interpr\u00e9tation du Gamay sur son terroir d\u2019exception. \ud83c\udf77\u2728<\/p>\n","protected":false},"excerpt":{"rendered":"<div class=\"flex max-w-full flex-col flex-grow\">\n<div class=\"min-h-8 text-message relative flex w-full flex-col items-end gap-2 whitespace-normal break-words text-start [.text-message+&amp;]:mt-5\" dir=\"auto\" data-message-author-role=\"assistant\" data-message-id=\"e4d7aa19-3164-4c70-8672-c3614a99f9cb\" data-message-model-slug=\"gpt-4o\">\n<div class=\"flex w-full flex-col gap-1 empty:hidden first:pt-[3px]\">\n<div class=\"markdown prose w-full break-words dark:prose-invert dark\">\n<h3 data-start=\"0\" data-end=\"66\"><strong data-start=\"4\" data-end=\"64\">Juli\u00e9nas Climat La Botti\u00e8re 2020 &#8211; Bret Brother \ud83d\udccd\ud83c\udf47<\/strong><\/h3>\n<p data-start=\"67\" data-end=\"267\">Un <strong data-start=\"70\" data-end=\"97\">grand cru du Beaujolais<\/strong> sign\u00e9 Bret Brother (la Soufrandi\u00e8re), r\u00e9v\u00e9lant toute la richesse du terroir de Juli\u00e9nas. Ce mill\u00e9sime 2020 s\u00e9duit par sa gourmandise, son intensit\u00e9 aromatique et sa belle fra\u00eecheur.<\/p>\n<p data-start=\"269\" data-end=\"400\">\ud83d\udcc5 <strong data-start=\"272\" data-end=\"285\">Mill\u00e9sime<\/strong> : 2020<br data-start=\"292\" data-end=\"295\" \/>\ud83d\udccd <strong data-start=\"298\" data-end=\"308\">R\u00e9gion<\/strong> : Beaujolais<br data-start=\"321\" data-end=\"324\" data-is-only-node=\"\" \/>\ud83c\udf47 <strong data-start=\"327\" data-end=\"337\">C\u00e9page<\/strong> : Gamay<br data-start=\"345\" data-end=\"348\" \/>\ud83c\udf7e <strong data-start=\"351\" data-end=\"361\">Format<\/strong> : 75 cl<br data-start=\"369\" data-end=\"372\" \/>% <strong data-start=\"374\" data-end=\"391\">Taux d\u2019alcool<\/strong> : 13 %<\/p>\n<p data-start=\"402\" data-end=\"617\">\ud83d\udc43 <strong data-start=\"405\" data-end=\"412\">Nez<\/strong> : Explosion de fruits rouges et noirs (cerise, m\u00fbre), accompagn\u00e9e de notes florales et d\u2019une pointe \u00e9pic\u00e9e.<br data-start=\"520\" data-end=\"523\" \/>\ud83d\udc44 <strong data-start=\"526\" data-end=\"536\">Bouche<\/strong> : Juteuse et \u00e9quilibr\u00e9e, aux tanins fins et \u00e0 la belle persistance aromatique.<\/p>\n<p data-start=\"619\" data-end=\"716\" data-is-last-node=\"\" data-is-only-node=\"\">Un <strong data-start=\"622\" data-end=\"647\">Juli\u00e9nas de caract\u00e8re<\/strong>, aussi s\u00e9duisant aujourd\u2019hui qu\u2019apr\u00e8s quelques ann\u00e9es de garde ! \ud83c\udf77\u2728<\/p>\n<\/div>\n<\/div>\n<\/div>\n<\/div>\n","protected":false},"featured_media":450,"comment_status":"open","ping_status":"closed","template":"","meta":[],"product_brand":[],"product_cat":[163,170,25,304],"product_tag":[],"class_list":{"0":"post-291","1":"product","2":"type-product","3":"status-publish","4":"has-post-thumbnail","6":"product_cat-beaujolais","7":"product_cat-vignerons-domaine-de-la-soufrandiere","8":"product_cat-bouteilles-vins-rouges","9":"product_cat-vins-rouges-beaujolais","12":"first","13":"instock","14":"shipping-taxable","15":"purchasable","16":"product-type-simple"},"_links":{"self":[{"href":"https:\/\/lerousseaugrenoble.fr\/boutique\/wp-json\/wp\/v2\/product\/291","targetHints":{"allow":["GET"]}}],"collection":[{"href":"https:\/\/lerousseaugrenoble.fr\/boutique\/wp-json\/wp\/v2\/product"}],"about":[{"href":"https:\/\/lerousseaugrenoble.fr\/boutique\/wp-json\/wp\/v2\/types\/product"}],"replies":[{"embeddable":true,"href":"https:\/\/lerousseaugrenoble.fr\/boutique\/wp-json\/wp\/v2\/comments?post=291"}],"version-history":[{"count":3,"href":"https:\/\/lerousseaugrenoble.fr\/boutique\/wp-json\/wp\/v2\/product\/291\/revisions"}],"predecessor-version":[{"id":25440,"href":"https:\/\/lerousseaugrenoble.fr\/boutique\/wp-json\/wp\/v2\/product\/291\/revisions\/25440"}],"wp:featuredmedia":[{"embeddable":true,"href":"https:\/\/lerousseaugrenoble.fr\/boutique\/wp-json\/wp\/v2\/media\/450"}],"wp:attachment":[{"href":"https:\/\/lerousseaugrenoble.fr\/boutique\/wp-json\/wp\/v2\/media?parent=291"}],"wp:term":[{"taxonomy":"product_brand","embeddable":true,"href":"https:\/\/lerousseaugrenoble.fr\/boutique\/wp-json\/wp\/v2\/product_brand?post=291"},{"taxonomy":"product_cat","embeddable":true,"href":"https:\/\/lerousseaugrenoble.fr\/boutique\/wp-json\/wp\/v2\/product_cat?post=291"},{"taxonomy":"product_tag","embeddable":true,"href":"https:\/\/lerousseaugrenoble.fr\/boutique\/wp-json\/wp\/v2\/product_tag?post=291"}],"curies":[{"name":"wp","href":"https:\/\/api.w.org\/{rel}","templated":true}]}}