{"id":290,"date":"2025-02-25T13:37:31","date_gmt":"2025-02-25T12:37:31","guid":{"rendered":"https:\/\/lerousseaugrenoble.fr\/boutique\/?post_type=product&#038;p=290"},"modified":"2025-08-06T13:58:42","modified_gmt":"2025-08-06T11:58:42","slug":"morgon-cote-du-py-jean-foillard-2017","status":"publish","type":"product","link":"https:\/\/lerousseaugrenoble.fr\/boutique\/produit\/morgon-cote-du-py-jean-foillard-2017\/","title":{"rendered":"Morgon C\u00f4te du Py  Jean Foillard 2021"},"content":{"rendered":"<h3 data-start=\"0\" data-end=\"53\"><strong data-start=\"4\" data-end=\"51\">Morgon C\u00f4te du Py 2021\u2013 Jean Foillard \ud83d\udccd\ud83c\udf47<\/strong><\/h3>\n<p data-start=\"55\" data-end=\"341\">Ic\u00f4ne du Beaujolais, le <strong data-start=\"79\" data-end=\"105\">Morgon C\u00f4te du Py 2021 <\/strong>de <strong data-start=\"109\" data-end=\"126\">Jean Foillard<\/strong> incarne la puret\u00e9 et la profondeur du <strong data-start=\"165\" data-end=\"174\">Gamay<\/strong> sur ce terroir volcanique d\u2019exception. Travaill\u00e9 en <strong data-start=\"227\" data-end=\"252\">agriculture naturelle<\/strong>, sans intrants ni filtration, il s\u00e9duit par son \u00e9quilibre entre puissance et \u00e9l\u00e9gance.<\/p>\n<hr data-start=\"343\" data-end=\"346\" \/>\n<h3 data-start=\"348\" data-end=\"381\"><strong data-start=\"352\" data-end=\"379\">Caract\u00e9ristiques du Vin<\/strong><\/h3>\n<p data-start=\"383\" data-end=\"529\">\ud83d\udcc5 <strong data-start=\"386\" data-end=\"399\">Mill\u00e9sime<\/strong> : 2021<br data-start=\"406\" data-end=\"409\" \/>\ud83d\udccd <strong data-start=\"412\" data-end=\"422\">R\u00e9gion<\/strong> : Beaujolais \u2013 C\u00f4te du Py<br data-start=\"448\" data-end=\"451\" \/>\ud83c\udf47 <strong data-start=\"454\" data-end=\"464\">C\u00e9page<\/strong> : Gamay<br data-start=\"472\" data-end=\"475\" \/>\ud83c\udf7e <strong data-start=\"478\" data-end=\"488\">Format<\/strong> : 75 cl<br data-start=\"496\" data-end=\"499\" \/>% <strong data-start=\"501\" data-end=\"518\">Taux d\u2019alcool<\/strong> : 12,5 %<\/p>\n<hr data-start=\"531\" data-end=\"534\" \/>\n<h3 data-start=\"536\" data-end=\"557\"><strong data-start=\"540\" data-end=\"555\">D\u00e9gustation<\/strong><\/h3>\n<p data-start=\"559\" data-end=\"684\">\ud83d\udc43 <strong data-start=\"562\" data-end=\"569\">Nez<\/strong> : Ar\u00f4mes profonds de <strong data-start=\"591\" data-end=\"625\">cerise noire, m\u00fbre et violette<\/strong>, sublim\u00e9s par des notes poivr\u00e9es et une fine min\u00e9ralit\u00e9.<\/p>\n<p data-start=\"686\" data-end=\"846\">\ud83d\udc44 <strong data-start=\"689\" data-end=\"699\">Bouche<\/strong> : Belle ampleur avec une texture soyeuse et des tanins fins. L\u2019\u00e9quilibre entre fruit, acidit\u00e9 et min\u00e9ralit\u00e9 offre une finale longue et vibrante.<\/p>\n<hr data-start=\"848\" data-end=\"851\" \/>\n<h3 data-start=\"853\" data-end=\"898\"><strong data-start=\"857\" data-end=\"896\">Un Grand Vin \u00e0 D\u00e9guster ou \u00e0 Garder<\/strong><\/h3>\n<p data-start=\"900\" data-end=\"1088\" data-is-last-node=\"\" data-is-only-node=\"\">D\u00e9j\u00e0 d\u00e9licieux aujourd\u2019hui apr\u00e8s a\u00e9ration, ce Morgon <strong data-start=\"953\" data-end=\"978\">gagnera en complexit\u00e9<\/strong> avec quelques ann\u00e9es de garde. Une cuv\u00e9e incontournable pour les amateurs de grands Beaujolais naturels ! \ud83c\udf77\u2728<\/p>\n","protected":false},"excerpt":{"rendered":"<h3 data-start=\"0\" data-end=\"53\"><strong data-start=\"4\" data-end=\"51\">Morgon C\u00f4te du Py 2021 \u2013 Jean Foillard \ud83d\udccd\ud83c\udf47<\/strong><\/h3>\n<p data-start=\"54\" data-end=\"250\">Un Morgon embl\u00e9matique sign\u00e9 Jean Foillard, r\u00e9f\u00e9rence du Beaujolais nature. Ce mill\u00e9sime 2021 exprime avec finesse la puissance et l\u2019\u00e9l\u00e9gance du Gamay sur le terroir volcanique de la C\u00f4te du Py.<\/p>\n<p data-start=\"252\" data-end=\"385\">\ud83d\udcc5 <strong data-start=\"255\" data-end=\"268\">Mill\u00e9sime<\/strong> : 2021<br data-start=\"275\" data-end=\"278\" \/>\ud83d\udccd <strong data-start=\"281\" data-end=\"291\">R\u00e9gion<\/strong> : Beaujolais<br data-start=\"304\" data-end=\"307\" data-is-only-node=\"\" \/>\ud83c\udf47 <strong data-start=\"310\" data-end=\"320\">C\u00e9page<\/strong> : Gamay<br data-start=\"328\" data-end=\"331\" \/>\ud83c\udf7e <strong data-start=\"334\" data-end=\"344\">Format<\/strong> : 75 cl<br data-start=\"352\" data-end=\"355\" \/>% <strong data-start=\"357\" data-end=\"374\">Taux d\u2019alcool<\/strong> : 12,5 %<\/p>\n<p data-start=\"387\" data-end=\"602\">\ud83d\udc43 <strong data-start=\"390\" data-end=\"397\">Nez<\/strong> : Ar\u00f4mes profonds de cerise noire, m\u00fbre et violette, avec des touches \u00e9pic\u00e9es et min\u00e9rales.<br data-start=\"489\" data-end=\"492\" \/>\ud83d\udc44 <strong data-start=\"495\" data-end=\"505\">Bouche<\/strong> : Texture soyeuse, \u00e9quilibre parfait entre fruit et min\u00e9ralit\u00e9, tanins fins et belle longueur.<\/p>\n<p data-start=\"604\" data-end=\"705\" data-is-last-node=\"\" data-is-only-node=\"\">Un Morgon pur et vibrant, parfait \u00e0 d\u00e9guster d\u00e8s maintenant ou \u00e0 garder pour plus de complexit\u00e9 ! \ud83c\udf77\u2728<\/p>\n","protected":false},"featured_media":25118,"comment_status":"open","ping_status":"closed","template":"","meta":[],"product_brand":[],"product_cat":[163,165,276,25,304],"product_tag":[],"class_list":{"0":"post-290","1":"product","2":"type-product","3":"status-publish","4":"has-post-thumbnail","6":"product_cat-beaujolais","7":"product_cat-vignerons-jean-foillard","8":"product_cat-vins-blancs-beaujolais","9":"product_cat-bouteilles-vins-rouges","10":"product_cat-vins-rouges-beaujolais","13":"first","14":"instock","15":"sold-individually","16":"shipping-taxable","17":"purchasable","18":"product-type-simple"},"_links":{"self":[{"href":"https:\/\/lerousseaugrenoble.fr\/boutique\/wp-json\/wp\/v2\/product\/290","targetHints":{"allow":["GET"]}}],"collection":[{"href":"https:\/\/lerousseaugrenoble.fr\/boutique\/wp-json\/wp\/v2\/product"}],"about":[{"href":"https:\/\/lerousseaugrenoble.fr\/boutique\/wp-json\/wp\/v2\/types\/product"}],"replies":[{"embeddable":true,"href":"https:\/\/lerousseaugrenoble.fr\/boutique\/wp-json\/wp\/v2\/comments?post=290"}],"version-history":[{"count":3,"href":"https:\/\/lerousseaugrenoble.fr\/boutique\/wp-json\/wp\/v2\/product\/290\/revisions"}],"predecessor-version":[{"id":25441,"href":"https:\/\/lerousseaugrenoble.fr\/boutique\/wp-json\/wp\/v2\/product\/290\/revisions\/25441"}],"wp:featuredmedia":[{"embeddable":true,"href":"https:\/\/lerousseaugrenoble.fr\/boutique\/wp-json\/wp\/v2\/media\/25118"}],"wp:attachment":[{"href":"https:\/\/lerousseaugrenoble.fr\/boutique\/wp-json\/wp\/v2\/media?parent=290"}],"wp:term":[{"taxonomy":"product_brand","embeddable":true,"href":"https:\/\/lerousseaugrenoble.fr\/boutique\/wp-json\/wp\/v2\/product_brand?post=290"},{"taxonomy":"product_cat","embeddable":true,"href":"https:\/\/lerousseaugrenoble.fr\/boutique\/wp-json\/wp\/v2\/product_cat?post=290"},{"taxonomy":"product_tag","embeddable":true,"href":"https:\/\/lerousseaugrenoble.fr\/boutique\/wp-json\/wp\/v2\/product_tag?post=290"}],"curies":[{"name":"wp","href":"https:\/\/api.w.org\/{rel}","templated":true}]}}