{"id":289,"date":"2025-02-25T13:31:06","date_gmt":"2025-02-25T12:31:06","guid":{"rendered":"https:\/\/lerousseaugrenoble.fr\/boutique\/?post_type=product&#038;p=289"},"modified":"2025-05-09T13:21:24","modified_gmt":"2025-05-09T11:21:24","slug":"morgon-marcel-mmxvi-marcel-lapierre-2016","status":"publish","type":"product","link":"https:\/\/lerousseaugrenoble.fr\/boutique\/produit\/morgon-marcel-mmxvi-marcel-lapierre-2016\/","title":{"rendered":"Morgon Marcel MMXVI Marcel Lapierre 2016"},"content":{"rendered":"<div class=\"flex max-w-full flex-col flex-grow\">\n<div class=\"min-h-8 text-message relative flex w-full flex-col items-end gap-2 whitespace-normal break-words text-start [.text-message+&amp;]:mt-5\" dir=\"auto\" data-message-author-role=\"assistant\" data-message-id=\"74584b86-b64a-4ddb-83cd-d126431d8f4b\" data-message-model-slug=\"gpt-4o\">\n<div class=\"flex w-full flex-col gap-1 empty:hidden first:pt-[3px]\">\n<div class=\"markdown prose w-full break-words dark:prose-invert dark\">\n<p data-start=\"0\" data-end=\"399\"><strong data-start=\"0\" data-end=\"51\">Morgon Marcel MMXVI 2016 \u2013 Marcel Lapierre \ud83d\udccd\ud83c\udf47<\/strong><br data-start=\"51\" data-end=\"54\" \/>Un hommage vibrant au travail de <strong data-start=\"87\" data-end=\"106\">Marcel Lapierre<\/strong>, figure embl\u00e9matique des vins naturels du Beaujolais. Cette cuv\u00e9e rare incarne l\u2019essence du <strong data-start=\"199\" data-end=\"208\">Gamay<\/strong> cultiv\u00e9 en biodynamie, sans intrants chimiques, et vinifi\u00e9 avec une approche minimaliste. Un Morgon d\u2019une <strong data-start=\"315\" data-end=\"341\">profondeur remarquable<\/strong>, refl\u00e9tant toute la richesse de son terroir granitique.<\/p>\n<h3 data-start=\"401\" data-end=\"434\"><strong data-start=\"405\" data-end=\"432\">Caract\u00e9ristiques du Vin<\/strong><\/h3>\n<p data-start=\"435\" data-end=\"573\">\ud83d\udcc5 <strong data-start=\"438\" data-end=\"451\">Mill\u00e9sime<\/strong> : 2016<br data-start=\"458\" data-end=\"461\" \/>\ud83d\udccd <strong data-start=\"464\" data-end=\"474\">R\u00e9gion<\/strong> : Beaujolais, France<br data-start=\"495\" data-end=\"498\" \/>\ud83c\udf47 <strong data-start=\"501\" data-end=\"511\">C\u00e9page<\/strong> : Gamay<br data-start=\"519\" data-end=\"522\" \/>\ud83c\udf7e <strong data-start=\"525\" data-end=\"535\">Format<\/strong> : 75 cl<br data-start=\"543\" data-end=\"546\" \/>% <strong data-start=\"548\" data-end=\"565\">Taux d\u2019alcool<\/strong> : 13%<\/p>\n<h3 data-start=\"575\" data-end=\"596\"><strong data-start=\"579\" data-end=\"594\">D\u00e9gustation<\/strong><\/h3>\n<p data-start=\"597\" data-end=\"961\">\ud83d\udc43 <strong data-start=\"600\" data-end=\"607\">Nez<\/strong> : Complexe et envo\u00fbtant, r\u00e9v\u00e9lant des <strong data-start=\"646\" data-end=\"715\">notes de cerise noire, de framboise m\u00fbre, de r\u00e9glisse et d\u2019\u00e9pices<\/strong>, avec une touche subtilement min\u00e9rale et terreuse.<br data-start=\"766\" data-end=\"769\" \/>\ud83d\udc44 <strong data-start=\"772\" data-end=\"782\">Bouche<\/strong> : Ample et g\u00e9n\u00e9reuse, port\u00e9e par des <strong data-start=\"820\" data-end=\"845\">tanins fins et soyeux<\/strong>. La texture est juteuse et \u00e9l\u00e9gante, \u00e9voluant vers une finale longue et vibrante, signature du terroir de Morgon.<\/p>\n<h3 data-start=\"963\" data-end=\"994\"><strong data-start=\"967\" data-end=\"992\">Un Grand Vin de Garde<\/strong><\/h3>\n<p data-start=\"995\" data-end=\"1281\" data-is-last-node=\"\" data-is-only-node=\"\">Le <strong data-start=\"998\" data-end=\"1026\">Morgon Marcel MMXVI 2016<\/strong> est un vin d\u2019exception, con\u00e7u pour vieillir avec gr\u00e2ce. \u00c0 d\u00e9guster d\u00e8s aujourd\u2019hui apr\u00e8s a\u00e9ration ou \u00e0 conserver quelques ann\u00e9es pour r\u00e9v\u00e9ler toute sa complexit\u00e9. Une cuv\u00e9e embl\u00e9matique du renouveau du <strong data-start=\"1229\" data-end=\"1243\">Beaujolais<\/strong>, entre gourmandise et profondeur. \ud83c\udf77\u2728<\/p>\n<\/div>\n<\/div>\n<\/div>\n<\/div>\n","protected":false},"excerpt":{"rendered":"<p data-start=\"0\" data-end=\"269\"><strong data-start=\"0\" data-end=\"51\">Morgon Marcel MMXVI 2016 \u2013 Marcel Lapierre \ud83d\udccd\ud83c\udf47<\/strong><br data-start=\"51\" data-end=\"54\" \/>Une cuv\u00e9e rare rendant hommage au savoir-faire de <strong data-start=\"104\" data-end=\"123\">Marcel Lapierre<\/strong>, figure embl\u00e9matique du Beaujolais. Un <strong data-start=\"163\" data-end=\"172\" data-is-only-node=\"\">Gamay<\/strong>pur, issu de vignes cultiv\u00e9es en biodynamie, refl\u00e9tant toute la richesse du terroir de Morgon.<\/p>\n<p data-start=\"271\" data-end=\"409\">\ud83d\udcc5 <strong data-start=\"274\" data-end=\"287\">Mill\u00e9sime<\/strong> : 2016<br data-start=\"294\" data-end=\"297\" \/>\ud83d\udccd <strong data-start=\"300\" data-end=\"310\" data-is-only-node=\"\">R\u00e9gion<\/strong> : Beaujolais, France<br data-start=\"331\" data-end=\"334\" \/>\ud83c\udf47 <strong data-start=\"337\" data-end=\"347\">C\u00e9page<\/strong> : Gamay<br data-start=\"355\" data-end=\"358\" \/>\ud83c\udf7e <strong data-start=\"361\" data-end=\"371\">Format<\/strong> : 75 cl<br data-start=\"379\" data-end=\"382\" \/>% <strong data-start=\"384\" data-end=\"401\">Taux d\u2019alcool<\/strong> : 13%<\/p>\n<p data-start=\"411\" data-end=\"601\">\ud83d\udc43 <strong data-start=\"414\" data-end=\"421\">Nez<\/strong> : Notes de cerise noire, framboise m\u00fbre, r\u00e9glisse et \u00e9pices, avec une touche min\u00e9rale.<br data-start=\"508\" data-end=\"511\" \/>\ud83d\udc44 <strong data-start=\"514\" data-end=\"524\" data-is-only-node=\"\">Bouche<\/strong> : Ample, tanins soyeux et finale longue sur des notes \u00e9pic\u00e9es et fruit\u00e9es.<\/p>\n<p data-start=\"603\" data-end=\"713\" data-is-last-node=\"\" data-is-only-node=\"\">Un <strong data-start=\"606\" data-end=\"628\">grand vin de garde<\/strong>, \u00e0 d\u00e9guster apr\u00e8s a\u00e9ration ou \u00e0 laisser vieillir pour encore plus de profondeur. \ud83c\udf77\u2728<\/p>\n<p data-start=\"0\" data-end=\"399\"><strong data-start=\"0\" data-end=\"51\">Morgon Marcel MMXVI 2016 \u2013 Marcel Lapierre \ud83d\udccd\ud83c\udf47<\/strong><br data-start=\"51\" data-end=\"54\" \/>Un hommage vibrant au travail de <strong data-start=\"87\" data-end=\"106\">Marcel Lapierre<\/strong>, figure embl\u00e9matique des vins naturels du Beaujolais. Cette cuv\u00e9e rare incarne l\u2019essence du <strong data-start=\"199\" data-end=\"208\">Gamay<\/strong> cultiv\u00e9 en biodynamie, sans intrants chimiques, et vinifi\u00e9 avec une approche minimaliste. Un Morgon d\u2019une <strong data-start=\"315\" data-end=\"341\">profondeur remarquable<\/strong>, refl\u00e9tant toute la richesse de son terroir granitique.<\/p>\n<h3 data-start=\"401\" data-end=\"434\"><strong data-start=\"405\" data-end=\"432\">Caract\u00e9ristiques du Vin<\/strong><\/h3>\n<p data-start=\"435\" data-end=\"573\">\ud83d\udcc5 <strong data-start=\"438\" data-end=\"451\">Mill\u00e9sime<\/strong> : 2016<br data-start=\"458\" data-end=\"461\" \/>\ud83d\udccd <strong data-start=\"464\" data-end=\"474\">R\u00e9gion<\/strong> : Beaujolais, France<br data-start=\"495\" data-end=\"498\" \/>\ud83c\udf47 <strong data-start=\"501\" data-end=\"511\">C\u00e9page<\/strong> : Gamay<br data-start=\"519\" data-end=\"522\" \/>\ud83c\udf7e <strong data-start=\"525\" data-end=\"535\">Format<\/strong> : 75 cl<br data-start=\"543\" data-end=\"546\" \/>% <strong data-start=\"548\" data-end=\"565\">Taux d\u2019alcool<\/strong> : 13%<\/p>\n<h3 data-start=\"575\" data-end=\"596\"><strong data-start=\"579\" data-end=\"594\">D\u00e9gustation<\/strong><\/h3>\n<p data-start=\"597\" data-end=\"961\">\ud83d\udc43 <strong data-start=\"600\" data-end=\"607\">Nez<\/strong> : Complexe et envo\u00fbtant, r\u00e9v\u00e9lant des <strong data-start=\"646\" data-end=\"715\">notes de cerise noire, de framboise m\u00fbre, de r\u00e9glisse et d\u2019\u00e9pices<\/strong>, avec une touche subtilement min\u00e9rale et terreuse.<br data-start=\"766\" data-end=\"769\" \/>\ud83d\udc44 <strong data-start=\"772\" data-end=\"782\">Bouche<\/strong> : Ample et g\u00e9n\u00e9reuse, port\u00e9e par des <strong data-start=\"820\" data-end=\"845\">tanins fins et soyeux<\/strong>. La texture est juteuse et \u00e9l\u00e9gante, \u00e9voluant vers une finale longue et vibrante, signature du terroir de Morgon.<\/p>\n<h3 data-start=\"963\" data-end=\"994\"><strong data-start=\"967\" data-end=\"992\">Un Grand Vin de Garde<\/strong><\/h3>\n<p data-start=\"995\" data-end=\"1281\" data-is-last-node=\"\" data-is-only-node=\"\">Le <strong data-start=\"998\" data-end=\"1026\">Morgon Marcel MMXVI 2016<\/strong> est un vin d\u2019exception, con\u00e7u pour vieillir avec gr\u00e2ce. \u00c0 d\u00e9guster d\u00e8s aujourd\u2019hui apr\u00e8s a\u00e9ration ou \u00e0 conserver quelques ann\u00e9es pour r\u00e9v\u00e9ler toute sa complexit\u00e9. Une cuv\u00e9e embl\u00e9matique du renouveau du <strong data-start=\"1229\" data-end=\"1243\">Beaujolais<\/strong>, entre gourmandise et profondeur. \ud83c\udf77\u2728<\/p>\n","protected":false},"featured_media":451,"comment_status":"open","ping_status":"closed","template":"","meta":[],"product_brand":[],"product_cat":[163,164,25,304],"product_tag":[],"class_list":{"0":"post-289","1":"product","2":"type-product","3":"status-publish","4":"has-post-thumbnail","6":"product_cat-beaujolais","7":"product_cat-vignerons-marcel-lapierre","8":"product_cat-bouteilles-vins-rouges","9":"product_cat-vins-rouges-beaujolais","12":"first","13":"instock","14":"shipping-taxable","15":"purchasable","16":"product-type-simple"},"_links":{"self":[{"href":"https:\/\/lerousseaugrenoble.fr\/boutique\/wp-json\/wp\/v2\/product\/289","targetHints":{"allow":["GET"]}}],"collection":[{"href":"https:\/\/lerousseaugrenoble.fr\/boutique\/wp-json\/wp\/v2\/product"}],"about":[{"href":"https:\/\/lerousseaugrenoble.fr\/boutique\/wp-json\/wp\/v2\/types\/product"}],"replies":[{"embeddable":true,"href":"https:\/\/lerousseaugrenoble.fr\/boutique\/wp-json\/wp\/v2\/comments?post=289"}],"version-history":[{"count":2,"href":"https:\/\/lerousseaugrenoble.fr\/boutique\/wp-json\/wp\/v2\/product\/289\/revisions"}],"predecessor-version":[{"id":25152,"href":"https:\/\/lerousseaugrenoble.fr\/boutique\/wp-json\/wp\/v2\/product\/289\/revisions\/25152"}],"wp:featuredmedia":[{"embeddable":true,"href":"https:\/\/lerousseaugrenoble.fr\/boutique\/wp-json\/wp\/v2\/media\/451"}],"wp:attachment":[{"href":"https:\/\/lerousseaugrenoble.fr\/boutique\/wp-json\/wp\/v2\/media?parent=289"}],"wp:term":[{"taxonomy":"product_brand","embeddable":true,"href":"https:\/\/lerousseaugrenoble.fr\/boutique\/wp-json\/wp\/v2\/product_brand?post=289"},{"taxonomy":"product_cat","embeddable":true,"href":"https:\/\/lerousseaugrenoble.fr\/boutique\/wp-json\/wp\/v2\/product_cat?post=289"},{"taxonomy":"product_tag","embeddable":true,"href":"https:\/\/lerousseaugrenoble.fr\/boutique\/wp-json\/wp\/v2\/product_tag?post=289"}],"curies":[{"name":"wp","href":"https:\/\/api.w.org\/{rel}","templated":true}]}}