{"id":287,"date":"2025-02-25T13:25:49","date_gmt":"2025-02-25T12:25:49","guid":{"rendered":"https:\/\/lerousseaugrenoble.fr\/boutique\/?post_type=product&#038;p=287"},"modified":"2025-08-08T10:02:13","modified_gmt":"2025-08-08T08:02:13","slug":"arcane-corentin-houillon-2022","status":"publish","type":"product","link":"https:\/\/lerousseaugrenoble.fr\/boutique\/produit\/arcane-corentin-houillon-2022\/","title":{"rendered":"Arcane Corentin Houillon 2022"},"content":{"rendered":"<div class=\"flex max-w-full flex-col flex-grow\">\n<div class=\"min-h-8 text-message relative flex w-full flex-col items-end gap-2 whitespace-normal break-words text-start [.text-message+&amp;]:mt-5\" dir=\"auto\" data-message-author-role=\"assistant\" data-message-id=\"d5192b3a-e292-4442-a3e5-3f899a95e1c5\" data-message-model-slug=\"gpt-4o\">\n<div class=\"flex w-full flex-col gap-1 empty:hidden first:pt-[3px]\">\n<div class=\"markdown prose w-full break-words dark:prose-invert dark\">\n<h3 data-start=\"0\" data-end=\"46\"><strong data-start=\"4\" data-end=\"44\">Arcane 2022 \u2013 Corentin Houillon \ud83d\udccd\ud83c\udf47<\/strong><\/h3>\n<p data-start=\"48\" data-end=\"403\">Le <strong data-start=\"51\" data-end=\"66\">Arcane 2022<\/strong> est un rouge myst\u00e9rieux et captivant, sign\u00e9 <strong data-start=\"111\" data-end=\"132\">Corentin Houillon<\/strong>, vigneron talentueux en <strong data-start=\"157\" data-end=\"167\">Savoie<\/strong>. Ce vin naturel, \u00e9labor\u00e9 avec soin, refl\u00e8te parfaitement le terroir savoyard avec sa <strong data-start=\"253\" data-end=\"296\">puret\u00e9 aromatique et sa belle structure<\/strong>. Issu d\u2019un assemblage local, il allie gourmandise et \u00e9l\u00e9gance, tout en conservant une grande buvabilit\u00e9.<\/p>\n<hr data-start=\"405\" data-end=\"410\" \/>\n<h3 data-start=\"412\" data-end=\"445\"><strong data-start=\"416\" data-end=\"443\">Caract\u00e9ristiques du Vin<\/strong><\/h3>\n<p data-start=\"447\" data-end=\"603\">\ud83d\udcc5 <strong data-start=\"450\" data-end=\"463\">Mill\u00e9sime<\/strong> : 2022<br data-start=\"470\" data-end=\"473\" \/>\ud83d\udccd <strong data-start=\"476\" data-end=\"486\">R\u00e9gion<\/strong> : <strong data-start=\"489\" data-end=\"499\">Savoie<\/strong><br data-start=\"499\" data-end=\"502\" \/>\ud83c\udf47 <strong data-start=\"505\" data-end=\"516\">C\u00e9pages<\/strong> : Pinot noir &amp; Mondeuse<br data-start=\"535\" data-end=\"538\" \/>\ud83c\udf7e <strong data-start=\"541\" data-end=\"551\">Format<\/strong> : <strong data-start=\"554\" data-end=\"563\">75 cl<\/strong><br data-start=\"563\" data-end=\"566\" \/>% <strong data-start=\"568\" data-end=\"585\">Taux d\u2019alcool<\/strong> : <strong data-start=\"588\" data-end=\"601\">12 % vol.<\/strong><\/p>\n<hr data-start=\"605\" data-end=\"610\" \/>\n<h3 data-start=\"612\" data-end=\"633\"><strong data-start=\"616\" data-end=\"631\">D\u00e9gustation<\/strong><\/h3>\n<p data-start=\"635\" data-end=\"831\">\ud83d\udc43 <strong data-start=\"638\" data-end=\"645\">Nez<\/strong> : Expressif et profond, r\u00e9v\u00e9lant des ar\u00f4mes de <strong data-start=\"673\" data-end=\"699\">fruits rouges et noirs<\/strong> (cerise griotte, m\u00fbre), de <strong data-start=\"727\" data-end=\"743\">fines \u00e9pices<\/strong> (poivre, r\u00e9glisse) et une subtile <strong data-start=\"778\" data-end=\"794\">note florale<\/strong>. La min\u00e9ralit\u00e9 typique des sols argilo-calcaires d\u2019Ayze apporte tension et complexit\u00e9.<\/p>\n<p data-start=\"833\" data-end=\"1121\">\ud83d\udc44 <strong data-start=\"836\" data-end=\"846\">Bouche<\/strong> : \u00c9lanc\u00e9e et juteuse, avec une structure souple port\u00e9e par des tanins fins. La fra\u00eecheur naturelle \u00e9quilibre la maturit\u00e9 du fruit, offrant une finale longue, l\u00e9g\u00e8rement \u00e9pic\u00e9e et saline.<\/p>\n<hr data-start=\"1123\" data-end=\"1128\" \/>\n<h3 data-start=\"1130\" data-end=\"1176\"><strong data-start=\"1134\" data-end=\"1174\">Un Vin Naturel \u00e0 la Signature Unique<\/strong><\/h3>\n<p data-start=\"1178\" data-end=\"1527\" data-is-last-node=\"\" data-is-only-node=\"\">Le <strong data-start=\"1181\" data-end=\"1196\">Arcane 2022<\/strong> est un rouge <strong data-start=\"1210\" data-end=\"1232\">\u00e9l\u00e9gant et profond<\/strong>, con\u00e7u sans artifice, dans le respect du raisin et du terroir. Une cuv\u00e9e \u00e0 d\u00e9couvrir pour les amateurs de vins vivants, o\u00f9 <strong data-start=\"1356\" data-end=\"1402\">fra\u00eecheur, finesse et intensit\u00e9 aromatique<\/strong> s\u2019entrelacent \u00e0 merveille. Id\u00e9al \u00e0 d\u00e9guster d\u00e8s maintenant ou \u00e0 laisser \u00e9voluer en cave pour encore plus de complexit\u00e9 ! \ud83c\udf77\u2728<\/p>\n<\/div>\n<\/div>\n<\/div>\n<\/div>\n","protected":false},"excerpt":{"rendered":"<h3 data-start=\"0\" data-end=\"46\"><strong data-start=\"4\" data-end=\"44\">Arcane 2022 \u2013 Corentin Houillon \ud83d\udccd\ud83c\udf47<\/strong><\/h3>\n<p data-start=\"48\" data-end=\"200\">Un rouge <strong data-start=\"57\" data-end=\"79\">profond et vibrant<\/strong>, issu du savoir-faire de <strong data-start=\"105\" data-end=\"126\">Corentin Houillon<\/strong>, qui exprime avec brio la richesse et la fra\u00eecheur du terroir savoyard.<\/p>\n<p data-start=\"202\" data-end=\"358\">\ud83d\udcc5 <strong data-start=\"205\" data-end=\"218\">Mill\u00e9sime<\/strong> : 2022<br data-start=\"225\" data-end=\"228\" \/>\ud83d\udccd <strong data-start=\"231\" data-end=\"241\">R\u00e9gion<\/strong> : <strong data-start=\"244\" data-end=\"254\" data-is-only-node=\"\">Savoie<\/strong><br data-start=\"254\" data-end=\"257\" \/>\ud83c\udf47 <strong data-start=\"260\" data-end=\"271\">C\u00e9pages<\/strong> : Pinot noir &amp; Mondeuse<br data-start=\"290\" data-end=\"293\" \/>\ud83c\udf7e <strong data-start=\"296\" data-end=\"306\">Format<\/strong> : <strong data-start=\"309\" data-end=\"318\">75 cl<\/strong><br data-start=\"318\" data-end=\"321\" \/>% <strong data-start=\"323\" data-end=\"340\">Taux d\u2019alcool<\/strong> : <strong data-start=\"343\" data-end=\"356\">12 % vol.<\/strong><\/p>\n<p data-start=\"360\" data-end=\"567\">\ud83d\udc43 <strong data-start=\"363\" data-end=\"370\">Nez<\/strong> : Ar\u00f4mes intenses de <strong data-start=\"392\" data-end=\"452\">fruits noirs, \u00e9pices douces, notes florales et min\u00e9rales<\/strong>.<br data-start=\"453\" data-end=\"456\" \/>\ud83d\udc44 <strong data-start=\"459\" data-end=\"469\" data-is-only-node=\"\">Bouche<\/strong> : Ample et \u00e9quilibr\u00e9e, avec des <strong data-start=\"502\" data-end=\"519\">tanins soyeux<\/strong>, une belle tension et une finale persistante.<\/p>\n<p data-start=\"569\" data-end=\"695\" data-is-last-node=\"\" data-is-only-node=\"\">Un vin <strong data-start=\"576\" data-end=\"602\">naturel et authentique<\/strong>, id\u00e9al pour ceux qui recherchent <strong data-start=\"636\" data-end=\"662\">profondeur et \u00e9l\u00e9gance<\/strong> dans un rouge de caract\u00e8re ! \ud83c\udf77\u2728<\/p>\n","protected":false},"featured_media":521,"comment_status":"open","ping_status":"closed","template":"","meta":[],"product_brand":[],"product_cat":[25,296],"product_tag":[],"class_list":{"0":"post-287","1":"product","2":"type-product","3":"status-publish","4":"has-post-thumbnail","6":"product_cat-bouteilles-vins-rouges","7":"product_cat-vins-rouges-savoie","10":"first","11":"instock","12":"shipping-taxable","13":"purchasable","14":"product-type-simple"},"_links":{"self":[{"href":"https:\/\/lerousseaugrenoble.fr\/boutique\/wp-json\/wp\/v2\/product\/287","targetHints":{"allow":["GET"]}}],"collection":[{"href":"https:\/\/lerousseaugrenoble.fr\/boutique\/wp-json\/wp\/v2\/product"}],"about":[{"href":"https:\/\/lerousseaugrenoble.fr\/boutique\/wp-json\/wp\/v2\/types\/product"}],"replies":[{"embeddable":true,"href":"https:\/\/lerousseaugrenoble.fr\/boutique\/wp-json\/wp\/v2\/comments?post=287"}],"version-history":[{"count":3,"href":"https:\/\/lerousseaugrenoble.fr\/boutique\/wp-json\/wp\/v2\/product\/287\/revisions"}],"predecessor-version":[{"id":25444,"href":"https:\/\/lerousseaugrenoble.fr\/boutique\/wp-json\/wp\/v2\/product\/287\/revisions\/25444"}],"wp:featuredmedia":[{"embeddable":true,"href":"https:\/\/lerousseaugrenoble.fr\/boutique\/wp-json\/wp\/v2\/media\/521"}],"wp:attachment":[{"href":"https:\/\/lerousseaugrenoble.fr\/boutique\/wp-json\/wp\/v2\/media?parent=287"}],"wp:term":[{"taxonomy":"product_brand","embeddable":true,"href":"https:\/\/lerousseaugrenoble.fr\/boutique\/wp-json\/wp\/v2\/product_brand?post=287"},{"taxonomy":"product_cat","embeddable":true,"href":"https:\/\/lerousseaugrenoble.fr\/boutique\/wp-json\/wp\/v2\/product_cat?post=287"},{"taxonomy":"product_tag","embeddable":true,"href":"https:\/\/lerousseaugrenoble.fr\/boutique\/wp-json\/wp\/v2\/product_tag?post=287"}],"curies":[{"name":"wp","href":"https:\/\/api.w.org\/{rel}","templated":true}]}}