{"id":283,"date":"2025-02-25T13:17:06","date_gmt":"2025-02-25T12:17:06","guid":{"rendered":"https:\/\/lerousseaugrenoble.fr\/boutique\/?post_type=product&#038;p=283"},"modified":"2025-05-09T13:26:29","modified_gmt":"2025-05-09T11:26:29","slug":"rozsa-koppitsch-2022","status":"publish","type":"product","link":"https:\/\/lerousseaugrenoble.fr\/boutique\/produit\/rozsa-koppitsch-2022\/","title":{"rendered":"Rozsa Koppitsch 2022"},"content":{"rendered":"<div class=\"flex max-w-full flex-col flex-grow\">\n<div class=\"min-h-8 text-message relative flex w-full flex-col items-end gap-2 whitespace-normal break-words text-start [.text-message+&amp;]:mt-5\" dir=\"auto\" data-message-author-role=\"assistant\" data-message-id=\"932dda4f-4724-4f87-8074-de7b2d4566ac\" data-message-model-slug=\"gpt-4o\">\n<div class=\"flex w-full flex-col gap-1 empty:hidden first:pt-[3px]\">\n<div class=\"markdown prose w-full break-words dark:prose-invert dark\">\n<h3 data-start=\"0\" data-end=\"37\"><strong data-start=\"4\" data-end=\"35\">Rozsa 2022 \u2013 Koppitsch \ud83d\udccd\ud83c\udf47<\/strong><\/h3>\n<p data-start=\"39\" data-end=\"330\">Le <strong data-start=\"42\" data-end=\"56\">Rozsa 2022<\/strong> de <strong data-start=\"60\" data-end=\"73\">Koppitsch<\/strong> est un ros\u00e9 naturel vibrant et plein de caract\u00e8re, issu des rives du lac de Neusiedl en <strong data-start=\"162\" data-end=\"174\">Autriche<\/strong>. Ce vin, \u00e9labor\u00e9 avec un assemblage de <strong data-start=\"214\" data-end=\"258\">Zweigelt, Blaufr\u00e4nkisch et Saint-Laurent<\/strong>, exprime toute la richesse et l\u2019\u00e9nergie de son terroir en biodynamie.<\/p>\n<hr data-start=\"332\" data-end=\"337\" \/>\n<h3 data-start=\"339\" data-end=\"372\"><strong data-start=\"343\" data-end=\"370\">Caract\u00e9ristiques du Vin<\/strong><\/h3>\n<p data-start=\"374\" data-end=\"572\">\ud83d\udcc5 <strong data-start=\"377\" data-end=\"390\">Mill\u00e9sime<\/strong> : 2022<br data-start=\"397\" data-end=\"400\" \/>\ud83d\udccd <strong data-start=\"403\" data-end=\"413\">R\u00e9gion<\/strong> : <strong data-start=\"416\" data-end=\"440\">Burgenland, Autriche<\/strong><br data-start=\"440\" data-end=\"443\" \/>\ud83c\udf47 <strong data-start=\"446\" data-end=\"457\">C\u00e9pages<\/strong> : <strong data-start=\"460\" data-end=\"502\">Zweigelt, Blaufr\u00e4nkisch, Saint-Laurent<\/strong><br data-start=\"502\" data-end=\"505\" \/>\ud83c\udf7e <strong data-start=\"508\" data-end=\"518\">Format<\/strong> : <strong data-start=\"521\" data-end=\"530\" data-is-only-node=\"\">75 cl<\/strong><br data-start=\"530\" data-end=\"533\" \/>% <strong data-start=\"535\" data-end=\"552\">Taux d\u2019alcool<\/strong> : <strong data-start=\"555\" data-end=\"570\">11,5 % vol.<\/strong><\/p>\n<hr data-start=\"574\" data-end=\"579\" \/>\n<h3 data-start=\"581\" data-end=\"602\"><strong data-start=\"585\" data-end=\"600\">D\u00e9gustation<\/strong><\/h3>\n<p data-start=\"604\" data-end=\"987\">\ud83d\udc43 <strong data-start=\"607\" data-end=\"614\">Nez<\/strong> : Intense et expressif, avec des ar\u00f4mes de <strong data-start=\"658\" data-end=\"747\">fruits rouges croquants (fraises, framboises), d\u2019agrumes zest\u00e9s et de p\u00e9tales de rose<\/strong>, soulign\u00e9s par une l\u00e9g\u00e8re touche \u00e9pic\u00e9e.<br data-start=\"788\" data-end=\"791\" \/>\ud83d\udc44 <strong data-start=\"794\" data-end=\"804\">Bouche<\/strong> : Vive, juteuse et saline, avec une belle acidit\u00e9 qui apporte de la fra\u00eecheur. La finale est persistante, marqu\u00e9e par des notes de <strong data-start=\"936\" data-end=\"984\">p\u00eache, groseille et zestes d\u2019orange sanguine<\/strong>.<\/p>\n<hr data-start=\"989\" data-end=\"994\" \/>\n<h3 data-start=\"996\" data-end=\"1039\"><strong data-start=\"1000\" data-end=\"1037\">Un Ros\u00e9 Naturel, Pur et \u00c9nergique<\/strong><\/h3>\n<p data-start=\"1041\" data-end=\"1307\" data-is-last-node=\"\" data-is-only-node=\"\">Le <strong data-start=\"1044\" data-end=\"1058\">Rozsa 2022<\/strong> est un ros\u00e9 de soif, l\u00e9ger mais structur\u00e9, parfait pour les amateurs de vins naturels. Sa vivacit\u00e9 et son c\u00f4t\u00e9 gourmand en font un compagnon id\u00e9al des moments de partage et de convivialit\u00e9. Un ros\u00e9 <strong data-start=\"1257\" data-end=\"1301\">authentique, expressif et rafra\u00eechissant<\/strong> ! \ud83c\udf77\u2728<\/p>\n<\/div>\n<\/div>\n<\/div>\n<\/div>\n","protected":false},"excerpt":{"rendered":"<div class=\"flex max-w-full flex-col flex-grow\">\n<div class=\"min-h-8 text-message relative flex w-full flex-col items-end gap-2 whitespace-normal break-words text-start [.text-message+&amp;]:mt-5\" dir=\"auto\" data-message-author-role=\"assistant\" data-message-id=\"0bc851c9-1a0f-4480-8e38-f3d3999d2127\" data-message-model-slug=\"gpt-4o\">\n<div class=\"flex w-full flex-col gap-1 empty:hidden first:pt-[3px]\">\n<div class=\"markdown prose w-full break-words dark:prose-invert dark\">\n<h3 data-start=\"0\" data-end=\"37\"><strong data-start=\"4\" data-end=\"35\">Rozsa 2022 \u2013 Koppitsch \ud83d\udccd\ud83c\udf47<\/strong><\/h3>\n<p data-start=\"39\" data-end=\"253\">Un <strong data-start=\"42\" data-end=\"58\">ros\u00e9 naturel<\/strong> sign\u00e9 <strong data-start=\"65\" data-end=\"78\">Koppitsch<\/strong>, au style vif et expressif. Ce <strong data-start=\"110\" data-end=\"128\">mill\u00e9sime 2022<\/strong> d\u00e9voile des ar\u00f4mes de <strong data-start=\"151\" data-end=\"200\">fruits rouges frais, agrumes et \u00e9pices douces<\/strong>, avec une bouche <strong data-start=\"218\" data-end=\"250\">juteuse, \u00e9nergique et saline<\/strong>.<\/p>\n<p data-start=\"255\" data-end=\"453\">\ud83d\udcc5 <strong data-start=\"258\" data-end=\"271\">Mill\u00e9sime<\/strong> : 2022<br data-start=\"278\" data-end=\"281\" \/>\ud83d\udccd <strong data-start=\"284\" data-end=\"294\" data-is-only-node=\"\">R\u00e9gion<\/strong> : <strong data-start=\"297\" data-end=\"321\">Burgenland, Autriche<\/strong><br data-start=\"321\" data-end=\"324\" \/>\ud83c\udf47 <strong data-start=\"327\" data-end=\"338\">C\u00e9pages<\/strong> : <strong data-start=\"341\" data-end=\"383\">Zweigelt, Blaufr\u00e4nkisch, Saint-Laurent<\/strong><br data-start=\"383\" data-end=\"386\" \/>\ud83c\udf7e <strong data-start=\"389\" data-end=\"399\">Format<\/strong> : <strong data-start=\"402\" data-end=\"411\">75 cl<\/strong><br data-start=\"411\" data-end=\"414\" \/>% <strong data-start=\"416\" data-end=\"433\">Taux d\u2019alcool<\/strong> : <strong data-start=\"436\" data-end=\"451\">11,5 % vol.<\/strong><\/p>\n<p data-start=\"455\" data-end=\"549\" data-is-last-node=\"\" data-is-only-node=\"\">Un ros\u00e9 <strong data-start=\"463\" data-end=\"485\">frais et dynamique<\/strong>, parfait pour les amateurs de vins vivants et authentiques. \ud83c\udf77\u2728<\/p>\n<\/div>\n<\/div>\n<\/div>\n<\/div>\n","protected":false},"featured_media":603,"comment_status":"open","ping_status":"closed","template":"","meta":[],"product_brand":[],"product_cat":[144,145,27,291],"product_tag":[],"class_list":{"0":"post-283","1":"product","2":"type-product","3":"status-publish","4":"has-post-thumbnail","6":"product_cat-autriche","7":"product_cat-vignerons-koppitsch","8":"product_cat-bouteilles-vins-roses","9":"product_cat-vins-roses-autriche","12":"first","13":"instock","14":"shipping-taxable","15":"purchasable","16":"product-type-simple"},"_links":{"self":[{"href":"https:\/\/lerousseaugrenoble.fr\/boutique\/wp-json\/wp\/v2\/product\/283","targetHints":{"allow":["GET"]}}],"collection":[{"href":"https:\/\/lerousseaugrenoble.fr\/boutique\/wp-json\/wp\/v2\/product"}],"about":[{"href":"https:\/\/lerousseaugrenoble.fr\/boutique\/wp-json\/wp\/v2\/types\/product"}],"replies":[{"embeddable":true,"href":"https:\/\/lerousseaugrenoble.fr\/boutique\/wp-json\/wp\/v2\/comments?post=283"}],"version-history":[{"count":1,"href":"https:\/\/lerousseaugrenoble.fr\/boutique\/wp-json\/wp\/v2\/product\/283\/revisions"}],"predecessor-version":[{"id":25277,"href":"https:\/\/lerousseaugrenoble.fr\/boutique\/wp-json\/wp\/v2\/product\/283\/revisions\/25277"}],"wp:featuredmedia":[{"embeddable":true,"href":"https:\/\/lerousseaugrenoble.fr\/boutique\/wp-json\/wp\/v2\/media\/603"}],"wp:attachment":[{"href":"https:\/\/lerousseaugrenoble.fr\/boutique\/wp-json\/wp\/v2\/media?parent=283"}],"wp:term":[{"taxonomy":"product_brand","embeddable":true,"href":"https:\/\/lerousseaugrenoble.fr\/boutique\/wp-json\/wp\/v2\/product_brand?post=283"},{"taxonomy":"product_cat","embeddable":true,"href":"https:\/\/lerousseaugrenoble.fr\/boutique\/wp-json\/wp\/v2\/product_cat?post=283"},{"taxonomy":"product_tag","embeddable":true,"href":"https:\/\/lerousseaugrenoble.fr\/boutique\/wp-json\/wp\/v2\/product_tag?post=283"}],"curies":[{"name":"wp","href":"https:\/\/api.w.org\/{rel}","templated":true}]}}