{"id":282,"date":"2025-02-25T13:15:10","date_gmt":"2025-02-25T12:15:10","guid":{"rendered":"https:\/\/lerousseaugrenoble.fr\/boutique\/?post_type=product&#038;p=282"},"modified":"2025-05-09T13:27:02","modified_gmt":"2025-05-09T11:27:02","slug":"marie-cecile-chateau-le-puy-2019","status":"publish","type":"product","link":"https:\/\/lerousseaugrenoble.fr\/boutique\/produit\/marie-cecile-chateau-le-puy-2019\/","title":{"rendered":"Marie C\u00e9cile Chateau Le Puy 2019"},"content":{"rendered":"<div class=\"flex max-w-full flex-col flex-grow\">\n<div class=\"min-h-8 text-message relative flex w-full flex-col items-end gap-2 whitespace-normal break-words text-start [.text-message+&amp;]:mt-5\" dir=\"auto\" data-message-author-role=\"assistant\" data-message-id=\"8d12542b-f35c-4216-911f-1e78d4dcffc2\" data-message-model-slug=\"gpt-4o\">\n<div class=\"flex w-full flex-col gap-1 empty:hidden first:pt-[3px]\">\n<div class=\"markdown prose w-full break-words dark:prose-invert dark\">\n<h3 data-start=\"0\" data-end=\"49\"><strong data-start=\"4\" data-end=\"47\">Marie C\u00e9cile 2019 \u2013 Ch\u00e2teau Le Puy \ud83d\udccd\ud83c\udf47<\/strong><\/h3>\n<p data-start=\"51\" data-end=\"350\">Le <strong data-start=\"54\" data-end=\"75\">Marie C\u00e9cile 2019<\/strong> du <strong data-start=\"79\" data-end=\"97\">Ch\u00e2teau Le Puy<\/strong> est un blanc raffin\u00e9 et \u00e9l\u00e9gant, issu d\u2019une vinification naturelle respectueuse du terroir. Ce <strong data-start=\"193\" data-end=\"211\">mill\u00e9sime 2019<\/strong> d\u00e9voile une belle complexit\u00e9 aromatique, entre <strong data-start=\"259\" data-end=\"312\">fruits \u00e0 chair blanche, agrumes et notes florales<\/strong>, avec une bouche ample et min\u00e9rale.<\/p>\n<hr data-start=\"352\" data-end=\"357\" \/>\n<h3 data-start=\"359\" data-end=\"392\"><strong data-start=\"363\" data-end=\"390\">Caract\u00e9ristiques du Vin<\/strong><\/h3>\n<p data-start=\"394\" data-end=\"553\">\ud83d\udcc5 <strong data-start=\"397\" data-end=\"410\">Mill\u00e9sime<\/strong> : 2019<br data-start=\"417\" data-end=\"420\" \/>\ud83d\udccd <strong data-start=\"423\" data-end=\"433\">R\u00e9gion<\/strong> : <strong data-start=\"436\" data-end=\"448\">Bordeaux<\/strong><br data-start=\"448\" data-end=\"451\" \/>\ud83c\udf47 <strong data-start=\"454\" data-end=\"464\">C\u00e9page<\/strong> : <strong data-start=\"467\" data-end=\"485\">100 % S\u00e9millon<\/strong><br data-start=\"485\" data-end=\"488\" \/>\ud83c\udf7e <strong data-start=\"491\" data-end=\"501\">Format<\/strong> : <strong data-start=\"504\" data-end=\"513\" data-is-only-node=\"\">75 cl<\/strong><br data-start=\"513\" data-end=\"516\" \/>% <strong data-start=\"518\" data-end=\"535\">Taux d\u2019alcool<\/strong> : <strong data-start=\"538\" data-end=\"551\">13 % vol.<\/strong><\/p>\n<hr data-start=\"555\" data-end=\"560\" \/>\n<h3 data-start=\"562\" data-end=\"583\"><strong data-start=\"566\" data-end=\"581\">D\u00e9gustation<\/strong><\/h3>\n<p data-start=\"585\" data-end=\"874\">\ud83d\udc43 <strong data-start=\"588\" data-end=\"595\">Nez<\/strong> : Expressif et subtil, sur des notes de <strong data-start=\"636\" data-end=\"687\">p\u00eache blanche, citron confit et fleurs d\u2019acacia<\/strong>, avec une touche l\u00e9g\u00e8rement miell\u00e9e.<br data-start=\"724\" data-end=\"727\" \/>\ud83d\udc44 <strong data-start=\"730\" data-end=\"740\">Bouche<\/strong> : Belle tension min\u00e9rale, avec une texture soyeuse et une finale persistante aux accents de <strong data-start=\"833\" data-end=\"871\">fruits m\u00fbrs et de noisette grill\u00e9e<\/strong>.<\/p>\n<hr data-start=\"876\" data-end=\"881\" \/>\n<h3 data-start=\"883\" data-end=\"929\"><strong data-start=\"887\" data-end=\"927\">Un Blanc d\u2019Exception, Pur et \u00c9l\u00e9gant<\/strong><\/h3>\n<p data-start=\"931\" data-end=\"1165\" data-is-last-node=\"\" data-is-only-node=\"\">Issu d\u2019une approche biodynamique et sans artifices, <strong data-start=\"983\" data-end=\"1004\">Marie C\u00e9cile 2019<\/strong> refl\u00e8te toute la finesse et l\u2019\u00e9quilibre du terroir du <strong data-start=\"1059\" data-end=\"1077\">Ch\u00e2teau Le Puy<\/strong>. Un vin blanc de caract\u00e8re, parfait pour les amateurs de vins naturels et vibrants. \ud83c\udf77\u2728<\/p>\n<\/div>\n<\/div>\n<\/div>\n<\/div>\n","protected":false},"excerpt":{"rendered":"<div class=\"flex max-w-full flex-col flex-grow\">\n<div class=\"min-h-8 text-message relative flex w-full flex-col items-end gap-2 whitespace-normal break-words text-start [.text-message+&amp;]:mt-5\" dir=\"auto\" data-message-author-role=\"assistant\" data-message-id=\"6774a211-3e45-4c61-8c42-aed95d5eef5c\" data-message-model-slug=\"gpt-4o\">\n<div class=\"flex w-full flex-col gap-1 empty:hidden first:pt-[3px]\">\n<div class=\"markdown prose w-full break-words dark:prose-invert dark\">\n<h3 data-start=\"0\" data-end=\"49\"><strong data-start=\"4\" data-end=\"47\">Marie C\u00e9cile 2019 \u2013 Ch\u00e2teau Le Puy \ud83d\udccd\ud83c\udf47<\/strong><\/h3>\n<p data-start=\"51\" data-end=\"275\">Un blanc raffin\u00e9 et pur du <strong data-start=\"78\" data-end=\"96\">Ch\u00e2teau Le Puy<\/strong>, issu de <strong data-start=\"106\" data-end=\"124\">100 % S\u00e9millon<\/strong>. Ce <strong data-start=\"129\" data-end=\"147\">mill\u00e9sime 2019<\/strong> s\u00e9duit par ses ar\u00f4mes de <strong data-start=\"173\" data-end=\"218\">fruits blancs, agrumes et fleurs d\u2019acacia<\/strong>, avec une bouche <strong data-start=\"236\" data-end=\"272\">min\u00e9rale, soyeuse et persistante<\/strong>.<\/p>\n<p data-start=\"277\" data-end=\"430\">\ud83d\udcc5 <strong data-start=\"280\" data-end=\"293\">Mill\u00e9sime<\/strong> : 2019<br data-start=\"300\" data-end=\"303\" \/>\ud83d\udccd <strong data-start=\"306\" data-end=\"316\" data-is-only-node=\"\">R\u00e9gion<\/strong> : <strong data-start=\"319\" data-end=\"331\">Bordeaux<\/strong><br data-start=\"331\" data-end=\"334\" \/>\ud83c\udf47 <strong data-start=\"337\" data-end=\"347\">C\u00e9page<\/strong> : <strong data-start=\"350\" data-end=\"362\">S\u00e9millon<\/strong><br data-start=\"362\" data-end=\"365\" \/>\ud83c\udf7e <strong data-start=\"368\" data-end=\"378\">Format<\/strong> : <strong data-start=\"381\" data-end=\"390\">75 cl<\/strong><br data-start=\"390\" data-end=\"393\" \/>% <strong data-start=\"395\" data-end=\"412\">Taux d\u2019alcool<\/strong> : <strong data-start=\"415\" data-end=\"428\">13 % vol.<\/strong><\/p>\n<p data-start=\"432\" data-end=\"514\" data-is-last-node=\"\" data-is-only-node=\"\">Un blanc naturel <strong data-start=\"449\" data-end=\"471\">\u00e9l\u00e9gant et vibrant<\/strong>, signature du savoir-faire du domaine. \u2728\ud83c\udf77<\/p>\n<\/div>\n<\/div>\n<\/div>\n<\/div>\n","protected":false},"featured_media":25192,"comment_status":"open","ping_status":"closed","template":"","meta":[],"product_brand":[],"product_cat":[157,158,27,292],"product_tag":[],"class_list":{"0":"post-282","1":"product","2":"type-product","3":"status-publish","4":"has-post-thumbnail","6":"product_cat-bordeaux","7":"product_cat-vignerons-chateau-le-puy","8":"product_cat-bouteilles-vins-roses","9":"product_cat-vins-roses-bordeaux","12":"first","13":"instock","14":"shipping-taxable","15":"purchasable","16":"product-type-simple"},"_links":{"self":[{"href":"https:\/\/lerousseaugrenoble.fr\/boutique\/wp-json\/wp\/v2\/product\/282","targetHints":{"allow":["GET"]}}],"collection":[{"href":"https:\/\/lerousseaugrenoble.fr\/boutique\/wp-json\/wp\/v2\/product"}],"about":[{"href":"https:\/\/lerousseaugrenoble.fr\/boutique\/wp-json\/wp\/v2\/types\/product"}],"replies":[{"embeddable":true,"href":"https:\/\/lerousseaugrenoble.fr\/boutique\/wp-json\/wp\/v2\/comments?post=282"}],"version-history":[{"count":2,"href":"https:\/\/lerousseaugrenoble.fr\/boutique\/wp-json\/wp\/v2\/product\/282\/revisions"}],"predecessor-version":[{"id":25196,"href":"https:\/\/lerousseaugrenoble.fr\/boutique\/wp-json\/wp\/v2\/product\/282\/revisions\/25196"}],"wp:featuredmedia":[{"embeddable":true,"href":"https:\/\/lerousseaugrenoble.fr\/boutique\/wp-json\/wp\/v2\/media\/25192"}],"wp:attachment":[{"href":"https:\/\/lerousseaugrenoble.fr\/boutique\/wp-json\/wp\/v2\/media?parent=282"}],"wp:term":[{"taxonomy":"product_brand","embeddable":true,"href":"https:\/\/lerousseaugrenoble.fr\/boutique\/wp-json\/wp\/v2\/product_brand?post=282"},{"taxonomy":"product_cat","embeddable":true,"href":"https:\/\/lerousseaugrenoble.fr\/boutique\/wp-json\/wp\/v2\/product_cat?post=282"},{"taxonomy":"product_tag","embeddable":true,"href":"https:\/\/lerousseaugrenoble.fr\/boutique\/wp-json\/wp\/v2\/product_tag?post=282"}],"curies":[{"name":"wp","href":"https:\/\/api.w.org\/{rel}","templated":true}]}}