{"id":277,"date":"2025-02-25T13:05:16","date_gmt":"2025-02-25T12:05:16","guid":{"rendered":"https:\/\/lerousseaugrenoble.fr\/boutique\/?post_type=product&#038;p=277"},"modified":"2025-05-09T13:33:39","modified_gmt":"2025-05-09T11:33:39","slug":"sons-cartoixa-sinus-2016","status":"publish","type":"product","link":"https:\/\/lerousseaugrenoble.fr\/boutique\/produit\/sons-cartoixa-sinus-2016\/","title":{"rendered":"Sons Cartoixa Sinus 2016"},"content":{"rendered":"<div class=\"flex max-w-full flex-col flex-grow\">\n<div class=\"min-h-8 text-message relative flex w-full flex-col items-end gap-2 whitespace-normal break-words text-start [.text-message+&amp;]:mt-5\" dir=\"auto\" data-message-author-role=\"assistant\" data-message-id=\"998128c9-1ea7-4a61-8fd2-75585e37884d\" data-message-model-slug=\"gpt-4o\">\n<div class=\"flex w-full flex-col gap-1 empty:hidden first:pt-[3px]\">\n<div class=\"markdown prose w-full break-words dark:prose-invert dark\">\n<h3 data-start=\"0\" data-end=\"39\"><strong data-start=\"4\" data-end=\"37\">Sons Cartoixa Sinus 2016 \ud83d\udccd\ud83c\udf47<\/strong><\/h3>\n<p data-start=\"41\" data-end=\"386\">Le <strong data-start=\"44\" data-end=\"72\">Sons Cartoixa Sinus 2016<\/strong> est un blanc catalan raffin\u00e9, issu du c\u00e9page <strong data-start=\"118\" data-end=\"130\">Xarel\u00b7lo<\/strong>, cultiv\u00e9 avec soin dans la r\u00e9gion ensoleill\u00e9e de <strong data-start=\"180\" data-end=\"193\">Catalogne<\/strong>. Ce vin exprime \u00e0 merveille le <strong data-start=\"225\" data-end=\"250\">terroir m\u00e9diterran\u00e9en<\/strong>, avec une belle tension min\u00e9rale et une structure profonde, offrant un parfait \u00e9quilibre entre <strong data-start=\"346\" data-end=\"383\">fra\u00eecheur, complexit\u00e9 et \u00e9l\u00e9gance<\/strong>.<\/p>\n<hr data-start=\"388\" data-end=\"393\" \/>\n<h3 data-start=\"395\" data-end=\"428\"><strong data-start=\"399\" data-end=\"426\">Caract\u00e9ristiques du Vin<\/strong><\/h3>\n<p data-start=\"430\" data-end=\"619\">\ud83d\udcc5 <strong data-start=\"433\" data-end=\"446\">Mill\u00e9sime<\/strong> : 2016, \u00e9quilibr\u00e9 et structur\u00e9<br data-start=\"477\" data-end=\"480\" \/>\ud83d\udccd <strong data-start=\"483\" data-end=\"493\">R\u00e9gion<\/strong> : <strong data-start=\"496\" data-end=\"518\">Catalogne, Espagne<\/strong><br data-start=\"518\" data-end=\"521\" \/>\ud83c\udf47 <strong data-start=\"524\" data-end=\"534\">C\u00e9page<\/strong> : <strong data-start=\"537\" data-end=\"549\">Xarel\u00b7lo<\/strong><br data-start=\"549\" data-end=\"552\" \/>\ud83c\udf7e <strong data-start=\"555\" data-end=\"565\">Format<\/strong> : <strong data-start=\"568\" data-end=\"577\">75 cl<\/strong><br data-start=\"577\" data-end=\"580\" \/>% <strong data-start=\"582\" data-end=\"599\">Taux d\u2019alcool<\/strong> : <strong data-start=\"602\" data-end=\"617\">12,5 % vol.<\/strong><\/p>\n<hr data-start=\"621\" data-end=\"626\" \/>\n<h3 data-start=\"628\" data-end=\"649\"><strong data-start=\"632\" data-end=\"647\">D\u00e9gustation<\/strong><\/h3>\n<p data-start=\"651\" data-end=\"817\">\ud83d\udc43 <strong data-start=\"654\" data-end=\"661\">Nez<\/strong> : Un bouquet <strong data-start=\"675\" data-end=\"696\">subtil et \u00e9l\u00e9gant<\/strong>, d\u00e9voilant des ar\u00f4mes de <strong data-start=\"722\" data-end=\"814\">fruits blancs (pomme, poire), d\u2019amandes grill\u00e9es, de fleurs blanches et une touche iod\u00e9e<\/strong>.<\/p>\n<p data-start=\"819\" data-end=\"1077\">\ud83d\udc44 <strong data-start=\"822\" data-end=\"832\">Bouche<\/strong> : Ample et cristalline, avec une acidit\u00e9 vibrante et une <strong data-start=\"890\" data-end=\"912\">min\u00e9ralit\u00e9 marqu\u00e9e<\/strong>. L\u2019attaque est fra\u00eeche, puis \u00e9volue vers une <strong data-start=\"958\" data-end=\"975\">belle rondeur<\/strong>, avec des notes salines et une longue finale sur des touches de <strong data-start=\"1040\" data-end=\"1074\">fruits secs et agrumes confits<\/strong>.<\/p>\n<hr data-start=\"1079\" data-end=\"1084\" \/>\n<h3 data-start=\"1086\" data-end=\"1117\"><strong data-start=\"1090\" data-end=\"1115\">Un Blanc de Caract\u00e8re<\/strong><\/h3>\n<p data-start=\"1119\" data-end=\"1436\" data-is-last-node=\"\" data-is-only-node=\"\">Ce <strong data-start=\"1122\" data-end=\"1150\">Sons Cartoixa Sinus 2016<\/strong> est un vin d\u2019exception, r\u00e9v\u00e9lant toute la complexit\u00e9 du <strong data-start=\"1207\" data-end=\"1219\">Xarel\u00b7lo<\/strong> et la richesse de son terroir. Parfait pour les amateurs de <strong data-start=\"1280\" data-end=\"1317\">blancs min\u00e9raux et gastronomiques<\/strong>, il accompagnera \u00e0 merveille des plats d\u00e9licats ou pourra se d\u00e9guster seul pour profiter pleinement de sa finesse. \ud83c\udf77\u2728<\/p>\n<\/div>\n<\/div>\n<\/div>\n<\/div>\n","protected":false},"excerpt":{"rendered":"<div class=\"flex max-w-full flex-col flex-grow\">\n<div class=\"min-h-8 text-message relative flex w-full flex-col items-end gap-2 whitespace-normal break-words text-start [.text-message+&amp;]:mt-5\" dir=\"auto\" data-message-author-role=\"assistant\" data-message-id=\"b05bc9bc-48be-4dca-aa83-147d65d29d86\" data-message-model-slug=\"gpt-4o\">\n<div class=\"flex w-full flex-col gap-1 empty:hidden first:pt-[3px]\">\n<div class=\"markdown prose w-full break-words dark:prose-invert dark\">\n<h3 data-start=\"0\" data-end=\"39\"><strong data-start=\"4\" data-end=\"37\">Sons Cartoixa Sinus 2016 \ud83d\udccd\ud83c\udf47<\/strong><\/h3>\n<p data-start=\"41\" data-end=\"267\">Un blanc catalan d\u2019exception, issu du <strong data-start=\"79\" data-end=\"98\">c\u00e9page Xarel\u00b7lo<\/strong> et vinifi\u00e9 avec pr\u00e9cision pour exprimer toute la richesse du terroir. Ce <strong data-start=\"172\" data-end=\"190\">mill\u00e9sime 2016<\/strong> r\u00e9v\u00e8le un vin profond, structur\u00e9 et marqu\u00e9 par une belle tension min\u00e9rale.<\/p>\n<p data-start=\"269\" data-end=\"434\">\ud83d\udcc5 <strong data-start=\"272\" data-end=\"285\">Mill\u00e9sime<\/strong> : 2016<br data-start=\"292\" data-end=\"295\" \/>\ud83d\udccd <strong data-start=\"298\" data-end=\"308\">R\u00e9gion<\/strong> : <strong data-start=\"311\" data-end=\"333\" data-is-only-node=\"\">Catalogne, Espagne<\/strong><br data-start=\"333\" data-end=\"336\" \/>\ud83c\udf47 <strong data-start=\"339\" data-end=\"349\">C\u00e9page<\/strong> : <strong data-start=\"352\" data-end=\"364\">Xarel\u00b7lo<\/strong><br data-start=\"364\" data-end=\"367\" \/>\ud83c\udf7e <strong data-start=\"370\" data-end=\"380\">Format<\/strong> : <strong data-start=\"383\" data-end=\"392\">75 cl<\/strong><br data-start=\"392\" data-end=\"395\" \/>% <strong data-start=\"397\" data-end=\"414\">Taux d\u2019alcool<\/strong> : <strong data-start=\"417\" data-end=\"432\">12,5 % vol.<\/strong><\/p>\n<p data-start=\"436\" data-end=\"631\">\ud83d\udc43 <strong data-start=\"439\" data-end=\"446\">Nez<\/strong> : \u00c9l\u00e9gant et complexe, avec des ar\u00f4mes de <strong data-start=\"489\" data-end=\"540\">fruits blancs, amandes grill\u00e9es et notes iod\u00e9es<\/strong>.<br data-start=\"541\" data-end=\"544\" \/>\ud83d\udc44 <strong data-start=\"547\" data-end=\"557\" data-is-only-node=\"\">Bouche<\/strong> : <strong data-start=\"560\" data-end=\"583\">\u00c9quilibr\u00e9e et ample<\/strong>, avec une belle acidit\u00e9 et une finale saline.<\/p>\n<p data-start=\"633\" data-end=\"719\" data-is-last-node=\"\" data-is-only-node=\"\">Un blanc de caract\u00e8re, parfait pour les amateurs de vins vibrants et authentiques. \ud83c\udf77\u2728<\/p>\n<\/div>\n<\/div>\n<\/div>\n<\/div>\n","protected":false},"featured_media":25217,"comment_status":"open","ping_status":"closed","template":"","meta":[],"product_brand":[],"product_cat":[122,123,26,285],"product_tag":[],"class_list":{"0":"post-277","1":"product","2":"type-product","3":"status-publish","4":"has-post-thumbnail","6":"product_cat-espagne","7":"product_cat-vignerons-sicus","8":"product_cat-bouteilles-vins-blancs","9":"product_cat-vins-blancs-espagne","12":"first","13":"instock","14":"shipping-taxable","15":"purchasable","16":"product-type-simple"},"_links":{"self":[{"href":"https:\/\/lerousseaugrenoble.fr\/boutique\/wp-json\/wp\/v2\/product\/277","targetHints":{"allow":["GET"]}}],"collection":[{"href":"https:\/\/lerousseaugrenoble.fr\/boutique\/wp-json\/wp\/v2\/product"}],"about":[{"href":"https:\/\/lerousseaugrenoble.fr\/boutique\/wp-json\/wp\/v2\/types\/product"}],"replies":[{"embeddable":true,"href":"https:\/\/lerousseaugrenoble.fr\/boutique\/wp-json\/wp\/v2\/comments?post=277"}],"version-history":[{"count":1,"href":"https:\/\/lerousseaugrenoble.fr\/boutique\/wp-json\/wp\/v2\/product\/277\/revisions"}],"predecessor-version":[{"id":25220,"href":"https:\/\/lerousseaugrenoble.fr\/boutique\/wp-json\/wp\/v2\/product\/277\/revisions\/25220"}],"wp:featuredmedia":[{"embeddable":true,"href":"https:\/\/lerousseaugrenoble.fr\/boutique\/wp-json\/wp\/v2\/media\/25217"}],"wp:attachment":[{"href":"https:\/\/lerousseaugrenoble.fr\/boutique\/wp-json\/wp\/v2\/media?parent=277"}],"wp:term":[{"taxonomy":"product_brand","embeddable":true,"href":"https:\/\/lerousseaugrenoble.fr\/boutique\/wp-json\/wp\/v2\/product_brand?post=277"},{"taxonomy":"product_cat","embeddable":true,"href":"https:\/\/lerousseaugrenoble.fr\/boutique\/wp-json\/wp\/v2\/product_cat?post=277"},{"taxonomy":"product_tag","embeddable":true,"href":"https:\/\/lerousseaugrenoble.fr\/boutique\/wp-json\/wp\/v2\/product_tag?post=277"}],"curies":[{"name":"wp","href":"https:\/\/api.w.org\/{rel}","templated":true}]}}