{"id":275,"date":"2025-02-25T13:01:09","date_gmt":"2025-02-25T12:01:09","guid":{"rendered":"https:\/\/lerousseaugrenoble.fr\/boutique\/?post_type=product&#038;p=275"},"modified":"2025-05-09T13:35:15","modified_gmt":"2025-05-09T11:35:15","slug":"roussette-thierry-tissot-2019","status":"publish","type":"product","link":"https:\/\/lerousseaugrenoble.fr\/boutique\/produit\/roussette-thierry-tissot-2019\/","title":{"rendered":"Roussette Thierry Tissot 2019"},"content":{"rendered":"<div class=\"flex max-w-full flex-col flex-grow\">\n<div class=\"min-h-8 text-message relative flex w-full flex-col items-end gap-2 whitespace-normal break-words text-start [.text-message+&amp;]:mt-5\" dir=\"auto\" data-message-author-role=\"assistant\" data-message-id=\"1dcab708-961d-4f13-9683-a63054181f6a\" data-message-model-slug=\"gpt-4o\">\n<div class=\"flex w-full flex-col gap-1 empty:hidden first:pt-[3px]\">\n<div class=\"markdown prose w-full break-words dark:prose-invert dark\">\n<h3 data-start=\"0\" data-end=\"56\"><strong data-start=\"4\" data-end=\"54\">Roussette de Savoie 2019 \u2013 Thierry Tissot \ud83d\udccd\ud83c\udf47<\/strong><\/h3>\n<p data-start=\"58\" data-end=\"419\">La <strong data-start=\"61\" data-end=\"89\">Roussette de Savoie 2019<\/strong> de <strong data-start=\"93\" data-end=\"111\">Thierry Tissot<\/strong> est une cuv\u00e9e d&#8217;exception, mettant en valeur le <strong data-start=\"160\" data-end=\"178\">c\u00e9page Altesse<\/strong>, embl\u00e9matique des grands blancs savoyards. Cultiv\u00e9 sur les coteaux de <strong data-start=\"249\" data-end=\"263\">Montagnieu<\/strong>, ce vin exprime avec \u00e9l\u00e9gance toute la richesse du terroir \u00e0 travers une belle <strong data-start=\"343\" data-end=\"416\">fra\u00eecheur, une min\u00e9ralit\u00e9 marqu\u00e9e et une profondeur aromatique unique<\/strong>.<\/p>\n<hr data-start=\"421\" data-end=\"426\" \/>\n<h3 data-start=\"428\" data-end=\"461\"><strong data-start=\"432\" data-end=\"459\">Caract\u00e9ristiques du Vin<\/strong><\/h3>\n<p data-start=\"463\" data-end=\"652\">\ud83d\udcc5 <strong data-start=\"466\" data-end=\"479\">Mill\u00e9sime<\/strong> : 2019, structur\u00e9 et expressif<br data-start=\"510\" data-end=\"513\" \/>\ud83d\udccd <strong data-start=\"516\" data-end=\"526\">R\u00e9gion<\/strong> : <strong data-start=\"529\" data-end=\"552\">Savoie \u2013 Montagnieu<\/strong><br data-start=\"552\" data-end=\"555\" \/>\ud83c\udf47 <strong data-start=\"558\" data-end=\"568\">C\u00e9page<\/strong> : <strong data-start=\"571\" data-end=\"582\">Altesse<\/strong><br data-start=\"582\" data-end=\"585\" \/>\ud83c\udf7e <strong data-start=\"588\" data-end=\"598\">Format<\/strong> : <strong data-start=\"601\" data-end=\"610\">75 cl<\/strong><br data-start=\"610\" data-end=\"613\" \/>% <strong data-start=\"615\" data-end=\"632\">Taux d\u2019alcool<\/strong> : <strong data-start=\"635\" data-end=\"650\">12,5 % vol.<\/strong><\/p>\n<hr data-start=\"654\" data-end=\"659\" \/>\n<h3 data-start=\"661\" data-end=\"682\"><strong data-start=\"665\" data-end=\"680\">D\u00e9gustation<\/strong><\/h3>\n<p data-start=\"684\" data-end=\"837\">\ud83d\udc43 <strong data-start=\"687\" data-end=\"694\">Nez<\/strong> : Complexe et d\u00e9licat, m\u00ealant des ar\u00f4mes de <strong data-start=\"739\" data-end=\"780\">poire, p\u00eache blanche, agrumes confits<\/strong>, ainsi que de subtiles notes <strong data-start=\"810\" data-end=\"834\">florales et miell\u00e9es<\/strong>.<\/p>\n<p data-start=\"839\" data-end=\"1039\">\ud83d\udc44 <strong data-start=\"842\" data-end=\"852\">Bouche<\/strong> : <strong data-start=\"855\" data-end=\"880\">\u00c9quilibr\u00e9e et soyeuse<\/strong>, offrant une belle tension min\u00e9rale. L\u2019attaque est vive, suivie d\u2019une texture ample et d\u2019une finale persistante sur des notes l\u00e9g\u00e8rement miell\u00e9es et iod\u00e9es.<\/p>\n<hr data-start=\"1041\" data-end=\"1046\" \/>\n<h3 data-start=\"1048\" data-end=\"1082\"><strong data-start=\"1052\" data-end=\"1080\">Un Grand Blanc de Savoie<\/strong><\/h3>\n<p data-start=\"1084\" data-end=\"1338\" data-is-last-node=\"\" data-is-only-node=\"\">Cette <strong data-start=\"1090\" data-end=\"1118\">Roussette de Savoie 2019<\/strong> allie \u00e0 la perfection <strong data-start=\"1141\" data-end=\"1178\">fra\u00eecheur, \u00e9l\u00e9gance et complexit\u00e9<\/strong>, offrant un superbe potentiel de garde. Un vin id\u00e9al pour les amateurs de blancs rac\u00e9s, parfait aussi bien \u00e0 l\u2019ap\u00e9ritif que pour accompagner des mets fins. \ud83c\udf77\u2728<\/p>\n<\/div>\n<\/div>\n<\/div>\n<\/div>\n","protected":false},"excerpt":{"rendered":"<h3 data-start=\"0\" data-end=\"56\"><strong data-start=\"4\" data-end=\"54\">Roussette de Savoie 2019 \u2013 Thierry Tissot \ud83d\udccd\ud83c\udf47<\/strong><\/h3>\n<p data-start=\"58\" data-end=\"284\">Un superbe blanc <strong data-start=\"75\" data-end=\"101\">issu du c\u00e9page Altesse<\/strong>, signature des grandes <strong data-start=\"125\" data-end=\"149\">Roussettes de Savoie<\/strong>. <strong data-start=\"151\" data-end=\"169\">Thierry Tissot<\/strong> magnifie ce terroir avec une cuv\u00e9e \u00e9l\u00e9gante, entre <strong data-start=\"221\" data-end=\"281\">fra\u00eecheur, richesse aromatique et belle tension min\u00e9rale<\/strong>.<\/p>\n<p data-start=\"286\" data-end=\"451\">\ud83d\udcc5 <strong data-start=\"289\" data-end=\"302\">Mill\u00e9sime<\/strong> : 2019<br data-start=\"309\" data-end=\"312\" \/>\ud83d\udccd <strong data-start=\"315\" data-end=\"325\">R\u00e9gion<\/strong> : <strong data-start=\"328\" data-end=\"351\" data-is-only-node=\"\">Savoie \u2013 Montagnieu<\/strong><br data-start=\"351\" data-end=\"354\" \/>\ud83c\udf47 <strong data-start=\"357\" data-end=\"367\">C\u00e9page<\/strong> : <strong data-start=\"370\" data-end=\"381\">Altesse<\/strong><br data-start=\"381\" data-end=\"384\" \/>\ud83c\udf7e <strong data-start=\"387\" data-end=\"397\">Format<\/strong> : <strong data-start=\"400\" data-end=\"409\">75 cl<\/strong><br data-start=\"409\" data-end=\"412\" \/>% <strong data-start=\"414\" data-end=\"431\">Taux d\u2019alcool<\/strong> : <strong data-start=\"434\" data-end=\"449\">12,5 % vol.<\/strong><\/p>\n<p data-start=\"453\" data-end=\"667\">\ud83d\udc43 <strong data-start=\"456\" data-end=\"463\">Nez<\/strong> : Ar\u00f4mes de <strong data-start=\"476\" data-end=\"545\">fruits \u00e0 chair blanche, agrumes, miel et notes florales d\u00e9licates<\/strong>.<br data-start=\"546\" data-end=\"549\" \/>\ud83d\udc44 <strong data-start=\"552\" data-end=\"562\" data-is-only-node=\"\">Bouche<\/strong> : <strong data-start=\"565\" data-end=\"588\">\u00c9quilibr\u00e9e et ample<\/strong>, avec une belle vivacit\u00e9 et une finale longue, saline et l\u00e9g\u00e8rement miell\u00e9e.<\/p>\n<p data-start=\"669\" data-end=\"795\" data-is-last-node=\"\" data-is-only-node=\"\">Un <strong data-start=\"672\" data-end=\"713\">blanc savoyard raffin\u00e9 et authentique<\/strong>, parfait pour accompagner des plats fins ou une belle cave de vieillissement. \ud83c\udf77\u2728<\/p>\n","protected":false},"featured_media":480,"comment_status":"open","ping_status":"closed","template":"","meta":[],"product_brand":[],"product_cat":[26,268],"product_tag":[],"class_list":{"0":"post-275","1":"product","2":"type-product","3":"status-publish","4":"has-post-thumbnail","6":"product_cat-bouteilles-vins-blancs","7":"product_cat-vins-blancs-savoie","10":"first","11":"instock","12":"shipping-taxable","13":"purchasable","14":"product-type-simple"},"_links":{"self":[{"href":"https:\/\/lerousseaugrenoble.fr\/boutique\/wp-json\/wp\/v2\/product\/275","targetHints":{"allow":["GET"]}}],"collection":[{"href":"https:\/\/lerousseaugrenoble.fr\/boutique\/wp-json\/wp\/v2\/product"}],"about":[{"href":"https:\/\/lerousseaugrenoble.fr\/boutique\/wp-json\/wp\/v2\/types\/product"}],"replies":[{"embeddable":true,"href":"https:\/\/lerousseaugrenoble.fr\/boutique\/wp-json\/wp\/v2\/comments?post=275"}],"version-history":[{"count":1,"href":"https:\/\/lerousseaugrenoble.fr\/boutique\/wp-json\/wp\/v2\/product\/275\/revisions"}],"predecessor-version":[{"id":25281,"href":"https:\/\/lerousseaugrenoble.fr\/boutique\/wp-json\/wp\/v2\/product\/275\/revisions\/25281"}],"wp:featuredmedia":[{"embeddable":true,"href":"https:\/\/lerousseaugrenoble.fr\/boutique\/wp-json\/wp\/v2\/media\/480"}],"wp:attachment":[{"href":"https:\/\/lerousseaugrenoble.fr\/boutique\/wp-json\/wp\/v2\/media?parent=275"}],"wp:term":[{"taxonomy":"product_brand","embeddable":true,"href":"https:\/\/lerousseaugrenoble.fr\/boutique\/wp-json\/wp\/v2\/product_brand?post=275"},{"taxonomy":"product_cat","embeddable":true,"href":"https:\/\/lerousseaugrenoble.fr\/boutique\/wp-json\/wp\/v2\/product_cat?post=275"},{"taxonomy":"product_tag","embeddable":true,"href":"https:\/\/lerousseaugrenoble.fr\/boutique\/wp-json\/wp\/v2\/product_tag?post=275"}],"curies":[{"name":"wp","href":"https:\/\/api.w.org\/{rel}","templated":true}]}}