{"id":274,"date":"2025-02-25T12:58:20","date_gmt":"2025-02-25T11:58:20","guid":{"rendered":"https:\/\/lerousseaugrenoble.fr\/boutique\/?post_type=product&#038;p=274"},"modified":"2025-05-09T13:36:21","modified_gmt":"2025-05-09T11:36:21","slug":"bourgogne-les-chenes-domaine-tripoz-2022","status":"publish","type":"product","link":"https:\/\/lerousseaugrenoble.fr\/boutique\/produit\/bourgogne-les-chenes-domaine-tripoz-2022\/","title":{"rendered":"Bourgogne Les Ch\u00eanes Domaine Tripoz 2022"},"content":{"rendered":"<div class=\"flex max-w-full flex-col flex-grow\">\n<div class=\"min-h-8 text-message relative flex w-full flex-col items-end gap-2 whitespace-normal break-words text-start [.text-message+&amp;]:mt-5\" dir=\"auto\" data-message-author-role=\"assistant\" data-message-id=\"2b52aaa0-1d16-44c4-b312-0f797fd87764\" data-message-model-slug=\"gpt-4o\">\n<div class=\"flex w-full flex-col gap-1 empty:hidden first:pt-[3px]\">\n<div class=\"markdown prose w-full break-words dark:prose-invert dark\">\n<h3 data-start=\"0\" data-end=\"57\"><strong data-start=\"4\" data-end=\"55\">Bourgogne Les Ch\u00eanes 2022 \u2013 Domaine Tripoz \ud83d\udccd\ud83c\udf47<\/strong><\/h3>\n<p data-start=\"59\" data-end=\"420\">Le <strong data-start=\"62\" data-end=\"91\">Bourgogne Les Ch\u00eanes 2022<\/strong> du <strong data-start=\"95\" data-end=\"113\">Domaine Tripoz<\/strong> est un <strong data-start=\"121\" data-end=\"158\">Chardonnay \u00e9l\u00e9gant et authentique<\/strong>, issu d\u2019une viticulture <strong data-start=\"183\" data-end=\"199\">biodynamique<\/strong> qui sublime le terroir bourguignon. Avec son \u00e9quilibre entre <strong data-start=\"261\" data-end=\"297\">fra\u00eecheur, rondeur et min\u00e9ralit\u00e9<\/strong>, cette cuv\u00e9e incarne parfaitement le style du domaine, privil\u00e9giant une vinification naturelle et peu interventionniste.<\/p>\n<hr data-start=\"422\" data-end=\"427\" \/>\n<h3 data-start=\"429\" data-end=\"462\"><strong data-start=\"433\" data-end=\"460\">Caract\u00e9ristiques du Vin<\/strong><\/h3>\n<p data-start=\"464\" data-end=\"643\">\ud83d\udcc5 <strong data-start=\"467\" data-end=\"480\">Mill\u00e9sime<\/strong> : 2022, pr\u00e9cis et lumineux.<br data-start=\"508\" data-end=\"511\" \/>\ud83d\udccd <strong data-start=\"514\" data-end=\"524\">R\u00e9gion<\/strong> : <strong data-start=\"527\" data-end=\"540\">Bourgogne<\/strong><br data-start=\"540\" data-end=\"543\" \/>\ud83c\udf47 <strong data-start=\"546\" data-end=\"556\">C\u00e9page<\/strong> : <strong data-start=\"559\" data-end=\"573\">Chardonnay<\/strong><br data-start=\"573\" data-end=\"576\" \/>\ud83c\udf7e <strong data-start=\"579\" data-end=\"589\">Format<\/strong> : <strong data-start=\"592\" data-end=\"601\">75 cl<\/strong><br data-start=\"601\" data-end=\"604\" \/>% <strong data-start=\"606\" data-end=\"623\">Taux d\u2019alcool<\/strong> : <strong data-start=\"626\" data-end=\"641\">12,5 % vol.<\/strong><\/p>\n<hr data-start=\"645\" data-end=\"650\" \/>\n<h3 data-start=\"652\" data-end=\"673\"><strong data-start=\"656\" data-end=\"671\">D\u00e9gustation<\/strong><\/h3>\n<p data-start=\"675\" data-end=\"821\">\ud83d\udc43 <strong data-start=\"678\" data-end=\"685\">Nez<\/strong> : Expressif et raffin\u00e9, avec des ar\u00f4mes de <strong data-start=\"729\" data-end=\"818\">fruits blancs (poire, pomme), agrumes, fleurs blanches et une touche beurr\u00e9e discr\u00e8te<\/strong>.<\/p>\n<p data-start=\"823\" data-end=\"975\">\ud83d\udc44 <strong data-start=\"826\" data-end=\"836\">Bouche<\/strong> : <strong data-start=\"839\" data-end=\"864\">\u00c9quilibr\u00e9e et fra\u00eeche<\/strong>, d\u00e9voilant une belle tension min\u00e9rale, une texture ample et une finale longue, saline et l\u00e9g\u00e8rement toast\u00e9e.<\/p>\n<hr data-start=\"977\" data-end=\"982\" \/>\n<h3 data-start=\"984\" data-end=\"1024\"><strong data-start=\"988\" data-end=\"1022\">Un Chardonnay Pur et Expressif<\/strong><\/h3>\n<p data-start=\"1026\" data-end=\"1314\" data-is-last-node=\"\" data-is-only-node=\"\">Avec son <strong data-start=\"1035\" data-end=\"1063\">profil min\u00e9ral et pr\u00e9cis<\/strong>, <strong data-start=\"1065\" data-end=\"1094\">Bourgogne Les Ch\u00eanes 2022<\/strong> refl\u00e8te tout le savoir-faire du <strong data-start=\"1127\" data-end=\"1145\">Domaine Tripoz<\/strong>. Ce vin blanc naturel s\u00e9duit par sa finesse et son caract\u00e8re vibrant, parfait pour accompagner une cuisine raffin\u00e9e ou simplement pour le plaisir de la d\u00e9gustation. \ud83c\udf77\u2728<\/p>\n<\/div>\n<\/div>\n<\/div>\n<\/div>\n","protected":false},"excerpt":{"rendered":"<h3 data-start=\"0\" data-end=\"57\"><strong data-start=\"4\" data-end=\"55\">Bourgogne Les Ch\u00eanes 2022 \u2013 Domaine Tripoz \ud83d\udccd\ud83c\udf47<\/strong><\/h3>\n<p data-start=\"59\" data-end=\"279\">Un <strong data-start=\"62\" data-end=\"102\">Bourgogne blanc raffin\u00e9 et expressif<\/strong>, o\u00f9 le <strong data-start=\"110\" data-end=\"124\">Chardonnay<\/strong> r\u00e9v\u00e8le toute la richesse du terroir. <strong data-start=\"162\" data-end=\"185\">\u00c9lev\u00e9 en biodynamie<\/strong>, ce vin d\u00e9voile une belle tension, une fra\u00eecheur \u00e9clatante et une grande puret\u00e9 aromatique.<\/p>\n<p data-start=\"281\" data-end=\"439\">\ud83d\udcc5 <strong data-start=\"284\" data-end=\"297\">Mill\u00e9sime<\/strong> : 2022<br data-start=\"304\" data-end=\"307\" \/>\ud83d\udccd <strong data-start=\"310\" data-end=\"320\">R\u00e9gion<\/strong> : <strong data-start=\"323\" data-end=\"336\" data-is-only-node=\"\">Bourgogne<\/strong><br data-start=\"336\" data-end=\"339\" \/>\ud83c\udf47 <strong data-start=\"342\" data-end=\"352\">C\u00e9page<\/strong> : <strong data-start=\"355\" data-end=\"369\">Chardonnay<\/strong><br data-start=\"369\" data-end=\"372\" \/>\ud83c\udf7e <strong data-start=\"375\" data-end=\"385\">Format<\/strong> : <strong data-start=\"388\" data-end=\"397\">75 cl<\/strong><br data-start=\"397\" data-end=\"400\" \/>% <strong data-start=\"402\" data-end=\"419\">Taux d\u2019alcool<\/strong> : <strong data-start=\"422\" data-end=\"437\">12,5 % vol.<\/strong><\/p>\n<p data-start=\"441\" data-end=\"634\">\ud83d\udc43 <strong data-start=\"444\" data-end=\"451\">Nez<\/strong> : Ar\u00f4mes de <strong data-start=\"464\" data-end=\"528\">fruits blancs, agrumes, fleurs et une touche beurr\u00e9e subtile<\/strong>.<br data-start=\"529\" data-end=\"532\" \/>\ud83d\udc44 <strong data-start=\"535\" data-end=\"545\" data-is-only-node=\"\">Bouche<\/strong> : <strong data-start=\"548\" data-end=\"574\">\u00c9quilibr\u00e9e et min\u00e9rale<\/strong>, avec une belle fra\u00eecheur et une finale longue et saline.<\/p>\n<p data-start=\"636\" data-end=\"731\" data-is-last-node=\"\" data-is-only-node=\"\">Un <strong data-start=\"639\" data-end=\"671\">Chardonnay pr\u00e9cis et \u00e9l\u00e9gant<\/strong>, parfait pour d\u00e9couvrir l\u2019excellence du Domaine Tripoz. \ud83c\udf77\u2728<\/p>\n","protected":false},"featured_media":611,"comment_status":"open","ping_status":"closed","template":"","meta":[],"product_brand":[],"product_cat":[195,200,26,273],"product_tag":[],"class_list":{"0":"post-274","1":"product","2":"type-product","3":"status-publish","4":"has-post-thumbnail","6":"product_cat-bourgogne","7":"product_cat-vignerons-tripoz","8":"product_cat-bouteilles-vins-blancs","9":"product_cat-vins-blancs-bourgogne","12":"first","13":"instock","14":"shipping-taxable","15":"purchasable","16":"product-type-simple"},"_links":{"self":[{"href":"https:\/\/lerousseaugrenoble.fr\/boutique\/wp-json\/wp\/v2\/product\/274","targetHints":{"allow":["GET"]}}],"collection":[{"href":"https:\/\/lerousseaugrenoble.fr\/boutique\/wp-json\/wp\/v2\/product"}],"about":[{"href":"https:\/\/lerousseaugrenoble.fr\/boutique\/wp-json\/wp\/v2\/types\/product"}],"replies":[{"embeddable":true,"href":"https:\/\/lerousseaugrenoble.fr\/boutique\/wp-json\/wp\/v2\/comments?post=274"}],"version-history":[{"count":2,"href":"https:\/\/lerousseaugrenoble.fr\/boutique\/wp-json\/wp\/v2\/product\/274\/revisions"}],"predecessor-version":[{"id":25282,"href":"https:\/\/lerousseaugrenoble.fr\/boutique\/wp-json\/wp\/v2\/product\/274\/revisions\/25282"}],"wp:featuredmedia":[{"embeddable":true,"href":"https:\/\/lerousseaugrenoble.fr\/boutique\/wp-json\/wp\/v2\/media\/611"}],"wp:attachment":[{"href":"https:\/\/lerousseaugrenoble.fr\/boutique\/wp-json\/wp\/v2\/media?parent=274"}],"wp:term":[{"taxonomy":"product_brand","embeddable":true,"href":"https:\/\/lerousseaugrenoble.fr\/boutique\/wp-json\/wp\/v2\/product_brand?post=274"},{"taxonomy":"product_cat","embeddable":true,"href":"https:\/\/lerousseaugrenoble.fr\/boutique\/wp-json\/wp\/v2\/product_cat?post=274"},{"taxonomy":"product_tag","embeddable":true,"href":"https:\/\/lerousseaugrenoble.fr\/boutique\/wp-json\/wp\/v2\/product_tag?post=274"}],"curies":[{"name":"wp","href":"https:\/\/api.w.org\/{rel}","templated":true}]}}