{"id":273,"date":"2025-02-25T12:55:59","date_gmt":"2025-02-25T11:55:59","guid":{"rendered":"https:\/\/lerousseaugrenoble.fr\/boutique\/?post_type=product&#038;p=273"},"modified":"2025-05-09T13:37:23","modified_gmt":"2025-05-09T11:37:23","slug":"chablis-lhumeur-du-temps-alice-olivier-de-moor-2022","status":"publish","type":"product","link":"https:\/\/lerousseaugrenoble.fr\/boutique\/produit\/chablis-lhumeur-du-temps-alice-olivier-de-moor-2022\/","title":{"rendered":"Chablis l\u2019humeur du Temps Alice &#038; Olivier De Moor 2022"},"content":{"rendered":"<div class=\"flex max-w-full flex-col flex-grow\">\n<div class=\"min-h-8 text-message relative flex w-full flex-col items-end gap-2 whitespace-normal break-words text-start [.text-message+&amp;]:mt-5\" dir=\"auto\" data-message-author-role=\"assistant\" data-message-id=\"56c0bd4c-f86b-4156-9b22-1b2dad4ac082\" data-message-model-slug=\"gpt-4o\">\n<div class=\"flex w-full flex-col gap-1 empty:hidden first:pt-[3px]\">\n<div class=\"markdown prose w-full break-words dark:prose-invert dark\">\n<h3 data-start=\"0\" data-end=\"71\"><strong data-start=\"4\" data-end=\"69\">Chablis L\u2019Humeur du Temps 2022 \u2013 Alice &amp; Olivier De Moor \ud83d\udccd\ud83c\udf47<\/strong><\/h3>\n<p data-start=\"73\" data-end=\"353\"><strong data-start=\"73\" data-end=\"99\">L\u2019Humeur du Temps 2022<\/strong> incarne la signature pure et vibrante d\u2019<strong data-start=\"140\" data-end=\"167\">Alice &amp; Olivier De Moor<\/strong>. Ce <strong data-start=\"172\" data-end=\"191\">Chablis naturel<\/strong> met en avant l\u2019expression authentique du terroir, avec une fra\u00eecheur cristalline et une superbe tension min\u00e9rale. Un blanc cisel\u00e9, parfait reflet du mill\u00e9sime.<\/p>\n<hr data-start=\"355\" data-end=\"360\" \/>\n<h3 data-start=\"362\" data-end=\"395\"><strong data-start=\"366\" data-end=\"393\">Caract\u00e9ristiques du Vin<\/strong><\/h3>\n<p data-start=\"397\" data-end=\"586\">\ud83d\udcc5 <strong data-start=\"400\" data-end=\"413\">Mill\u00e9sime<\/strong> : 2022, pr\u00e9cis et frais.<br data-start=\"438\" data-end=\"441\" \/>\ud83d\udccd <strong data-start=\"444\" data-end=\"454\">R\u00e9gion<\/strong> : <strong data-start=\"457\" data-end=\"480\">Bourgogne \u2013 Chablis<\/strong>.<br data-start=\"481\" data-end=\"484\" \/>\ud83c\udf47 <strong data-start=\"487\" data-end=\"497\">C\u00e9page<\/strong> : <strong data-start=\"500\" data-end=\"514\">Chardonnay<\/strong>.<br data-start=\"515\" data-end=\"518\" \/>\ud83c\udf7e <strong data-start=\"521\" data-end=\"531\">Format<\/strong> : <strong data-start=\"534\" data-end=\"543\" data-is-only-node=\"\">75 cl<\/strong>.<br data-start=\"544\" data-end=\"547\" \/>% <strong data-start=\"549\" data-end=\"566\">Taux d\u2019alcool<\/strong> : <strong data-start=\"569\" data-end=\"584\">12,5 % vol.<\/strong><\/p>\n<hr data-start=\"588\" data-end=\"593\" \/>\n<h3 data-start=\"595\" data-end=\"616\"><strong data-start=\"599\" data-end=\"614\">D\u00e9gustation<\/strong><\/h3>\n<p data-start=\"618\" data-end=\"739\">\ud83d\udc43 <strong data-start=\"621\" data-end=\"628\">Nez<\/strong> : Fin et expressif, avec des notes de <strong data-start=\"667\" data-end=\"736\">citron, pomme verte, fleurs blanches et une belle touche crayeuse<\/strong>.<\/p>\n<p data-start=\"741\" data-end=\"886\">\ud83d\udc44 <strong data-start=\"744\" data-end=\"754\">Bouche<\/strong> : <strong data-start=\"757\" data-end=\"777\">Tendue et saline<\/strong>, offrant une belle vivacit\u00e9, une texture ample et une finale longue marqu\u00e9e par une min\u00e9ralit\u00e9 tranchante.<\/p>\n<hr data-start=\"888\" data-end=\"893\" \/>\n<h3 data-start=\"895\" data-end=\"930\"><strong data-start=\"899\" data-end=\"928\">Un Chablis Pur et \u00c9l\u00e9gant<\/strong><\/h3>\n<p data-start=\"932\" data-end=\"1164\" data-is-last-node=\"\" data-is-only-node=\"\">Avec son <strong data-start=\"941\" data-end=\"992\">\u00e9quilibre parfait entre fra\u00eecheur et profondeur<\/strong>, <strong data-start=\"994\" data-end=\"1020\">L\u2019Humeur du Temps 2022<\/strong> s\u00e9duit par sa finesse et sa tension min\u00e9rale. Un <strong data-start=\"1070\" data-end=\"1104\">Chablis authentique et vibrant<\/strong>, id\u00e9al pour les amateurs de grands blancs bourguignons. \ud83c\udf77\u2728<\/p>\n<\/div>\n<\/div>\n<\/div>\n<\/div>\n","protected":false},"excerpt":{"rendered":"<h3 data-start=\"0\" data-end=\"71\"><strong data-start=\"4\" data-end=\"69\">Chablis L\u2019Humeur du Temps 2022 \u2013 Alice &amp; Olivier De Moor \ud83d\udccd\ud83c\udf47<\/strong><\/h3>\n<p data-start=\"73\" data-end=\"205\">Un <strong data-start=\"76\" data-end=\"102\">Chablis pur et vibrant<\/strong>, marqu\u00e9 par une <strong data-start=\"119\" data-end=\"162\">belle fra\u00eecheur et une tension min\u00e9rale<\/strong>. Un blanc naturel, pr\u00e9cis et cristallin.<\/p>\n<p data-start=\"207\" data-end=\"375\">\ud83d\udcc5 <strong data-start=\"210\" data-end=\"223\">Mill\u00e9sime<\/strong> : 2022<br data-start=\"230\" data-end=\"233\" \/>\ud83d\udccd <strong data-start=\"236\" data-end=\"246\">R\u00e9gion<\/strong> : <strong data-start=\"249\" data-end=\"272\" data-is-only-node=\"\">Bourgogne \u2013 Chablis<\/strong><br data-start=\"272\" data-end=\"275\" \/>\ud83c\udf47 <strong data-start=\"278\" data-end=\"288\">C\u00e9page<\/strong> : <strong data-start=\"291\" data-end=\"305\">Chardonnay<\/strong><br data-start=\"305\" data-end=\"308\" \/>\ud83c\udf7e <strong data-start=\"311\" data-end=\"321\">Format<\/strong> : <strong data-start=\"324\" data-end=\"333\">75 cl<\/strong><br data-start=\"333\" data-end=\"336\" \/>% <strong data-start=\"338\" data-end=\"355\">Taux d\u2019alcool<\/strong> : <strong data-start=\"358\" data-end=\"373\">12,5 % vol.<\/strong><\/p>\n<p data-start=\"377\" data-end=\"532\">\ud83d\udc43 <strong data-start=\"380\" data-end=\"387\">Nez<\/strong> : Agrumes, pomme verte, fleurs blanches et min\u00e9ralit\u00e9 crayeuse.<br data-start=\"451\" data-end=\"454\" \/>\ud83d\udc44 <strong data-start=\"457\" data-end=\"467\">Bouche<\/strong> : Vive et saline, avec une belle tension et une finale longue.<\/p>\n<p data-start=\"534\" data-end=\"627\" data-is-last-node=\"\" data-is-only-node=\"\">Un <strong data-start=\"537\" data-end=\"566\">Chablis \u00e9l\u00e9gant et cisel\u00e9<\/strong>, parfait pour les amateurs de blancs pr\u00e9cis et min\u00e9raux. \ud83c\udf77\u2728<\/p>\n","protected":false},"featured_media":613,"comment_status":"open","ping_status":"closed","template":"","meta":[],"product_brand":[],"product_cat":[195,197,26,273],"product_tag":[],"class_list":{"0":"post-273","1":"product","2":"type-product","3":"status-publish","4":"has-post-thumbnail","6":"product_cat-bourgogne","7":"product_cat-vignerons-de-moor","8":"product_cat-bouteilles-vins-blancs","9":"product_cat-vins-blancs-bourgogne","12":"first","13":"instock","14":"sold-individually","15":"shipping-taxable","16":"purchasable","17":"product-type-simple"},"_links":{"self":[{"href":"https:\/\/lerousseaugrenoble.fr\/boutique\/wp-json\/wp\/v2\/product\/273","targetHints":{"allow":["GET"]}}],"collection":[{"href":"https:\/\/lerousseaugrenoble.fr\/boutique\/wp-json\/wp\/v2\/product"}],"about":[{"href":"https:\/\/lerousseaugrenoble.fr\/boutique\/wp-json\/wp\/v2\/types\/product"}],"replies":[{"embeddable":true,"href":"https:\/\/lerousseaugrenoble.fr\/boutique\/wp-json\/wp\/v2\/comments?post=273"}],"version-history":[{"count":1,"href":"https:\/\/lerousseaugrenoble.fr\/boutique\/wp-json\/wp\/v2\/product\/273\/revisions"}],"predecessor-version":[{"id":25283,"href":"https:\/\/lerousseaugrenoble.fr\/boutique\/wp-json\/wp\/v2\/product\/273\/revisions\/25283"}],"wp:featuredmedia":[{"embeddable":true,"href":"https:\/\/lerousseaugrenoble.fr\/boutique\/wp-json\/wp\/v2\/media\/613"}],"wp:attachment":[{"href":"https:\/\/lerousseaugrenoble.fr\/boutique\/wp-json\/wp\/v2\/media?parent=273"}],"wp:term":[{"taxonomy":"product_brand","embeddable":true,"href":"https:\/\/lerousseaugrenoble.fr\/boutique\/wp-json\/wp\/v2\/product_brand?post=273"},{"taxonomy":"product_cat","embeddable":true,"href":"https:\/\/lerousseaugrenoble.fr\/boutique\/wp-json\/wp\/v2\/product_cat?post=273"},{"taxonomy":"product_tag","embeddable":true,"href":"https:\/\/lerousseaugrenoble.fr\/boutique\/wp-json\/wp\/v2\/product_tag?post=273"}],"curies":[{"name":"wp","href":"https:\/\/api.w.org\/{rel}","templated":true}]}}