{"id":272,"date":"2025-02-25T12:53:35","date_gmt":"2025-02-25T11:53:35","guid":{"rendered":"https:\/\/lerousseaugrenoble.fr\/boutique\/?post_type=product&#038;p=272"},"modified":"2025-05-09T13:38:05","modified_gmt":"2025-05-09T11:38:05","slug":"zenith-corentin-houillon-2022","status":"publish","type":"product","link":"https:\/\/lerousseaugrenoble.fr\/boutique\/produit\/zenith-corentin-houillon-2022\/","title":{"rendered":"Zenith Corentin Houillon 2022"},"content":{"rendered":"<div class=\"flex max-w-full flex-col flex-grow\">\n<div class=\"min-h-8 text-message relative flex w-full flex-col items-end gap-2 whitespace-normal break-words text-start [.text-message+&amp;]:mt-5\" dir=\"auto\" data-message-author-role=\"assistant\" data-message-id=\"cbdb25dd-e154-4957-9990-e9d79069d750\" data-message-model-slug=\"gpt-4o\">\n<div class=\"flex w-full flex-col gap-1 empty:hidden first:pt-[3px]\">\n<div class=\"markdown prose w-full break-words dark:prose-invert dark\">\n<h3 data-start=\"0\" data-end=\"46\"><strong data-start=\"4\" data-end=\"44\">Z\u00e9nith 2022 \u2013 Corentin Houillon \ud83d\udccd\ud83c\udf47<\/strong><\/h3>\n<p data-start=\"48\" data-end=\"335\">Avec <strong data-start=\"53\" data-end=\"68\">Z\u00e9nith 2022<\/strong>, <strong data-start=\"70\" data-end=\"91\">Corentin Houillon<\/strong> nous livre un blanc \u00e9clatant et pur, o\u00f9 la min\u00e9ralit\u00e9 et la tension sont au c\u0153ur de l\u2019expression du terroir savoyard. Ce vin naturel r\u00e9v\u00e8le une superbe <strong data-start=\"244\" data-end=\"281\">fra\u00eecheur et une grande pr\u00e9cision<\/strong>, tout en conservant une belle amplitude aromatique.<\/p>\n<hr data-start=\"337\" data-end=\"342\" \/>\n<h3 data-start=\"344\" data-end=\"377\"><strong data-start=\"348\" data-end=\"375\">Caract\u00e9ristiques du Vin<\/strong><\/h3>\n<p data-start=\"379\" data-end=\"566\">\ud83d\udcc5 <strong data-start=\"382\" data-end=\"395\">Mill\u00e9sime<\/strong> : 2022, frais et \u00e9clatant.<br data-start=\"422\" data-end=\"425\" \/>\ud83d\udccd <strong data-start=\"428\" data-end=\"438\">R\u00e9gion<\/strong> : <strong data-start=\"441\" data-end=\"451\">Savoie<\/strong>.<br data-start=\"452\" data-end=\"455\" \/>\ud83c\udf47 <strong data-start=\"458\" data-end=\"468\">C\u00e9page<\/strong> : <strong data-start=\"471\" data-end=\"496\">Jacqu\u00e8re &amp; Chardonnay<\/strong>.<br data-start=\"497\" data-end=\"500\" \/>\ud83c\udf7e <strong data-start=\"503\" data-end=\"513\">Format<\/strong> : <strong data-start=\"516\" data-end=\"525\" data-is-only-node=\"\">75 cl<\/strong>.<br data-start=\"526\" data-end=\"529\" \/>% <strong data-start=\"531\" data-end=\"548\">Taux d\u2019alcool<\/strong> : <strong data-start=\"551\" data-end=\"564\">12 % vol.<\/strong><\/p>\n<hr data-start=\"568\" data-end=\"573\" \/>\n<h3 data-start=\"575\" data-end=\"596\"><strong data-start=\"579\" data-end=\"594\">D\u00e9gustation<\/strong><\/h3>\n<p data-start=\"598\" data-end=\"758\">\ud83d\udc43 <strong data-start=\"601\" data-end=\"608\">Nez<\/strong> : Subtil et expressif, marqu\u00e9 par des ar\u00f4mes <strong data-start=\"654\" data-end=\"755\">d\u2019agrumes, de fleurs blanches, de pomme verte et une belle min\u00e9ralit\u00e9 rappelant la pierre \u00e0 fusil<\/strong>.<\/p>\n<p data-start=\"760\" data-end=\"945\">\ud83d\udc44 <strong data-start=\"763\" data-end=\"773\">Bouche<\/strong> : <strong data-start=\"776\" data-end=\"797\">Tendue et pr\u00e9cise<\/strong>, avec une acidit\u00e9 vive qui apporte une belle fra\u00eecheur. La texture est fluide et \u00e9l\u00e9gante, laissant place \u00e0 une finale <strong data-start=\"917\" data-end=\"942\">saline et persistante<\/strong>.<\/p>\n<hr data-start=\"947\" data-end=\"952\" \/>\n<h3 data-start=\"954\" data-end=\"992\"><strong data-start=\"958\" data-end=\"990\">Un Blanc Lumineux et \u00c9l\u00e9gant<\/strong><\/h3>\n<p data-start=\"994\" data-end=\"1263\" data-is-last-node=\"\" data-is-only-node=\"\">Avec son <strong data-start=\"1003\" data-end=\"1052\">\u00e9quilibre parfait entre tension et complexit\u00e9<\/strong>, <strong data-start=\"1054\" data-end=\"1069\">Z\u00e9nith 2022<\/strong> illustre \u00e0 merveille le savoir-faire de <strong data-start=\"1110\" data-end=\"1131\">Corentin Houillon<\/strong>. Un vin id\u00e9al pour les amateurs de <strong data-start=\"1167\" data-end=\"1202\">blancs pr\u00e9cis, purs et min\u00e9raux<\/strong>, \u00e0 d\u00e9guster d\u00e8s maintenant ou \u00e0 laisser \u00e9voluer en cave. \ud83c\udf77\u2728<\/p>\n<\/div>\n<\/div>\n<\/div>\n<\/div>\n","protected":false},"excerpt":{"rendered":"<h3 data-start=\"0\" data-end=\"46\"><strong data-start=\"4\" data-end=\"44\">Z\u00e9nith 2022 \u2013 Corentin Houillon \ud83d\udccd\ud83c\udf47<\/strong><\/h3>\n<p data-start=\"48\" data-end=\"257\">Avec <strong data-start=\"53\" data-end=\"68\">Z\u00e9nith 2022<\/strong>, <strong data-start=\"70\" data-end=\"91\">Corentin Houillon<\/strong> signe un blanc lumineux et intense, o\u00f9 la min\u00e9ralit\u00e9 et la puret\u00e9 du fruit s\u2019expriment avec \u00e9clat. Un vin naturel pr\u00e9cis et \u00e9nergique, port\u00e9 par une belle tension.<\/p>\n<p data-start=\"259\" data-end=\"423\">\ud83d\udcc5 <strong data-start=\"262\" data-end=\"275\">Mill\u00e9sime<\/strong> : 2022<br data-start=\"282\" data-end=\"285\" \/>\ud83d\udccd <strong data-start=\"288\" data-end=\"298\">R\u00e9gion<\/strong> : <strong data-start=\"301\" data-end=\"311\" data-is-only-node=\"\">Savoie<\/strong><br data-start=\"311\" data-end=\"314\" \/>\ud83c\udf47 <strong data-start=\"317\" data-end=\"327\">C\u00e9page<\/strong> : <strong data-start=\"330\" data-end=\"355\">Jacqu\u00e8re &amp; Chardonnay<\/strong><br data-start=\"355\" data-end=\"358\" \/>\ud83c\udf7e <strong data-start=\"361\" data-end=\"371\">Format<\/strong> : <strong data-start=\"374\" data-end=\"383\">75 cl<\/strong><br data-start=\"383\" data-end=\"386\" \/>% <strong data-start=\"388\" data-end=\"405\">Taux d\u2019alcool<\/strong> : <strong data-start=\"408\" data-end=\"421\">12 % vol.<\/strong><\/p>\n<p data-start=\"425\" data-end=\"583\">\ud83d\udc43 <strong data-start=\"428\" data-end=\"435\">Nez<\/strong> : <strong data-start=\"438\" data-end=\"484\">Agrumes, fleurs blanches et pierre \u00e0 fusil<\/strong>.<br data-start=\"485\" data-end=\"488\" \/>\ud83d\udc44 <strong data-start=\"491\" data-end=\"501\" data-is-only-node=\"\">Bouche<\/strong> : <strong data-start=\"504\" data-end=\"522\">Vive et saline<\/strong>, avec une belle fra\u00eecheur et une finale longue et cisel\u00e9e.<\/p>\n<p data-start=\"585\" data-end=\"676\" data-is-last-node=\"\" data-is-only-node=\"\">Un blanc <strong data-start=\"594\" data-end=\"615\">pr\u00e9cis et vibrant<\/strong>, parfait pour les amateurs de vins <strong data-start=\"651\" data-end=\"671\">purs et min\u00e9raux<\/strong>. \ud83c\udf77\u2728<\/p>\n","protected":false},"featured_media":617,"comment_status":"open","ping_status":"closed","template":"","meta":[],"product_brand":[],"product_cat":[26,268],"product_tag":[],"class_list":{"0":"post-272","1":"product","2":"type-product","3":"status-publish","4":"has-post-thumbnail","6":"product_cat-bouteilles-vins-blancs","7":"product_cat-vins-blancs-savoie","10":"first","11":"instock","12":"shipping-taxable","13":"purchasable","14":"product-type-simple"},"_links":{"self":[{"href":"https:\/\/lerousseaugrenoble.fr\/boutique\/wp-json\/wp\/v2\/product\/272","targetHints":{"allow":["GET"]}}],"collection":[{"href":"https:\/\/lerousseaugrenoble.fr\/boutique\/wp-json\/wp\/v2\/product"}],"about":[{"href":"https:\/\/lerousseaugrenoble.fr\/boutique\/wp-json\/wp\/v2\/types\/product"}],"replies":[{"embeddable":true,"href":"https:\/\/lerousseaugrenoble.fr\/boutique\/wp-json\/wp\/v2\/comments?post=272"}],"version-history":[{"count":1,"href":"https:\/\/lerousseaugrenoble.fr\/boutique\/wp-json\/wp\/v2\/product\/272\/revisions"}],"predecessor-version":[{"id":25284,"href":"https:\/\/lerousseaugrenoble.fr\/boutique\/wp-json\/wp\/v2\/product\/272\/revisions\/25284"}],"wp:featuredmedia":[{"embeddable":true,"href":"https:\/\/lerousseaugrenoble.fr\/boutique\/wp-json\/wp\/v2\/media\/617"}],"wp:attachment":[{"href":"https:\/\/lerousseaugrenoble.fr\/boutique\/wp-json\/wp\/v2\/media?parent=272"}],"wp:term":[{"taxonomy":"product_brand","embeddable":true,"href":"https:\/\/lerousseaugrenoble.fr\/boutique\/wp-json\/wp\/v2\/product_brand?post=272"},{"taxonomy":"product_cat","embeddable":true,"href":"https:\/\/lerousseaugrenoble.fr\/boutique\/wp-json\/wp\/v2\/product_cat?post=272"},{"taxonomy":"product_tag","embeddable":true,"href":"https:\/\/lerousseaugrenoble.fr\/boutique\/wp-json\/wp\/v2\/product_tag?post=272"}],"curies":[{"name":"wp","href":"https:\/\/api.w.org\/{rel}","templated":true}]}}