{"id":270,"date":"2025-02-25T12:50:10","date_gmt":"2025-02-25T11:50:10","guid":{"rendered":"https:\/\/lerousseaugrenoble.fr\/boutique\/?post_type=product&#038;p=270"},"modified":"2025-03-12T14:34:33","modified_gmt":"2025-03-12T13:34:33","slug":"montee-furieuse-corentin-houillon-2022","status":"publish","type":"product","link":"https:\/\/lerousseaugrenoble.fr\/boutique\/produit\/montee-furieuse-corentin-houillon-2022\/","title":{"rendered":"Mont\u00e9e Furieuse Corentin Houillon 2022"},"content":{"rendered":"<article class=\"w-full text-token-text-primary focus-visible:outline-2 focus-visible:outline-offset-[-4px]\" dir=\"auto\" data-testid=\"conversation-turn-236\" data-scroll-anchor=\"false\">\n<div class=\"m-auto text-base py-[18px] px-6\">\n<div class=\"mx-auto flex flex-1 text-base gap-4 md:gap-5 lg:gap-6 md:max-w-3xl lg:max-w-[40rem] xl:max-w-[48rem]\">\n<div class=\"group\/conversation-turn relative flex w-full min-w-0 flex-col @xs\/thread:px-0 @sm\/thread:px-1.5 @md\/thread:px-4\">\n<div class=\"flex-col gap-1 md:gap-3\">\n<div class=\"flex max-w-full flex-col flex-grow\">\n<div class=\"min-h-8 text-message relative flex w-full flex-col items-end gap-2 whitespace-normal break-words text-start [.text-message+&amp;]:mt-5\" dir=\"auto\" data-message-author-role=\"user\" data-message-id=\"282246d2-af88-4689-8f5f-63b5d1d0ea2b\">\n<div class=\"flex w-full flex-col gap-1 empty:hidden items-end rtl:items-start\">\n<div class=\"relative max-w-[var(--user-chat-width,70%)] rounded-3xl bg-token-message-surface px-5 py-2.5\">\n<div class=\"whitespace-pre-wrap\"><strong style=\"font-size: 1.5em;\" data-start=\"4\" data-end=\"53\">Mont\u00e9e Furieuse 2022 \u2013 Corentin Houillon \ud83d\udccd\ud83c\udf47<\/strong><\/div>\n<\/div>\n<\/div>\n<\/div>\n<\/div>\n<\/div>\n<\/div>\n<\/div>\n<\/div>\n<\/article>\n<article class=\"w-full text-token-text-primary focus-visible:outline-2 focus-visible:outline-offset-[-4px]\" dir=\"auto\" data-testid=\"conversation-turn-237\" data-scroll-anchor=\"true\">\n<div class=\"m-auto text-base py-[18px] px-6\">\n<div class=\"mx-auto flex flex-1 text-base gap-4 md:gap-5 lg:gap-6 md:max-w-3xl lg:max-w-[40rem] xl:max-w-[48rem]\">\n<div class=\"group\/conversation-turn relative flex w-full min-w-0 flex-col agent-turn @xs\/thread:px-0 @sm\/thread:px-1.5 @md\/thread:px-4\">\n<div class=\"flex-col gap-1 md:gap-3\">\n<div class=\"flex max-w-full flex-col flex-grow\">\n<div class=\"min-h-8 text-message relative flex w-full flex-col items-end gap-2 whitespace-normal break-words text-start [.text-message+&amp;]:mt-5\" dir=\"auto\" data-message-author-role=\"assistant\" data-message-id=\"0998ed65-6659-424e-8144-1f99afc1d556\" data-message-model-slug=\"gpt-4o\">\n<div class=\"flex w-full flex-col gap-1 empty:hidden first:pt-[3px]\">\n<div class=\"markdown prose w-full break-words dark:prose-invert dark\">\n<p data-start=\"57\" data-end=\"426\">Avec <strong data-start=\"62\" data-end=\"86\">Mont\u00e9e Furieuse 2022<\/strong>, <strong data-start=\"88\" data-end=\"109\">Corentin Houillon<\/strong> nous offre un <strong data-start=\"124\" data-end=\"146\">blanc de caract\u00e8re<\/strong>, o\u00f9 la puret\u00e9 du fruit rencontre une min\u00e9ralit\u00e9 intense. Ce vin naturel exprime toute la richesse du terroir savoyard, port\u00e9 par une vinification soign\u00e9e et un travail respectueux de la vigne. Un vin vibrant, \u00e9nergique et profond, qui s\u00e9duira les amateurs de sensations fortes.<\/p>\n<hr data-start=\"428\" data-end=\"433\" \/>\n<h3 data-start=\"435\" data-end=\"468\"><strong data-start=\"439\" data-end=\"466\">Caract\u00e9ristiques du Vin<\/strong><\/h3>\n<p data-start=\"470\" data-end=\"653\">\ud83d\udcc5 <strong data-start=\"473\" data-end=\"486\">Mill\u00e9sime<\/strong> : 2022, vif et pr\u00e9cis.<br data-start=\"509\" data-end=\"512\" \/>\ud83d\udccd <strong data-start=\"515\" data-end=\"525\">R\u00e9gion<\/strong> : <strong data-start=\"528\" data-end=\"538\">Savoie<\/strong>.<br data-start=\"539\" data-end=\"542\" \/>\ud83c\udf47 <strong data-start=\"545\" data-end=\"555\">C\u00e9page<\/strong> : <strong data-start=\"558\" data-end=\"583\">Jacqu\u00e8re &amp; Chardonnay<\/strong>.<br data-start=\"584\" data-end=\"587\" \/>\ud83c\udf7e <strong data-start=\"590\" data-end=\"600\">Format<\/strong> : <strong data-start=\"603\" data-end=\"612\" data-is-only-node=\"\">75 cl<\/strong>.<br data-start=\"613\" data-end=\"616\" \/>% <strong data-start=\"618\" data-end=\"635\">Taux d\u2019alcool<\/strong> : <strong data-start=\"638\" data-end=\"651\">12 % vol.<\/strong><\/p>\n<hr data-start=\"655\" data-end=\"660\" \/>\n<h3 data-start=\"662\" data-end=\"683\"><strong data-start=\"666\" data-end=\"681\">D\u00e9gustation<\/strong><\/h3>\n<p data-start=\"685\" data-end=\"825\">\ud83d\udc43 <strong data-start=\"688\" data-end=\"695\">Nez<\/strong> : Expressif et complexe, m\u00ealant des notes de <strong data-start=\"741\" data-end=\"822\">fruits blancs, zestes d\u2019agrumes, herbes fra\u00eeches et une belle touche min\u00e9rale<\/strong>.<\/p>\n<p data-start=\"827\" data-end=\"982\">\ud83d\udc44 <strong data-start=\"830\" data-end=\"840\">Bouche<\/strong> : <strong data-start=\"843\" data-end=\"867\">\u00c9nergique et cisel\u00e9e<\/strong>, avec une belle tension, une texture ample et une finale saline, laissant une empreinte \u00e9l\u00e9gante et persistante.<\/p>\n<hr data-start=\"984\" data-end=\"989\" \/>\n<h3 data-start=\"991\" data-end=\"1027\"><strong data-start=\"995\" data-end=\"1025\">Un Blanc Naturel et Vivant<\/strong><\/h3>\n<p data-start=\"1029\" data-end=\"1221\" data-is-last-node=\"\" data-is-only-node=\"\"><strong data-start=\"1029\" data-end=\"1053\">Mont\u00e9e Furieuse 2022<\/strong> est un vin \u00e0 la fois <strong data-start=\"1075\" data-end=\"1103\">authentique et percutant<\/strong>, parfait pour ceux qui recherchent <strong data-start=\"1139\" data-end=\"1188\">des blancs vibrants, pr\u00e9cis et sans artifices<\/strong>. Un pur plaisir \u00e0 partager ! \ud83c\udf77\u2728<\/p>\n<\/div>\n<\/div>\n<\/div>\n<\/div>\n<\/div>\n<\/div>\n<\/div>\n<\/div>\n<\/article>\n","protected":false},"excerpt":{"rendered":"<p data-start=\"0\" data-end=\"153\"><strong data-start=\"0\" data-end=\"49\">Mont\u00e9e Furieuse 2022 \u2013 Corentin Houillon \ud83d\udccd\ud83c\udf47<\/strong><br data-start=\"49\" data-end=\"52\" \/>Un blanc de caract\u00e8re, o\u00f9 la fra\u00eecheur et la min\u00e9ralit\u00e9 du terroir savoyard s&#8217;expriment pleinement.<\/p>\n<p data-start=\"155\" data-end=\"299\">\ud83d\udcc5 <strong data-start=\"158\" data-end=\"171\">Mill\u00e9sime<\/strong> : 2022<br data-start=\"178\" data-end=\"181\" \/>\ud83d\udccd <strong data-start=\"184\" data-end=\"194\" data-is-only-node=\"\">R\u00e9gion<\/strong> : Savoie<br data-start=\"203\" data-end=\"206\" \/>\ud83c\udf47 <strong data-start=\"209\" data-end=\"220\">C\u00e9pages<\/strong> : Jacqu\u00e8re &amp; Chardonnay<br data-start=\"244\" data-end=\"247\" \/>\ud83c\udf7e <strong data-start=\"250\" data-end=\"260\">Format<\/strong> : 75 cl<br data-start=\"268\" data-end=\"271\" \/>% <strong data-start=\"273\" data-end=\"290\">Taux d\u2019alcool<\/strong> : 12 %<\/p>\n<p data-start=\"301\" data-end=\"474\">\ud83d\udc43 <strong data-start=\"304\" data-end=\"311\">Nez<\/strong> : Ar\u00f4mes de fruits blancs, zestes d\u2019agrumes et fines notes min\u00e9rales.<br data-start=\"381\" data-end=\"384\" \/>\ud83d\udc44 <strong data-start=\"387\" data-end=\"397\" data-is-only-node=\"\">Bouche<\/strong> : Vive et tendue, avec une belle ampleur et une finale saline persistante.<\/p>\n<p data-start=\"476\" data-end=\"563\" data-is-last-node=\"\" data-is-only-node=\"\">Un blanc vibrant et sans artifices, parfait pour les amateurs de sensations pures ! \ud83c\udf77\u2728<\/p>\n","protected":false},"featured_media":618,"comment_status":"open","ping_status":"closed","template":"","meta":[],"product_brand":[],"product_cat":[26,268],"product_tag":[],"class_list":{"0":"post-270","1":"product","2":"type-product","3":"status-publish","4":"has-post-thumbnail","6":"product_cat-bouteilles-vins-blancs","7":"product_cat-vins-blancs-savoie","10":"first","11":"instock","12":"shipping-taxable","13":"purchasable","14":"product-type-simple"},"_links":{"self":[{"href":"https:\/\/lerousseaugrenoble.fr\/boutique\/wp-json\/wp\/v2\/product\/270","targetHints":{"allow":["GET"]}}],"collection":[{"href":"https:\/\/lerousseaugrenoble.fr\/boutique\/wp-json\/wp\/v2\/product"}],"about":[{"href":"https:\/\/lerousseaugrenoble.fr\/boutique\/wp-json\/wp\/v2\/types\/product"}],"replies":[{"embeddable":true,"href":"https:\/\/lerousseaugrenoble.fr\/boutique\/wp-json\/wp\/v2\/comments?post=270"}],"version-history":[{"count":1,"href":"https:\/\/lerousseaugrenoble.fr\/boutique\/wp-json\/wp\/v2\/product\/270\/revisions"}],"predecessor-version":[{"id":621,"href":"https:\/\/lerousseaugrenoble.fr\/boutique\/wp-json\/wp\/v2\/product\/270\/revisions\/621"}],"wp:featuredmedia":[{"embeddable":true,"href":"https:\/\/lerousseaugrenoble.fr\/boutique\/wp-json\/wp\/v2\/media\/618"}],"wp:attachment":[{"href":"https:\/\/lerousseaugrenoble.fr\/boutique\/wp-json\/wp\/v2\/media?parent=270"}],"wp:term":[{"taxonomy":"product_brand","embeddable":true,"href":"https:\/\/lerousseaugrenoble.fr\/boutique\/wp-json\/wp\/v2\/product_brand?post=270"},{"taxonomy":"product_cat","embeddable":true,"href":"https:\/\/lerousseaugrenoble.fr\/boutique\/wp-json\/wp\/v2\/product_cat?post=270"},{"taxonomy":"product_tag","embeddable":true,"href":"https:\/\/lerousseaugrenoble.fr\/boutique\/wp-json\/wp\/v2\/product_tag?post=270"}],"curies":[{"name":"wp","href":"https:\/\/api.w.org\/{rel}","templated":true}]}}