{"id":269,"date":"2025-02-25T12:47:51","date_gmt":"2025-02-25T11:47:51","guid":{"rendered":"https:\/\/lerousseaugrenoble.fr\/boutique\/?post_type=product&#038;p=269"},"modified":"2025-05-09T13:39:49","modified_gmt":"2025-05-09T11:39:49","slug":"veronnet-corentin-houillon-2022","status":"publish","type":"product","link":"https:\/\/lerousseaugrenoble.fr\/boutique\/produit\/veronnet-corentin-houillon-2022\/","title":{"rendered":"Veronnet Corentin Houillon 2022"},"content":{"rendered":"<div class=\"flex max-w-full flex-col flex-grow\">\n<div class=\"min-h-8 text-message relative flex w-full flex-col items-end gap-2 whitespace-normal break-words text-start [.text-message+&amp;]:mt-5\" dir=\"auto\" data-message-author-role=\"assistant\" data-message-id=\"c8d3abf9-229b-4e6f-a5a8-380181f0cbd3\" data-message-model-slug=\"gpt-4o\">\n<div class=\"flex w-full flex-col gap-1 empty:hidden first:pt-[3px]\">\n<div class=\"markdown prose w-full break-words dark:prose-invert dark\">\n<h3 data-start=\"0\" data-end=\"48\"><strong data-start=\"4\" data-end=\"46\">Veronnet 2022 \u2013 Corentin Houillon \ud83d\udccd\ud83c\udf47<\/strong><\/h3>\n<p data-start=\"50\" data-end=\"439\">Ce <strong data-start=\"53\" data-end=\"70\">Veronnet 2022<\/strong>, sign\u00e9 <strong data-start=\"78\" data-end=\"99\">Corentin Houillon<\/strong>, est une magnifique expression du terroir savoyard. Issu du c\u00e9page <strong data-start=\"167\" data-end=\"179\">Jacqu\u00e8re<\/strong>, ce vin blanc sec incarne la <strong data-start=\"209\" data-end=\"235\">puret\u00e9 et la fra\u00eecheur<\/strong> des vins de montagne. Corentin Houillon, fervent d\u00e9fenseur des pratiques <strong data-start=\"309\" data-end=\"339\">naturelles et minimalistes<\/strong>, propose ici un vin <strong data-start=\"360\" data-end=\"381\">vibrant et cisel\u00e9<\/strong>, o\u00f9 la min\u00e9ralit\u00e9 et la tension s\u2019expriment pleinement.<\/p>\n<hr data-start=\"441\" data-end=\"446\" \/>\n<h3 data-start=\"448\" data-end=\"481\"><strong data-start=\"452\" data-end=\"479\">Caract\u00e9ristiques du Vin<\/strong><\/h3>\n<p data-start=\"483\" data-end=\"697\">\ud83d\udcc5 <strong data-start=\"486\" data-end=\"499\">Mill\u00e9sime<\/strong> : 2022, pr\u00e9cis et cristallin.<br data-start=\"529\" data-end=\"532\" \/>\ud83d\udccd <strong data-start=\"535\" data-end=\"545\">R\u00e9gion<\/strong> : <strong data-start=\"548\" data-end=\"558\">Savoie<\/strong>.<br data-start=\"559\" data-end=\"562\" \/>\ud83c\udf47 <strong data-start=\"565\" data-end=\"575\">C\u00e9page<\/strong> : <strong data-start=\"578\" data-end=\"590\">Jacqu\u00e8re<\/strong>, embl\u00e9matique des blancs savoyards.<br data-start=\"626\" data-end=\"629\" \/>\ud83c\udf7e <strong data-start=\"632\" data-end=\"642\">Format<\/strong> : <strong data-start=\"645\" data-end=\"654\" data-is-only-node=\"\">75 cl<\/strong>.<br data-start=\"655\" data-end=\"658\" \/>% <strong data-start=\"660\" data-end=\"677\">Taux d\u2019alcool<\/strong> : <strong data-start=\"680\" data-end=\"695\">11,5 % vol.<\/strong><\/p>\n<hr data-start=\"699\" data-end=\"704\" \/>\n<h3 data-start=\"706\" data-end=\"727\"><strong data-start=\"710\" data-end=\"725\">D\u00e9gustation<\/strong><\/h3>\n<p data-start=\"729\" data-end=\"882\">\ud83d\udc43 <strong data-start=\"732\" data-end=\"739\">Nez<\/strong> : D\u00e9licat et expressif, avec des notes de <strong data-start=\"782\" data-end=\"879\">fleurs blanches, d\u2019agrumes, de pomme verte et une touche min\u00e9rale rappelant la pierre \u00e0 fusil<\/strong>.<\/p>\n<p data-start=\"884\" data-end=\"1084\">\ud83d\udc44 <strong data-start=\"887\" data-end=\"897\">Bouche<\/strong> : <strong data-start=\"900\" data-end=\"920\">Tendue et saline<\/strong>, avec une acidit\u00e9 tranchante qui apporte beaucoup de dynamisme. La texture est l\u00e9g\u00e8re mais persistante, offrant une belle longueur et une finale rafra\u00eechissante.<\/p>\n<hr data-start=\"1086\" data-end=\"1091\" \/>\n<h3 data-start=\"1093\" data-end=\"1141\"><strong data-start=\"1097\" data-end=\"1139\">Un Blanc de Montagne Pr\u00e9cis et \u00c9l\u00e9gant<\/strong><\/h3>\n<p data-start=\"1143\" data-end=\"1415\" data-is-last-node=\"\" data-is-only-node=\"\">Avec son style <strong data-start=\"1158\" data-end=\"1179\">a\u00e9rien et min\u00e9ral<\/strong>, ce <strong data-start=\"1184\" data-end=\"1201\">Veronnet 2022<\/strong> illustre \u00e0 merveille le travail m\u00e9ticuleux de <strong data-start=\"1248\" data-end=\"1269\">Corentin Houillon<\/strong>. Un vin id\u00e9al pour les amateurs de <strong data-start=\"1305\" data-end=\"1345\">blancs frais, tendus et authentiques<\/strong>, parfait pour accompagner un moment convivial ou une belle table. \ud83c\udf77\u2728<\/p>\n<\/div>\n<\/div>\n<\/div>\n<\/div>\n","protected":false},"excerpt":{"rendered":"<h3 data-start=\"0\" data-end=\"48\"><strong data-start=\"4\" data-end=\"46\">Veronnet 2022 \u2013 Corentin Houillon \ud83d\udccd\ud83c\udf47<\/strong><\/h3>\n<p data-start=\"50\" data-end=\"290\">Un <strong data-start=\"53\" data-end=\"87\">blanc de Savoie pur et vibrant<\/strong>, sign\u00e9 <strong data-start=\"95\" data-end=\"116\">Corentin Houillon<\/strong>, vigneron engag\u00e9 dans une approche naturelle et respectueuse du terroir. Ce <strong data-start=\"193\" data-end=\"210\">Veronnet 2022<\/strong> s\u00e9duit par sa <strong data-start=\"225\" data-end=\"287\">fra\u00eecheur min\u00e9rale, sa tension vive et ses ar\u00f4mes d\u00e9licats<\/strong>.<\/p>\n<p data-start=\"292\" data-end=\"470\">\ud83d\udcc5 <strong data-start=\"295\" data-end=\"308\">Mill\u00e9sime<\/strong> : 2022, pr\u00e9cis et \u00e9quilibr\u00e9.<br data-start=\"337\" data-end=\"340\" \/>\ud83d\udccd <strong data-start=\"343\" data-end=\"353\">R\u00e9gion<\/strong> : <strong data-start=\"356\" data-end=\"366\" data-is-only-node=\"\">Savoie<\/strong>.<br data-start=\"367\" data-end=\"370\" \/>\ud83c\udf47 <strong data-start=\"373\" data-end=\"383\">C\u00e9page<\/strong> : <strong data-start=\"386\" data-end=\"398\">Jacqu\u00e8re<\/strong>.<br data-start=\"399\" data-end=\"402\" \/>\ud83c\udf7e <strong data-start=\"405\" data-end=\"415\">Format<\/strong> : <strong data-start=\"418\" data-end=\"427\">75 cl<\/strong>.<br data-start=\"428\" data-end=\"431\" \/>% <strong data-start=\"433\" data-end=\"450\">Taux d\u2019alcool<\/strong> : <strong data-start=\"453\" data-end=\"468\">11,5 % vol.<\/strong><\/p>\n<p data-start=\"472\" data-end=\"645\">\ud83d\udc43 <strong data-start=\"475\" data-end=\"482\">Nez<\/strong> : Ar\u00f4mes de <strong data-start=\"495\" data-end=\"541\">fleurs blanches, agrumes et pierre \u00e0 fusil<\/strong>.<br data-start=\"542\" data-end=\"545\" \/>\ud83d\udc44 <strong data-start=\"548\" data-end=\"558\" data-is-only-node=\"\">Bouche<\/strong> : <strong data-start=\"561\" data-end=\"581\">Tendue et saline<\/strong>, avec une belle acidit\u00e9 et une finale longue et d\u00e9salt\u00e9rante.<\/p>\n<p data-start=\"647\" data-end=\"748\" data-is-last-node=\"\" data-is-only-node=\"\">Un <strong data-start=\"650\" data-end=\"686\">vin de montagne cisel\u00e9 et pr\u00e9cis<\/strong>, id\u00e9al pour les amateurs de <strong data-start=\"715\" data-end=\"743\">blancs frais et min\u00e9raux<\/strong>. \ud83c\udf77\u2728<\/p>\n","protected":false},"featured_media":467,"comment_status":"open","ping_status":"closed","template":"","meta":[],"product_brand":[],"product_cat":[26,268],"product_tag":[],"class_list":{"0":"post-269","1":"product","2":"type-product","3":"status-publish","4":"has-post-thumbnail","6":"product_cat-bouteilles-vins-blancs","7":"product_cat-vins-blancs-savoie","10":"first","11":"instock","12":"shipping-taxable","13":"purchasable","14":"product-type-simple"},"_links":{"self":[{"href":"https:\/\/lerousseaugrenoble.fr\/boutique\/wp-json\/wp\/v2\/product\/269","targetHints":{"allow":["GET"]}}],"collection":[{"href":"https:\/\/lerousseaugrenoble.fr\/boutique\/wp-json\/wp\/v2\/product"}],"about":[{"href":"https:\/\/lerousseaugrenoble.fr\/boutique\/wp-json\/wp\/v2\/types\/product"}],"replies":[{"embeddable":true,"href":"https:\/\/lerousseaugrenoble.fr\/boutique\/wp-json\/wp\/v2\/comments?post=269"}],"version-history":[{"count":1,"href":"https:\/\/lerousseaugrenoble.fr\/boutique\/wp-json\/wp\/v2\/product\/269\/revisions"}],"predecessor-version":[{"id":25286,"href":"https:\/\/lerousseaugrenoble.fr\/boutique\/wp-json\/wp\/v2\/product\/269\/revisions\/25286"}],"wp:featuredmedia":[{"embeddable":true,"href":"https:\/\/lerousseaugrenoble.fr\/boutique\/wp-json\/wp\/v2\/media\/467"}],"wp:attachment":[{"href":"https:\/\/lerousseaugrenoble.fr\/boutique\/wp-json\/wp\/v2\/media?parent=269"}],"wp:term":[{"taxonomy":"product_brand","embeddable":true,"href":"https:\/\/lerousseaugrenoble.fr\/boutique\/wp-json\/wp\/v2\/product_brand?post=269"},{"taxonomy":"product_cat","embeddable":true,"href":"https:\/\/lerousseaugrenoble.fr\/boutique\/wp-json\/wp\/v2\/product_cat?post=269"},{"taxonomy":"product_tag","embeddable":true,"href":"https:\/\/lerousseaugrenoble.fr\/boutique\/wp-json\/wp\/v2\/product_tag?post=269"}],"curies":[{"name":"wp","href":"https:\/\/api.w.org\/{rel}","templated":true}]}}