{"id":267,"date":"2025-02-25T12:41:46","date_gmt":"2025-02-25T11:41:46","guid":{"rendered":"https:\/\/lerousseaugrenoble.fr\/boutique\/?post_type=product&#038;p=267"},"modified":"2025-05-09T13:40:13","modified_gmt":"2025-05-09T11:40:13","slug":"apremont-adrien-dacquin-2022","status":"publish","type":"product","link":"https:\/\/lerousseaugrenoble.fr\/boutique\/produit\/apremont-adrien-dacquin-2022\/","title":{"rendered":"Apremont Adrien Dacquin 2022"},"content":{"rendered":"<div class=\"flex max-w-full flex-col flex-grow\">\n<div class=\"min-h-8 text-message relative flex w-full flex-col items-end gap-2 whitespace-normal break-words text-start [.text-message+&amp;]:mt-5\" dir=\"auto\" data-message-author-role=\"assistant\" data-message-id=\"8a107319-bc45-4d26-9150-53f13de5387f\" data-message-model-slug=\"gpt-4o\">\n<div class=\"flex w-full flex-col gap-1 empty:hidden first:pt-[3px]\">\n<div class=\"markdown prose w-full break-words dark:prose-invert dark\">\n<h3 data-start=\"0\" data-end=\"45\"><strong data-start=\"4\" data-end=\"43\">Apremont 2022 \u2013 Adrien Dacquin \ud83d\udccd\ud83c\udf47<\/strong><\/h3>\n<p data-start=\"47\" data-end=\"393\">Ce <strong data-start=\"50\" data-end=\"67\">Apremont 2022<\/strong> sign\u00e9 <strong data-start=\"74\" data-end=\"92\">Adrien Dacquin<\/strong> est une belle expression du terroir savoyard. Issu du c\u00e9page <strong data-start=\"154\" data-end=\"166\">Jacqu\u00e8re<\/strong>, il incarne \u00e0 merveille la fra\u00eecheur et la min\u00e9ralit\u00e9 caract\u00e9ristiques des vins de Savoie. Vinifi\u00e9 avec pr\u00e9cision, il offre une structure \u00e9l\u00e9gante et une belle tension, id\u00e9ale pour les amateurs de <strong data-start=\"364\" data-end=\"390\">blancs vifs et a\u00e9riens<\/strong>.<\/p>\n<hr data-start=\"395\" data-end=\"400\" \/>\n<h3 data-start=\"402\" data-end=\"435\"><strong data-start=\"406\" data-end=\"433\">Caract\u00e9ristiques du Vin<\/strong><\/h3>\n<p data-start=\"437\" data-end=\"650\">\ud83d\udcc5 <strong data-start=\"440\" data-end=\"453\">Mill\u00e9sime<\/strong> : 2022, pur et cristallin.<br data-start=\"480\" data-end=\"483\" \/>\ud83d\udccd <strong data-start=\"486\" data-end=\"496\">R\u00e9gion<\/strong> : <strong data-start=\"499\" data-end=\"509\">Savoie<\/strong>.<br data-start=\"510\" data-end=\"513\" \/>\ud83c\udf47 <strong data-start=\"516\" data-end=\"526\">C\u00e9page<\/strong> : <strong data-start=\"529\" data-end=\"541\">Jacqu\u00e8re\u00a0<\/strong><br data-start=\"579\" data-end=\"582\" \/>\ud83c\udf7e <strong data-start=\"585\" data-end=\"595\">Format<\/strong> : <strong data-start=\"598\" data-end=\"607\" data-is-only-node=\"\">75 cl<\/strong>.<br data-start=\"608\" data-end=\"611\" \/>% <strong data-start=\"613\" data-end=\"630\">Taux d\u2019alcool<\/strong> : <strong data-start=\"633\" data-end=\"648\">11,5 % vol.<\/strong><\/p>\n<hr data-start=\"652\" data-end=\"657\" \/>\n<h3 data-start=\"659\" data-end=\"680\"><strong data-start=\"663\" data-end=\"678\">D\u00e9gustation<\/strong><\/h3>\n<p data-start=\"682\" data-end=\"834\">\ud83d\udc43 <strong data-start=\"685\" data-end=\"692\">Nez<\/strong> : D\u00e9licat et expressif, marqu\u00e9 par des ar\u00f4mes de <strong data-start=\"742\" data-end=\"831\">fleurs blanches, agrumes, pomme verte et une subtile touche min\u00e9rale (pierre \u00e0 fusil)<\/strong>.<\/p>\n<p data-start=\"836\" data-end=\"1021\">\ud83d\udc44 <strong data-start=\"839\" data-end=\"849\">Bouche<\/strong> : <strong data-start=\"852\" data-end=\"873\">Fra\u00eeche et tendue<\/strong>, avec une attaque vive et une belle acidit\u00e9. La min\u00e9ralit\u00e9 saline se prolonge en bouche, apportant une belle longueur et une finale d\u00e9salt\u00e9rante.<\/p>\n<hr data-start=\"1023\" data-end=\"1028\" \/>\n<h3 data-start=\"1030\" data-end=\"1077\"><strong data-start=\"1034\" data-end=\"1075\">Un Blanc de Savoie \u00c9l\u00e9gant et Min\u00e9ral<\/strong><\/h3>\n<p data-start=\"1079\" data-end=\"1284\" data-is-last-node=\"\" data-is-only-node=\"\">Parfait reflet de son <strong data-start=\"1101\" data-end=\"1123\">terroir d\u2019altitude<\/strong>, cet <strong data-start=\"1129\" data-end=\"1146\">Apremont 2022<\/strong> s\u00e9duit par sa <strong data-start=\"1161\" data-end=\"1187\">puret\u00e9 et sa pr\u00e9cision<\/strong>. Un vin id\u00e9al pour les amateurs de <strong data-start=\"1223\" data-end=\"1245\">blancs cristallins<\/strong>, \u00e0 d\u00e9guster en toute convivialit\u00e9. \ud83c\udf77\u2728<\/p>\n<\/div>\n<\/div>\n<\/div>\n<\/div>\n","protected":false},"excerpt":{"rendered":"<div class=\"flex max-w-full flex-col flex-grow\">\n<div class=\"min-h-8 text-message relative flex w-full flex-col items-end gap-2 whitespace-normal break-words text-start [.text-message+&amp;]:mt-5\" dir=\"auto\" data-message-author-role=\"assistant\" data-message-id=\"8f53add9-2695-4824-9b4e-db7d67ab0a2a\" data-message-model-slug=\"gpt-4o\">\n<div class=\"flex w-full flex-col gap-1 empty:hidden first:pt-[3px]\">\n<div class=\"markdown prose w-full break-words dark:prose-invert dark\">\n<h3 data-start=\"0\" data-end=\"45\"><strong data-start=\"4\" data-end=\"43\">Apremont 2022 \u2013 Adrien Dacquin \ud83d\udccd\ud83c\udf47<\/strong><\/h3>\n<p data-start=\"47\" data-end=\"298\">Un <strong data-start=\"50\" data-end=\"62\">Apremont<\/strong> authentique et raffin\u00e9 sign\u00e9 <strong data-start=\"92\" data-end=\"110\">Adrien Dacquin<\/strong>, mettant en valeur le terroir unique de Savoie. Ce vin blanc sec, issu du c\u00e9page <strong data-start=\"192\" data-end=\"204\">Jacqu\u00e8re<\/strong>, s\u00e9duit par sa <strong data-start=\"220\" data-end=\"295\">fra\u00eecheur vive, sa min\u00e9ralit\u00e9 \u00e9clatante et ses notes fruit\u00e9es d\u00e9licates<\/strong>.<\/p>\n<p data-start=\"300\" data-end=\"478\">\ud83d\udcc5 <strong data-start=\"303\" data-end=\"316\">Mill\u00e9sime<\/strong> : 2022, frais et cristallin.<br data-start=\"345\" data-end=\"348\" \/>\ud83d\udccd <strong data-start=\"351\" data-end=\"361\">R\u00e9gion<\/strong> : <strong data-start=\"364\" data-end=\"374\" data-is-only-node=\"\">Savoie<\/strong>.<br data-start=\"375\" data-end=\"378\" \/>\ud83c\udf47 <strong data-start=\"381\" data-end=\"391\">C\u00e9page<\/strong> : <strong data-start=\"394\" data-end=\"406\">Jacqu\u00e8re<\/strong>.<br data-start=\"407\" data-end=\"410\" \/>\ud83c\udf7e <strong data-start=\"413\" data-end=\"423\">Format<\/strong> : <strong data-start=\"426\" data-end=\"435\">75 cl<\/strong>.<br data-start=\"436\" data-end=\"439\" \/>% <strong data-start=\"441\" data-end=\"458\">Taux d\u2019alcool<\/strong> : <strong data-start=\"461\" data-end=\"476\">11,5 % vol.<\/strong><\/p>\n<p data-start=\"480\" data-end=\"655\">\ud83d\udc43 <strong data-start=\"483\" data-end=\"490\">Nez<\/strong> : Ar\u00f4mes de <strong data-start=\"503\" data-end=\"549\">fleurs blanches, agrumes et pierre \u00e0 fusil<\/strong>.<br data-start=\"550\" data-end=\"553\" \/>\ud83d\udc44 <strong data-start=\"556\" data-end=\"566\" data-is-only-node=\"\">Bouche<\/strong> : <strong data-start=\"569\" data-end=\"598\">L\u00e9g\u00e8re et rafra\u00eechissante<\/strong>, avec une belle tension min\u00e9rale et une finale saline.<\/p>\n<p data-start=\"657\" data-end=\"751\" data-is-last-node=\"\" data-is-only-node=\"\">Un <strong data-start=\"660\" data-end=\"691\">Apremont \u00e9l\u00e9gant et digeste<\/strong>, parfait pour les amateurs de <strong data-start=\"722\" data-end=\"746\">vins vifs et a\u00e9riens<\/strong>. \ud83c\udf77\u2728<\/p>\n<\/div>\n<\/div>\n<\/div>\n<\/div>\n","protected":false},"featured_media":540,"comment_status":"open","ping_status":"closed","template":"","meta":[],"product_brand":[],"product_cat":[26,268],"product_tag":[],"class_list":{"0":"post-267","1":"product","2":"type-product","3":"status-publish","4":"has-post-thumbnail","6":"product_cat-bouteilles-vins-blancs","7":"product_cat-vins-blancs-savoie","10":"first","11":"instock","12":"shipping-taxable","13":"purchasable","14":"product-type-simple"},"_links":{"self":[{"href":"https:\/\/lerousseaugrenoble.fr\/boutique\/wp-json\/wp\/v2\/product\/267","targetHints":{"allow":["GET"]}}],"collection":[{"href":"https:\/\/lerousseaugrenoble.fr\/boutique\/wp-json\/wp\/v2\/product"}],"about":[{"href":"https:\/\/lerousseaugrenoble.fr\/boutique\/wp-json\/wp\/v2\/types\/product"}],"replies":[{"embeddable":true,"href":"https:\/\/lerousseaugrenoble.fr\/boutique\/wp-json\/wp\/v2\/comments?post=267"}],"version-history":[{"count":2,"href":"https:\/\/lerousseaugrenoble.fr\/boutique\/wp-json\/wp\/v2\/product\/267\/revisions"}],"predecessor-version":[{"id":25287,"href":"https:\/\/lerousseaugrenoble.fr\/boutique\/wp-json\/wp\/v2\/product\/267\/revisions\/25287"}],"wp:featuredmedia":[{"embeddable":true,"href":"https:\/\/lerousseaugrenoble.fr\/boutique\/wp-json\/wp\/v2\/media\/540"}],"wp:attachment":[{"href":"https:\/\/lerousseaugrenoble.fr\/boutique\/wp-json\/wp\/v2\/media?parent=267"}],"wp:term":[{"taxonomy":"product_brand","embeddable":true,"href":"https:\/\/lerousseaugrenoble.fr\/boutique\/wp-json\/wp\/v2\/product_brand?post=267"},{"taxonomy":"product_cat","embeddable":true,"href":"https:\/\/lerousseaugrenoble.fr\/boutique\/wp-json\/wp\/v2\/product_cat?post=267"},{"taxonomy":"product_tag","embeddable":true,"href":"https:\/\/lerousseaugrenoble.fr\/boutique\/wp-json\/wp\/v2\/product_tag?post=267"}],"curies":[{"name":"wp","href":"https:\/\/api.w.org\/{rel}","templated":true}]}}