{"id":266,"date":"2025-02-25T12:38:23","date_gmt":"2025-02-25T11:38:23","guid":{"rendered":"https:\/\/lerousseaugrenoble.fr\/boutique\/?post_type=product&#038;p=266"},"modified":"2025-05-09T13:41:15","modified_gmt":"2025-05-09T11:41:15","slug":"vdf-parlez-moi-damour-terre-des-nus-2023","status":"publish","type":"product","link":"https:\/\/lerousseaugrenoble.fr\/boutique\/produit\/vdf-parlez-moi-damour-terre-des-nus-2023\/","title":{"rendered":"VDF Parlez Moi d\u2019Amour Terre des Nus 2023"},"content":{"rendered":"<div class=\"flex max-w-full flex-col flex-grow\">\n<div class=\"min-h-8 text-message relative flex w-full flex-col items-end gap-2 whitespace-normal break-words text-start [.text-message+&amp;]:mt-5\" dir=\"auto\" data-message-author-role=\"assistant\" data-message-id=\"ac3d8a01-ed8b-4418-8391-5c3015d9c72b\" data-message-model-slug=\"gpt-4o\">\n<div class=\"flex w-full flex-col gap-1 empty:hidden first:pt-[3px]\">\n<div class=\"markdown prose w-full break-words dark:prose-invert dark\">\n<h3 data-start=\"0\" data-end=\"57\"><strong data-start=\"4\" data-end=\"55\">VDF Parlez-moi d\u2019Amour 2023 \u2013 Terre des Nus \ud83c\udf47\u2728<\/strong><\/h3>\n<p data-start=\"59\" data-end=\"411\">Avec <strong data-start=\"64\" data-end=\"93\">&#8220;Parlez-moi d\u2019Amour&#8221; 2023<\/strong>, le domaine <strong data-start=\"106\" data-end=\"123\">Terre des Nus<\/strong> signe une cuv\u00e9e <strong data-start=\"140\" data-end=\"164\">po\u00e9tique et vibrante<\/strong>, fid\u00e8le \u00e0 son engagement en <strong data-start=\"193\" data-end=\"235\">viticulture naturelle et sans intrants<\/strong>. Ce <strong data-start=\"240\" data-end=\"257\">Vin de France<\/strong> s\u00e9duit par sa <strong data-start=\"272\" data-end=\"335\">fra\u00eecheur, son fruit \u00e9clatant et sa buvabilit\u00e9 irr\u00e9sistible<\/strong>, offrant une belle expression du terroir dans un esprit libre et sinc\u00e8re.<\/p>\n<hr data-start=\"413\" data-end=\"418\" \/>\n<h3 data-start=\"420\" data-end=\"453\"><strong data-start=\"424\" data-end=\"451\">Caract\u00e9ristiques du Vin<\/strong><\/h3>\n<p data-start=\"455\" data-end=\"662\">\ud83d\udcc5 <strong data-start=\"458\" data-end=\"471\">Mill\u00e9sime<\/strong> : 2023, intense et harmonieux.<br data-start=\"502\" data-end=\"505\" \/>\ud83d\udccd <strong data-start=\"508\" data-end=\"518\">R\u00e9gion<\/strong> : <strong data-start=\"521\" data-end=\"538\">Vin de France<\/strong>.<br data-start=\"539\" data-end=\"542\" \/>\ud83c\udf47 <strong data-start=\"545\" data-end=\"555\">C\u00e9page<\/strong> : Assemblage gourmand et \u00e9quilibr\u00e9.<br data-start=\"591\" data-end=\"594\" \/>\ud83c\udf7e <strong data-start=\"597\" data-end=\"607\">Format<\/strong> : <strong data-start=\"610\" data-end=\"619\">75 cl<\/strong>.<br data-start=\"620\" data-end=\"623\" data-is-only-node=\"\" \/>% <strong data-start=\"625\" data-end=\"642\">Taux d\u2019alcool<\/strong> : <strong data-start=\"645\" data-end=\"660\">12,5 % vol.<\/strong><\/p>\n<hr data-start=\"664\" data-end=\"669\" \/>\n<h3 data-start=\"671\" data-end=\"692\"><strong data-start=\"675\" data-end=\"690\">D\u00e9gustation<\/strong><\/h3>\n<p data-start=\"694\" data-end=\"842\">\ud83d\udc43 <strong data-start=\"697\" data-end=\"704\">Nez<\/strong> : Expressif et d\u00e9licat, aux ar\u00f4mes de <strong data-start=\"743\" data-end=\"839\">petits fruits rouges frais (framboise, groseille), fleurs sauvages et notes \u00e9pic\u00e9es subtiles<\/strong>.<\/p>\n<p data-start=\"844\" data-end=\"1064\">\ud83d\udc44 <strong data-start=\"847\" data-end=\"857\">Bouche<\/strong> : <strong data-start=\"860\" data-end=\"881\">Juteuse et fluide<\/strong>, port\u00e9e par une belle acidit\u00e9 qui apporte dynamisme et fra\u00eecheur. La texture est soyeuse, les tanins souples, et la finale l\u00e9g\u00e8rement min\u00e9rale prolonge la d\u00e9gustation avec finesse.<\/p>\n<hr data-start=\"1066\" data-end=\"1071\" \/>\n<h3 data-start=\"1073\" data-end=\"1115\"><strong data-start=\"1077\" data-end=\"1113\">Un Vin Naturel, Libre et Intense<\/strong><\/h3>\n<p data-start=\"1117\" data-end=\"1400\" data-is-last-node=\"\" data-is-only-node=\"\">Avec son <strong data-start=\"1126\" data-end=\"1163\">profil fruit\u00e9, a\u00e9rien et gourmand<\/strong>, <strong data-start=\"1165\" data-end=\"1194\">&#8220;Parlez-moi d\u2019Amour&#8221; 2023<\/strong> incarne parfaitement l\u2019esprit des <strong data-start=\"1229\" data-end=\"1246\">vins naturels<\/strong> : expressifs, sinc\u00e8res et faciles \u00e0 partager. Id\u00e9al pour accompagner des repas conviviaux, il ravira les amateurs de <strong data-start=\"1364\" data-end=\"1395\">vins vivants et accessibles<\/strong>. \ud83c\udf77\u2728<\/p>\n<\/div>\n<\/div>\n<\/div>\n<\/div>\n","protected":false},"excerpt":{"rendered":"<div class=\"flex max-w-full flex-col flex-grow\">\n<div class=\"min-h-8 text-message relative flex w-full flex-col items-end gap-2 whitespace-normal break-words text-start [.text-message+&amp;]:mt-5\" dir=\"auto\" data-message-author-role=\"assistant\" data-message-id=\"a82d89d6-f783-42dc-ae71-ee1b1d2f0f6c\" data-message-model-slug=\"gpt-4o\">\n<div class=\"flex w-full flex-col gap-1 empty:hidden first:pt-[3px]\">\n<div class=\"markdown prose w-full break-words dark:prose-invert dark\">\n<h3 data-start=\"0\" data-end=\"57\"><strong data-start=\"4\" data-end=\"55\">VDF Parlez-moi d\u2019Amour 2023 \u2013 Terre des Nus \ud83c\udf47\u2728<\/strong><\/h3>\n<p data-start=\"59\" data-end=\"275\">Une cuv\u00e9e <strong data-start=\"69\" data-end=\"92\">fra\u00eeche et vibrante<\/strong> sign\u00e9e <strong data-start=\"100\" data-end=\"117\">Terre des Nus<\/strong>, fid\u00e8le \u00e0 son engagement en <strong data-start=\"146\" data-end=\"188\">viticulture naturelle et sans intrants<\/strong>. <strong data-start=\"190\" data-end=\"219\">&#8220;Parlez-moi d\u2019Amour&#8221; 2023<\/strong> s\u00e9duit par son fruit \u00e9clatant et sa belle buvabilit\u00e9.<\/p>\n<p data-start=\"277\" data-end=\"482\">\ud83d\udcc5 <strong data-start=\"280\" data-end=\"293\">Mill\u00e9sime<\/strong> : 2023, expressif et \u00e9quilibr\u00e9.<br data-start=\"325\" data-end=\"328\" \/>\ud83d\udccd <strong data-start=\"331\" data-end=\"341\">R\u00e9gion<\/strong> : <strong data-start=\"344\" data-end=\"361\" data-is-only-node=\"\">Vin de France<\/strong>.<br data-start=\"362\" data-end=\"365\" \/>\ud83c\udf47 <strong data-start=\"368\" data-end=\"378\">C\u00e9page<\/strong> : Assemblage fruit\u00e9 et gourmand.<br data-start=\"411\" data-end=\"414\" \/>\ud83c\udf7e <strong data-start=\"417\" data-end=\"427\">Format<\/strong> : <strong data-start=\"430\" data-end=\"439\">75 cl<\/strong>.<br data-start=\"440\" data-end=\"443\" \/>% <strong data-start=\"445\" data-end=\"462\">Taux d\u2019alcool<\/strong> : <strong data-start=\"465\" data-end=\"480\">12,5 % vol.<\/strong><\/p>\n<p data-start=\"484\" data-end=\"665\">\ud83d\udc43 <strong data-start=\"487\" data-end=\"494\">Nez<\/strong> : Ar\u00f4mes de <strong data-start=\"507\" data-end=\"563\">fruits rouges frais, notes florales et touche \u00e9pic\u00e9e<\/strong>.<br data-start=\"564\" data-end=\"567\" \/>\ud83d\udc44 <strong data-start=\"570\" data-end=\"580\" data-is-only-node=\"\">Bouche<\/strong> : <strong data-start=\"583\" data-end=\"604\">Juteuse et fluide<\/strong>, avec une belle acidit\u00e9 et une finale l\u00e9g\u00e8rement min\u00e9rale.<\/p>\n<p data-start=\"667\" data-end=\"757\" data-is-last-node=\"\" data-is-only-node=\"\">Un vin <strong data-start=\"674\" data-end=\"705\">libre, digeste et convivial<\/strong>, parfait pour les amateurs de <strong data-start=\"736\" data-end=\"752\">vins vivants<\/strong>. \ud83c\udf77\u2728<\/p>\n<\/div>\n<\/div>\n<\/div>\n<\/div>\n","protected":false},"featured_media":628,"comment_status":"open","ping_status":"closed","template":"","meta":[],"product_brand":[],"product_cat":[152,155,26,279],"product_tag":[],"class_list":{"0":"post-266","1":"product","2":"type-product","3":"status-publish","4":"has-post-thumbnail","6":"product_cat-provence","7":"product_cat-vignerons-terre-des-nus","8":"product_cat-bouteilles-vins-blancs","9":"product_cat-vins-blancs-provence","12":"first","13":"instock","14":"shipping-taxable","15":"purchasable","16":"product-type-simple"},"_links":{"self":[{"href":"https:\/\/lerousseaugrenoble.fr\/boutique\/wp-json\/wp\/v2\/product\/266","targetHints":{"allow":["GET"]}}],"collection":[{"href":"https:\/\/lerousseaugrenoble.fr\/boutique\/wp-json\/wp\/v2\/product"}],"about":[{"href":"https:\/\/lerousseaugrenoble.fr\/boutique\/wp-json\/wp\/v2\/types\/product"}],"replies":[{"embeddable":true,"href":"https:\/\/lerousseaugrenoble.fr\/boutique\/wp-json\/wp\/v2\/comments?post=266"}],"version-history":[{"count":1,"href":"https:\/\/lerousseaugrenoble.fr\/boutique\/wp-json\/wp\/v2\/product\/266\/revisions"}],"predecessor-version":[{"id":25288,"href":"https:\/\/lerousseaugrenoble.fr\/boutique\/wp-json\/wp\/v2\/product\/266\/revisions\/25288"}],"wp:featuredmedia":[{"embeddable":true,"href":"https:\/\/lerousseaugrenoble.fr\/boutique\/wp-json\/wp\/v2\/media\/628"}],"wp:attachment":[{"href":"https:\/\/lerousseaugrenoble.fr\/boutique\/wp-json\/wp\/v2\/media?parent=266"}],"wp:term":[{"taxonomy":"product_brand","embeddable":true,"href":"https:\/\/lerousseaugrenoble.fr\/boutique\/wp-json\/wp\/v2\/product_brand?post=266"},{"taxonomy":"product_cat","embeddable":true,"href":"https:\/\/lerousseaugrenoble.fr\/boutique\/wp-json\/wp\/v2\/product_cat?post=266"},{"taxonomy":"product_tag","embeddable":true,"href":"https:\/\/lerousseaugrenoble.fr\/boutique\/wp-json\/wp\/v2\/product_tag?post=266"}],"curies":[{"name":"wp","href":"https:\/\/api.w.org\/{rel}","templated":true}]}}