{"id":265,"date":"2025-02-25T12:36:42","date_gmt":"2025-02-25T11:36:42","guid":{"rendered":"https:\/\/lerousseaugrenoble.fr\/boutique\/?post_type=product&#038;p=265"},"modified":"2025-05-09T13:42:46","modified_gmt":"2025-05-09T11:42:46","slug":"vdf-because-the-night-terre-des-nus-2023","status":"publish","type":"product","link":"https:\/\/lerousseaugrenoble.fr\/boutique\/produit\/vdf-because-the-night-terre-des-nus-2023\/","title":{"rendered":"VDF Because The Night Terre des Nus 2023"},"content":{"rendered":"<div class=\"flex max-w-full flex-col flex-grow\">\n<div class=\"min-h-8 text-message relative flex w-full flex-col items-end gap-2 whitespace-normal break-words text-start [.text-message+&amp;]:mt-5\" dir=\"auto\" data-message-author-role=\"assistant\" data-message-id=\"e46bf4f2-94fa-493a-99b3-dd715c3e416b\" data-message-model-slug=\"gpt-4o\">\n<div class=\"flex w-full flex-col gap-1 empty:hidden first:pt-[3px]\">\n<div class=\"markdown prose w-full break-words dark:prose-invert dark\">\n<h3 data-start=\"0\" data-end=\"56\"><strong data-start=\"4\" data-end=\"54\">VDF Because The Night 2023 \u2013 Terre des Nus \ud83c\udf47\u2728<\/strong><\/h3>\n<p data-start=\"58\" data-end=\"408\"><strong data-start=\"58\" data-end=\"86\">&#8220;Because The Night&#8221; 2023<\/strong> est une cuv\u00e9e libre et expressive, reflet du travail artisanal du domaine <strong data-start=\"161\" data-end=\"178\">Terre des Nus<\/strong>, reconnu pour son engagement en <strong data-start=\"211\" data-end=\"253\">viticulture naturelle et sans intrants<\/strong>. Ce <strong data-start=\"258\" data-end=\"275\">Vin de France<\/strong> incarne un esprit audacieux, laissant s\u2019exprimer toute la sinc\u00e9rit\u00e9 du terroir \u00e0 travers un fruit \u00e9clatant et une belle fra\u00eecheur.<\/p>\n<p data-start=\"410\" data-end=\"591\">Ce mill\u00e9sime 2023 s\u00e9duit par son \u00e9quilibre parfait entre <strong data-start=\"467\" data-end=\"494\">gourmandise et vivacit\u00e9<\/strong>, offrant une d\u00e9gustation vibrante, port\u00e9e par une mati\u00e8re soyeuse et une belle trame min\u00e9rale.<\/p>\n<hr data-start=\"593\" data-end=\"598\" \/>\n<h3 data-start=\"600\" data-end=\"633\"><strong data-start=\"604\" data-end=\"631\">Caract\u00e9ristiques du Vin<\/strong><\/h3>\n<p data-start=\"635\" data-end=\"840\">\ud83d\udcc5 <strong data-start=\"638\" data-end=\"651\">Mill\u00e9sime<\/strong> : 2023, lumineux et g\u00e9n\u00e9reux.<br data-start=\"681\" data-end=\"684\" \/>\ud83d\udccd <strong data-start=\"687\" data-end=\"697\">R\u00e9gion<\/strong> : <strong data-start=\"700\" data-end=\"717\">Vin de France<\/strong>.<br data-start=\"718\" data-end=\"721\" \/>\ud83c\udf47 <strong data-start=\"724\" data-end=\"734\">C\u00e9page<\/strong> : Assemblage expressif et digeste.<br data-start=\"769\" data-end=\"772\" \/>\ud83c\udf7e <strong data-start=\"775\" data-end=\"785\">Format<\/strong> : <strong data-start=\"788\" data-end=\"797\">75 cl<\/strong>.<br data-start=\"798\" data-end=\"801\" \/>% <strong data-start=\"803\" data-end=\"820\">Taux d\u2019alcool<\/strong> : <strong data-start=\"823\" data-end=\"838\">12,5 % vol.<\/strong><\/p>\n<hr data-start=\"842\" data-end=\"847\" \/>\n<h3 data-start=\"849\" data-end=\"870\"><strong data-start=\"853\" data-end=\"868\">D\u00e9gustation<\/strong><\/h3>\n<p data-start=\"872\" data-end=\"1031\">\ud83d\udc43 <strong data-start=\"875\" data-end=\"882\">Nez<\/strong> : Intens\u00e9ment aromatique, il d\u00e9voile des <strong data-start=\"924\" data-end=\"1028\">notes de fruits rouges frais (groseille, framboise), de fleurs s\u00e9ch\u00e9es et une touche d\u2019\u00e9pices douces<\/strong>.<\/p>\n<p data-start=\"1033\" data-end=\"1251\">\ud83d\udc44 <strong data-start=\"1036\" data-end=\"1046\">Bouche<\/strong> : <strong data-start=\"1049\" data-end=\"1070\">Fluide et juteuse<\/strong>, avec une belle acidit\u00e9 qui dynamise l\u2019ensemble. Les tanins sont fins et \u00e9l\u00e9gants, tandis que la finale, l\u00e9g\u00e8rement poivr\u00e9e et min\u00e9rale, prolonge la d\u00e9gustation avec d\u00e9licatesse.<\/p>\n<hr data-start=\"1253\" data-end=\"1258\" \/>\n<h3 data-start=\"1260\" data-end=\"1304\"><strong data-start=\"1264\" data-end=\"1302\">Un Vin Naturel, Libre et Convivial<\/strong><\/h3>\n<p data-start=\"1306\" data-end=\"1574\" data-is-last-node=\"\" data-is-only-node=\"\"><strong data-start=\"1306\" data-end=\"1334\">&#8220;Because The Night&#8221; 2023<\/strong> est un vin \u00e0 la fois <strong data-start=\"1356\" data-end=\"1385\">accessible et authentique<\/strong>, parfait pour les amateurs de <strong data-start=\"1416\" data-end=\"1432\">vins vivants<\/strong>, expressifs et pleins de fra\u00eecheur. Id\u00e9al pour partager un moment convivial, il accompagnera \u00e0 merveille une cuisine simple et g\u00e9n\u00e9reuse. \ud83c\udf77\u2728<\/p>\n<\/div>\n<\/div>\n<\/div>\n<\/div>\n","protected":false},"excerpt":{"rendered":"<div class=\"flex max-w-full flex-col flex-grow\">\n<div class=\"min-h-8 text-message relative flex w-full flex-col items-end gap-2 whitespace-normal break-words text-start [.text-message+&amp;]:mt-5\" dir=\"auto\" data-message-author-role=\"assistant\" data-message-id=\"ae458e29-223d-443b-8ea8-540981c9e809\" data-message-model-slug=\"gpt-4o\">\n<div class=\"flex w-full flex-col gap-1 empty:hidden first:pt-[3px]\">\n<div class=\"markdown prose w-full break-words dark:prose-invert dark\">\n<h3 data-start=\"0\" data-end=\"56\"><strong data-start=\"4\" data-end=\"54\">VDF Because The Night 2023 \u2013 Terre des Nus \ud83c\udf47\u2728<\/strong><\/h3>\n<p data-start=\"58\" data-end=\"329\">Une cuv\u00e9e po\u00e9tique et vibrante sign\u00e9e <strong data-start=\"96\" data-end=\"113\">Terre des Nus<\/strong>, domaine engag\u00e9 dans une viticulture <strong data-start=\"151\" data-end=\"181\">naturelle et sans intrants<\/strong>. <strong data-start=\"183\" data-end=\"211\">&#8220;Because The Night&#8221; 2023<\/strong> incarne l\u2019esprit libre et sauvage du <strong data-start=\"249\" data-end=\"266\">Vin de France<\/strong>, m\u00ealant <strong data-start=\"275\" data-end=\"326\">fra\u00eecheur, fruit \u00e9clatant et structure d\u00e9licate<\/strong>.<\/p>\n<p data-start=\"331\" data-end=\"536\">\ud83d\udcc5 <strong data-start=\"334\" data-end=\"347\">Mill\u00e9sime<\/strong> : 2023, lumineux et gourmand.<br data-start=\"377\" data-end=\"380\" \/>\ud83d\udccd <strong data-start=\"383\" data-end=\"393\">R\u00e9gion<\/strong> : <strong data-start=\"396\" data-end=\"413\" data-is-only-node=\"\">Vin de France<\/strong>.<br data-start=\"414\" data-end=\"417\" \/>\ud83c\udf47 <strong data-start=\"420\" data-end=\"430\">C\u00e9page<\/strong> : Assemblage expressif et digeste.<br data-start=\"465\" data-end=\"468\" \/>\ud83c\udf7e <strong data-start=\"471\" data-end=\"481\">Format<\/strong> : <strong data-start=\"484\" data-end=\"493\">75 cl<\/strong>.<br data-start=\"494\" data-end=\"497\" \/>% <strong data-start=\"499\" data-end=\"516\">Taux d\u2019alcool<\/strong> : <strong data-start=\"519\" data-end=\"534\">12,5 % vol.<\/strong><\/p>\n<p data-start=\"538\" data-end=\"738\">\ud83d\udc43 <strong data-start=\"541\" data-end=\"548\">Nez<\/strong> : Ar\u00f4mes intenses de <strong data-start=\"570\" data-end=\"626\">fruits rouges frais, notes florales et \u00e9pices douces<\/strong>.<br data-start=\"627\" data-end=\"630\" \/>\ud83d\udc44 <strong data-start=\"633\" data-end=\"643\" data-is-only-node=\"\">Bouche<\/strong> : <strong data-start=\"646\" data-end=\"671\">Juteuse et \u00e9quilibr\u00e9e<\/strong>, avec une belle tension min\u00e9rale et une finale finement poivr\u00e9e.<\/p>\n<p data-start=\"740\" data-end=\"838\" data-is-last-node=\"\" data-is-only-node=\"\">Un vin naturel, plein de caract\u00e8re et de fra\u00eecheur, parfait pour partager un moment convivial. \ud83c\udf77\u2728<\/p>\n<\/div>\n<\/div>\n<\/div>\n<\/div>\n","protected":false},"featured_media":631,"comment_status":"open","ping_status":"closed","template":"","meta":[],"product_brand":[],"product_cat":[152,155,26,279],"product_tag":[],"class_list":{"0":"post-265","1":"product","2":"type-product","3":"status-publish","4":"has-post-thumbnail","6":"product_cat-provence","7":"product_cat-vignerons-terre-des-nus","8":"product_cat-bouteilles-vins-blancs","9":"product_cat-vins-blancs-provence","12":"first","13":"instock","14":"shipping-taxable","15":"purchasable","16":"product-type-simple"},"_links":{"self":[{"href":"https:\/\/lerousseaugrenoble.fr\/boutique\/wp-json\/wp\/v2\/product\/265","targetHints":{"allow":["GET"]}}],"collection":[{"href":"https:\/\/lerousseaugrenoble.fr\/boutique\/wp-json\/wp\/v2\/product"}],"about":[{"href":"https:\/\/lerousseaugrenoble.fr\/boutique\/wp-json\/wp\/v2\/types\/product"}],"replies":[{"embeddable":true,"href":"https:\/\/lerousseaugrenoble.fr\/boutique\/wp-json\/wp\/v2\/comments?post=265"}],"version-history":[{"count":1,"href":"https:\/\/lerousseaugrenoble.fr\/boutique\/wp-json\/wp\/v2\/product\/265\/revisions"}],"predecessor-version":[{"id":25289,"href":"https:\/\/lerousseaugrenoble.fr\/boutique\/wp-json\/wp\/v2\/product\/265\/revisions\/25289"}],"wp:featuredmedia":[{"embeddable":true,"href":"https:\/\/lerousseaugrenoble.fr\/boutique\/wp-json\/wp\/v2\/media\/631"}],"wp:attachment":[{"href":"https:\/\/lerousseaugrenoble.fr\/boutique\/wp-json\/wp\/v2\/media?parent=265"}],"wp:term":[{"taxonomy":"product_brand","embeddable":true,"href":"https:\/\/lerousseaugrenoble.fr\/boutique\/wp-json\/wp\/v2\/product_brand?post=265"},{"taxonomy":"product_cat","embeddable":true,"href":"https:\/\/lerousseaugrenoble.fr\/boutique\/wp-json\/wp\/v2\/product_cat?post=265"},{"taxonomy":"product_tag","embeddable":true,"href":"https:\/\/lerousseaugrenoble.fr\/boutique\/wp-json\/wp\/v2\/product_tag?post=265"}],"curies":[{"name":"wp","href":"https:\/\/api.w.org\/{rel}","templated":true}]}}