{"id":264,"date":"2025-02-25T12:34:50","date_gmt":"2025-02-25T11:34:50","guid":{"rendered":"https:\/\/lerousseaugrenoble.fr\/boutique\/?post_type=product&#038;p=264"},"modified":"2025-05-09T13:43:12","modified_gmt":"2025-05-09T11:43:12","slug":"vdf-en-surface-le-temps-des-reveurs-2023","status":"publish","type":"product","link":"https:\/\/lerousseaugrenoble.fr\/boutique\/produit\/vdf-en-surface-le-temps-des-reveurs-2023\/","title":{"rendered":"VDF En Surface Le Temps des R\u00eaveurs 2023"},"content":{"rendered":"<h3 data-start=\"0\" data-end=\"56\"><strong data-start=\"4\" data-end=\"54\">VDF En Surface 2023 \u2013 Le Temps des R\u00eaveurs \ud83c\udf47\u2728<\/strong><\/h3>\n<p data-start=\"58\" data-end=\"381\"><strong data-start=\"58\" data-end=\"79\">&#8220;En Surface&#8221; 2023<\/strong> est une cuv\u00e9e vibrante et lumineuse sign\u00e9e <strong data-start=\"123\" data-end=\"147\">Le Temps des R\u00eaveurs<\/strong>, un domaine qui met \u00e0 l\u2019honneur une viticulture respectueuse du vivant. Issu d\u2019un travail minutieux \u00e0 la vigne et d\u2019une vinification naturelle, ce vin refl\u00e8te avec sinc\u00e9rit\u00e9 la richesse de son terroir et l\u2019expression pure du fruit.<\/p>\n<p data-start=\"383\" data-end=\"562\">Ce mill\u00e9sime 2023 s\u00e9duit par sa <strong data-start=\"415\" data-end=\"485\">fra\u00eecheur \u00e9clatante, sa finesse et son c\u00f4t\u00e9 d\u00e9licieusement digeste<\/strong>, offrant une exp\u00e9rience de d\u00e9gustation pleine d\u2019\u00e9nergie et de gourmandise.<\/p>\n<hr data-start=\"564\" data-end=\"569\" \/>\n<h3 data-start=\"571\" data-end=\"604\"><strong data-start=\"575\" data-end=\"602\">Caract\u00e9ristiques du Vin<\/strong><\/h3>\n<p data-start=\"606\" data-end=\"811\">\ud83d\udcc5 <strong data-start=\"609\" data-end=\"622\">Mill\u00e9sime<\/strong> : 2023, \u00e9clatant et dynamique.<br data-start=\"653\" data-end=\"656\" \/>\ud83d\udccd <strong data-start=\"659\" data-end=\"669\">R\u00e9gion<\/strong> : <strong data-start=\"672\" data-end=\"689\">Vin de France<\/strong>.<br data-start=\"690\" data-end=\"693\" \/>\ud83c\udf47 <strong data-start=\"696\" data-end=\"706\">C\u00e9page<\/strong> : Assemblage frais et aromatique.<br data-start=\"740\" data-end=\"743\" \/>\ud83c\udf7e <strong data-start=\"746\" data-end=\"756\">Format<\/strong> : <strong data-start=\"759\" data-end=\"768\">75 cl<\/strong>.<br data-start=\"769\" data-end=\"772\" \/>% <strong data-start=\"774\" data-end=\"791\">Taux d\u2019alcool<\/strong> : <strong data-start=\"794\" data-end=\"809\">12,5 % vol.<\/strong><\/p>\n<hr data-start=\"813\" data-end=\"818\" \/>\n<h3 data-start=\"820\" data-end=\"841\"><strong data-start=\"824\" data-end=\"839\">D\u00e9gustation<\/strong><\/h3>\n<p data-start=\"843\" data-end=\"984\">\ud83d\udc43 <strong data-start=\"846\" data-end=\"853\">Nez<\/strong> : Expressif et d\u00e9licat, d\u00e9voilant des <strong data-start=\"892\" data-end=\"981\">notes de petits fruits rouges croquants, fleurs blanches et une touche \u00e9pic\u00e9e subtile<\/strong>.<\/p>\n<p data-start=\"986\" data-end=\"1160\">\ud83d\udc44 <strong data-start=\"989\" data-end=\"999\">Bouche<\/strong> : <strong data-start=\"1002\" data-end=\"1021\">Juteuse et vive<\/strong>, avec une belle tension et une trame min\u00e9rale qui apporte \u00e9quilibre et profondeur. Finale rafra\u00eechissante aux accents l\u00e9g\u00e8rement salins.<\/p>\n<hr data-start=\"1162\" data-end=\"1167\" \/>\n<h3 data-start=\"1169\" data-end=\"1212\"><strong data-start=\"1173\" data-end=\"1210\">Un Vin Naturel, Libre et Gourmand<\/strong><\/h3>\n<p data-start=\"1214\" data-end=\"1515\" data-is-last-node=\"\" data-is-only-node=\"\">Avec sa <strong data-start=\"1222\" data-end=\"1269\">fra\u00eecheur \u00e9clatante et son caract\u00e8re a\u00e9rien<\/strong>, <strong data-start=\"1271\" data-end=\"1292\">&#8220;En Surface&#8221; 2023<\/strong> est une cuv\u00e9e <strong data-start=\"1307\" data-end=\"1334\">g\u00e9n\u00e9reuse et accessible<\/strong>, id\u00e9ale pour les amateurs de vins vivants et sinc\u00e8res. Un pur plaisir \u00e0 d\u00e9guster d\u00e8s aujourd\u2019hui, qui accompagnera \u00e0 merveille des moments conviviaux autour d\u2019une belle table ! \ud83c\udf77\u2728<\/p>\n","protected":false},"excerpt":{"rendered":"<h3 data-start=\"0\" data-end=\"56\"><strong data-start=\"4\" data-end=\"54\">VDF En Surface 2023 \u2013 Le Temps des R\u00eaveurs \ud83c\udf47\u2728<\/strong><\/h3>\n<p data-start=\"58\" data-end=\"345\">Un vin vivant et authentique sign\u00e9 <strong data-start=\"93\" data-end=\"117\">Le Temps des R\u00eaveurs<\/strong>, domaine engag\u00e9 dans une viticulture naturelle. <strong data-start=\"166\" data-end=\"187\">&#8220;En Surface&#8221; 2023<\/strong> exprime toute la fra\u00eecheur et la gourmandise de son terroir, avec une approche artisanale et minimaliste qui sublime l&#8217;\u00e9quilibre entre fruit et min\u00e9ralit\u00e9.<\/p>\n<p data-start=\"347\" data-end=\"551\">\ud83d\udcc5 <strong data-start=\"350\" data-end=\"363\">Mill\u00e9sime<\/strong> : 2023, vibrant et expressif.<br data-start=\"393\" data-end=\"396\" \/>\ud83d\udccd <strong data-start=\"399\" data-end=\"409\">R\u00e9gion<\/strong> : <strong data-start=\"412\" data-end=\"429\" data-is-only-node=\"\">Vin de France<\/strong>.<br data-start=\"430\" data-end=\"433\" \/>\ud83c\udf47 <strong data-start=\"436\" data-end=\"446\">C\u00e9page<\/strong> : Assemblage frais et aromatique.<br data-start=\"480\" data-end=\"483\" \/>\ud83c\udf7e <strong data-start=\"486\" data-end=\"496\">Format<\/strong> : <strong data-start=\"499\" data-end=\"508\">75 cl<\/strong>.<br data-start=\"509\" data-end=\"512\" \/>% <strong data-start=\"514\" data-end=\"531\">Taux d\u2019alcool<\/strong> : <strong data-start=\"534\" data-end=\"549\">12,5 % vol.<\/strong><\/p>\n<p data-start=\"553\" data-end=\"747\">\ud83d\udc43 <strong data-start=\"556\" data-end=\"563\">Nez<\/strong> : Ar\u00f4mes \u00e9clatants de <strong data-start=\"586\" data-end=\"646\">fruits rouges croquants, notes florales et touche \u00e9pic\u00e9e<\/strong>.<br data-start=\"647\" data-end=\"650\" \/>\ud83d\udc44 <strong data-start=\"653\" data-end=\"663\" data-is-only-node=\"\">Bouche<\/strong> : <strong data-start=\"666\" data-end=\"688\">Fra\u00eeche et juteuse<\/strong>, avec une belle tension et une finale l\u00e9g\u00e8rement saline.<\/p>\n<p data-start=\"749\" data-end=\"836\" data-is-last-node=\"\" data-is-only-node=\"\">Un vin libre, gourmand et lumineux, parfait pour les amateurs de cuv\u00e9es naturelles. \ud83c\udf77\u2728<\/p>\n","protected":false},"featured_media":636,"comment_status":"open","ping_status":"closed","template":"","meta":[],"product_brand":[],"product_cat":[154,152,26,279],"product_tag":[],"class_list":{"0":"post-264","1":"product","2":"type-product","3":"status-publish","4":"has-post-thumbnail","6":"product_cat-vignerons-le-temps-des-reveurs","7":"product_cat-provence","8":"product_cat-bouteilles-vins-blancs","9":"product_cat-vins-blancs-provence","12":"first","13":"instock","14":"shipping-taxable","15":"purchasable","16":"product-type-simple"},"_links":{"self":[{"href":"https:\/\/lerousseaugrenoble.fr\/boutique\/wp-json\/wp\/v2\/product\/264","targetHints":{"allow":["GET"]}}],"collection":[{"href":"https:\/\/lerousseaugrenoble.fr\/boutique\/wp-json\/wp\/v2\/product"}],"about":[{"href":"https:\/\/lerousseaugrenoble.fr\/boutique\/wp-json\/wp\/v2\/types\/product"}],"replies":[{"embeddable":true,"href":"https:\/\/lerousseaugrenoble.fr\/boutique\/wp-json\/wp\/v2\/comments?post=264"}],"version-history":[{"count":1,"href":"https:\/\/lerousseaugrenoble.fr\/boutique\/wp-json\/wp\/v2\/product\/264\/revisions"}],"predecessor-version":[{"id":25290,"href":"https:\/\/lerousseaugrenoble.fr\/boutique\/wp-json\/wp\/v2\/product\/264\/revisions\/25290"}],"wp:featuredmedia":[{"embeddable":true,"href":"https:\/\/lerousseaugrenoble.fr\/boutique\/wp-json\/wp\/v2\/media\/636"}],"wp:attachment":[{"href":"https:\/\/lerousseaugrenoble.fr\/boutique\/wp-json\/wp\/v2\/media?parent=264"}],"wp:term":[{"taxonomy":"product_brand","embeddable":true,"href":"https:\/\/lerousseaugrenoble.fr\/boutique\/wp-json\/wp\/v2\/product_brand?post=264"},{"taxonomy":"product_cat","embeddable":true,"href":"https:\/\/lerousseaugrenoble.fr\/boutique\/wp-json\/wp\/v2\/product_cat?post=264"},{"taxonomy":"product_tag","embeddable":true,"href":"https:\/\/lerousseaugrenoble.fr\/boutique\/wp-json\/wp\/v2\/product_tag?post=264"}],"curies":[{"name":"wp","href":"https:\/\/api.w.org\/{rel}","templated":true}]}}