{"id":262,"date":"2025-02-25T12:30:35","date_gmt":"2025-02-25T11:30:35","guid":{"rendered":"https:\/\/lerousseaugrenoble.fr\/boutique\/?post_type=product&#038;p=262"},"modified":"2025-05-09T13:44:14","modified_gmt":"2025-05-09T11:44:14","slug":"pays-de-lherault-mas-jullien-2019","status":"publish","type":"product","link":"https:\/\/lerousseaugrenoble.fr\/boutique\/produit\/pays-de-lherault-mas-jullien-2019\/","title":{"rendered":"Pays de l\u2019Herault Mas Jullien 2021"},"content":{"rendered":"<h3 data-start=\"0\" data-end=\"50\"><strong data-start=\"4\" data-end=\"48\">Pays de l\u2019H\u00e9rault 2021\u2013 Mas Jullien \ud83c\udf47\u2728<\/strong><\/h3>\n<p data-start=\"52\" data-end=\"387\">R\u00e9f\u00e9rence incontournable du <strong data-start=\"80\" data-end=\"93\">Languedoc<\/strong>, <strong data-start=\"95\" data-end=\"110\">Mas Jullien<\/strong> signe ici un grand vin du <strong data-start=\"137\" data-end=\"158\">Pays de l\u2019H\u00e9rault<\/strong>, issu d\u2019un assemblage de c\u00e9pages m\u00e9diterran\u00e9ens sublimant la richesse de son terroir. <strong data-start=\"245\" data-end=\"264\">Olivier Jullien<\/strong>, vigneron visionnaire, \u00e9labore des vins d\u2019une <strong data-start=\"311\" data-end=\"384\">grande finesse et d\u2019un parfait \u00e9quilibre entre puissance et fra\u00eecheur<\/strong>.<\/p>\n<hr data-start=\"389\" data-end=\"394\" \/>\n<h3 data-start=\"396\" data-end=\"429\"><strong data-start=\"400\" data-end=\"427\">Caract\u00e9ristiques du Vin<\/strong><\/h3>\n<p data-start=\"431\" data-end=\"677\">\ud83d\udcc5 <strong data-start=\"434\" data-end=\"447\">Mill\u00e9sime<\/strong> : 2021, solaire et structur\u00e9.<br data-start=\"477\" data-end=\"480\" \/>\ud83d\udccd <strong data-start=\"483\" data-end=\"493\">R\u00e9gion<\/strong> : <strong data-start=\"496\" data-end=\"528\">Languedoc, Pays de l\u2019H\u00e9rault<\/strong>.<br data-start=\"529\" data-end=\"532\" \/>\ud83c\udf47 <strong data-start=\"535\" data-end=\"546\">C\u00e9pages<\/strong> : Assemblage m\u00e9diterran\u00e9en, alliant profondeur et \u00e9l\u00e9gance.<br data-start=\"606\" data-end=\"609\" \/>\ud83c\udf7e <strong data-start=\"612\" data-end=\"622\">Format<\/strong> : <strong data-start=\"625\" data-end=\"634\">75 cl<\/strong>.<br data-start=\"635\" data-end=\"638\" data-is-only-node=\"\" \/>% <strong data-start=\"640\" data-end=\"657\">Taux d\u2019alcool<\/strong> : <strong data-start=\"660\" data-end=\"675\">14,5 % vol.<\/strong><\/p>\n<hr data-start=\"679\" data-end=\"684\" \/>\n<h3 data-start=\"686\" data-end=\"707\"><strong data-start=\"690\" data-end=\"705\">D\u00e9gustation<\/strong><\/h3>\n<p data-start=\"709\" data-end=\"845\">\ud83d\udc43 <strong data-start=\"712\" data-end=\"719\">Nez<\/strong> : Intense et complexe, avec des <strong data-start=\"752\" data-end=\"842\">notes de fruits noirs m\u00fbrs, \u00e9pices douces, garrigue, tabac et une belle trame min\u00e9rale<\/strong>.<\/p>\n<p data-start=\"847\" data-end=\"991\">\ud83d\udc44 <strong data-start=\"850\" data-end=\"860\">Bouche<\/strong> : Ample et profonde, avec des <strong data-start=\"891\" data-end=\"937\">tanins soyeux et une fra\u00eecheur remarquable<\/strong>. La finale est longue, \u00e9l\u00e9gante et finement \u00e9pic\u00e9e.<\/p>\n<hr data-start=\"993\" data-end=\"998\" \/>\n<h3 data-start=\"1000\" data-end=\"1063\"><strong data-start=\"1004\" data-end=\"1061\">Un Grand Vin du Languedoc, Entre \u00c9quilibre et Terroir<\/strong><\/h3>\n<p data-start=\"1065\" data-end=\"1352\" data-is-last-node=\"\" data-is-only-node=\"\">Ce <strong data-start=\"1068\" data-end=\"1088\">Mas Jullien 2021<\/strong>\u00a0illustre parfaitement la capacit\u00e9 du <strong data-start=\"1126\" data-end=\"1139\">Languedoc<\/strong> \u00e0 produire des vins rac\u00e9s et raffin\u00e9s. <strong data-start=\"1179\" data-end=\"1215\">Complexe et taill\u00e9 pour la garde<\/strong>, il s\u00e9duira les amateurs de grands rouges m\u00e9diterran\u00e9ens, offrant une <strong data-start=\"1286\" data-end=\"1347\">expression authentique et ma\u00eetris\u00e9e du terroir h\u00e9raultais<\/strong>. \ud83c\udf77\u2728<\/p>\n","protected":false},"excerpt":{"rendered":"<h3 data-start=\"0\" data-end=\"50\"><strong data-start=\"4\" data-end=\"48\">Pays de l\u2019H\u00e9rault 2021\u2013 Mas Jullien \ud83c\udf47\u2728<\/strong><\/h3>\n<p data-start=\"52\" data-end=\"170\">R\u00e9f\u00e9rence du <strong data-start=\"65\" data-end=\"78\">Languedoc<\/strong>, <strong data-start=\"80\" data-end=\"95\">Mas Jullien<\/strong> signe un vin d\u2019exception, alliant <strong data-start=\"130\" data-end=\"167\">profondeur, fra\u00eecheur et \u00e9l\u00e9gance<\/strong>.<\/p>\n<p data-start=\"172\" data-end=\"386\">\ud83d\udcc5 <strong data-start=\"175\" data-end=\"188\">Mill\u00e9sime<\/strong> : 2021, solaire et \u00e9quilibr\u00e9.<br data-start=\"218\" data-end=\"221\" \/>\ud83d\udccd <strong data-start=\"224\" data-end=\"234\">R\u00e9gion<\/strong> : <strong data-start=\"237\" data-end=\"269\" data-is-only-node=\"\">Languedoc, Pays de l\u2019H\u00e9rault<\/strong>.<br data-start=\"270\" data-end=\"273\" \/>\ud83c\udf47 <strong data-start=\"276\" data-end=\"287\">C\u00e9pages<\/strong> : Assemblage m\u00e9diterran\u00e9en.<br data-start=\"315\" data-end=\"318\" \/>\ud83c\udf7e <strong data-start=\"321\" data-end=\"331\">Format<\/strong> : <strong data-start=\"334\" data-end=\"343\">75 cl<\/strong>.<br data-start=\"344\" data-end=\"347\" \/>% <strong data-start=\"349\" data-end=\"366\">Taux d\u2019alcool<\/strong> : <strong data-start=\"369\" data-end=\"384\">14,5 % vol.<\/strong><\/p>\n<p data-start=\"388\" data-end=\"521\">\ud83d\udc43 <strong data-start=\"391\" data-end=\"398\">Nez<\/strong> : Notes de <strong data-start=\"410\" data-end=\"453\">fruits noirs, \u00e9pices, garrigue et tabac<\/strong>.<br data-start=\"454\" data-end=\"457\" \/>\ud83d\udc44 <strong data-start=\"460\" data-end=\"470\" data-is-only-node=\"\">Bouche<\/strong> : <strong data-start=\"473\" data-end=\"493\">Ample et soyeuse<\/strong>, finale longue et \u00e9pic\u00e9e.<\/p>\n<p data-start=\"523\" data-end=\"595\" data-is-last-node=\"\" data-is-only-node=\"\">Un <strong data-start=\"526\" data-end=\"555\">grand rouge m\u00e9diterran\u00e9en<\/strong>, \u00e9quilibr\u00e9 et taill\u00e9 pour la garde. \ud83c\udf77\u2728<\/p>\n","protected":false},"featured_media":25123,"comment_status":"open","ping_status":"closed","template":"","meta":[],"product_brand":[],"product_cat":[159,160,26,277],"product_tag":[],"class_list":{"0":"post-262","1":"product","2":"type-product","3":"status-publish","4":"has-post-thumbnail","6":"product_cat-languedoc","7":"product_cat-vignerons-mas-julien","8":"product_cat-bouteilles-vins-blancs","9":"product_cat-vins-blancs-languedoc","12":"first","13":"instock","14":"sold-individually","15":"shipping-taxable","16":"purchasable","17":"product-type-simple"},"_links":{"self":[{"href":"https:\/\/lerousseaugrenoble.fr\/boutique\/wp-json\/wp\/v2\/product\/262","targetHints":{"allow":["GET"]}}],"collection":[{"href":"https:\/\/lerousseaugrenoble.fr\/boutique\/wp-json\/wp\/v2\/product"}],"about":[{"href":"https:\/\/lerousseaugrenoble.fr\/boutique\/wp-json\/wp\/v2\/types\/product"}],"replies":[{"embeddable":true,"href":"https:\/\/lerousseaugrenoble.fr\/boutique\/wp-json\/wp\/v2\/comments?post=262"}],"version-history":[{"count":2,"href":"https:\/\/lerousseaugrenoble.fr\/boutique\/wp-json\/wp\/v2\/product\/262\/revisions"}],"predecessor-version":[{"id":25124,"href":"https:\/\/lerousseaugrenoble.fr\/boutique\/wp-json\/wp\/v2\/product\/262\/revisions\/25124"}],"wp:featuredmedia":[{"embeddable":true,"href":"https:\/\/lerousseaugrenoble.fr\/boutique\/wp-json\/wp\/v2\/media\/25123"}],"wp:attachment":[{"href":"https:\/\/lerousseaugrenoble.fr\/boutique\/wp-json\/wp\/v2\/media?parent=262"}],"wp:term":[{"taxonomy":"product_brand","embeddable":true,"href":"https:\/\/lerousseaugrenoble.fr\/boutique\/wp-json\/wp\/v2\/product_brand?post=262"},{"taxonomy":"product_cat","embeddable":true,"href":"https:\/\/lerousseaugrenoble.fr\/boutique\/wp-json\/wp\/v2\/product_cat?post=262"},{"taxonomy":"product_tag","embeddable":true,"href":"https:\/\/lerousseaugrenoble.fr\/boutique\/wp-json\/wp\/v2\/product_tag?post=262"}],"curies":[{"name":"wp","href":"https:\/\/api.w.org\/{rel}","templated":true}]}}