{"id":261,"date":"2025-02-25T12:28:21","date_gmt":"2025-02-25T11:28:21","guid":{"rendered":"https:\/\/lerousseaugrenoble.fr\/boutique\/?post_type=product&#038;p=261"},"modified":"2025-05-09T13:44:46","modified_gmt":"2025-05-09T11:44:46","slug":"savennieres-jean-claude-taddei-2022","status":"publish","type":"product","link":"https:\/\/lerousseaugrenoble.fr\/boutique\/produit\/savennieres-jean-claude-taddei-2022\/","title":{"rendered":"Savenni\u00e8res Jean Claude Taddei 2022"},"content":{"rendered":"<div class=\"flex max-w-full flex-col flex-grow\">\n<div class=\"min-h-8 text-message relative flex w-full flex-col items-end gap-2 whitespace-normal break-words text-start [.text-message+&amp;]:mt-5\" dir=\"auto\" data-message-author-role=\"assistant\" data-message-id=\"d69fa22f-60aa-4f30-a0ff-4bbecddae31c\" data-message-model-slug=\"gpt-4o\">\n<div class=\"flex w-full flex-col gap-1 empty:hidden first:pt-[3px]\">\n<div class=\"markdown prose w-full break-words dark:prose-invert dark\">\n<h3 data-start=\"0\" data-end=\"51\"><strong data-start=\"4\" data-end=\"49\">Savenni\u00e8res 2022 \u2013 Jean-Claude Taddei \ud83c\udf47\u2728<\/strong><\/h3>\n<p data-start=\"53\" data-end=\"460\">Ce <strong data-start=\"56\" data-end=\"76\">Savenni\u00e8res 2022<\/strong>, sign\u00e9 <strong data-start=\"84\" data-end=\"106\">Jean-Claude Taddei<\/strong>, est une v\u00e9ritable expression du <strong data-start=\"140\" data-end=\"156\">Chenin Blanc<\/strong> sur un terroir de <strong data-start=\"175\" data-end=\"187\">schistes<\/strong>. Situ\u00e9 en <strong data-start=\"198\" data-end=\"207\">Loire<\/strong>, ce vignoble prestigieux donne naissance \u00e0 des vins d\u2019une grande <strong data-start=\"273\" data-end=\"310\">min\u00e9ralit\u00e9 et d\u2019une \u00e9l\u00e9gance rare<\/strong>. Gr\u00e2ce \u00e0 un travail minutieux \u00e0 la vigne et en cave, ce mill\u00e9sime offre un parfait \u00e9quilibre entre <strong data-start=\"410\" data-end=\"457\">fra\u00eecheur, tension et profondeur aromatique<\/strong>.<\/p>\n<hr data-start=\"462\" data-end=\"467\" \/>\n<h3 data-start=\"469\" data-end=\"502\"><strong data-start=\"473\" data-end=\"500\">Caract\u00e9ristiques du Vin<\/strong><\/h3>\n<p data-start=\"504\" data-end=\"718\">\ud83d\udcc5 <strong data-start=\"507\" data-end=\"520\">Mill\u00e9sime<\/strong> : 2022, frais et lumineux.<br data-start=\"547\" data-end=\"550\" \/>\ud83d\udccd <strong data-start=\"553\" data-end=\"563\">R\u00e9gion<\/strong> : <strong data-start=\"566\" data-end=\"588\">Loire, Savenni\u00e8res<\/strong>.<br data-start=\"589\" data-end=\"592\" \/>\ud83c\udf47 <strong data-start=\"595\" data-end=\"605\">C\u00e9page<\/strong> : <strong data-start=\"608\" data-end=\"624\">Chenin Blanc<\/strong>, structur\u00e9 et vibrant.<br data-start=\"647\" data-end=\"650\" \/>\ud83c\udf7e <strong data-start=\"653\" data-end=\"663\">Format<\/strong> : <strong data-start=\"666\" data-end=\"675\" data-is-only-node=\"\">75 cl<\/strong>.<br data-start=\"676\" data-end=\"679\" \/>% <strong data-start=\"681\" data-end=\"698\">Taux d\u2019alcool<\/strong> : <strong data-start=\"701\" data-end=\"716\">13,5 % vol.<\/strong><\/p>\n<hr data-start=\"720\" data-end=\"725\" \/>\n<h3 data-start=\"727\" data-end=\"748\"><strong data-start=\"731\" data-end=\"746\">D\u00e9gustation<\/strong><\/h3>\n<p data-start=\"750\" data-end=\"930\">\ud83d\udc43 <strong data-start=\"753\" data-end=\"760\">Nez<\/strong> : Expressif et raffin\u00e9, il r\u00e9v\u00e8le des <strong data-start=\"799\" data-end=\"927\">notes de fleurs blanches, agrumes (citron, pamplemousse), fruits jaunes m\u00fbrs (p\u00eache, mirabelle) et une touche min\u00e9rale fum\u00e9e<\/strong>.<\/p>\n<p data-start=\"932\" data-end=\"1154\">\ud83d\udc44 <strong data-start=\"935\" data-end=\"945\">Bouche<\/strong> : Attaque vive et cisel\u00e9e, avec une superbe <strong data-start=\"990\" data-end=\"1010\">tension min\u00e9rale<\/strong>. La structure ample et \u00e9l\u00e9gante se prolonge sur une finale <strong data-start=\"1070\" data-end=\"1101\">saline et l\u00e9g\u00e8rement \u00e9pic\u00e9e<\/strong>, signature des grands terroirs de <strong data-start=\"1136\" data-end=\"1151\">Savenni\u00e8res<\/strong>.<\/p>\n<hr data-start=\"1156\" data-end=\"1161\" \/>\n<h3 data-start=\"1163\" data-end=\"1225\"><strong data-start=\"1167\" data-end=\"1223\">Un Grand Vin de Loire, Entre Fra\u00eecheur et Profondeur<\/strong><\/h3>\n<p data-start=\"1227\" data-end=\"1602\" data-is-last-node=\"\" data-is-only-node=\"\">Avec ce <strong data-start=\"1235\" data-end=\"1255\">Savenni\u00e8res 2022<\/strong>, <strong data-start=\"1257\" data-end=\"1279\">Jean-Claude Taddei<\/strong> livre un vin \u00e0 la fois <strong data-start=\"1303\" data-end=\"1324\">pr\u00e9cis et vibrant<\/strong>, o\u00f9 la puissance du terroir rencontre une vinification soign\u00e9e. Ce <strong data-start=\"1392\" data-end=\"1421\">Chenin Blanc de caract\u00e8re<\/strong> se distinguera aussi bien aujourd\u2019hui que dans plusieurs ann\u00e9es, gr\u00e2ce \u00e0 son potentiel de garde. Une bouteille incontournable pour les amateurs de <strong data-start=\"1569\" data-end=\"1597\">blancs min\u00e9raux et rac\u00e9s<\/strong>. \ud83c\udf77\u2728<\/p>\n<\/div>\n<\/div>\n<\/div>\n<\/div>\n","protected":false},"excerpt":{"rendered":"<h3 data-start=\"0\" data-end=\"51\"><strong data-start=\"4\" data-end=\"49\">Savenni\u00e8res 2022 \u2013 Jean-Claude Taddei \ud83c\udf47\u2728<\/strong><\/h3>\n<p data-start=\"53\" data-end=\"274\">Un <strong data-start=\"56\" data-end=\"72\">Chenin Blanc<\/strong> de caract\u00e8re issu des terroirs d\u2019exception de <strong data-start=\"119\" data-end=\"134\">Savenni\u00e8res<\/strong>, sign\u00e9 <strong data-start=\"142\" data-end=\"164\">Jean-Claude Taddei<\/strong>. Ce vin exprime avec pr\u00e9cision la richesse des sols <strong data-start=\"217\" data-end=\"230\">schisteux<\/strong> et l\u2019\u00e9l\u00e9gance d\u2019une vinification soign\u00e9e.<\/p>\n<p data-start=\"276\" data-end=\"489\">\ud83d\udcc5 <strong data-start=\"279\" data-end=\"292\">Mill\u00e9sime<\/strong> : 2022, frais et \u00e9quilibr\u00e9.<br data-start=\"320\" data-end=\"323\" \/>\ud83d\udccd <strong data-start=\"326\" data-end=\"336\">R\u00e9gion<\/strong> : <strong data-start=\"339\" data-end=\"361\" data-is-only-node=\"\">Loire, Savenni\u00e8res<\/strong>.<br data-start=\"362\" data-end=\"365\" \/>\ud83c\udf47 <strong data-start=\"368\" data-end=\"378\">C\u00e9page<\/strong> : <strong data-start=\"381\" data-end=\"397\">Chenin Blanc<\/strong>, vibrant et min\u00e9ral.<br data-start=\"418\" data-end=\"421\" \/>\ud83c\udf7e <strong data-start=\"424\" data-end=\"434\">Format<\/strong> : <strong data-start=\"437\" data-end=\"446\">75 cl<\/strong>.<br data-start=\"447\" data-end=\"450\" \/>% <strong data-start=\"452\" data-end=\"469\">Taux d\u2019alcool<\/strong> : <strong data-start=\"472\" data-end=\"487\">13,5 % vol.<\/strong><\/p>\n<p data-start=\"491\" data-end=\"738\">\ud83d\udc43 <strong data-start=\"494\" data-end=\"501\">Nez<\/strong> : Belle intensit\u00e9 aromatique avec des <strong data-start=\"540\" data-end=\"626\">notes de fleurs blanches, fruits \u00e0 chair jaune, agrumes et fines touches min\u00e9rales<\/strong>.<br data-start=\"627\" data-end=\"630\" \/>\ud83d\udc44 <strong data-start=\"633\" data-end=\"643\" data-is-only-node=\"\">Bouche<\/strong> : <strong data-start=\"646\" data-end=\"668\">\u00c9l\u00e9gante et tendue<\/strong>, mariant fra\u00eecheur et profondeur, avec une finale longue et saline.<\/p>\n<p data-start=\"740\" data-end=\"844\" data-is-last-node=\"\" data-is-only-node=\"\">Un <strong data-start=\"743\" data-end=\"777\">Savenni\u00e8res pur et authentique<\/strong>, parfait pour d\u00e9couvrir le savoir-faire de Jean-Claude Taddei. \ud83c\udf77\u2728<\/p>\n","protected":false},"featured_media":25223,"comment_status":"open","ping_status":"closed","template":"","meta":[],"product_brand":[],"product_cat":[174,26,275],"product_tag":[],"class_list":{"0":"post-261","1":"product","2":"type-product","3":"status-publish","4":"has-post-thumbnail","6":"product_cat-loire","7":"product_cat-bouteilles-vins-blancs","8":"product_cat-vins-blancs-loire","11":"first","12":"instock","13":"shipping-taxable","14":"purchasable","15":"product-type-simple"},"_links":{"self":[{"href":"https:\/\/lerousseaugrenoble.fr\/boutique\/wp-json\/wp\/v2\/product\/261","targetHints":{"allow":["GET"]}}],"collection":[{"href":"https:\/\/lerousseaugrenoble.fr\/boutique\/wp-json\/wp\/v2\/product"}],"about":[{"href":"https:\/\/lerousseaugrenoble.fr\/boutique\/wp-json\/wp\/v2\/types\/product"}],"replies":[{"embeddable":true,"href":"https:\/\/lerousseaugrenoble.fr\/boutique\/wp-json\/wp\/v2\/comments?post=261"}],"version-history":[{"count":1,"href":"https:\/\/lerousseaugrenoble.fr\/boutique\/wp-json\/wp\/v2\/product\/261\/revisions"}],"predecessor-version":[{"id":25225,"href":"https:\/\/lerousseaugrenoble.fr\/boutique\/wp-json\/wp\/v2\/product\/261\/revisions\/25225"}],"wp:featuredmedia":[{"embeddable":true,"href":"https:\/\/lerousseaugrenoble.fr\/boutique\/wp-json\/wp\/v2\/media\/25223"}],"wp:attachment":[{"href":"https:\/\/lerousseaugrenoble.fr\/boutique\/wp-json\/wp\/v2\/media?parent=261"}],"wp:term":[{"taxonomy":"product_brand","embeddable":true,"href":"https:\/\/lerousseaugrenoble.fr\/boutique\/wp-json\/wp\/v2\/product_brand?post=261"},{"taxonomy":"product_cat","embeddable":true,"href":"https:\/\/lerousseaugrenoble.fr\/boutique\/wp-json\/wp\/v2\/product_cat?post=261"},{"taxonomy":"product_tag","embeddable":true,"href":"https:\/\/lerousseaugrenoble.fr\/boutique\/wp-json\/wp\/v2\/product_tag?post=261"}],"curies":[{"name":"wp","href":"https:\/\/api.w.org\/{rel}","templated":true}]}}