{"id":260,"date":"2025-02-25T12:24:18","date_gmt":"2025-02-25T11:24:18","guid":{"rendered":"https:\/\/lerousseaugrenoble.fr\/boutique\/?post_type=product&#038;p=260"},"modified":"2025-05-09T13:46:14","modified_gmt":"2025-05-09T11:46:14","slug":"la-coulee-de-serrant-nicolas-joly-la-coulee-de-serrant-2015","status":"publish","type":"product","link":"https:\/\/lerousseaugrenoble.fr\/boutique\/produit\/la-coulee-de-serrant-nicolas-joly-la-coulee-de-serrant-2015\/","title":{"rendered":"La Coul\u00e9e de Serrant Nicolas Joly &#8211; La Coul\u00e9e de Serrant 2015"},"content":{"rendered":"<div class=\"flex max-w-full flex-col flex-grow\">\n<div class=\"min-h-8 text-message relative flex w-full flex-col items-end gap-2 whitespace-normal break-words text-start [.text-message+&amp;]:mt-5\" dir=\"auto\" data-message-author-role=\"assistant\" data-message-id=\"c9525505-1aab-4064-abfb-2cd732c70f38\" data-message-model-slug=\"gpt-4o\">\n<div class=\"flex w-full flex-col gap-1 empty:hidden first:pt-[3px]\">\n<div class=\"markdown prose w-full break-words dark:prose-invert dark\">\n<h3 data-start=\"0\" data-end=\"54\"><strong data-start=\"4\" data-end=\"52\">La Coul\u00e9e de Serrant 2015 \u2013 Nicolas Joly \ud83c\udf47\u2728<\/strong><\/h3>\n<p data-start=\"56\" data-end=\"451\">Vin mythique de la Loire, <strong data-start=\"82\" data-end=\"111\">La Coul\u00e9e de Serrant 2015<\/strong> est une cuv\u00e9e d\u2019exception issue d\u2019un <strong data-start=\"149\" data-end=\"172\">monopole historique<\/strong> de <strong data-start=\"176\" data-end=\"190\">7 hectares<\/strong>, cultiv\u00e9 en <strong data-start=\"203\" data-end=\"229\">biodynamie depuis 1981<\/strong> par <strong data-start=\"234\" data-end=\"250\">Nicolas Joly<\/strong>. Ce <strong data-start=\"255\" data-end=\"271\">Chenin Blanc<\/strong> unique exprime avec force la richesse de son terroir de <strong data-start=\"328\" data-end=\"350\">schistes et quartz<\/strong>, offrant un vin d\u2019une <strong data-start=\"373\" data-end=\"413\">profondeur et d\u2019une complexit\u00e9 rares<\/strong>, taill\u00e9 pour une tr\u00e8s longue garde.<\/p>\n<hr data-start=\"453\" data-end=\"458\" \/>\n<h3 data-start=\"460\" data-end=\"493\"><strong data-start=\"464\" data-end=\"491\">Caract\u00e9ristiques du Vin<\/strong><\/h3>\n<p data-start=\"495\" data-end=\"727\">\ud83d\udcc5 <strong data-start=\"498\" data-end=\"511\">Mill\u00e9sime<\/strong> : 2015, solaire et intense.<br data-start=\"539\" data-end=\"542\" \/>\ud83d\udccd <strong data-start=\"545\" data-end=\"555\">R\u00e9gion<\/strong> : <strong data-start=\"558\" data-end=\"603\">Loire, Savenni\u00e8res \u2013 La Coul\u00e9e de Serrant<\/strong>.<br data-start=\"604\" data-end=\"607\" \/>\ud83c\udf47 <strong data-start=\"610\" data-end=\"620\">C\u00e9page<\/strong> : <strong data-start=\"623\" data-end=\"639\">Chenin Blanc<\/strong>, riche et vibrant.<br data-start=\"658\" data-end=\"661\" \/>\ud83c\udf7e <strong data-start=\"664\" data-end=\"674\">Format<\/strong> : <strong data-start=\"677\" data-end=\"686\" data-is-only-node=\"\">75 cl<\/strong>.<br data-start=\"687\" data-end=\"690\" \/>% <strong data-start=\"692\" data-end=\"709\">Taux d\u2019alcool<\/strong> : <strong data-start=\"712\" data-end=\"725\">15 % vol.<\/strong><\/p>\n<hr data-start=\"729\" data-end=\"734\" \/>\n<h3 data-start=\"736\" data-end=\"757\"><strong data-start=\"740\" data-end=\"755\">D\u00e9gustation<\/strong><\/h3>\n<p data-start=\"759\" data-end=\"923\">\ud83d\udc43 <strong data-start=\"762\" data-end=\"769\">Nez<\/strong> : Puissant et \u00e9volutif, avec des <strong data-start=\"803\" data-end=\"920\">notes de fruits jaunes m\u00fbrs (coing, mirabelle), miel, \u00e9pices douces, cire d\u2019abeille et une belle min\u00e9ralit\u00e9 fum\u00e9e<\/strong>.<\/p>\n<p data-start=\"925\" data-end=\"1133\">\ud83d\udc44 <strong data-start=\"928\" data-end=\"938\">Bouche<\/strong> : Ample et structur\u00e9e, port\u00e9e par une <strong data-start=\"977\" data-end=\"1004\">grande tension min\u00e9rale<\/strong> et une acidit\u00e9 vibrante. La richesse aromatique se prolonge sur une <strong data-start=\"1073\" data-end=\"1100\">finale saline et \u00e9pic\u00e9e<\/strong>, avec une superbe persistance.<\/p>\n<hr data-start=\"1135\" data-end=\"1140\" \/>\n<h3 data-start=\"1142\" data-end=\"1192\"><strong data-start=\"1146\" data-end=\"1190\">Un Grand Vin de Terroir et de M\u00e9ditation<\/strong><\/h3>\n<p data-start=\"1194\" data-end=\"1514\" data-is-last-node=\"\" data-is-only-node=\"\">La <strong data-start=\"1197\" data-end=\"1223\">Coul\u00e9e de Serrant 2015<\/strong> est un <strong data-start=\"1231\" data-end=\"1263\">chef-d&#8217;\u0153uvre du Chenin Blanc<\/strong>, un vin d\u2019\u00e9motion qui \u00e9voluera magnifiquement au fil des ann\u00e9es. <strong data-start=\"1329\" data-end=\"1373\">Intense, vibrant et profond\u00e9ment min\u00e9ral<\/strong>, il incarne l\u2019essence du travail visionnaire de <strong data-start=\"1422\" data-end=\"1438\">Nicolas Joly<\/strong>. Un vin <strong data-start=\"1447\" data-end=\"1462\">d\u2019exception<\/strong>, r\u00e9serv\u00e9 aux amateurs de grands blancs vivants. \ud83c\udf77\u2728<\/p>\n<\/div>\n<\/div>\n<\/div>\n<\/div>\n","protected":false},"excerpt":{"rendered":"<div class=\"flex max-w-full flex-col flex-grow\">\n<div class=\"min-h-8 text-message relative flex w-full flex-col items-end gap-2 whitespace-normal break-words text-start [.text-message+&amp;]:mt-5\" dir=\"auto\" data-message-author-role=\"assistant\" data-message-id=\"affc422e-147b-47c3-807e-b318ebce1a71\" data-message-model-slug=\"gpt-4o\">\n<div class=\"flex w-full flex-col gap-1 empty:hidden first:pt-[3px]\">\n<div class=\"markdown prose w-full break-words dark:prose-invert dark\">\n<h3 data-start=\"0\" data-end=\"54\"><strong data-start=\"4\" data-end=\"52\">La Coul\u00e9e de Serrant 2015 \u2013 Nicolas Joly \ud83c\udf47\u2728<\/strong><\/h3>\n<p data-start=\"56\" data-end=\"265\">Vin embl\u00e9matique de la <strong data-start=\"79\" data-end=\"88\">Loire<\/strong>, issu d\u2019un <strong data-start=\"100\" data-end=\"123\">monopole historique<\/strong> de 7 hectares cultiv\u00e9 en <strong data-start=\"149\" data-end=\"163\">biodynamie<\/strong>. Ce <strong data-start=\"168\" data-end=\"184\">Chenin Blanc<\/strong>profond et intense refl\u00e8te parfaitement son terroir de <strong data-start=\"240\" data-end=\"262\">schistes et quartz<\/strong>.<\/p>\n<p data-start=\"267\" data-end=\"503\">\ud83d\udcc5 <strong data-start=\"270\" data-end=\"283\">Mill\u00e9sime<\/strong> : 2015, solaire et puissant.<br data-start=\"312\" data-end=\"315\" \/>\ud83d\udccd <strong data-start=\"318\" data-end=\"328\">R\u00e9gion<\/strong> : <strong data-start=\"331\" data-end=\"376\" data-is-only-node=\"\">Loire, Savenni\u00e8res \u2013 La Coul\u00e9e de Serrant<\/strong>.<br data-start=\"377\" data-end=\"380\" \/>\ud83c\udf47 <strong data-start=\"383\" data-end=\"393\">C\u00e9page<\/strong> : <strong data-start=\"396\" data-end=\"412\">Chenin Blanc<\/strong>, complexe et vibrant.<br data-start=\"434\" data-end=\"437\" \/>\ud83c\udf7e <strong data-start=\"440\" data-end=\"450\">Format<\/strong> : <strong data-start=\"453\" data-end=\"462\">75 cl<\/strong>.<br data-start=\"463\" data-end=\"466\" \/>% <strong data-start=\"468\" data-end=\"485\">Taux d\u2019alcool<\/strong> : <strong data-start=\"488\" data-end=\"501\">15 % vol.<\/strong><\/p>\n<p data-start=\"505\" data-end=\"716\">\ud83d\udc43 <strong data-start=\"508\" data-end=\"515\">Nez<\/strong> : Ar\u00f4mes de <strong data-start=\"528\" data-end=\"600\">fruits jaunes m\u00fbrs, miel, \u00e9pices, cire d\u2019abeille et min\u00e9ralit\u00e9 fum\u00e9e<\/strong>.<br data-start=\"601\" data-end=\"604\" \/>\ud83d\udc44 <strong data-start=\"607\" data-end=\"617\" data-is-only-node=\"\">Bouche<\/strong> : <strong data-start=\"620\" data-end=\"639\">Ample et tendue<\/strong>, superbe \u00e9quilibre entre richesse aromatique et finale saline persistante.<\/p>\n<p data-start=\"718\" data-end=\"802\" data-is-last-node=\"\" data-is-only-node=\"\">Un <strong data-start=\"721\" data-end=\"743\">grand vin de garde<\/strong>, sign\u00e9 Nicolas Joly, \u00e0 la fois puissant et intemporel. \ud83c\udf77\u2728<\/p>\n<\/div>\n<\/div>\n<\/div>\n<\/div>\n","protected":false},"featured_media":484,"comment_status":"open","ping_status":"closed","template":"","meta":[],"product_brand":[],"product_cat":[174,26,275],"product_tag":[],"class_list":{"0":"post-260","1":"product","2":"type-product","3":"status-publish","4":"has-post-thumbnail","6":"product_cat-loire","7":"product_cat-bouteilles-vins-blancs","8":"product_cat-vins-blancs-loire","11":"first","12":"instock","13":"sold-individually","14":"shipping-taxable","15":"purchasable","16":"product-type-simple"},"_links":{"self":[{"href":"https:\/\/lerousseaugrenoble.fr\/boutique\/wp-json\/wp\/v2\/product\/260","targetHints":{"allow":["GET"]}}],"collection":[{"href":"https:\/\/lerousseaugrenoble.fr\/boutique\/wp-json\/wp\/v2\/product"}],"about":[{"href":"https:\/\/lerousseaugrenoble.fr\/boutique\/wp-json\/wp\/v2\/types\/product"}],"replies":[{"embeddable":true,"href":"https:\/\/lerousseaugrenoble.fr\/boutique\/wp-json\/wp\/v2\/comments?post=260"}],"version-history":[{"count":1,"href":"https:\/\/lerousseaugrenoble.fr\/boutique\/wp-json\/wp\/v2\/product\/260\/revisions"}],"predecessor-version":[{"id":25292,"href":"https:\/\/lerousseaugrenoble.fr\/boutique\/wp-json\/wp\/v2\/product\/260\/revisions\/25292"}],"wp:featuredmedia":[{"embeddable":true,"href":"https:\/\/lerousseaugrenoble.fr\/boutique\/wp-json\/wp\/v2\/media\/484"}],"wp:attachment":[{"href":"https:\/\/lerousseaugrenoble.fr\/boutique\/wp-json\/wp\/v2\/media?parent=260"}],"wp:term":[{"taxonomy":"product_brand","embeddable":true,"href":"https:\/\/lerousseaugrenoble.fr\/boutique\/wp-json\/wp\/v2\/product_brand?post=260"},{"taxonomy":"product_cat","embeddable":true,"href":"https:\/\/lerousseaugrenoble.fr\/boutique\/wp-json\/wp\/v2\/product_cat?post=260"},{"taxonomy":"product_tag","embeddable":true,"href":"https:\/\/lerousseaugrenoble.fr\/boutique\/wp-json\/wp\/v2\/product_tag?post=260"}],"curies":[{"name":"wp","href":"https:\/\/api.w.org\/{rel}","templated":true}]}}