{"id":257,"date":"2025-02-25T12:10:45","date_gmt":"2025-02-25T11:10:45","guid":{"rendered":"https:\/\/lerousseaugrenoble.fr\/boutique\/?post_type=product&#038;p=257"},"modified":"2025-05-09T13:49:46","modified_gmt":"2025-05-09T11:49:46","slug":"saumur-les-pouches-la-porte-saint-jean-2021","status":"publish","type":"product","link":"https:\/\/lerousseaugrenoble.fr\/boutique\/produit\/saumur-les-pouches-la-porte-saint-jean-2021\/","title":{"rendered":"Saumur Les Pouches La Porte Saint Jean 2021"},"content":{"rendered":"<div class=\"flex max-w-full flex-col flex-grow\">\n<div class=\"min-h-8 text-message relative flex w-full flex-col items-end gap-2 whitespace-normal break-words text-start [.text-message+&amp;]:mt-5\" dir=\"auto\" data-message-author-role=\"assistant\" data-message-id=\"fe85c774-9842-41bf-99a0-7fb028f81bda\" data-message-model-slug=\"gpt-4o\">\n<div class=\"flex w-full flex-col gap-1 empty:hidden first:pt-[3px]\">\n<div class=\"markdown prose w-full break-words dark:prose-invert dark\">\n<h3 data-start=\"0\" data-end=\"67\"><strong data-start=\"4\" data-end=\"65\">Saumur Les Pouches 2021 \u2013 Domaine La Porte Saint Jean \ud83c\udf47\u2728<\/strong><\/h3>\n<p data-start=\"69\" data-end=\"514\">Le <strong data-start=\"72\" data-end=\"99\">Saumur Les Pouches 2021<\/strong> du <strong data-start=\"103\" data-end=\"134\">Domaine La Porte Saint Jean<\/strong> est une magnifique interpr\u00e9tation du <strong data-start=\"172\" data-end=\"188\">Chenin Blanc<\/strong>, mettant en valeur le terroir calcaire de Saumur. Sous la houlette de Sylvain Ditti\u00e8re, ce vin incarne la <strong data-start=\"295\" data-end=\"334\">finesse, la puret\u00e9 et la min\u00e9ralit\u00e9<\/strong>, caract\u00e9ristiques des grands blancs lig\u00e9riens. Le mill\u00e9sime 2021, marqu\u00e9 par une belle fra\u00eecheur, offre un vin vibrant, pr\u00e9cis et taill\u00e9 pour la gastronomie comme pour la garde.<\/p>\n<hr data-start=\"516\" data-end=\"521\" \/>\n<h3 data-start=\"523\" data-end=\"556\"><strong data-start=\"527\" data-end=\"554\">Caract\u00e9ristiques du Vin<\/strong><\/h3>\n<p data-start=\"558\" data-end=\"764\">\ud83d\udcc5 <strong data-start=\"561\" data-end=\"574\">Mill\u00e9sime<\/strong> : 2021, frais et cisel\u00e9.<br data-start=\"599\" data-end=\"602\" \/>\ud83d\udccd <strong data-start=\"605\" data-end=\"615\">R\u00e9gion<\/strong> : <strong data-start=\"618\" data-end=\"635\">Loire, Saumur<\/strong>.<br data-start=\"636\" data-end=\"639\" \/>\ud83c\udf47 <strong data-start=\"642\" data-end=\"652\">C\u00e9page<\/strong> : <strong data-start=\"655\" data-end=\"671\">Chenin Blanc<\/strong>, lumineux et structur\u00e9.<br data-start=\"695\" data-end=\"698\" \/>\ud83c\udf7e <strong data-start=\"701\" data-end=\"711\">Format<\/strong> : <strong data-start=\"714\" data-end=\"723\" data-is-only-node=\"\">75 cl<\/strong>.<br data-start=\"724\" data-end=\"727\" \/>% <strong data-start=\"729\" data-end=\"746\">Taux d\u2019alcool<\/strong> : <strong data-start=\"749\" data-end=\"762\">13 % vol.<\/strong><\/p>\n<hr data-start=\"766\" data-end=\"771\" \/>\n<h3 data-start=\"773\" data-end=\"794\"><strong data-start=\"777\" data-end=\"792\">D\u00e9gustation<\/strong><\/h3>\n<p data-start=\"796\" data-end=\"989\">\ud83d\udc43 <strong data-start=\"799\" data-end=\"806\">Nez<\/strong> : D\u00e9licat et complexe, m\u00ealant des <strong data-start=\"841\" data-end=\"986\">notes d\u2019agrumes (citron, pamplemousse), de fruits blancs croquants (pomme, poire), de fleurs blanches et une subtile touche min\u00e9rale crayeuse<\/strong>.<\/p>\n<p data-start=\"991\" data-end=\"1319\">\ud83d\udc44 <strong data-start=\"994\" data-end=\"1004\">Bouche<\/strong> : <strong data-start=\"1007\" data-end=\"1033\">Attaque vive et tendue<\/strong>, d\u00e9voilant une <strong data-start=\"1049\" data-end=\"1108\">min\u00e9ralit\u00e9 tranchante et une belle acidit\u00e9 structurante<\/strong>. La texture est fine et soyeuse, avec une \u00e9volution subtile vers des notes l\u00e9g\u00e8rement miell\u00e9es. La <strong data-start=\"1208\" data-end=\"1249\">finale est longue, saline et vibrante<\/strong>, r\u00e9v\u00e9lant toute la puret\u00e9 du Chenin Blanc sur son terroir calcaire.<\/p>\n<hr data-start=\"1321\" data-end=\"1326\" \/>\n<h3 data-start=\"1328\" data-end=\"1375\"><strong data-start=\"1332\" data-end=\"1373\">Un Chenin d\u2019\u00c9quilibre et de Pr\u00e9cision<\/strong><\/h3>\n<p data-start=\"1377\" data-end=\"1771\" data-is-last-node=\"\" data-is-only-node=\"\">Le <strong data-start=\"1380\" data-end=\"1407\">Saumur Les Pouches 2021<\/strong> est un <strong data-start=\"1415\" data-end=\"1439\">grand blanc de Loire<\/strong>, qui conjugue <strong data-start=\"1454\" data-end=\"1481\">fra\u00eecheur et profondeur<\/strong>. Issu d\u2019une vinification naturelle et d\u2019un \u00e9levage soign\u00e9, il peut \u00eatre d\u00e9gust\u00e9 d\u00e8s aujourd\u2019hui pour sa <strong data-start=\"1586\" data-end=\"1621\">tension min\u00e9rale et sa vivacit\u00e9<\/strong>, mais saura aussi se bonifier avec quelques ann\u00e9es de garde. Un <strong data-start=\"1686\" data-end=\"1707\">Chenin Blanc rac\u00e9<\/strong>, reflet du savoir-faire du <strong data-start=\"1735\" data-end=\"1766\">Domaine La Porte Saint Jean<\/strong>. \ud83c\udf77\u2728<\/p>\n<\/div>\n<\/div>\n<\/div>\n<\/div>\n","protected":false},"excerpt":{"rendered":"<h3 data-start=\"0\" data-end=\"67\"><strong data-start=\"4\" data-end=\"65\">Saumur Les Pouches 2021 \u2013 Domaine La Porte Saint Jean \ud83c\udf47\u2728<\/strong><\/h3>\n<p data-start=\"69\" data-end=\"373\">Le <strong data-start=\"72\" data-end=\"99\">Saumur Les Pouches 2021<\/strong> du <strong data-start=\"103\" data-end=\"134\">Domaine La Porte Saint Jean<\/strong> est une expression pure et \u00e9l\u00e9gante du <strong data-start=\"174\" data-end=\"190\">Chenin Blanc<\/strong>, issu des terroirs calcaires de Saumur. Ce vin offre une <strong data-start=\"248\" data-end=\"274\">belle tension min\u00e9rale<\/strong>, une grande fra\u00eecheur et une aromatique raffin\u00e9e, typique du style pr\u00e9cis et naturel du domaine.<\/p>\n<p data-start=\"375\" data-end=\"584\">\ud83d\udcc5 <strong data-start=\"378\" data-end=\"391\">Mill\u00e9sime<\/strong> : 2021, frais et \u00e9quilibr\u00e9.<br data-start=\"419\" data-end=\"422\" \/>\ud83d\udccd <strong data-start=\"425\" data-end=\"435\">R\u00e9gion<\/strong> : <strong data-start=\"438\" data-end=\"455\" data-is-only-node=\"\">Loire, Saumur<\/strong>.<br data-start=\"456\" data-end=\"459\" \/>\ud83c\udf47 <strong data-start=\"462\" data-end=\"472\">C\u00e9page<\/strong> : <strong data-start=\"475\" data-end=\"491\">Chenin Blanc<\/strong>, vibrant et cristallin.<br data-start=\"515\" data-end=\"518\" \/>\ud83c\udf7e <strong data-start=\"521\" data-end=\"531\">Format<\/strong> : <strong data-start=\"534\" data-end=\"543\">75 cl<\/strong>.<br data-start=\"544\" data-end=\"547\" \/>% <strong data-start=\"549\" data-end=\"566\">Taux d\u2019alcool<\/strong> : <strong data-start=\"569\" data-end=\"582\">13 % vol.<\/strong><\/p>\n<p data-start=\"586\" data-end=\"815\">\ud83d\udc43 <strong data-start=\"589\" data-end=\"596\">Nez<\/strong> : Notes d\u2019<strong data-start=\"607\" data-end=\"668\">agrumes, de fruits blancs croquants et de fleurs blanches<\/strong>, avec une touche min\u00e9rale crayeuse.<br data-start=\"704\" data-end=\"707\" \/>\ud83d\udc44 <strong data-start=\"710\" data-end=\"720\" data-is-only-node=\"\">Bouche<\/strong> : <strong data-start=\"723\" data-end=\"744\">Fra\u00eeche et tendue<\/strong>, belle acidit\u00e9, texture cisel\u00e9e et <strong data-start=\"780\" data-end=\"812\">finale saline et persistante<\/strong>.<\/p>\n<p data-start=\"817\" data-end=\"921\" data-is-last-node=\"\" data-is-only-node=\"\">Un <strong data-start=\"820\" data-end=\"849\">Saumur pr\u00e9cis et lumineux<\/strong>, id\u00e9al \u00e0 d\u00e9guster d\u00e8s maintenant ou apr\u00e8s quelques ann\u00e9es de garde. \ud83c\udf77\u2728<\/p>\n","protected":false},"featured_media":528,"comment_status":"open","ping_status":"closed","template":"","meta":[],"product_brand":[],"product_cat":[183,174,26,275],"product_tag":[],"class_list":{"0":"post-257","1":"product","2":"type-product","3":"status-publish","4":"has-post-thumbnail","6":"product_cat-vignerons-la-porte-saint-jean","7":"product_cat-loire","8":"product_cat-bouteilles-vins-blancs","9":"product_cat-vins-blancs-loire","12":"first","13":"instock","14":"sold-individually","15":"shipping-taxable","16":"purchasable","17":"product-type-simple"},"_links":{"self":[{"href":"https:\/\/lerousseaugrenoble.fr\/boutique\/wp-json\/wp\/v2\/product\/257","targetHints":{"allow":["GET"]}}],"collection":[{"href":"https:\/\/lerousseaugrenoble.fr\/boutique\/wp-json\/wp\/v2\/product"}],"about":[{"href":"https:\/\/lerousseaugrenoble.fr\/boutique\/wp-json\/wp\/v2\/types\/product"}],"replies":[{"embeddable":true,"href":"https:\/\/lerousseaugrenoble.fr\/boutique\/wp-json\/wp\/v2\/comments?post=257"}],"version-history":[{"count":1,"href":"https:\/\/lerousseaugrenoble.fr\/boutique\/wp-json\/wp\/v2\/product\/257\/revisions"}],"predecessor-version":[{"id":25295,"href":"https:\/\/lerousseaugrenoble.fr\/boutique\/wp-json\/wp\/v2\/product\/257\/revisions\/25295"}],"wp:featuredmedia":[{"embeddable":true,"href":"https:\/\/lerousseaugrenoble.fr\/boutique\/wp-json\/wp\/v2\/media\/528"}],"wp:attachment":[{"href":"https:\/\/lerousseaugrenoble.fr\/boutique\/wp-json\/wp\/v2\/media?parent=257"}],"wp:term":[{"taxonomy":"product_brand","embeddable":true,"href":"https:\/\/lerousseaugrenoble.fr\/boutique\/wp-json\/wp\/v2\/product_brand?post=257"},{"taxonomy":"product_cat","embeddable":true,"href":"https:\/\/lerousseaugrenoble.fr\/boutique\/wp-json\/wp\/v2\/product_cat?post=257"},{"taxonomy":"product_tag","embeddable":true,"href":"https:\/\/lerousseaugrenoble.fr\/boutique\/wp-json\/wp\/v2\/product_tag?post=257"}],"curies":[{"name":"wp","href":"https:\/\/api.w.org\/{rel}","templated":true}]}}