{"id":256,"date":"2025-02-25T12:08:57","date_gmt":"2025-02-25T11:08:57","guid":{"rendered":"https:\/\/lerousseaugrenoble.fr\/boutique\/?post_type=product&#038;p=256"},"modified":"2025-05-09T13:50:30","modified_gmt":"2025-05-09T11:50:30","slug":"pouilly-fume-silex-dagueneau-2016","status":"publish","type":"product","link":"https:\/\/lerousseaugrenoble.fr\/boutique\/produit\/pouilly-fume-silex-dagueneau-2016\/","title":{"rendered":"Pouilly Fum\u00e9 Silex Dagueneau 2016"},"content":{"rendered":"<div class=\"flex max-w-full flex-col flex-grow\">\n<div class=\"min-h-8 text-message relative flex w-full flex-col items-end gap-2 whitespace-normal break-words text-start [.text-message+&amp;]:mt-5\" dir=\"auto\" data-message-author-role=\"assistant\" data-message-id=\"b1ac4eec-c16f-4096-a56c-d53e3914403e\" data-message-model-slug=\"gpt-4o\">\n<div class=\"flex w-full flex-col gap-1 empty:hidden first:pt-[3px]\">\n<div class=\"markdown prose w-full break-words dark:prose-invert dark\">\n<h3 data-start=\"0\" data-end=\"56\"><strong data-start=\"4\" data-end=\"54\">Pouilly-Fum\u00e9 Silex 2016 \u2013 Didier Dagueneau \ud83c\udf47\u2728<\/strong><\/h3>\n<p data-start=\"58\" data-end=\"482\">Le <strong data-start=\"61\" data-end=\"75\">Silex 2016<\/strong> du <strong data-start=\"79\" data-end=\"107\">Domaine Didier Dagueneau<\/strong> est un <strong data-start=\"115\" data-end=\"150\">chef-d&#8217;\u0153uvre du Sauvignon Blanc<\/strong>, n\u00e9 sur les terroirs de <strong data-start=\"175\" data-end=\"191\">Pouilly-Fum\u00e9<\/strong>. Issu de parcelles riches en <strong data-start=\"221\" data-end=\"230\">silex<\/strong>, ce vin incarne l\u2019expression la plus pure de ce sol embl\u00e9matique, apportant une <strong data-start=\"311\" data-end=\"382\">tension min\u00e9rale exceptionnelle et une complexit\u00e9 aromatique unique<\/strong>. Ce mill\u00e9sime 2016, \u00e9quilibr\u00e9 et puissant, se distingue par sa grande finesse et sa longue garde.<\/p>\n<hr data-start=\"484\" data-end=\"489\" \/>\n<h3 data-start=\"491\" data-end=\"524\"><strong data-start=\"495\" data-end=\"522\">Caract\u00e9ristiques du Vin<\/strong><\/h3>\n<p data-start=\"526\" data-end=\"742\">\ud83d\udcc5 <strong data-start=\"529\" data-end=\"542\">Mill\u00e9sime<\/strong> : 2016, structur\u00e9 et \u00e9l\u00e9gant.<br data-start=\"572\" data-end=\"575\" \/>\ud83d\udccd <strong data-start=\"578\" data-end=\"588\">R\u00e9gion<\/strong> : <strong data-start=\"591\" data-end=\"614\">Loire, Pouilly-Fum\u00e9<\/strong>.<br data-start=\"615\" data-end=\"618\" \/>\ud83c\udf47 <strong data-start=\"621\" data-end=\"631\">C\u00e9page<\/strong> : <strong data-start=\"634\" data-end=\"653\">Sauvignon Blanc<\/strong>, pr\u00e9cis et intense.<br data-start=\"673\" data-end=\"676\" \/>\ud83c\udf7e <strong data-start=\"679\" data-end=\"689\">Format<\/strong> : <strong data-start=\"692\" data-end=\"701\" data-is-only-node=\"\">75 cl<\/strong>.<br data-start=\"702\" data-end=\"705\" \/>% <strong data-start=\"707\" data-end=\"724\">Taux d\u2019alcool<\/strong> : <strong data-start=\"727\" data-end=\"740\">13 % vol.<\/strong><\/p>\n<hr data-start=\"744\" data-end=\"749\" \/>\n<h3 data-start=\"751\" data-end=\"772\"><strong data-start=\"755\" data-end=\"770\">D\u00e9gustation<\/strong><\/h3>\n<p data-start=\"774\" data-end=\"948\">\ud83d\udc43 <strong data-start=\"777\" data-end=\"784\">Nez<\/strong> : D\u2019une grande puret\u00e9, il d\u00e9voile des ar\u00f4mes d\u2019<strong data-start=\"832\" data-end=\"945\">agrumes m\u00fbrs (citron, pamplemousse), de fruits blancs, de fleurs et une touche fum\u00e9e caract\u00e9ristique du silex<\/strong>.<\/p>\n<p data-start=\"950\" data-end=\"1200\">\ud83d\udc44 <strong data-start=\"953\" data-end=\"963\">Bouche<\/strong> : <strong data-start=\"966\" data-end=\"993\">Attaque franche et vive<\/strong>, d\u00e9voilant une <strong data-start=\"1009\" data-end=\"1034\">min\u00e9ralit\u00e9 tranchante<\/strong>, une belle tension et une richesse aromatique m\u00ealant <strong data-start=\"1088\" data-end=\"1139\">notes iod\u00e9es, agrumes confits et pierre \u00e0 fusil<\/strong>. <strong data-start=\"1141\" data-end=\"1168\">Finale longue et saline<\/strong>, d\u2019une pr\u00e9cision remarquable.<\/p>\n<hr data-start=\"1202\" data-end=\"1207\" \/>\n<h3 data-start=\"1209\" data-end=\"1246\"><strong data-start=\"1213\" data-end=\"1244\">Un Pouilly-Fum\u00e9 d\u2019Exception<\/strong><\/h3>\n<p data-start=\"1248\" data-end=\"1527\" data-is-last-node=\"\" data-is-only-node=\"\">Avec <strong data-start=\"1253\" data-end=\"1267\">Silex 2016<\/strong>, <strong data-start=\"1269\" data-end=\"1289\">Didier Dagueneau<\/strong> signe une cuv\u00e9e mythique, qui transcende le <strong data-start=\"1334\" data-end=\"1353\">Sauvignon Blanc<\/strong> par sa <strong data-start=\"1361\" data-end=\"1415\">pr\u00e9cision, sa profondeur et son intensit\u00e9 min\u00e9rale<\/strong>. Un vin d\u2019exception, pr\u00eat \u00e0 \u00eatre d\u00e9gust\u00e9 maintenant ou \u00e0 vieillir en cave pour r\u00e9v\u00e9ler toute sa complexit\u00e9. \ud83c\udf77\u2728<\/p>\n<\/div>\n<\/div>\n<\/div>\n<\/div>\n","protected":false},"excerpt":{"rendered":"<h3 data-start=\"0\" data-end=\"56\"><strong data-start=\"4\" data-end=\"54\">Pouilly-Fum\u00e9 Silex 2016 \u2013 Didier Dagueneau \ud83c\udf47\u2728<\/strong><\/h3>\n<p data-start=\"58\" data-end=\"333\">Le <strong data-start=\"61\" data-end=\"75\">Silex 2016<\/strong> du <strong data-start=\"79\" data-end=\"107\">Domaine Didier Dagueneau<\/strong> est un <strong data-start=\"115\" data-end=\"156\">grand Sauvignon Blanc de Pouilly-Fum\u00e9<\/strong>, issu de sols riches en <strong data-start=\"181\" data-end=\"190\">silex<\/strong>, qui lui conf\u00e8rent une <strong data-start=\"214\" data-end=\"269\">tension min\u00e9rale et une grande pr\u00e9cision aromatique<\/strong>. Ce mill\u00e9sime 2016 allie fra\u00eecheur, profondeur et complexit\u00e9.<\/p>\n<p data-start=\"335\" data-end=\"544\">\ud83d\udcc5 <strong data-start=\"338\" data-end=\"351\">Mill\u00e9sime<\/strong> : 2016, structur\u00e9 et \u00e9l\u00e9gant.<br data-start=\"381\" data-end=\"384\" \/>\ud83d\udccd <strong data-start=\"387\" data-end=\"397\">R\u00e9gion<\/strong> : <strong data-start=\"400\" data-end=\"423\" data-is-only-node=\"\">Loire, Pouilly-Fum\u00e9<\/strong>.<br data-start=\"424\" data-end=\"427\" \/>\ud83c\udf47 <strong data-start=\"430\" data-end=\"440\">C\u00e9page<\/strong> : <strong data-start=\"443\" data-end=\"462\">Sauvignon Blanc<\/strong>, vif et pur.<br data-start=\"475\" data-end=\"478\" \/>\ud83c\udf7e <strong data-start=\"481\" data-end=\"491\">Format<\/strong> : <strong data-start=\"494\" data-end=\"503\">75 cl<\/strong>.<br data-start=\"504\" data-end=\"507\" \/>% <strong data-start=\"509\" data-end=\"526\">Taux d\u2019alcool<\/strong> : <strong data-start=\"529\" data-end=\"542\">13 % vol.<\/strong><\/p>\n<p data-start=\"546\" data-end=\"748\">\ud83d\udc43 <strong data-start=\"549\" data-end=\"556\">Nez<\/strong> : Notes d\u2019<strong data-start=\"567\" data-end=\"617\">agrumes, de fruits blancs et de pierre \u00e0 fusil<\/strong>.<br data-start=\"618\" data-end=\"621\" \/>\ud83d\udc44 <strong data-start=\"624\" data-end=\"634\" data-is-only-node=\"\">Bouche<\/strong> : <strong data-start=\"637\" data-end=\"659\">Min\u00e9rale et tendue<\/strong>, \u00e9quilibre parfait entre fra\u00eecheur et puissance, avec une <strong data-start=\"718\" data-end=\"745\">finale longue et saline<\/strong>.<\/p>\n<p data-start=\"750\" data-end=\"818\" data-is-last-node=\"\" data-is-only-node=\"\">Un <strong data-start=\"753\" data-end=\"781\">Pouilly-Fum\u00e9 d\u2019exception<\/strong>, pr\u00e9cis et taill\u00e9 pour la garde. \ud83c\udf77\u2728<\/p>\n","protected":false},"featured_media":487,"comment_status":"open","ping_status":"closed","template":"","meta":[],"product_brand":[],"product_cat":[179,174,26,275,443],"product_tag":[],"class_list":{"0":"post-256","1":"product","2":"type-product","3":"status-publish","4":"has-post-thumbnail","6":"product_cat-vignerons-dagueneau","7":"product_cat-loire","8":"product_cat-bouteilles-vins-blancs","9":"product_cat-vins-blancs-loire","10":"product_cat-vins-populaires","13":"first","14":"instock","15":"sold-individually","16":"shipping-taxable","17":"purchasable","18":"product-type-simple"},"_links":{"self":[{"href":"https:\/\/lerousseaugrenoble.fr\/boutique\/wp-json\/wp\/v2\/product\/256","targetHints":{"allow":["GET"]}}],"collection":[{"href":"https:\/\/lerousseaugrenoble.fr\/boutique\/wp-json\/wp\/v2\/product"}],"about":[{"href":"https:\/\/lerousseaugrenoble.fr\/boutique\/wp-json\/wp\/v2\/types\/product"}],"replies":[{"embeddable":true,"href":"https:\/\/lerousseaugrenoble.fr\/boutique\/wp-json\/wp\/v2\/comments?post=256"}],"version-history":[{"count":1,"href":"https:\/\/lerousseaugrenoble.fr\/boutique\/wp-json\/wp\/v2\/product\/256\/revisions"}],"predecessor-version":[{"id":25171,"href":"https:\/\/lerousseaugrenoble.fr\/boutique\/wp-json\/wp\/v2\/product\/256\/revisions\/25171"}],"wp:featuredmedia":[{"embeddable":true,"href":"https:\/\/lerousseaugrenoble.fr\/boutique\/wp-json\/wp\/v2\/media\/487"}],"wp:attachment":[{"href":"https:\/\/lerousseaugrenoble.fr\/boutique\/wp-json\/wp\/v2\/media?parent=256"}],"wp:term":[{"taxonomy":"product_brand","embeddable":true,"href":"https:\/\/lerousseaugrenoble.fr\/boutique\/wp-json\/wp\/v2\/product_brand?post=256"},{"taxonomy":"product_cat","embeddable":true,"href":"https:\/\/lerousseaugrenoble.fr\/boutique\/wp-json\/wp\/v2\/product_cat?post=256"},{"taxonomy":"product_tag","embeddable":true,"href":"https:\/\/lerousseaugrenoble.fr\/boutique\/wp-json\/wp\/v2\/product_tag?post=256"}],"curies":[{"name":"wp","href":"https:\/\/api.w.org\/{rel}","templated":true}]}}