{"id":240,"date":"2025-02-24T13:48:26","date_gmt":"2025-02-24T12:48:26","guid":{"rendered":"https:\/\/lerousseaugrenoble.fr\/boutique\/?post_type=product&#038;p=240"},"modified":"2025-05-09T13:51:48","modified_gmt":"2025-05-09T11:51:48","slug":"sancerre-le-mont-damne-dagueneau-2015","status":"publish","type":"product","link":"https:\/\/lerousseaugrenoble.fr\/boutique\/produit\/sancerre-le-mont-damne-dagueneau-2015\/","title":{"rendered":"Sancerre Le Mont Damn\u00e9 Dagueneau 2018"},"content":{"rendered":"<div class=\"flex max-w-full flex-col flex-grow\">\n<div class=\"min-h-8 text-message flex w-full flex-col items-end gap-2 whitespace-normal break-words text-start [.text-message+&amp;]:mt-5\" dir=\"auto\" data-message-author-role=\"assistant\" data-message-id=\"4eef56f7-884a-402c-bc8c-cb50ce74910a\" data-message-model-slug=\"gpt-4o\">\n<div class=\"flex w-full flex-col gap-1 empty:hidden first:pt-[3px]\">\n<div class=\"markdown prose w-full break-words dark:prose-invert dark\">\n<h3 data-start=\"0\" data-end=\"60\"><strong data-start=\"4\" data-end=\"58\">Sancerre Le Mont Damn\u00e9 2018 \u2013 Didier Dagueneau \ud83c\udf47\u2728<\/strong><\/h3>\n<p data-start=\"62\" data-end=\"503\">Le <strong data-start=\"65\" data-end=\"84\">Mont Damn\u00e9 2018<\/strong>\u00a0est une cuv\u00e9e rare et magistrale du <strong data-start=\"121\" data-end=\"149\">Domaine Didier Dagueneau<\/strong>, qui s\u2019aventure ici hors de son fief de Pouilly-Fum\u00e9 pour r\u00e9v\u00e9ler toute la splendeur du terroir de <strong data-start=\"249\" data-end=\"275\">Chavignol, en Sancerre<\/strong>. Ce mill\u00e9sime 2015 incarne l\u2019excellence du <strong data-start=\"319\" data-end=\"338\">Sauvignon Blanc<\/strong>, sublim\u00e9 par une viticulture exigeante et un \u00e9levage pr\u00e9cis. <strong data-start=\"400\" data-end=\"429\">Tendu, profond et min\u00e9ral<\/strong>, il offre une <strong data-start=\"444\" data-end=\"500\">expression pure et vibrante du calcaire Kimm\u00e9ridgien<\/strong>.<\/p>\n<hr data-start=\"505\" data-end=\"510\" \/>\n<h3 data-start=\"512\" data-end=\"545\"><strong data-start=\"516\" data-end=\"543\">Caract\u00e9ristiques du Vin<\/strong><\/h3>\n<p data-start=\"547\" data-end=\"768\">\ud83d\udcc5 <strong data-start=\"550\" data-end=\"563\">Mill\u00e9sime<\/strong> : 2018, ample et structur\u00e9.<br data-start=\"591\" data-end=\"594\" \/>\ud83d\udccd <strong data-start=\"597\" data-end=\"607\">R\u00e9gion<\/strong> : <strong data-start=\"610\" data-end=\"641\">Loire, Sancerre (Chavignol)<\/strong>.<br data-start=\"642\" data-end=\"645\" \/>\ud83c\udf47 <strong data-start=\"648\" data-end=\"658\">C\u00e9page<\/strong> : <strong data-start=\"661\" data-end=\"680\">Sauvignon Blanc<\/strong>, pur et expressif.<br data-start=\"699\" data-end=\"702\" \/>\ud83c\udf7e <strong data-start=\"705\" data-end=\"715\">Format<\/strong> : <strong data-start=\"718\" data-end=\"727\" data-is-only-node=\"\">75 cl<\/strong>.<br data-start=\"728\" data-end=\"731\" \/>% <strong data-start=\"733\" data-end=\"750\">Taux d\u2019alcool<\/strong> : <strong data-start=\"753\" data-end=\"766\">13 % vol.<\/strong><\/p>\n<hr data-start=\"770\" data-end=\"775\" \/>\n<h3 data-start=\"777\" data-end=\"798\"><strong data-start=\"781\" data-end=\"796\">D\u00e9gustation<\/strong><\/h3>\n<p data-start=\"800\" data-end=\"1014\">\ud83d\udc43 <strong data-start=\"803\" data-end=\"810\">Nez<\/strong> : \u00c9l\u00e9gant et complexe, il d\u00e9voile des ar\u00f4mes d\u2019<strong data-start=\"858\" data-end=\"945\">agrumes m\u00fbrs (citron confit, pamplemousse), de fleurs blanches et de pierre \u00e0 fusil<\/strong>, avec une <strong data-start=\"956\" data-end=\"983\">subtile touche crayeuse<\/strong> typique des grands Sancerre.<\/p>\n<p data-start=\"1016\" data-end=\"1275\">\ud83d\udc44 <strong data-start=\"1019\" data-end=\"1029\">Bouche<\/strong> : <strong data-start=\"1032\" data-end=\"1066\">Attaque franche et cristalline<\/strong>, port\u00e9e par une <strong data-start=\"1083\" data-end=\"1130\">belle tension min\u00e9rale et une texture ample<\/strong>. L\u2019\u00e9quilibre entre <strong data-start=\"1150\" data-end=\"1176\">fra\u00eecheur et puissance<\/strong> est remarquable, avec une <strong data-start=\"1203\" data-end=\"1235\">finale saline et persistante<\/strong> qui signe les grands blancs de garde.<\/p>\n<hr data-start=\"1277\" data-end=\"1282\" \/>\n<h3 data-start=\"1284\" data-end=\"1323\"><strong data-start=\"1288\" data-end=\"1321\">Un Grand Sancerre d\u2019Exception<\/strong><\/h3>\n<p data-start=\"1325\" data-end=\"1730\" data-is-last-node=\"\" data-is-only-node=\"\">Avec <strong data-start=\"1330\" data-end=\"1352\">Le Mont Damn\u00e9 2018<\/strong>, <strong data-start=\"1354\" data-end=\"1374\">Didier Dagueneau<\/strong> magnifie le <strong data-start=\"1387\" data-end=\"1418\">terroir unique de Chavignol<\/strong>, r\u00e9put\u00e9 pour ses pentes escarp\u00e9es et ses sols calcaires d\u2019une grande richesse. Ce vin d\u2019exception, d\u2019une <strong data-start=\"1524\" data-end=\"1566\">puret\u00e9 et d\u2019une intensit\u00e9 remarquables<\/strong>, pourra \u00eatre appr\u00e9ci\u00e9 d\u00e8s maintenant ou apr\u00e8s quelques ann\u00e9es de garde pour r\u00e9v\u00e9ler toute sa complexit\u00e9. <strong data-start=\"1672\" data-end=\"1726\">Un Sauvignon Blanc de haut vol, pr\u00e9cis et vibrant.<\/strong> \ud83c\udf77\u2728<\/p>\n<\/div>\n<\/div>\n<\/div>\n<\/div>\n","protected":false},"excerpt":{"rendered":"<div class=\"flex max-w-full flex-col flex-grow\">\n<div class=\"min-h-8 text-message flex w-full flex-col items-end gap-2 whitespace-normal break-words text-start [.text-message+&amp;]:mt-5\" dir=\"auto\" data-message-author-role=\"assistant\" data-message-id=\"d57fa6b8-b6bc-4835-840c-53e7eebb398f\" data-message-model-slug=\"gpt-4o\">\n<div class=\"flex w-full flex-col gap-1 empty:hidden first:pt-[3px]\">\n<div class=\"markdown prose w-full break-words dark:prose-invert dark\">\n<h3 data-start=\"0\" data-end=\"60\"><strong data-start=\"4\" data-end=\"58\">Sancerre Le Mont Damn\u00e9 2018 \u2013 Didier Dagueneau \ud83c\udf47\u2728<\/strong><\/h3>\n<p data-start=\"62\" data-end=\"296\">Le <strong data-start=\"65\" data-end=\"84\">Mont Damn\u00e9 2018<\/strong>\u00a0est une cuv\u00e9e d\u2019exception du <strong data-start=\"114\" data-end=\"142\">Domaine Didier Dagueneau<\/strong>, issue des terroirs calcaires de <strong data-start=\"176\" data-end=\"202\">Chavignol, en Sancerre<\/strong>. Ce <strong data-start=\"207\" data-end=\"240\">Sauvignon Blanc pur et pr\u00e9cis<\/strong> allie min\u00e9ralit\u00e9 tranchante et profondeur aromatique.<\/p>\n<p data-start=\"298\" data-end=\"519\">\ud83d\udcc5 <strong data-start=\"301\" data-end=\"314\">Mill\u00e9sime<\/strong> : 2018, intense et structur\u00e9.<br data-start=\"344\" data-end=\"347\" \/>\ud83d\udccd <strong data-start=\"350\" data-end=\"360\">R\u00e9gion<\/strong> : <strong data-start=\"363\" data-end=\"394\" data-is-only-node=\"\">Loire, Sancerre (Chavignol)<\/strong>.<br data-start=\"395\" data-end=\"398\" \/>\ud83c\udf47 <strong data-start=\"401\" data-end=\"411\">C\u00e9page<\/strong> : <strong data-start=\"414\" data-end=\"433\">Sauvignon Blanc<\/strong>, vif et \u00e9l\u00e9gant.<br data-start=\"450\" data-end=\"453\" \/>\ud83c\udf7e <strong data-start=\"456\" data-end=\"466\">Format<\/strong> : <strong data-start=\"469\" data-end=\"478\">75 cl<\/strong>.<br data-start=\"479\" data-end=\"482\" \/>% <strong data-start=\"484\" data-end=\"501\">Taux d\u2019alcool<\/strong> : <strong data-start=\"504\" data-end=\"517\">13 % vol.<\/strong><\/p>\n<p data-start=\"521\" data-end=\"716\">\ud83d\udc43 <strong data-start=\"524\" data-end=\"531\">Nez<\/strong> : Agrumes m\u00fbrs, fleurs blanches, pierre \u00e0 fusil et fine touche crayeuse.<br data-start=\"604\" data-end=\"607\" \/>\ud83d\udc44 <strong data-start=\"610\" data-end=\"620\">Bouche<\/strong> : <strong data-start=\"623\" data-end=\"648\" data-is-only-node=\"\">Tendue et cristalline<\/strong>, belle fra\u00eecheur, texture ample et <strong data-start=\"684\" data-end=\"713\">finale saline persistante<\/strong>.<\/p>\n<p data-start=\"718\" data-end=\"814\" data-is-last-node=\"\" data-is-only-node=\"\">Un <strong data-start=\"721\" data-end=\"752\">grand Sancerre de caract\u00e8re<\/strong>, \u00e0 d\u00e9guster maintenant ou apr\u00e8s quelques ann\u00e9es de garde. \ud83c\udf77\u2728<\/p>\n<\/div>\n<\/div>\n<\/div>\n<\/div>\n","protected":false},"featured_media":25206,"comment_status":"open","ping_status":"closed","template":"","meta":[],"product_brand":[],"product_cat":[179,174,26,275],"product_tag":[],"class_list":{"0":"post-240","1":"product","2":"type-product","3":"status-publish","4":"has-post-thumbnail","6":"product_cat-vignerons-dagueneau","7":"product_cat-loire","8":"product_cat-bouteilles-vins-blancs","9":"product_cat-vins-blancs-loire","12":"first","13":"instock","14":"sold-individually","15":"shipping-taxable","16":"purchasable","17":"product-type-simple"},"_links":{"self":[{"href":"https:\/\/lerousseaugrenoble.fr\/boutique\/wp-json\/wp\/v2\/product\/240","targetHints":{"allow":["GET"]}}],"collection":[{"href":"https:\/\/lerousseaugrenoble.fr\/boutique\/wp-json\/wp\/v2\/product"}],"about":[{"href":"https:\/\/lerousseaugrenoble.fr\/boutique\/wp-json\/wp\/v2\/types\/product"}],"replies":[{"embeddable":true,"href":"https:\/\/lerousseaugrenoble.fr\/boutique\/wp-json\/wp\/v2\/comments?post=240"}],"version-history":[{"count":2,"href":"https:\/\/lerousseaugrenoble.fr\/boutique\/wp-json\/wp\/v2\/product\/240\/revisions"}],"predecessor-version":[{"id":25190,"href":"https:\/\/lerousseaugrenoble.fr\/boutique\/wp-json\/wp\/v2\/product\/240\/revisions\/25190"}],"wp:featuredmedia":[{"embeddable":true,"href":"https:\/\/lerousseaugrenoble.fr\/boutique\/wp-json\/wp\/v2\/media\/25206"}],"wp:attachment":[{"href":"https:\/\/lerousseaugrenoble.fr\/boutique\/wp-json\/wp\/v2\/media?parent=240"}],"wp:term":[{"taxonomy":"product_brand","embeddable":true,"href":"https:\/\/lerousseaugrenoble.fr\/boutique\/wp-json\/wp\/v2\/product_brand?post=240"},{"taxonomy":"product_cat","embeddable":true,"href":"https:\/\/lerousseaugrenoble.fr\/boutique\/wp-json\/wp\/v2\/product_cat?post=240"},{"taxonomy":"product_tag","embeddable":true,"href":"https:\/\/lerousseaugrenoble.fr\/boutique\/wp-json\/wp\/v2\/product_tag?post=240"}],"curies":[{"name":"wp","href":"https:\/\/api.w.org\/{rel}","templated":true}]}}