{"id":239,"date":"2025-02-24T13:45:21","date_gmt":"2025-02-24T12:45:21","guid":{"rendered":"https:\/\/lerousseaugrenoble.fr\/boutique\/?post_type=product&#038;p=239"},"modified":"2025-05-09T13:52:27","modified_gmt":"2025-05-09T11:52:27","slug":"pouilly-fume-pure-sang-dagueneau-2016","status":"publish","type":"product","link":"https:\/\/lerousseaugrenoble.fr\/boutique\/produit\/pouilly-fume-pure-sang-dagueneau-2016\/","title":{"rendered":"Pouilly Fum\u00e9 Pure Sang Dagueneau 2016"},"content":{"rendered":"<div class=\"flex-1 overflow-hidden @container\/thread translate-y-[2rem] -mt-[2rem] pb-[1.5rem]\">\n<div class=\"relative h-full\">\n<div class=\"flex h-full flex-col overflow-y-auto [scrollbar-gutter:stable]\">\n<div class=\"flex flex-col text-sm md:pb-9\">\n<article class=\"w-full text-token-text-primary focus-visible:outline-2 focus-visible:outline-offset-[-4px]\" dir=\"auto\" data-testid=\"conversation-turn-169\" data-scroll-anchor=\"true\">\n<div class=\"m-auto text-base py-[18px] px-6\">\n<div class=\"mx-auto flex flex-1 text-base gap-4 md:gap-5 lg:gap-6 md:max-w-3xl lg:max-w-[40rem] xl:max-w-[48rem]\">\n<div class=\"group\/conversation-turn relative flex w-full min-w-0 flex-col agent-turn @xs\/thread:px-0 @sm\/thread:px-1.5 @md\/thread:px-4\">\n<div class=\"flex-col gap-1 md:gap-3\">\n<div class=\"flex max-w-full flex-col flex-grow\">\n<div class=\"min-h-8 text-message flex w-full flex-col items-end gap-2 whitespace-normal break-words text-start [.text-message+&amp;]:mt-5\" dir=\"auto\" data-message-author-role=\"assistant\" data-message-id=\"6feea797-366b-4300-a634-d91a47a1806c\" data-message-model-slug=\"gpt-4o\">\n<div class=\"flex w-full flex-col gap-1 empty:hidden first:pt-[3px]\">\n<div class=\"markdown prose w-full break-words dark:prose-invert dark\">\n<h3 data-start=\"0\" data-end=\"60\"><strong data-start=\"4\" data-end=\"58\">Pouilly-Fum\u00e9 Pure Sang 2016 \u2013 Didier Dagueneau \ud83c\udf47\u2728<\/strong><\/h3>\n<p data-start=\"62\" data-end=\"568\">Le <strong data-start=\"65\" data-end=\"83\">Pure Sang 2016<\/strong> est une cuv\u00e9e iconique du <strong data-start=\"110\" data-end=\"138\">Domaine Didier Dagueneau<\/strong>, une r\u00e9f\u00e9rence incontournable des <strong data-start=\"173\" data-end=\"209\">grands Sauvignon Blancs de Loire<\/strong>. Issu des meilleurs terroirs de <strong data-start=\"242\" data-end=\"258\">Pouilly-Fum\u00e9<\/strong>, ce vin incarne la <strong data-start=\"278\" data-end=\"315\">puret\u00e9, l\u2019\u00e9nergie et la pr\u00e9cision<\/strong> qui caract\u00e9risent le travail d\u2019orf\u00e8vre de la famille Dagueneau. Le mill\u00e9sime 2016 se distingue par une <strong data-start=\"419\" data-end=\"510\">belle concentration, une acidit\u00e9 parfaitement int\u00e9gr\u00e9e et une profondeur exceptionnelle<\/strong>, refl\u00e9tant un \u00e9levage soign\u00e9 et un terroir d\u2019exception.<\/p>\n<hr data-start=\"570\" data-end=\"575\" \/>\n<h3 data-start=\"577\" data-end=\"610\"><strong data-start=\"581\" data-end=\"608\">Caract\u00e9ristiques du Vin<\/strong><\/h3>\n<p data-start=\"612\" data-end=\"824\">\ud83d\udcc5 <strong data-start=\"615\" data-end=\"628\">Mill\u00e9sime<\/strong> : 2016, structur\u00e9 et pr\u00e9cis.<br data-start=\"657\" data-end=\"660\" \/>\ud83d\udccd <strong data-start=\"663\" data-end=\"673\">R\u00e9gion<\/strong> : <strong data-start=\"676\" data-end=\"699\">Loire, Pouilly-Fum\u00e9<\/strong>.<br data-start=\"700\" data-end=\"703\" \/>\ud83c\udf47 <strong data-start=\"706\" data-end=\"716\">C\u00e9page<\/strong> : <strong data-start=\"719\" data-end=\"738\">Sauvignon Blanc<\/strong>, vif et \u00e9l\u00e9gant.<br data-start=\"755\" data-end=\"758\" \/>\ud83c\udf7e <strong data-start=\"761\" data-end=\"771\">Format<\/strong> : <strong data-start=\"774\" data-end=\"783\" data-is-only-node=\"\">75 cl<\/strong>.<br data-start=\"784\" data-end=\"787\" \/>% <strong data-start=\"789\" data-end=\"806\">Taux d\u2019alcool<\/strong> : <strong data-start=\"809\" data-end=\"822\">13 % vol.<\/strong><\/p>\n<hr data-start=\"826\" data-end=\"831\" \/>\n<h3 data-start=\"833\" data-end=\"854\"><strong data-start=\"837\" data-end=\"852\">D\u00e9gustation<\/strong><\/h3>\n<p data-start=\"856\" data-end=\"1044\">\ud83d\udc43 <strong data-start=\"859\" data-end=\"866\">Nez<\/strong> : Profond et complexe, aux ar\u00f4mes d\u2019<strong data-start=\"903\" data-end=\"1005\">agrumes m\u00fbrs (citron, pamplemousse), fruits blancs croquants, pierre \u00e0 fusil et fines notes fum\u00e9es<\/strong> typiques du terroir de Pouilly-Fum\u00e9.<\/p>\n<p data-start=\"1046\" data-end=\"1292\">\ud83d\udc44 <strong data-start=\"1049\" data-end=\"1059\">Bouche<\/strong> : Attaque <strong data-start=\"1070\" data-end=\"1088\">vive et tendue<\/strong>, soutenue par une <strong data-start=\"1107\" data-end=\"1155\">min\u00e9ralit\u00e9 tranchante et une texture soyeuse<\/strong>. La finale est <strong data-start=\"1171\" data-end=\"1204\">longue, saline et persistante<\/strong>, avec une <strong data-start=\"1215\" data-end=\"1242\">subtile touche crayeuse<\/strong> qui signe les grands Sauvignon Blancs de garde.<\/p>\n<hr data-start=\"1294\" data-end=\"1299\" \/>\n<h3 data-start=\"1301\" data-end=\"1351\"><strong data-start=\"1305\" data-end=\"1349\">Un Grand Sauvignon d\u2019\u00c9motion et de Garde<\/strong><\/h3>\n<p data-start=\"1353\" data-end=\"1745\" data-is-last-node=\"\" data-is-only-node=\"\">Le <strong data-start=\"1356\" data-end=\"1374\">Pure Sang 2016<\/strong> est un <strong data-start=\"1382\" data-end=\"1418\">mod\u00e8le d\u2019\u00e9quilibre et de finesse<\/strong>, une interpr\u00e9tation magistrale du <strong data-start=\"1453\" data-end=\"1509\">Sauvignon Blanc sur son terroir calcaire d\u2019exception<\/strong>. Ce vin d\u00e9voile toute sa splendeur apr\u00e8s quelques ann\u00e9es de garde, mais peut aussi s\u2019appr\u00e9cier d\u00e8s maintenant pour sa <strong data-start=\"1628\" data-end=\"1679\">fra\u00eecheur \u00e9clatante et sa complexit\u00e9 aromatique<\/strong>. Un <strong data-start=\"1684\" data-end=\"1716\">chef-d\u2019\u0153uvre sign\u00e9 Dagueneau<\/strong>, \u00e0 d\u00e9couvrir absolument. \ud83c\udf77\u2728<\/p>\n<\/div>\n<\/div>\n<\/div>\n<\/div>\n<\/div>\n<\/div>\n<\/div>\n<\/div>\n<\/article>\n<\/div>\n<\/div>\n<\/div>\n<\/div>\n","protected":false},"excerpt":{"rendered":"<div class=\"flex max-w-full flex-col flex-grow\">\n<div class=\"min-h-8 text-message flex w-full flex-col items-end gap-2 whitespace-normal break-words text-start [.text-message+&amp;]:mt-5\" dir=\"auto\" data-message-author-role=\"assistant\" data-message-id=\"4087eb23-12d1-4716-8aa0-67ca6c58bddb\" data-message-model-slug=\"gpt-4o\">\n<div class=\"flex w-full flex-col gap-1 empty:hidden first:pt-[3px]\">\n<div class=\"markdown prose w-full break-words dark:prose-invert dark\">\n<h3 data-start=\"0\" data-end=\"60\"><strong data-start=\"4\" data-end=\"58\">Pouilly-Fum\u00e9 Pure Sang 2016 \u2013 Didier Dagueneau \ud83c\udf47\u2728<\/strong><\/h3>\n<p data-start=\"62\" data-end=\"380\">Le <strong data-start=\"65\" data-end=\"83\">Pure Sang 2016<\/strong> du <strong data-start=\"87\" data-end=\"115\">Domaine Didier Dagueneau<\/strong> est une cuv\u00e9e embl\u00e9matique de <strong data-start=\"146\" data-end=\"162\">Pouilly-Fum\u00e9<\/strong>, r\u00e9v\u00e9lant toute la puissance et l\u2019\u00e9l\u00e9gance du <strong data-start=\"209\" data-end=\"228\">Sauvignon Blanc<\/strong> sur son terroir d\u2019exception. Ce mill\u00e9sime se distingue par une <strong data-start=\"292\" data-end=\"377\">grande puret\u00e9 aromatique, une tension min\u00e9rale remarquable et une complexit\u00e9 rare<\/strong>.<\/p>\n<p data-start=\"382\" data-end=\"592\">\ud83d\udcc5 <strong data-start=\"385\" data-end=\"398\">Mill\u00e9sime<\/strong> : 2016, pr\u00e9cis et rac\u00e9.<br data-start=\"422\" data-end=\"425\" \/>\ud83d\udccd <strong data-start=\"428\" data-end=\"438\">R\u00e9gion<\/strong> : <strong data-start=\"441\" data-end=\"464\" data-is-only-node=\"\">Loire, Pouilly-Fum\u00e9<\/strong>.<br data-start=\"465\" data-end=\"468\" \/>\ud83c\udf47 <strong data-start=\"471\" data-end=\"481\">C\u00e9page<\/strong> : <strong data-start=\"484\" data-end=\"503\">Sauvignon Blanc<\/strong>, vif et cristallin.<br data-start=\"523\" data-end=\"526\" \/>\ud83c\udf7e <strong data-start=\"529\" data-end=\"539\">Format<\/strong> : <strong data-start=\"542\" data-end=\"551\">75 cl<\/strong>.<br data-start=\"552\" data-end=\"555\" \/>% <strong data-start=\"557\" data-end=\"574\">Taux d\u2019alcool<\/strong> : <strong data-start=\"577\" data-end=\"590\">13 % vol.<\/strong><\/p>\n<p data-start=\"594\" data-end=\"857\">\ud83d\udc43 <strong data-start=\"597\" data-end=\"604\">Nez<\/strong> : Expressif, marqu\u00e9 par des notes d\u2019<strong data-start=\"641\" data-end=\"717\">agrumes, de fruits blancs, de pierre \u00e0 fusil et une subtile touche fum\u00e9e<\/strong>.<br data-start=\"718\" data-end=\"721\" \/>\ud83d\udc44 <strong data-start=\"724\" data-end=\"734\" data-is-only-node=\"\">Bouche<\/strong> : <strong data-start=\"737\" data-end=\"759\">Tendue et profonde<\/strong>, superbe \u00e9quilibre entre <strong data-start=\"785\" data-end=\"811\">min\u00e9ralit\u00e9 et richesse<\/strong>, avec une <strong data-start=\"822\" data-end=\"854\">finale saline et persistante<\/strong>.<\/p>\n<p data-start=\"859\" data-end=\"959\" data-is-last-node=\"\" data-is-only-node=\"\">Un <strong data-start=\"862\" data-end=\"903\">grand Pouilly-Fum\u00e9, pr\u00e9cis et \u00e9l\u00e9gant<\/strong>, parfait pour la garde ou une d\u00e9gustation raffin\u00e9e. \ud83c\udf77\u2728<\/p>\n<\/div>\n<\/div>\n<\/div>\n<\/div>\n","protected":false},"featured_media":488,"comment_status":"open","ping_status":"closed","template":"","meta":[],"product_brand":[],"product_cat":[179,174,26,275,443],"product_tag":[],"class_list":{"0":"post-239","1":"product","2":"type-product","3":"status-publish","4":"has-post-thumbnail","6":"product_cat-vignerons-dagueneau","7":"product_cat-loire","8":"product_cat-bouteilles-vins-blancs","9":"product_cat-vins-blancs-loire","10":"product_cat-vins-populaires","13":"first","14":"instock","15":"sold-individually","16":"shipping-taxable","17":"purchasable","18":"product-type-simple"},"_links":{"self":[{"href":"https:\/\/lerousseaugrenoble.fr\/boutique\/wp-json\/wp\/v2\/product\/239","targetHints":{"allow":["GET"]}}],"collection":[{"href":"https:\/\/lerousseaugrenoble.fr\/boutique\/wp-json\/wp\/v2\/product"}],"about":[{"href":"https:\/\/lerousseaugrenoble.fr\/boutique\/wp-json\/wp\/v2\/types\/product"}],"replies":[{"embeddable":true,"href":"https:\/\/lerousseaugrenoble.fr\/boutique\/wp-json\/wp\/v2\/comments?post=239"}],"version-history":[{"count":2,"href":"https:\/\/lerousseaugrenoble.fr\/boutique\/wp-json\/wp\/v2\/product\/239\/revisions"}],"predecessor-version":[{"id":25173,"href":"https:\/\/lerousseaugrenoble.fr\/boutique\/wp-json\/wp\/v2\/product\/239\/revisions\/25173"}],"wp:featuredmedia":[{"embeddable":true,"href":"https:\/\/lerousseaugrenoble.fr\/boutique\/wp-json\/wp\/v2\/media\/488"}],"wp:attachment":[{"href":"https:\/\/lerousseaugrenoble.fr\/boutique\/wp-json\/wp\/v2\/media?parent=239"}],"wp:term":[{"taxonomy":"product_brand","embeddable":true,"href":"https:\/\/lerousseaugrenoble.fr\/boutique\/wp-json\/wp\/v2\/product_brand?post=239"},{"taxonomy":"product_cat","embeddable":true,"href":"https:\/\/lerousseaugrenoble.fr\/boutique\/wp-json\/wp\/v2\/product_cat?post=239"},{"taxonomy":"product_tag","embeddable":true,"href":"https:\/\/lerousseaugrenoble.fr\/boutique\/wp-json\/wp\/v2\/product_tag?post=239"}],"curies":[{"name":"wp","href":"https:\/\/api.w.org\/{rel}","templated":true}]}}