{"id":238,"date":"2025-02-24T13:42:41","date_gmt":"2025-02-24T12:42:41","guid":{"rendered":"https:\/\/lerousseaugrenoble.fr\/boutique\/?post_type=product&#038;p=238"},"modified":"2025-05-09T13:53:07","modified_gmt":"2025-05-09T11:53:07","slug":"vdf-blanc-etc-dagueneau-2020","status":"publish","type":"product","link":"https:\/\/lerousseaugrenoble.fr\/boutique\/produit\/vdf-blanc-etc-dagueneau-2020\/","title":{"rendered":"VDF Blanc ETC\u2026 Dagueneau 2020"},"content":{"rendered":"<div class=\"flex max-w-full flex-col flex-grow\">\n<div class=\"min-h-8 text-message flex w-full flex-col items-end gap-2 whitespace-normal break-words text-start [.text-message+&amp;]:mt-5\" dir=\"auto\" data-message-author-role=\"assistant\" data-message-id=\"de966431-1bb6-43fb-86b2-323b96b17a2e\" data-message-model-slug=\"gpt-4o\">\n<div class=\"flex w-full flex-col gap-1 empty:hidden first:pt-[3px]\">\n<div class=\"markdown prose w-full break-words dark:prose-invert dark\">\n<h3 data-start=\"0\" data-end=\"52\"><strong data-start=\"4\" data-end=\"50\">VDF Blanc ETC\u2026 2020 \u2013 Didier Dagueneau \ud83c\udf47\u2728<\/strong><\/h3>\n<p data-start=\"54\" data-end=\"511\">Le <strong data-start=\"57\" data-end=\"76\">Blanc ETC\u2026 2020<\/strong> est une cuv\u00e9e rare et audacieuse du <strong data-start=\"113\" data-end=\"141\">Domaine Didier Dagueneau<\/strong>, embl\u00e9matique de la <strong data-start=\"162\" data-end=\"171\">Loire<\/strong> et reconnu pour son travail d\u2019orf\u00e8vre sur le <strong data-start=\"217\" data-end=\"236\">Sauvignon Blanc<\/strong>. Issu de vignes situ\u00e9es en dehors de l\u2019appellation <strong data-start=\"288\" data-end=\"304\">Pouilly-Fum\u00e9<\/strong>, ce vin est vinifi\u00e9 avec la m\u00eame rigueur et pr\u00e9cision que les plus grandes cuv\u00e9es du domaine. <strong data-start=\"399\" data-end=\"425\">Pur, cisel\u00e9 et vibrant<\/strong>, il d\u00e9voile une <strong data-start=\"442\" data-end=\"508\">min\u00e9ralit\u00e9 \u00e9clatante et une richesse aromatique exceptionnelle<\/strong>.<\/p>\n<hr data-start=\"513\" data-end=\"518\" \/>\n<h3 data-start=\"520\" data-end=\"553\"><strong data-start=\"524\" data-end=\"551\">Caract\u00e9ristiques du Vin<\/strong><\/h3>\n<p data-start=\"555\" data-end=\"769\">\ud83d\udcc5 <strong data-start=\"558\" data-end=\"571\">Mill\u00e9sime<\/strong> : 2020, pr\u00e9cis et expressif.<br data-start=\"600\" data-end=\"603\" \/>\ud83d\udccd <strong data-start=\"606\" data-end=\"616\">R\u00e9gion<\/strong> : <strong data-start=\"619\" data-end=\"644\">Loire<\/strong>.<br data-start=\"645\" data-end=\"648\" \/>\ud83c\udf47 <strong data-start=\"651\" data-end=\"661\">C\u00e9page<\/strong> : <strong data-start=\"664\" data-end=\"683\">Sauvignon Blanc<\/strong>, pur et intense.<br data-start=\"700\" data-end=\"703\" \/>\ud83c\udf7e <strong data-start=\"706\" data-end=\"716\">Format<\/strong> : <strong data-start=\"719\" data-end=\"728\" data-is-only-node=\"\">75 cl<\/strong>.<br data-start=\"729\" data-end=\"732\" \/>% <strong data-start=\"734\" data-end=\"751\">Taux d\u2019alcool<\/strong> : <strong data-start=\"754\" data-end=\"767\">13 % vol.<\/strong><\/p>\n<hr data-start=\"771\" data-end=\"776\" \/>\n<h3 data-start=\"778\" data-end=\"799\"><strong data-start=\"782\" data-end=\"797\">D\u00e9gustation<\/strong><\/h3>\n<p data-start=\"801\" data-end=\"942\">\ud83d\udc43 <strong data-start=\"804\" data-end=\"811\">Nez<\/strong> : Fin et intense, d\u00e9voilant des ar\u00f4mes d\u2019<strong data-start=\"853\" data-end=\"939\">agrumes zest\u00e9s, fruits blancs croquants, fleurs blanches et notes min\u00e9rales fum\u00e9es<\/strong>.<\/p>\n<p data-start=\"944\" data-end=\"1159\">\ud83d\udc44 <strong data-start=\"947\" data-end=\"957\">Bouche<\/strong> : <strong data-start=\"960\" data-end=\"983\">Tension remarquable<\/strong>, attaque vive et cristalline, \u00e9quilibre parfait entre <strong data-start=\"1038\" data-end=\"1070\">fra\u00eecheur et texture soyeuse<\/strong>. La finale est <strong data-start=\"1086\" data-end=\"1116\">longue, saline et vibrante<\/strong>, signature des grands blancs de terroir.<\/p>\n<hr data-start=\"1161\" data-end=\"1166\" \/>\n<h3 data-start=\"1168\" data-end=\"1214\"><strong data-start=\"1172\" data-end=\"1212\">Un Grand Sauvignon Libre et \u00c9clatant<\/strong><\/h3>\n<p data-start=\"1216\" data-end=\"1613\" data-is-last-node=\"\" data-is-only-node=\"\">Le <strong data-start=\"1219\" data-end=\"1238\">Blanc ETC\u2026 2020<\/strong> incarne \u00e0 merveille la <strong data-start=\"1262\" data-end=\"1298\">vision avant-gardiste du domaine<\/strong> : offrir un <strong data-start=\"1311\" data-end=\"1400\">Sauvignon Blanc expressif, d\u2019une puret\u00e9 exceptionnelle, sans contrainte d\u2019appellation<\/strong>. Un vin \u00e0 la fois <strong data-start=\"1419\" data-end=\"1463\">droit, \u00e9nergique et d\u2019une grande finesse<\/strong>, parfait pour la d\u00e9gustation d\u00e8s aujourd\u2019hui ou pour quelques ann\u00e9es de garde. <strong data-start=\"1543\" data-end=\"1609\">Un incontournable pour les amateurs de grands blancs de Loire.<\/strong> \ud83c\udf77\u2728<\/p>\n<\/div>\n<\/div>\n<\/div>\n<\/div>\n","protected":false},"excerpt":{"rendered":"<div class=\"flex max-w-full flex-col flex-grow\">\n<div class=\"min-h-8 text-message flex w-full flex-col items-end gap-2 whitespace-normal break-words text-start [.text-message+&amp;]:mt-5\" dir=\"auto\" data-message-author-role=\"assistant\" data-message-id=\"5f6be954-c0f0-4752-aa20-d77051281542\" data-message-model-slug=\"gpt-4o\">\n<div class=\"flex w-full flex-col gap-1 empty:hidden first:pt-[3px]\">\n<div class=\"markdown prose w-full break-words dark:prose-invert dark\">\n<h3 data-start=\"0\" data-end=\"52\"><strong data-start=\"4\" data-end=\"50\">VDF Blanc ETC\u2026 2020 \u2013 Didier Dagueneau \ud83c\udf47\u2728<\/strong><\/h3>\n<p data-start=\"54\" data-end=\"302\">Le <strong data-start=\"57\" data-end=\"76\">Blanc ETC\u2026 2020<\/strong> incarne l\u2019audace du <strong data-start=\"97\" data-end=\"125\">Domaine Didier Dagueneau<\/strong>, offrant un <strong data-start=\"138\" data-end=\"170\">Sauvignon Blanc libre et pur<\/strong>, vinifi\u00e9 avec la m\u00eame pr\u00e9cision que ses grands Pouilly-Fum\u00e9. <strong data-start=\"232\" data-end=\"268\">Fra\u00eecheur, tension et min\u00e9ralit\u00e9<\/strong> d\u00e9finissent ce vin d\u2019exception.<\/p>\n<p data-start=\"304\" data-end=\"520\">\ud83d\udcc5 <strong data-start=\"307\" data-end=\"320\">Mill\u00e9sime<\/strong> : 2020, pr\u00e9cis et \u00e9clatant.<br data-start=\"348\" data-end=\"351\" \/>\ud83d\udccd <strong data-start=\"354\" data-end=\"364\">R\u00e9gion<\/strong> : <strong data-start=\"367\" data-end=\"392\" data-is-only-node=\"\">Loire<\/strong>.<br data-start=\"393\" data-end=\"396\" \/>\ud83c\udf47 <strong data-start=\"399\" data-end=\"409\">C\u00e9page<\/strong> : <strong data-start=\"412\" data-end=\"431\">Sauvignon Blanc<\/strong>, vibrant et cisel\u00e9.<br data-start=\"451\" data-end=\"454\" \/>\ud83c\udf7e <strong data-start=\"457\" data-end=\"467\">Format<\/strong> : <strong data-start=\"470\" data-end=\"479\">75 cl<\/strong>.<br data-start=\"480\" data-end=\"483\" \/>% <strong data-start=\"485\" data-end=\"502\">Taux d\u2019alcool<\/strong> : <strong data-start=\"505\" data-end=\"518\">13 % vol.<\/strong><\/p>\n<p data-start=\"522\" data-end=\"750\">\ud83d\udc43 <strong data-start=\"525\" data-end=\"532\">Nez<\/strong> : Ar\u00f4mes d\u2019<strong data-start=\"544\" data-end=\"613\">agrumes zest\u00e9s, fruits blancs croquants et notes fum\u00e9es min\u00e9rales<\/strong>.<br data-start=\"614\" data-end=\"617\" \/>\ud83d\udc44 <strong data-start=\"620\" data-end=\"630\" data-is-only-node=\"\">Bouche<\/strong> : <strong data-start=\"633\" data-end=\"651\">Vive et tendue<\/strong>, \u00e9quilibre parfait entre <strong data-start=\"677\" data-end=\"709\">fra\u00eecheur et texture soyeuse<\/strong>, avec une <strong data-start=\"720\" data-end=\"747\">finale longue et saline<\/strong>.<\/p>\n<p data-start=\"752\" data-end=\"841\" data-is-last-node=\"\" data-is-only-node=\"\">Un <strong data-start=\"755\" data-end=\"783\">Sauvignon intense et pur<\/strong>, parfait pour les amateurs de grands blancs de Loire. \ud83c\udf77\u2728<\/p>\n<\/div>\n<\/div>\n<\/div>\n<\/div>\n","protected":false},"featured_media":495,"comment_status":"open","ping_status":"closed","template":"","meta":[],"product_brand":[],"product_cat":[179,174,26,275],"product_tag":[],"class_list":{"0":"post-238","1":"product","2":"type-product","3":"status-publish","4":"has-post-thumbnail","6":"product_cat-vignerons-dagueneau","7":"product_cat-loire","8":"product_cat-bouteilles-vins-blancs","9":"product_cat-vins-blancs-loire","12":"first","13":"instock","14":"sold-individually","15":"shipping-taxable","16":"purchasable","17":"product-type-simple"},"_links":{"self":[{"href":"https:\/\/lerousseaugrenoble.fr\/boutique\/wp-json\/wp\/v2\/product\/238","targetHints":{"allow":["GET"]}}],"collection":[{"href":"https:\/\/lerousseaugrenoble.fr\/boutique\/wp-json\/wp\/v2\/product"}],"about":[{"href":"https:\/\/lerousseaugrenoble.fr\/boutique\/wp-json\/wp\/v2\/types\/product"}],"replies":[{"embeddable":true,"href":"https:\/\/lerousseaugrenoble.fr\/boutique\/wp-json\/wp\/v2\/comments?post=238"}],"version-history":[{"count":2,"href":"https:\/\/lerousseaugrenoble.fr\/boutique\/wp-json\/wp\/v2\/product\/238\/revisions"}],"predecessor-version":[{"id":25296,"href":"https:\/\/lerousseaugrenoble.fr\/boutique\/wp-json\/wp\/v2\/product\/238\/revisions\/25296"}],"wp:featuredmedia":[{"embeddable":true,"href":"https:\/\/lerousseaugrenoble.fr\/boutique\/wp-json\/wp\/v2\/media\/495"}],"wp:attachment":[{"href":"https:\/\/lerousseaugrenoble.fr\/boutique\/wp-json\/wp\/v2\/media?parent=238"}],"wp:term":[{"taxonomy":"product_brand","embeddable":true,"href":"https:\/\/lerousseaugrenoble.fr\/boutique\/wp-json\/wp\/v2\/product_brand?post=238"},{"taxonomy":"product_cat","embeddable":true,"href":"https:\/\/lerousseaugrenoble.fr\/boutique\/wp-json\/wp\/v2\/product_cat?post=238"},{"taxonomy":"product_tag","embeddable":true,"href":"https:\/\/lerousseaugrenoble.fr\/boutique\/wp-json\/wp\/v2\/product_tag?post=238"}],"curies":[{"name":"wp","href":"https:\/\/api.w.org\/{rel}","templated":true}]}}