{"id":237,"date":"2025-02-24T13:40:35","date_gmt":"2025-02-24T12:40:35","guid":{"rendered":"https:\/\/lerousseaugrenoble.fr\/boutique\/?post_type=product&#038;p=237"},"modified":"2025-05-09T13:53:39","modified_gmt":"2025-05-09T11:53:39","slug":"vdf-blanc-etc-dagueneau-2018","status":"publish","type":"product","link":"https:\/\/lerousseaugrenoble.fr\/boutique\/produit\/vdf-blanc-etc-dagueneau-2018\/","title":{"rendered":"VDF Blanc ETC\u2026 Dagueneau 2018"},"content":{"rendered":"<div class=\"flex max-w-full flex-col flex-grow\">\n<div class=\"min-h-8 text-message flex w-full flex-col items-end gap-2 whitespace-normal break-words text-start [.text-message+&amp;]:mt-5\" dir=\"auto\" data-message-author-role=\"assistant\" data-message-id=\"f42bde69-37e8-43e1-9ebf-920025fa31e3\" data-message-model-slug=\"gpt-4o\">\n<div class=\"flex w-full flex-col gap-1 empty:hidden first:pt-[3px]\">\n<div class=\"markdown prose w-full break-words dark:prose-invert dark\">\n<h3 data-start=\"0\" data-end=\"52\"><strong data-start=\"4\" data-end=\"50\">VDF Blanc ETC\u2026 2018 \u2013 Didier Dagueneau \ud83c\udf47\u2728<\/strong><\/h3>\n<p data-start=\"54\" data-end=\"548\">Le <strong data-start=\"57\" data-end=\"76\">Blanc ETC\u2026 2018<\/strong> est une cuv\u00e9e rare du <strong data-start=\"99\" data-end=\"127\">Domaine Didier Dagueneau<\/strong>, c\u00e9l\u00e8bre pour son travail d\u2019orf\u00e8vre sur le <strong data-start=\"171\" data-end=\"190\">Sauvignon Blanc<\/strong>. Toujours en qu\u00eate d\u2019excellence et d\u2019authenticit\u00e9, la famille Dagueneau propose ici un <strong data-start=\"278\" data-end=\"295\">Vin de France<\/strong>issu de vignes en dehors de l\u2019appellation <strong data-start=\"338\" data-end=\"354\">Pouilly-Fum\u00e9<\/strong>, mais vinifi\u00e9 avec la m\u00eame rigueur et pr\u00e9cision que ses plus grands crus. Ce vin d\u00e9voile une <strong data-start=\"448\" data-end=\"477\">expression pure du c\u00e9page<\/strong>, avec une <strong data-start=\"488\" data-end=\"545\">grande tension min\u00e9rale et une profondeur remarquable<\/strong>.<\/p>\n<hr data-start=\"550\" data-end=\"555\" \/>\n<h3 data-start=\"557\" data-end=\"590\"><strong data-start=\"561\" data-end=\"588\">Caract\u00e9ristiques du Vin<\/strong><\/h3>\n<p data-start=\"592\" data-end=\"807\">\ud83d\udcc5 <strong data-start=\"595\" data-end=\"608\">Mill\u00e9sime<\/strong> : 2018, structur\u00e9 et lumineux.<br data-start=\"639\" data-end=\"642\" \/>\ud83d\udccd <strong data-start=\"645\" data-end=\"655\">R\u00e9gion<\/strong> : <strong data-start=\"658\" data-end=\"683\">Loire<\/strong>.<br data-start=\"684\" data-end=\"687\" \/>\ud83c\udf47 <strong data-start=\"690\" data-end=\"700\">C\u00e9page<\/strong> : <strong data-start=\"703\" data-end=\"722\">Sauvignon Blanc<\/strong>, vif et cisel\u00e9.<br data-start=\"738\" data-end=\"741\" \/>\ud83c\udf7e <strong data-start=\"744\" data-end=\"754\">Format<\/strong> : <strong data-start=\"757\" data-end=\"766\" data-is-only-node=\"\">75 cl<\/strong>.<br data-start=\"767\" data-end=\"770\" \/>% <strong data-start=\"772\" data-end=\"789\">Taux d\u2019alcool<\/strong> : <strong data-start=\"792\" data-end=\"805\">13 % vol.<\/strong><\/p>\n<hr data-start=\"809\" data-end=\"814\" \/>\n<h3 data-start=\"816\" data-end=\"837\"><strong data-start=\"820\" data-end=\"835\">D\u00e9gustation<\/strong><\/h3>\n<p data-start=\"839\" data-end=\"1016\">\ud83d\udc43 <strong data-start=\"842\" data-end=\"849\">Nez<\/strong> : Intense et \u00e9l\u00e9gant, il exhale des notes de <strong data-start=\"895\" data-end=\"986\">zeste de citron, fruits blancs (pomme, poire), fleurs blanches et une fine touche fum\u00e9e<\/strong> caract\u00e9ristique du terroir.<\/p>\n<p data-start=\"1018\" data-end=\"1273\">\ud83d\udc44 <strong data-start=\"1021\" data-end=\"1031\">Bouche<\/strong> : Attaque <strong data-start=\"1042\" data-end=\"1065\">vive et cristalline<\/strong>, soutenue par une <strong data-start=\"1084\" data-end=\"1130\">belle acidit\u00e9 et une min\u00e9ralit\u00e9 tranchante<\/strong>. Une mati\u00e8re bien \u00e9quilibr\u00e9e entre <strong data-start=\"1166\" data-end=\"1190\">fra\u00eecheur et ampleur<\/strong>, avec une <strong data-start=\"1201\" data-end=\"1233\">finale saline et persistante<\/strong> qui signe les grands blancs de Loire.<\/p>\n<hr data-start=\"1275\" data-end=\"1280\" \/>\n<h3 data-start=\"1282\" data-end=\"1335\"><strong data-start=\"1286\" data-end=\"1333\">Un Sauvignon Blanc d\u2019une Puret\u00e9 Remarquable<\/strong><\/h3>\n<p data-start=\"1337\" data-end=\"1690\" data-is-last-node=\"\" data-is-only-node=\"\">Le <strong data-start=\"1340\" data-end=\"1359\">Blanc ETC\u2026 2018<\/strong> est une <strong data-start=\"1368\" data-end=\"1425\">interpr\u00e9tation libre et audacieuse du Sauvignon Blanc<\/strong>, qui refl\u00e8te l\u2019identit\u00e9 du domaine tout en explorant de nouveaux horizons. Un <strong data-start=\"1504\" data-end=\"1527\">vin rac\u00e9 et vibrant<\/strong>, parfait pour les amateurs de grands blancs \u00e0 la fois purs et expressifs. Il pourra \u00eatre d\u00e9gust\u00e9 d\u00e8s aujourd\u2019hui ou se bonifier apr\u00e8s quelques ann\u00e9es en cave. \ud83c\udf77\u2728<\/p>\n<\/div>\n<\/div>\n<\/div>\n<\/div>\n","protected":false},"excerpt":{"rendered":"<h3 data-start=\"0\" data-end=\"52\"><strong data-start=\"4\" data-end=\"50\">VDF Blanc ETC\u2026 2018 \u2013 Didier Dagueneau \ud83c\udf47\u2728<\/strong><\/h3>\n<p data-start=\"54\" data-end=\"363\">Le <strong data-start=\"57\" data-end=\"76\">Blanc ETC\u2026 2018<\/strong> est une cuv\u00e9e confidentielle du <strong data-start=\"109\" data-end=\"137\">Domaine Didier Dagueneau<\/strong>, \u00e9labor\u00e9e avec la m\u00eame exigence que ses grands <strong data-start=\"185\" data-end=\"201\">Pouilly-Fum\u00e9<\/strong>. Ce <strong data-start=\"206\" data-end=\"225\">Sauvignon Blanc<\/strong> r\u00e9v\u00e8le une expression pure et intense du c\u00e9page, port\u00e9e par une <strong data-start=\"290\" data-end=\"360\">belle tension min\u00e9rale et une profondeur aromatique exceptionnelle<\/strong>.<\/p>\n<p data-start=\"365\" data-end=\"583\">\ud83d\udcc5 <strong data-start=\"368\" data-end=\"381\">Mill\u00e9sime<\/strong> : 2018, riche et \u00e9quilibr\u00e9.<br data-start=\"409\" data-end=\"412\" \/>\ud83d\udccd <strong data-start=\"415\" data-end=\"425\">R\u00e9gion<\/strong> : Loire<br data-start=\"454\" data-end=\"457\" \/>\ud83c\udf47 <strong data-start=\"460\" data-end=\"470\">C\u00e9page<\/strong> : <strong data-start=\"473\" data-end=\"492\">Sauvignon Blanc<\/strong>, cisel\u00e9 et expressif.<br data-start=\"514\" data-end=\"517\" \/>\ud83c\udf7e <strong data-start=\"520\" data-end=\"530\">Format<\/strong> : <strong data-start=\"533\" data-end=\"542\">75 cl<\/strong>.<br data-start=\"543\" data-end=\"546\" \/>% <strong data-start=\"548\" data-end=\"565\">Taux d\u2019alcool<\/strong> : <strong data-start=\"568\" data-end=\"581\">13 % vol.<\/strong><\/p>\n<p data-start=\"585\" data-end=\"789\">\ud83d\udc43 <strong data-start=\"588\" data-end=\"595\">Nez<\/strong> : Notes d\u2019<strong data-start=\"606\" data-end=\"658\">agrumes, fruits blancs, fleurs et pierre \u00e0 fusil<\/strong>.<br data-start=\"659\" data-end=\"662\" \/>\ud83d\udc44 <strong data-start=\"665\" data-end=\"675\" data-is-only-node=\"\">Bouche<\/strong> : <strong data-start=\"678\" data-end=\"701\">Vive et cristalline<\/strong>, bel \u00e9quilibre entre <strong data-start=\"723\" data-end=\"748\">fra\u00eecheur et richesse<\/strong>, avec une <strong data-start=\"759\" data-end=\"786\">finale longue et saline<\/strong>.<\/p>\n<p data-start=\"791\" data-end=\"889\" data-is-last-node=\"\" data-is-only-node=\"\">Un <strong data-start=\"794\" data-end=\"823\">Sauvignon rac\u00e9 et \u00e9l\u00e9gant<\/strong>, parfait pour d\u00e9couvrir la signature unique de <strong data-start=\"871\" data-end=\"884\">Dagueneau<\/strong>. \ud83c\udf77\u2728<\/p>\n","protected":false},"featured_media":640,"comment_status":"open","ping_status":"closed","template":"","meta":[],"product_brand":[],"product_cat":[179,174,26,275],"product_tag":[],"class_list":{"0":"post-237","1":"product","2":"type-product","3":"status-publish","4":"has-post-thumbnail","6":"product_cat-vignerons-dagueneau","7":"product_cat-loire","8":"product_cat-bouteilles-vins-blancs","9":"product_cat-vins-blancs-loire","12":"first","13":"instock","14":"sold-individually","15":"shipping-taxable","16":"purchasable","17":"product-type-simple"},"_links":{"self":[{"href":"https:\/\/lerousseaugrenoble.fr\/boutique\/wp-json\/wp\/v2\/product\/237","targetHints":{"allow":["GET"]}}],"collection":[{"href":"https:\/\/lerousseaugrenoble.fr\/boutique\/wp-json\/wp\/v2\/product"}],"about":[{"href":"https:\/\/lerousseaugrenoble.fr\/boutique\/wp-json\/wp\/v2\/types\/product"}],"replies":[{"embeddable":true,"href":"https:\/\/lerousseaugrenoble.fr\/boutique\/wp-json\/wp\/v2\/comments?post=237"}],"version-history":[{"count":1,"href":"https:\/\/lerousseaugrenoble.fr\/boutique\/wp-json\/wp\/v2\/product\/237\/revisions"}],"predecessor-version":[{"id":25297,"href":"https:\/\/lerousseaugrenoble.fr\/boutique\/wp-json\/wp\/v2\/product\/237\/revisions\/25297"}],"wp:featuredmedia":[{"embeddable":true,"href":"https:\/\/lerousseaugrenoble.fr\/boutique\/wp-json\/wp\/v2\/media\/640"}],"wp:attachment":[{"href":"https:\/\/lerousseaugrenoble.fr\/boutique\/wp-json\/wp\/v2\/media?parent=237"}],"wp:term":[{"taxonomy":"product_brand","embeddable":true,"href":"https:\/\/lerousseaugrenoble.fr\/boutique\/wp-json\/wp\/v2\/product_brand?post=237"},{"taxonomy":"product_cat","embeddable":true,"href":"https:\/\/lerousseaugrenoble.fr\/boutique\/wp-json\/wp\/v2\/product_cat?post=237"},{"taxonomy":"product_tag","embeddable":true,"href":"https:\/\/lerousseaugrenoble.fr\/boutique\/wp-json\/wp\/v2\/product_tag?post=237"}],"curies":[{"name":"wp","href":"https:\/\/api.w.org\/{rel}","templated":true}]}}