{"id":236,"date":"2025-02-24T13:38:26","date_gmt":"2025-02-24T12:38:26","guid":{"rendered":"https:\/\/lerousseaugrenoble.fr\/boutique\/?post_type=product&#038;p=236"},"modified":"2025-05-09T13:54:25","modified_gmt":"2025-05-09T11:54:25","slug":"pouilly-fume-blanc-de-pouilly-dagueneau-2016","status":"publish","type":"product","link":"https:\/\/lerousseaugrenoble.fr\/boutique\/produit\/pouilly-fume-blanc-de-pouilly-dagueneau-2016\/","title":{"rendered":"Pouilly Fum\u00e9 Blanc de Pouilly Dagueneau 2016"},"content":{"rendered":"<article class=\"w-full text-token-text-primary focus-visible:outline-2 focus-visible:outline-offset-[-4px]\" dir=\"auto\" data-testid=\"conversation-turn-155\" data-scroll-anchor=\"true\">\n<div class=\"m-auto text-base py-[18px] px-6\">\n<div class=\"mx-auto flex flex-1 text-base gap-4 md:gap-5 lg:gap-6 md:max-w-3xl lg:max-w-[40rem] xl:max-w-[48rem]\">\n<div class=\"group\/conversation-turn relative flex w-full min-w-0 flex-col agent-turn @xs\/thread:px-0 @sm\/thread:px-1.5 @md\/thread:px-4\">\n<div class=\"flex-col gap-1 md:gap-3\">\n<div class=\"flex max-w-full flex-col flex-grow\">\n<div class=\"min-h-8 text-message flex w-full flex-col items-end gap-2 whitespace-normal break-words text-start [.text-message+&amp;]:mt-5\" dir=\"auto\" data-message-author-role=\"assistant\" data-message-id=\"2d5e4d5c-9d64-4687-b4a1-22246ce16b50\" data-message-model-slug=\"gpt-4o\">\n<div class=\"flex w-full flex-col gap-1 empty:hidden first:pt-[3px]\">\n<div class=\"markdown prose w-full break-words dark:prose-invert dark\">\n<h3 data-start=\"0\" data-end=\"67\"><strong data-start=\"4\" data-end=\"65\">Pouilly-Fum\u00e9 Blanc de Pouilly 2016 \u2013 Didier Dagueneau \ud83c\udf47\u2728<\/strong><\/h3>\n<p data-start=\"69\" data-end=\"458\">Le <strong data-start=\"72\" data-end=\"97\">Blanc de Pouilly 2016<\/strong> est une cuv\u00e9e rare du <strong data-start=\"120\" data-end=\"148\">Domaine Didier Dagueneau<\/strong>, l\u2019un des plus grands noms du <strong data-start=\"179\" data-end=\"195\">Pouilly-Fum\u00e9<\/strong>. Ce vin exprime avec brio l\u2019essence du <strong data-start=\"235\" data-end=\"254\">Sauvignon Blanc<\/strong>, sublim\u00e9 par un terroir unique et un \u00e9levage d\u2019exception. Ce <strong data-start=\"316\" data-end=\"334\">mill\u00e9sime 2016<\/strong>, marqu\u00e9 par la pr\u00e9cision et l\u2019\u00e9quilibre, d\u00e9voile une <strong data-start=\"388\" data-end=\"455\">grande puret\u00e9 aromatique et une tension min\u00e9rale exceptionnelle<\/strong>.<\/p>\n<hr data-start=\"460\" data-end=\"465\" \/>\n<h3 data-start=\"467\" data-end=\"500\"><strong data-start=\"471\" data-end=\"498\">Caract\u00e9ristiques du Vin<\/strong><\/h3>\n<p data-start=\"502\" data-end=\"713\">\ud83d\udcc5 <strong data-start=\"505\" data-end=\"518\">Mill\u00e9sime<\/strong> : 2016, pr\u00e9cis et lumineux.<br data-start=\"546\" data-end=\"549\" \/>\ud83d\udccd <strong data-start=\"552\" data-end=\"562\">R\u00e9gion<\/strong> : <strong data-start=\"565\" data-end=\"588\">Loire, Pouilly-Fum\u00e9<\/strong>.<br data-start=\"589\" data-end=\"592\" \/>\ud83c\udf47 <strong data-start=\"595\" data-end=\"605\">C\u00e9page<\/strong> : <strong data-start=\"608\" data-end=\"627\">Sauvignon Blanc<\/strong>, pur et vibrant.<br data-start=\"644\" data-end=\"647\" \/>\ud83c\udf7e <strong data-start=\"650\" data-end=\"660\">Format<\/strong> : <strong data-start=\"663\" data-end=\"672\" data-is-only-node=\"\">75 cl<\/strong>.<br data-start=\"673\" data-end=\"676\" \/>% <strong data-start=\"678\" data-end=\"695\">Taux d\u2019alcool<\/strong> : <strong data-start=\"698\" data-end=\"711\">13 % vol.<\/strong><\/p>\n<hr data-start=\"715\" data-end=\"720\" \/>\n<h3 data-start=\"722\" data-end=\"743\"><strong data-start=\"726\" data-end=\"741\">D\u00e9gustation<\/strong><\/h3>\n<p data-start=\"745\" data-end=\"894\">\ud83d\udc43 <strong data-start=\"748\" data-end=\"755\">Nez<\/strong> : \u00c9l\u00e9gant et intense, aux notes d\u2019<strong data-start=\"790\" data-end=\"849\">agrumes, pomme verte, fleurs blanches et pierre \u00e0 fusil<\/strong>, signature du terroir de <strong data-start=\"875\" data-end=\"891\">Pouilly-Fum\u00e9<\/strong>.<\/p>\n<p data-start=\"896\" data-end=\"1042\">\ud83d\udc44 <strong data-start=\"899\" data-end=\"909\">Bouche<\/strong> : <strong data-start=\"912\" data-end=\"938\">Attaque vive et tendue<\/strong>, superbe <strong data-start=\"948\" data-end=\"988\">\u00e9quilibre entre min\u00e9ralit\u00e9 et volume<\/strong>, avec une <strong data-start=\"999\" data-end=\"1039\">finale longue, saline et persistante<\/strong>.<\/p>\n<hr data-start=\"1044\" data-end=\"1049\" \/>\n<h3 data-start=\"1051\" data-end=\"1110\"><strong data-start=\"1055\" data-end=\"1108\">Un Grand Sauvignon de Loire, d\u2019une Pr\u00e9cision Rare<\/strong><\/h3>\n<p data-start=\"1112\" data-end=\"1425\" data-is-last-node=\"\" data-is-only-node=\"\">Le <strong data-start=\"1115\" data-end=\"1140\">Blanc de Pouilly 2016<\/strong> est un <strong data-start=\"1148\" data-end=\"1183\">chef-d\u2019\u0153uvre du Sauvignon Blanc<\/strong>, r\u00e9v\u00e9lant toute la <strong data-start=\"1203\" data-end=\"1260\">subtilit\u00e9 et la profondeur du terroir de Pouilly-Fum\u00e9<\/strong>. Un vin de <strong data-start=\"1272\" data-end=\"1288\">grande garde<\/strong>, qui gagnera encore en complexit\u00e9 avec les ann\u00e9es. <strong data-start=\"1340\" data-end=\"1421\">Une r\u00e9f\u00e9rence incontournable pour les amateurs de blancs cisel\u00e9s et vibrants.<\/strong> \ud83c\udf77\u2728<\/p>\n<\/div>\n<\/div>\n<\/div>\n<\/div>\n<\/div>\n<\/div>\n<\/div>\n<\/div>\n<\/article>\n","protected":false},"excerpt":{"rendered":"<h3 data-start=\"0\" data-end=\"67\"><strong data-start=\"4\" data-end=\"65\">Pouilly-Fum\u00e9 Blanc de Pouilly 2016 \u2013 Didier Dagueneau \ud83c\udf47\u2728<\/strong><\/h3>\n<p data-start=\"69\" data-end=\"330\">Le <strong data-start=\"72\" data-end=\"97\">Blanc de Pouilly 2016<\/strong> est une cuv\u00e9e rare du <strong data-start=\"120\" data-end=\"148\">Domaine Didier Dagueneau<\/strong>, embl\u00e9matique du <strong data-start=\"166\" data-end=\"182\">Pouilly-Fum\u00e9<\/strong>. Ce <strong data-start=\"187\" data-end=\"206\">Sauvignon Blanc<\/strong> d\u2019exception offre une <strong data-start=\"229\" data-end=\"286\">min\u00e9ralit\u00e9 tranchante et une grande puret\u00e9 aromatique<\/strong>, refl\u00e9tant le terroir unique de la Loire.<\/p>\n<p data-start=\"332\" data-end=\"544\">\ud83d\udcc5 <strong data-start=\"335\" data-end=\"348\">Mill\u00e9sime<\/strong> : 2016, pr\u00e9cis et lumineux.<br data-start=\"376\" data-end=\"379\" \/>\ud83d\udccd <strong data-start=\"382\" data-end=\"392\">R\u00e9gion<\/strong> : <strong data-start=\"395\" data-end=\"418\" data-is-only-node=\"\">Loire, Pouilly-Fum\u00e9<\/strong>.<br data-start=\"419\" data-end=\"422\" \/>\ud83c\udf47 <strong data-start=\"425\" data-end=\"435\">C\u00e9page<\/strong> : <strong data-start=\"438\" data-end=\"457\">Sauvignon Blanc<\/strong>, vibrant et rac\u00e9.<br data-start=\"475\" data-end=\"478\" \/>\ud83c\udf7e <strong data-start=\"481\" data-end=\"491\">Format<\/strong> : <strong data-start=\"494\" data-end=\"503\">75 cl<\/strong>.<br data-start=\"504\" data-end=\"507\" \/>% <strong data-start=\"509\" data-end=\"526\">Taux d\u2019alcool<\/strong> : <strong data-start=\"529\" data-end=\"542\">13 % vol.<\/strong><\/p>\n<p data-start=\"546\" data-end=\"767\">\ud83d\udc43 <strong data-start=\"549\" data-end=\"556\">Nez<\/strong> : Notes d\u2019<strong data-start=\"567\" data-end=\"626\">agrumes, pomme verte, fleurs blanches et pierre \u00e0 fusil<\/strong>.<br data-start=\"627\" data-end=\"630\" \/>\ud83d\udc44 <strong data-start=\"633\" data-end=\"643\" data-is-only-node=\"\">Bouche<\/strong> : <strong data-start=\"646\" data-end=\"668\">Tendue et \u00e9l\u00e9gante<\/strong>, superbe \u00e9quilibre entre <strong data-start=\"694\" data-end=\"721\">fra\u00eecheur et profondeur<\/strong>, avec une <strong data-start=\"732\" data-end=\"764\">finale saline et persistante<\/strong>.<\/p>\n<p data-start=\"769\" data-end=\"845\" data-is-last-node=\"\" data-is-only-node=\"\">Un <strong data-start=\"772\" data-end=\"817\">grand blanc de Loire pr\u00e9cis et intemporel<\/strong>, parfait pour la garde. \ud83c\udf77\u2728<\/p>\n","protected":false},"featured_media":499,"comment_status":"open","ping_status":"closed","template":"","meta":[],"product_brand":[],"product_cat":[179,174,26,275],"product_tag":[],"class_list":{"0":"post-236","1":"product","2":"type-product","3":"status-publish","4":"has-post-thumbnail","6":"product_cat-vignerons-dagueneau","7":"product_cat-loire","8":"product_cat-bouteilles-vins-blancs","9":"product_cat-vins-blancs-loire","12":"first","13":"instock","14":"sold-individually","15":"shipping-taxable","16":"purchasable","17":"product-type-simple"},"_links":{"self":[{"href":"https:\/\/lerousseaugrenoble.fr\/boutique\/wp-json\/wp\/v2\/product\/236","targetHints":{"allow":["GET"]}}],"collection":[{"href":"https:\/\/lerousseaugrenoble.fr\/boutique\/wp-json\/wp\/v2\/product"}],"about":[{"href":"https:\/\/lerousseaugrenoble.fr\/boutique\/wp-json\/wp\/v2\/types\/product"}],"replies":[{"embeddable":true,"href":"https:\/\/lerousseaugrenoble.fr\/boutique\/wp-json\/wp\/v2\/comments?post=236"}],"version-history":[{"count":1,"href":"https:\/\/lerousseaugrenoble.fr\/boutique\/wp-json\/wp\/v2\/product\/236\/revisions"}],"predecessor-version":[{"id":25298,"href":"https:\/\/lerousseaugrenoble.fr\/boutique\/wp-json\/wp\/v2\/product\/236\/revisions\/25298"}],"wp:featuredmedia":[{"embeddable":true,"href":"https:\/\/lerousseaugrenoble.fr\/boutique\/wp-json\/wp\/v2\/media\/499"}],"wp:attachment":[{"href":"https:\/\/lerousseaugrenoble.fr\/boutique\/wp-json\/wp\/v2\/media?parent=236"}],"wp:term":[{"taxonomy":"product_brand","embeddable":true,"href":"https:\/\/lerousseaugrenoble.fr\/boutique\/wp-json\/wp\/v2\/product_brand?post=236"},{"taxonomy":"product_cat","embeddable":true,"href":"https:\/\/lerousseaugrenoble.fr\/boutique\/wp-json\/wp\/v2\/product_cat?post=236"},{"taxonomy":"product_tag","embeddable":true,"href":"https:\/\/lerousseaugrenoble.fr\/boutique\/wp-json\/wp\/v2\/product_tag?post=236"}],"curies":[{"name":"wp","href":"https:\/\/api.w.org\/{rel}","templated":true}]}}