{"id":233,"date":"2025-02-24T13:29:48","date_gmt":"2025-02-24T12:29:48","guid":{"rendered":"https:\/\/lerousseaugrenoble.fr\/boutique\/?post_type=product&#038;p=233"},"modified":"2025-05-09T13:56:03","modified_gmt":"2025-05-09T11:56:03","slug":"vdf-les-jardins-de-babylone-sec-dagueneau-2016","status":"publish","type":"product","link":"https:\/\/lerousseaugrenoble.fr\/boutique\/produit\/vdf-les-jardins-de-babylone-sec-dagueneau-2016\/","title":{"rendered":"VDF Les Jardins de Babylone sec Dagueneau 2018"},"content":{"rendered":"<article class=\"w-full text-token-text-primary focus-visible:outline-2 focus-visible:outline-offset-[-4px]\" dir=\"auto\" data-testid=\"conversation-turn-145\" data-scroll-anchor=\"true\">\n<div class=\"m-auto text-base py-[18px] px-6\">\n<div class=\"mx-auto flex flex-1 text-base gap-4 md:gap-5 lg:gap-6 md:max-w-3xl lg:max-w-[40rem] xl:max-w-[48rem]\">\n<div class=\"group\/conversation-turn relative flex w-full min-w-0 flex-col agent-turn @xs\/thread:px-0 @sm\/thread:px-1.5 @md\/thread:px-4\">\n<div class=\"flex-col gap-1 md:gap-3\">\n<div class=\"flex max-w-full flex-col flex-grow\">\n<div class=\"min-h-8 text-message flex w-full flex-col items-end gap-2 whitespace-normal break-words text-start [.text-message+&amp;]:mt-5\" dir=\"auto\" data-message-author-role=\"assistant\" data-message-id=\"dc32583d-7680-4dd4-b090-bcefff7d3f84\" data-message-model-slug=\"gpt-4o\">\n<div class=\"flex w-full flex-col gap-1 empty:hidden first:pt-[3px]\">\n<div class=\"markdown prose w-full break-words dark:prose-invert dark\">\n<h3 data-start=\"0\" data-end=\"69\"><strong data-start=\"4\" data-end=\"67\">VDF Les Jardins de Babylone Sec 2018 \u2013 Didier Dagueneau \ud83c\udf47\u2728<\/strong><\/h3>\n<p data-start=\"71\" data-end=\"476\">Le <strong data-start=\"74\" data-end=\"106\">Jardins de Babylone Sec 2018 <\/strong>est une cuv\u00e9e d\u2019exception n\u00e9e du <strong data-start=\"140\" data-end=\"191\">savoir-faire unique du domaine Didier Dagueneau<\/strong>, l\u00e9gende du <strong data-start=\"204\" data-end=\"223\">Sauvignon Blanc<\/strong> en Loire, qui a su sublimer un autre grand terroir : le <strong data-start=\"280\" data-end=\"292\">Juran\u00e7on<\/strong>. Situ\u00e9es sur des coteaux abrupts et expos\u00e9es id\u00e9alement, les vignes de <strong data-start=\"364\" data-end=\"381\">Petit Manseng<\/strong> donnent naissance \u00e0 un vin blanc sec d\u2019une <strong data-start=\"425\" data-end=\"473\">intensit\u00e9 aromatique et d\u2019une pr\u00e9cision rare<\/strong>.<\/p>\n<p data-start=\"478\" data-end=\"754\">Ce mill\u00e9sime 2018, marqu\u00e9 par une belle maturit\u00e9 et un parfait \u00e9quilibre entre <strong data-start=\"557\" data-end=\"589\">richesse et tension min\u00e9rale<\/strong>, offre une interpr\u00e9tation magistrale de ce <strong data-start=\"633\" data-end=\"656\">terroir d\u2019exception<\/strong>, combinant puissance et raffinement avec une structure cisel\u00e9e et une grande capacit\u00e9 de garde.<\/p>\n<hr data-start=\"756\" data-end=\"761\" \/>\n<h3 data-start=\"763\" data-end=\"838\"><strong data-start=\"767\" data-end=\"836\">Le Domaine Didier Dagueneau : L\u2019Excellence en Terroir de Juran\u00e7on<\/strong><\/h3>\n<p data-start=\"840\" data-end=\"1185\">Didier Dagueneau, vigneron visionnaire, a b\u00e2ti sa r\u00e9putation sur son exigence et son perfectionnisme dans l\u2019expression pure du <strong data-start=\"967\" data-end=\"1001\">Sauvignon Blanc \u00e0 Pouilly-Fum\u00e9<\/strong>. Avant son d\u00e9c\u00e8s tragique en 2008, il avait entrepris un projet audacieux : <strong data-start=\"1078\" data-end=\"1126\">redonner ses lettres de noblesse au Juran\u00e7on<\/strong> avec des vins secs et moelleux d\u2019une pr\u00e9cision in\u00e9gal\u00e9e.<\/p>\n<p data-start=\"1187\" data-end=\"1413\">Aujourd\u2019hui, son fils Louis-Benjamin perp\u00e9tue cet h\u00e9ritage en poursuivant la qu\u00eate d\u2019excellence sur ce <strong data-start=\"1290\" data-end=\"1316\">grand terroir pyr\u00e9n\u00e9en<\/strong>, o\u00f9 le Petit Manseng r\u00e9v\u00e8le un <strong data-start=\"1348\" data-end=\"1382\">profil cisel\u00e9, rac\u00e9 et vibrant<\/strong> sous la patte des Dagueneau.<\/p>\n<hr data-start=\"1415\" data-end=\"1420\" \/>\n<h3 data-start=\"1422\" data-end=\"1455\"><strong data-start=\"1426\" data-end=\"1453\">Caract\u00e9ristiques du Vin<\/strong><\/h3>\n<p data-start=\"1457\" data-end=\"1670\">\ud83d\udcc5 <strong data-start=\"1460\" data-end=\"1473\">Mill\u00e9sime<\/strong> : 2018, riche et \u00e9quilibr\u00e9.<br data-start=\"1501\" data-end=\"1504\" \/>\ud83d\udccd <strong data-start=\"1507\" data-end=\"1517\">R\u00e9gion<\/strong> : <strong data-start=\"1520\" data-end=\"1532\">Juran\u00e7on<\/strong>, Vin de France.<br data-start=\"1548\" data-end=\"1551\" \/>\ud83c\udf47 <strong data-start=\"1554\" data-end=\"1564\">C\u00e9page<\/strong> : <strong data-start=\"1567\" data-end=\"1584\">Petit Manseng<\/strong>, pur et intense.<br data-start=\"1601\" data-end=\"1604\" \/>\ud83c\udf7e <strong data-start=\"1607\" data-end=\"1617\">Format<\/strong> : <strong data-start=\"1620\" data-end=\"1629\">75 cl<\/strong>.<br data-start=\"1630\" data-end=\"1633\" \/>% <strong data-start=\"1635\" data-end=\"1652\">Taux d\u2019alcool<\/strong> : <strong data-start=\"1655\" data-end=\"1668\">13 % vol.<\/strong><\/p>\n<hr data-start=\"1672\" data-end=\"1677\" \/>\n<h3 data-start=\"1679\" data-end=\"1700\"><strong data-start=\"1683\" data-end=\"1698\">D\u00e9gustation<\/strong><\/h3>\n<p data-start=\"1702\" data-end=\"1921\">\ud83d\udc43 <strong data-start=\"1705\" data-end=\"1712\">Nez<\/strong> : Expressif et complexe, d\u00e9voilant des <strong data-start=\"1752\" data-end=\"1879\">ar\u00f4mes de fruits jaunes m\u00fbrs (abricot, p\u00eache), d\u2019agrumes confits, de fleurs blanches et de subtiles notes fum\u00e9es et \u00e9pic\u00e9es<\/strong> apport\u00e9es par l\u2019\u00e9levage pr\u00e9cis en f\u00fbts.<\/p>\n<p data-start=\"1923\" data-end=\"2146\">\ud83d\udc44 <strong data-start=\"1926\" data-end=\"1936\">Bouche<\/strong> : Attaque vive et tendue, superbe <strong data-start=\"1971\" data-end=\"2013\">\u00e9quilibre entre richesse et min\u00e9ralit\u00e9<\/strong>, mati\u00e8re ample avec une texture soyeuse, port\u00e9e par une <strong data-start=\"2070\" data-end=\"2143\">grande acidit\u00e9 qui allonge la finale sur des notes salines et \u00e9pic\u00e9es<\/strong>.<\/p>\n<hr data-start=\"2148\" data-end=\"2153\" \/>\n<h3 data-start=\"2155\" data-end=\"2208\"><strong data-start=\"2159\" data-end=\"2206\">Un Grand Blanc Sec de Garde et de Caract\u00e8re<\/strong><\/h3>\n<p data-start=\"2210\" data-end=\"2442\">Avec le <strong data-start=\"2218\" data-end=\"2250\">Jardins de Babylone Sec 2018<\/strong>, <strong data-start=\"2252\" data-end=\"2290\">Dagueneau r\u00e9ussit un tour de force<\/strong> : sublimer le Petit Manseng dans une version <strong data-start=\"2336\" data-end=\"2382\">d\u2019une puret\u00e9 et d\u2019une tension remarquables<\/strong>, tout en conservant <strong data-start=\"2403\" data-end=\"2439\">ampleur et complexit\u00e9 aromatique<\/strong>.<\/p>\n<p data-start=\"2444\" data-end=\"2710\" data-is-last-node=\"\" data-is-only-node=\"\">Ce vin <strong data-start=\"2451\" data-end=\"2469\">rac\u00e9 et pr\u00e9cis<\/strong>, alliant <strong data-start=\"2479\" data-end=\"2517\">\u00e9l\u00e9gance, profondeur et min\u00e9ralit\u00e9<\/strong>, est une <strong data-start=\"2527\" data-end=\"2559\">v\u00e9ritable p\u00e9pite du Juran\u00e7on<\/strong>, qui se d\u00e9voilera encore davantage apr\u00e8s quelques ann\u00e9es en cave. <strong data-start=\"2626\" data-end=\"2706\">Un incontournable pour les amateurs de grands blancs \u00e0 la signature unique !<\/strong> \ud83c\udf77\u2728<\/p>\n<\/div>\n<\/div>\n<\/div>\n<\/div>\n<\/div>\n<\/div>\n<\/div>\n<\/div>\n<\/article>\n","protected":false},"excerpt":{"rendered":"<h3 data-start=\"0\" data-end=\"69\"><strong data-start=\"4\" data-end=\"67\">VDF Les Jardins de Babylone Sec 2018 \u2013 Didier Dagueneau \ud83c\udf47\u2728<\/strong><\/h3>\n<p data-start=\"71\" data-end=\"399\">Le <strong data-start=\"74\" data-end=\"106\">Jardins de Babylone Sec 2018<\/strong>\u00a0est une <strong data-start=\"115\" data-end=\"140\">p\u00e9pite confidentielle<\/strong> sign\u00e9e par le l\u00e9gendaire domaine <strong data-start=\"174\" data-end=\"194\">Didier Dagueneau<\/strong>, c\u00e9l\u00e8bre pour son approche ultra-pr\u00e9cise du <strong data-start=\"239\" data-end=\"258\">Sauvignon Blanc<\/strong>. Implant\u00e9 sur les coteaux abrupts du <strong data-start=\"296\" data-end=\"308\">Juran\u00e7on<\/strong>, ce vin d\u2019exception exprime avec brio l\u2019intensit\u00e9 et la min\u00e9ralit\u00e9 unique de ce terroir.<\/p>\n<p data-start=\"401\" data-end=\"624\">\ud83d\udcc5 <strong data-start=\"404\" data-end=\"417\">Mill\u00e9sime<\/strong> : 2018, raffin\u00e9 et \u00e9quilibr\u00e9.<br data-start=\"447\" data-end=\"450\" \/>\ud83d\udccd <strong data-start=\"453\" data-end=\"463\">R\u00e9gion<\/strong> : <strong data-start=\"466\" data-end=\"478\" data-is-only-node=\"\">Juran\u00e7on<\/strong>, Vin de France.<br data-start=\"494\" data-end=\"497\" \/>\ud83c\udf47 <strong data-start=\"500\" data-end=\"510\">C\u00e9page<\/strong> : <strong data-start=\"513\" data-end=\"530\">Petit Manseng<\/strong>, puissant et cristallin.<br data-start=\"555\" data-end=\"558\" \/>\ud83c\udf7e <strong data-start=\"561\" data-end=\"571\">Format<\/strong> : <strong data-start=\"574\" data-end=\"583\">75 cl<\/strong>.<br data-start=\"584\" data-end=\"587\" \/>% <strong data-start=\"589\" data-end=\"606\">Taux d\u2019alcool<\/strong> : <strong data-start=\"609\" data-end=\"622\">13 % vol.<\/strong><\/p>\n<p data-start=\"626\" data-end=\"938\">\ud83d\udc43 <strong data-start=\"629\" data-end=\"636\">Nez<\/strong> : Complexe et intense, avec des notes de <strong data-start=\"678\" data-end=\"769\">fruits jaunes m\u00fbrs, agrumes confits, fleurs blanches et fines touches \u00e9pic\u00e9es et fum\u00e9es<\/strong>.<br data-start=\"770\" data-end=\"773\" \/>\ud83d\udc44 <strong data-start=\"776\" data-end=\"786\" data-is-only-node=\"\">Bouche<\/strong> : Superbe tension min\u00e9rale, \u00e9quilibre entre <strong data-start=\"831\" data-end=\"855\">rondeur et fra\u00eecheur<\/strong>, texture ample et finale longue et saline, signature du terroir de <strong data-start=\"923\" data-end=\"935\">Babylone<\/strong>.<\/p>\n<p data-start=\"940\" data-end=\"1125\" data-is-last-node=\"\" data-is-only-node=\"\">Un vin <strong data-start=\"947\" data-end=\"975\">d\u2019une puret\u00e9 saisissante<\/strong>, qui allie profondeur et dynamisme, parfait pour les amateurs de grands blancs de caract\u00e8re. <strong data-start=\"1069\" data-end=\"1121\">Une raret\u00e9 incontournable du domaine Dagueneau !<\/strong> \ud83c\udf77\u2728<\/p>\n","protected":false},"featured_media":643,"comment_status":"open","ping_status":"closed","template":"","meta":[],"product_brand":[],"product_cat":[179,174,26,275],"product_tag":[],"class_list":{"0":"post-233","1":"product","2":"type-product","3":"status-publish","4":"has-post-thumbnail","6":"product_cat-vignerons-dagueneau","7":"product_cat-loire","8":"product_cat-bouteilles-vins-blancs","9":"product_cat-vins-blancs-loire","12":"first","13":"instock","14":"sold-individually","15":"shipping-taxable","16":"purchasable","17":"product-type-simple"},"_links":{"self":[{"href":"https:\/\/lerousseaugrenoble.fr\/boutique\/wp-json\/wp\/v2\/product\/233","targetHints":{"allow":["GET"]}}],"collection":[{"href":"https:\/\/lerousseaugrenoble.fr\/boutique\/wp-json\/wp\/v2\/product"}],"about":[{"href":"https:\/\/lerousseaugrenoble.fr\/boutique\/wp-json\/wp\/v2\/types\/product"}],"replies":[{"embeddable":true,"href":"https:\/\/lerousseaugrenoble.fr\/boutique\/wp-json\/wp\/v2\/comments?post=233"}],"version-history":[{"count":2,"href":"https:\/\/lerousseaugrenoble.fr\/boutique\/wp-json\/wp\/v2\/product\/233\/revisions"}],"predecessor-version":[{"id":25299,"href":"https:\/\/lerousseaugrenoble.fr\/boutique\/wp-json\/wp\/v2\/product\/233\/revisions\/25299"}],"wp:featuredmedia":[{"embeddable":true,"href":"https:\/\/lerousseaugrenoble.fr\/boutique\/wp-json\/wp\/v2\/media\/643"}],"wp:attachment":[{"href":"https:\/\/lerousseaugrenoble.fr\/boutique\/wp-json\/wp\/v2\/media?parent=233"}],"wp:term":[{"taxonomy":"product_brand","embeddable":true,"href":"https:\/\/lerousseaugrenoble.fr\/boutique\/wp-json\/wp\/v2\/product_brand?post=233"},{"taxonomy":"product_cat","embeddable":true,"href":"https:\/\/lerousseaugrenoble.fr\/boutique\/wp-json\/wp\/v2\/product_cat?post=233"},{"taxonomy":"product_tag","embeddable":true,"href":"https:\/\/lerousseaugrenoble.fr\/boutique\/wp-json\/wp\/v2\/product_tag?post=233"}],"curies":[{"name":"wp","href":"https:\/\/api.w.org\/{rel}","templated":true}]}}