{"id":230,"date":"2025-02-24T13:19:45","date_gmt":"2025-02-24T12:19:45","guid":{"rendered":"https:\/\/lerousseaugrenoble.fr\/boutique\/?post_type=product&#038;p=230"},"modified":"2025-05-09T13:58:16","modified_gmt":"2025-05-09T11:58:16","slug":"puligny-montrachet-etienne-sauzet-2018","status":"publish","type":"product","link":"https:\/\/lerousseaugrenoble.fr\/boutique\/produit\/puligny-montrachet-etienne-sauzet-2018\/","title":{"rendered":"Puligny Montrachet Etienne Sauzet 2018"},"content":{"rendered":"<div class=\"flex max-w-full flex-col flex-grow\">\n<div class=\"min-h-8 text-message flex w-full flex-col items-end gap-2 whitespace-normal break-words text-start [.text-message+&amp;]:mt-5\" dir=\"auto\" data-message-author-role=\"assistant\" data-message-id=\"e5120fa3-5f5f-4e0d-8b08-da4cb488b443\" data-message-model-slug=\"gpt-4o\">\n<div class=\"flex w-full flex-col gap-1 empty:hidden first:pt-[3px]\">\n<div class=\"markdown prose w-full break-words dark:prose-invert dark\">\n<h3 data-start=\"0\" data-end=\"62\"><strong data-start=\"4\" data-end=\"60\">Puligny-Montrachet 2018 \u2013 Domaine Etienne Sauzet \ud83c\udf47\u2728<\/strong><\/h3>\n<p data-start=\"64\" data-end=\"446\">Le <strong data-start=\"67\" data-end=\"94\">Puligny-Montrachet 2018<\/strong> du <strong data-start=\"98\" data-end=\"124\">Domaine Etienne Sauzet<\/strong> est un <strong data-start=\"132\" data-end=\"158\">Chardonnay d\u2019exception<\/strong>, incarnant toute la finesse et l\u2019\u00e9l\u00e9gance des grands blancs de <strong data-start=\"222\" data-end=\"235\">Bourgogne<\/strong>. Issu de plusieurs parcelles id\u00e9alement situ\u00e9es sur des sols calcaires et argileux, ce vin refl\u00e8te l\u2019ADN du terroir de <strong data-start=\"355\" data-end=\"377\">Puligny-Montrachet<\/strong>, r\u00e9put\u00e9 pour sa <strong data-start=\"394\" data-end=\"443\">min\u00e9ralit\u00e9 cristalline et sa tension raffin\u00e9e<\/strong>.<\/p>\n<p data-start=\"448\" data-end=\"711\">Le mill\u00e9sime <strong data-start=\"461\" data-end=\"469\">2018<\/strong>, marqu\u00e9 par un climat chaud et ensoleill\u00e9, apporte <strong data-start=\"521\" data-end=\"593\">une belle maturit\u00e9 au fruit tout en conservant une superbe fra\u00eecheur<\/strong>. Ce vin s\u00e9duit par son \u00e9quilibre parfait entre richesse et vivacit\u00e9, sa texture soyeuse et sa longueur remarquable.<\/p>\n<hr data-start=\"713\" data-end=\"718\" \/>\n<h3 data-start=\"720\" data-end=\"782\"><strong data-start=\"724\" data-end=\"780\">Domaine Etienne Sauzet : Un Savoir-Faire d\u2019Exception<\/strong><\/h3>\n<p data-start=\"784\" data-end=\"1141\">Le <strong data-start=\"787\" data-end=\"813\">Domaine Etienne Sauzet<\/strong>, situ\u00e9 \u00e0 <strong data-start=\"823\" data-end=\"845\">Puligny-Montrachet<\/strong>, est une <strong data-start=\"855\" data-end=\"889\">r\u00e9f\u00e9rence absolue en Bourgogne<\/strong> pour les amateurs de <strong data-start=\"911\" data-end=\"937\">Chardonnay d\u2019exception<\/strong>. Travaillant en <strong data-start=\"954\" data-end=\"968\">biodynamie<\/strong>, il met un point d\u2019honneur \u00e0 exprimer la puret\u00e9 et la pr\u00e9cision de ses terroirs \u00e0 travers des vinifications soign\u00e9es et un \u00e9levage ma\u00eetris\u00e9 en <strong data-start=\"1112\" data-end=\"1138\">f\u00fbts de ch\u00eane fran\u00e7ais<\/strong>.<\/p>\n<hr data-start=\"1143\" data-end=\"1148\" \/>\n<h3 data-start=\"1150\" data-end=\"1183\"><strong data-start=\"1154\" data-end=\"1181\">Caract\u00e9ristiques du Vin<\/strong><\/h3>\n<p data-start=\"1185\" data-end=\"1419\">\ud83d\udcc5 <strong data-start=\"1188\" data-end=\"1201\">Mill\u00e9sime<\/strong> : 2018, solaire et \u00e9quilibr\u00e9.<br data-start=\"1231\" data-end=\"1234\" \/>\ud83d\udccd <strong data-start=\"1237\" data-end=\"1247\">R\u00e9gion<\/strong> : <strong data-start=\"1250\" data-end=\"1263\">Bourgogne<\/strong>, appellation <strong data-start=\"1277\" data-end=\"1299\">Puligny-Montrachet<\/strong>.<br data-start=\"1300\" data-end=\"1303\" \/>\ud83c\udf47 <strong data-start=\"1306\" data-end=\"1316\">C\u00e9page<\/strong> : <strong data-start=\"1319\" data-end=\"1333\">Chardonnay<\/strong>, pur et \u00e9l\u00e9gant.<br data-start=\"1350\" data-end=\"1353\" \/>\ud83c\udf7e <strong data-start=\"1356\" data-end=\"1366\">Format<\/strong> : <strong data-start=\"1369\" data-end=\"1378\">75 cl<\/strong>.<br data-start=\"1379\" data-end=\"1382\" \/>% <strong data-start=\"1384\" data-end=\"1401\">Taux d\u2019alcool<\/strong> : <strong data-start=\"1404\" data-end=\"1417\">13 % vol.<\/strong><\/p>\n<hr data-start=\"1421\" data-end=\"1426\" \/>\n<h3 data-start=\"1428\" data-end=\"1449\"><strong data-start=\"1432\" data-end=\"1447\">D\u00e9gustation<\/strong><\/h3>\n<p data-start=\"1451\" data-end=\"1817\">\ud83d\udc43 <strong data-start=\"1454\" data-end=\"1461\">Nez<\/strong> : Fin et expressif, m\u00ealant des ar\u00f4mes de <strong data-start=\"1503\" data-end=\"1612\">fleurs blanches, agrumes m\u00fbrs, fruits \u00e0 noyau (p\u00eache, abricot), noisette et une touche subtilement bois\u00e9e<\/strong>.<br data-start=\"1613\" data-end=\"1616\" \/>\ud83d\udc44 <strong data-start=\"1619\" data-end=\"1629\">Bouche<\/strong> : Attaque ample et pr\u00e9cise, texture soyeuse, superbe \u00e9quilibre entre <strong data-start=\"1699\" data-end=\"1724\">rondeur et min\u00e9ralit\u00e9<\/strong>, avec une finale longue et saline qui signe les grands terroirs de <strong data-start=\"1792\" data-end=\"1814\">Puligny-Montrachet<\/strong>.<\/p>\n<hr data-start=\"1819\" data-end=\"1824\" \/>\n<h3 data-start=\"1826\" data-end=\"1883\"><strong data-start=\"1830\" data-end=\"1881\">Un Grand Blanc de Bourgogne, \u00c9l\u00e9gant et Raffin\u00e9<\/strong><\/h3>\n<p data-start=\"1885\" data-end=\"2268\" data-is-last-node=\"\" data-is-only-node=\"\">Ce <strong data-start=\"1888\" data-end=\"1915\">Puligny-Montrachet 2018<\/strong> du <strong data-start=\"1919\" data-end=\"1945\">Domaine Etienne Sauzet<\/strong> est une <strong data-start=\"1954\" data-end=\"1982\">r\u00e9f\u00e9rence incontournable<\/strong> pour les amateurs de <strong data-start=\"2004\" data-end=\"2040\">Chardonnay complexes et raffin\u00e9s<\/strong>. Son <strong data-start=\"2046\" data-end=\"2094\">\u00e9quilibre entre maturit\u00e9 et tension min\u00e9rale<\/strong> en fait un vin id\u00e9al \u00e0 d\u00e9guster d\u00e8s maintenant ou \u00e0 conserver quelques ann\u00e9es pour en appr\u00e9cier toute l\u2019\u00e9volution. <strong data-start=\"2210\" data-end=\"2264\">Un incontournable des grands blancs de Bourgogne !<\/strong> \ud83c\udf77\u2728<\/p>\n<\/div>\n<\/div>\n<\/div>\n<\/div>\n","protected":false},"excerpt":{"rendered":"<div class=\"flex max-w-full flex-col flex-grow\">\n<div class=\"min-h-8 text-message flex w-full flex-col items-end gap-2 whitespace-normal break-words text-start [.text-message+&amp;]:mt-5\" dir=\"auto\" data-message-author-role=\"assistant\" data-message-id=\"883ffa90-95c5-486a-ad03-05c62c624329\" data-message-model-slug=\"gpt-4o\">\n<div class=\"flex w-full flex-col gap-1 empty:hidden first:pt-[3px]\">\n<div class=\"markdown prose w-full break-words dark:prose-invert dark\">\n<h3 data-start=\"0\" data-end=\"62\"><strong data-start=\"4\" data-end=\"60\">Puligny-Montrachet 2018 \u2013 Domaine Etienne Sauzet \ud83c\udf47\u2728<\/strong><\/h3>\n<p data-start=\"64\" data-end=\"307\">Le <strong data-start=\"67\" data-end=\"94\">Puligny-Montrachet 2018<\/strong> du <strong data-start=\"98\" data-end=\"124\">Domaine Etienne Sauzet<\/strong> incarne toute l\u2019\u00e9l\u00e9gance et la puret\u00e9 des grands <strong data-start=\"174\" data-end=\"201\">Chardonnay de Bourgogne<\/strong>. Issu de plusieurs parcelles sur des sols calcaires, ce vin allie <strong data-start=\"268\" data-end=\"304\">min\u00e9ralit\u00e9, finesse et pr\u00e9cision<\/strong>.<\/p>\n<p data-start=\"309\" data-end=\"543\">\ud83d\udcc5 <strong data-start=\"312\" data-end=\"325\">Mill\u00e9sime<\/strong> : 2018, solaire et \u00e9quilibr\u00e9.<br data-start=\"355\" data-end=\"358\" \/>\ud83d\udccd <strong data-start=\"361\" data-end=\"371\">R\u00e9gion<\/strong> : <strong data-start=\"374\" data-end=\"387\" data-is-only-node=\"\">Bourgogne<\/strong>, appellation <strong data-start=\"401\" data-end=\"423\">Puligny-Montrachet<\/strong>.<br data-start=\"424\" data-end=\"427\" \/>\ud83c\udf47 <strong data-start=\"430\" data-end=\"440\">C\u00e9page<\/strong> : <strong data-start=\"443\" data-end=\"457\">Chardonnay<\/strong>, pur et raffin\u00e9.<br data-start=\"474\" data-end=\"477\" \/>\ud83c\udf7e <strong data-start=\"480\" data-end=\"490\">Format<\/strong> : <strong data-start=\"493\" data-end=\"502\">75 cl<\/strong>.<br data-start=\"503\" data-end=\"506\" \/>% <strong data-start=\"508\" data-end=\"525\">Taux d\u2019alcool<\/strong> : <strong data-start=\"528\" data-end=\"541\">13 % vol.<\/strong><\/p>\n<p data-start=\"545\" data-end=\"775\">\ud83d\udc43 <strong data-start=\"548\" data-end=\"555\">Nez<\/strong> : Ar\u00f4mes d\u00e9licats de <strong data-start=\"577\" data-end=\"640\">fleurs blanches, agrumes, noisette et l\u00e9g\u00e8res notes bois\u00e9es<\/strong>.<br data-start=\"641\" data-end=\"644\" \/>\ud83d\udc44 <strong data-start=\"647\" data-end=\"657\" data-is-only-node=\"\">Bouche<\/strong> : Belle tension min\u00e9rale, texture soyeuse et finale saline, marquant le caract\u00e8re unique de <strong data-start=\"750\" data-end=\"772\">Puligny-Montrachet<\/strong>.<\/p>\n<p data-start=\"777\" data-end=\"940\" data-is-last-node=\"\" data-is-only-node=\"\">Un vin d\u2019exception, pr\u00e9cis et \u00e9l\u00e9gant, \u00e0 d\u00e9guster d\u00e8s maintenant ou apr\u00e8s quelques ann\u00e9es en cave. <strong data-start=\"876\" data-end=\"936\">Une signature incontournable du Domaine Etienne Sauzet !<\/strong> \ud83c\udf77\u2728<\/p>\n<\/div>\n<\/div>\n<\/div>\n<\/div>\n","protected":false},"featured_media":518,"comment_status":"open","ping_status":"closed","template":"","meta":[],"product_brand":[],"product_cat":[195,217,26,273],"product_tag":[],"class_list":{"0":"post-230","1":"product","2":"type-product","3":"status-publish","4":"has-post-thumbnail","6":"product_cat-bourgogne","7":"product_cat-vignerons-etienne-sauzet","8":"product_cat-bouteilles-vins-blancs","9":"product_cat-vins-blancs-bourgogne","12":"first","13":"instock","14":"sold-individually","15":"shipping-taxable","16":"purchasable","17":"product-type-simple"},"_links":{"self":[{"href":"https:\/\/lerousseaugrenoble.fr\/boutique\/wp-json\/wp\/v2\/product\/230","targetHints":{"allow":["GET"]}}],"collection":[{"href":"https:\/\/lerousseaugrenoble.fr\/boutique\/wp-json\/wp\/v2\/product"}],"about":[{"href":"https:\/\/lerousseaugrenoble.fr\/boutique\/wp-json\/wp\/v2\/types\/product"}],"replies":[{"embeddable":true,"href":"https:\/\/lerousseaugrenoble.fr\/boutique\/wp-json\/wp\/v2\/comments?post=230"}],"version-history":[{"count":1,"href":"https:\/\/lerousseaugrenoble.fr\/boutique\/wp-json\/wp\/v2\/product\/230\/revisions"}],"predecessor-version":[{"id":25301,"href":"https:\/\/lerousseaugrenoble.fr\/boutique\/wp-json\/wp\/v2\/product\/230\/revisions\/25301"}],"wp:featuredmedia":[{"embeddable":true,"href":"https:\/\/lerousseaugrenoble.fr\/boutique\/wp-json\/wp\/v2\/media\/518"}],"wp:attachment":[{"href":"https:\/\/lerousseaugrenoble.fr\/boutique\/wp-json\/wp\/v2\/media?parent=230"}],"wp:term":[{"taxonomy":"product_brand","embeddable":true,"href":"https:\/\/lerousseaugrenoble.fr\/boutique\/wp-json\/wp\/v2\/product_brand?post=230"},{"taxonomy":"product_cat","embeddable":true,"href":"https:\/\/lerousseaugrenoble.fr\/boutique\/wp-json\/wp\/v2\/product_cat?post=230"},{"taxonomy":"product_tag","embeddable":true,"href":"https:\/\/lerousseaugrenoble.fr\/boutique\/wp-json\/wp\/v2\/product_tag?post=230"}],"curies":[{"name":"wp","href":"https:\/\/api.w.org\/{rel}","templated":true}]}}