{"id":228,"date":"2025-02-24T13:15:09","date_gmt":"2025-02-24T12:15:09","guid":{"rendered":"https:\/\/lerousseaugrenoble.fr\/boutique\/?post_type=product&#038;p=228"},"modified":"2025-05-09T14:00:04","modified_gmt":"2025-05-09T12:00:04","slug":"bourgogne-etienne-sauzet-2018","status":"publish","type":"product","link":"https:\/\/lerousseaugrenoble.fr\/boutique\/produit\/bourgogne-etienne-sauzet-2018\/","title":{"rendered":"Bourgogne Etienne Sauzet 2018"},"content":{"rendered":"<div class=\"flex max-w-full flex-col flex-grow\">\n<div class=\"min-h-8 text-message flex w-full flex-col items-end gap-2 whitespace-normal break-words text-start [.text-message+&amp;]:mt-5\" dir=\"auto\" data-message-author-role=\"assistant\" data-message-id=\"e8fae45e-fad7-4cbc-bd2b-23e83c6c9092\" data-message-model-slug=\"gpt-4o\">\n<div class=\"flex w-full flex-col gap-1 empty:hidden first:pt-[3px]\">\n<div class=\"markdown prose w-full break-words dark:prose-invert dark\">\n<h3 data-start=\"0\" data-end=\"64\"><strong data-start=\"4\" data-end=\"62\">Bourgogne Chardonnay 2018 \u2013 Domaine Etienne Sauzet \ud83c\udf47\u2728<\/strong><\/h3>\n<p data-start=\"66\" data-end=\"576\">Le <strong data-start=\"69\" data-end=\"98\">Bourgogne Chardonnay 2018<\/strong> du <strong data-start=\"102\" data-end=\"128\">Domaine Etienne Sauzet<\/strong> est une superbe introduction au savoir-faire de ce domaine mythique de <strong data-start=\"200\" data-end=\"222\">Puligny-Montrachet<\/strong>. Issu de parcelles soigneusement s\u00e9lectionn\u00e9es sur des terroirs argilo-calcaires, ce <strong data-start=\"308\" data-end=\"322\">Chardonnay<\/strong> exprime toute la finesse et l\u2019\u00e9l\u00e9gance des <strong data-start=\"366\" data-end=\"396\">grands blancs de Bourgogne<\/strong>. Gr\u00e2ce \u00e0 un mill\u00e9sime 2018 g\u00e9n\u00e9reux et solaire, ce vin offre un bel \u00e9quilibre entre <strong data-start=\"481\" data-end=\"524\">richesse aromatique et tension min\u00e9rale<\/strong>, avec une texture soyeuse et une belle fra\u00eecheur.<\/p>\n<hr data-start=\"578\" data-end=\"583\" \/>\n<h3 data-start=\"585\" data-end=\"658\"><strong data-start=\"589\" data-end=\"656\">Domaine Etienne Sauzet : L\u2019Excellence du Chardonnay Bourguignon<\/strong><\/h3>\n<p data-start=\"660\" data-end=\"1103\">Le <strong data-start=\"663\" data-end=\"689\">Domaine Etienne Sauzet<\/strong>, fond\u00e9 au d\u00e9but du XXe si\u00e8cle, est aujourd\u2019hui une r\u00e9f\u00e9rence incontournable des <strong data-start=\"770\" data-end=\"800\">grands blancs de Bourgogne<\/strong>. Bas\u00e9 \u00e0 <strong data-start=\"809\" data-end=\"831\">Puligny-Montrachet<\/strong>, il est r\u00e9put\u00e9 pour son travail pr\u00e9cis et respectueux des terroirs. La viticulture en <strong data-start=\"918\" data-end=\"932\">biodynamie<\/strong>, combin\u00e9e \u00e0 des vinifications ma\u00eetris\u00e9es, permet d\u2019exprimer toute la puret\u00e9 du <strong data-start=\"1012\" data-end=\"1026\">Chardonnay<\/strong>avec des vins d\u2019une grande finesse et d\u2019un potentiel de garde remarquable.<\/p>\n<hr data-start=\"1105\" data-end=\"1110\" \/>\n<h3 data-start=\"1112\" data-end=\"1145\"><strong data-start=\"1116\" data-end=\"1143\">Caract\u00e9ristiques du Vin<\/strong><\/h3>\n<p data-start=\"1147\" data-end=\"1387\">\ud83d\udcc5 <strong data-start=\"1150\" data-end=\"1163\">Mill\u00e9sime<\/strong> : 2018, solaire et g\u00e9n\u00e9reux.<br data-start=\"1192\" data-end=\"1195\" \/>\ud83d\udccd <strong data-start=\"1198\" data-end=\"1208\">R\u00e9gion<\/strong> : <strong data-start=\"1211\" data-end=\"1224\">Bourgogne<\/strong>, appellation <strong data-start=\"1238\" data-end=\"1262\">Bourgogne Chardonnay<\/strong>.<br data-start=\"1263\" data-end=\"1266\" \/>\ud83c\udf47 <strong data-start=\"1269\" data-end=\"1279\">C\u00e9page<\/strong> : <strong data-start=\"1282\" data-end=\"1296\">Chardonnay<\/strong>, pr\u00e9cis et \u00e9quilibr\u00e9.<br data-start=\"1318\" data-end=\"1321\" \/>\ud83c\udf7e <strong data-start=\"1324\" data-end=\"1334\">Format<\/strong> : <strong data-start=\"1337\" data-end=\"1346\">75 cl<\/strong>.<br data-start=\"1347\" data-end=\"1350\" data-is-only-node=\"\" \/>% <strong data-start=\"1352\" data-end=\"1369\">Taux d\u2019alcool<\/strong> : <strong data-start=\"1372\" data-end=\"1385\">13 % vol.<\/strong><\/p>\n<hr data-start=\"1389\" data-end=\"1394\" \/>\n<h3 data-start=\"1396\" data-end=\"1417\"><strong data-start=\"1400\" data-end=\"1415\">D\u00e9gustation<\/strong><\/h3>\n<p data-start=\"1419\" data-end=\"1773\">\ud83d\udc43 <strong data-start=\"1422\" data-end=\"1429\">Nez<\/strong> : \u00c9l\u00e9gant et aromatique, r\u00e9v\u00e9lant des notes de <strong data-start=\"1477\" data-end=\"1587\">fleurs blanches, agrumes m\u00fbrs, fruits \u00e0 noyau (p\u00eache, abricot) et nuances l\u00e9g\u00e8rement beurr\u00e9es et brioch\u00e9es<\/strong>.<br data-start=\"1588\" data-end=\"1591\" \/>\ud83d\udc44 <strong data-start=\"1594\" data-end=\"1604\">Bouche<\/strong> : Texture ample et soyeuse, \u00e9quilibre subtil entre <strong data-start=\"1656\" data-end=\"1687\">rondeur et tension min\u00e9rale<\/strong>, finale longue et rafra\u00eechissante, avec une touche de noisette et de pierre humide.<\/p>\n<hr data-start=\"1775\" data-end=\"1780\" \/>\n<h3 data-start=\"1782\" data-end=\"1827\"><strong data-start=\"1786\" data-end=\"1825\">Un Chardonnay \u00c9l\u00e9gant et Accessible<\/strong><\/h3>\n<p data-start=\"1829\" data-end=\"2177\" data-is-last-node=\"\" data-is-only-node=\"\">Ce <strong data-start=\"1832\" data-end=\"1861\">Bourgogne Chardonnay 2018<\/strong> est une belle introduction aux grands blancs de <strong data-start=\"1910\" data-end=\"1932\">Puligny-Montrachet<\/strong>, alliant finesse, fra\u00eecheur et complexit\u00e9 aromatique. <strong data-start=\"1987\" data-end=\"2047\">Id\u00e9al pour les amateurs de Chardonnay pr\u00e9cis et \u00e9l\u00e9gants<\/strong>, il peut \u00eatre d\u00e9gust\u00e9 d\u00e8s maintenant ou \u00e9voluer en bouteille sur quelques ann\u00e9es. <strong data-start=\"2130\" data-end=\"2173\">Une valeur s\u00fbre sign\u00e9e Etienne Sauzet !<\/strong> \ud83c\udf77\u2728<\/p>\n<\/div>\n<\/div>\n<\/div>\n<\/div>\n","protected":false},"excerpt":{"rendered":"<h3 data-start=\"0\" data-end=\"64\"><strong data-start=\"4\" data-end=\"62\">Bourgogne Chardonnay 2018 \u2013 Domaine Etienne Sauzet \ud83c\udf47\u2728<\/strong><\/h3>\n<p data-start=\"66\" data-end=\"422\">Le <strong data-start=\"69\" data-end=\"98\">Bourgogne Chardonnay 2018<\/strong> du <strong data-start=\"102\" data-end=\"128\">Domaine Etienne Sauzet<\/strong> est une magnifique introduction au style raffin\u00e9 de ce domaine mythique de <strong data-start=\"204\" data-end=\"226\">Puligny-Montrachet<\/strong>. Issu de vignes soigneusement s\u00e9lectionn\u00e9es, ce <strong data-start=\"275\" data-end=\"289\">Chardonnay<\/strong> exprime toute la puret\u00e9 et l\u2019\u00e9l\u00e9gance du terroir bourguignon, avec un \u00e9quilibre subtil entre fra\u00eecheur, fruit et finesse min\u00e9rale.<\/p>\n<p data-start=\"424\" data-end=\"659\">\ud83d\udcc5 <strong data-start=\"427\" data-end=\"440\">Mill\u00e9sime<\/strong> : 2018, solaire et g\u00e9n\u00e9reux.<br data-start=\"469\" data-end=\"472\" \/>\ud83d\udccd <strong data-start=\"475\" data-end=\"485\">R\u00e9gion<\/strong> : <strong data-start=\"488\" data-end=\"501\" data-is-only-node=\"\">Bourgogne<\/strong>, appellation <strong data-start=\"515\" data-end=\"539\">Bourgogne Chardonnay<\/strong>.<br data-start=\"540\" data-end=\"543\" \/>\ud83c\udf47 <strong data-start=\"546\" data-end=\"556\">C\u00e9page<\/strong> : <strong data-start=\"559\" data-end=\"573\">Chardonnay<\/strong>, pur et \u00e9l\u00e9gant.<br data-start=\"590\" data-end=\"593\" \/>\ud83c\udf7e <strong data-start=\"596\" data-end=\"606\">Format<\/strong> : <strong data-start=\"609\" data-end=\"618\">75 cl<\/strong>.<br data-start=\"619\" data-end=\"622\" \/>% <strong data-start=\"624\" data-end=\"641\">Taux d\u2019alcool<\/strong> : <strong data-start=\"644\" data-end=\"657\">13 % vol.<\/strong><\/p>\n<p data-start=\"661\" data-end=\"908\">\ud83d\udc43 <strong data-start=\"664\" data-end=\"671\">Nez<\/strong> : Fin et aromatique, aux notes de <strong data-start=\"706\" data-end=\"786\">fleurs blanches, agrumes m\u00fbrs, fruits \u00e0 noyau et nuances l\u00e9g\u00e8rement beurr\u00e9es<\/strong>.<br data-start=\"787\" data-end=\"790\" \/>\ud83d\udc44 <strong data-start=\"793\" data-end=\"803\" data-is-only-node=\"\">Bouche<\/strong> : Belle rondeur, \u00e9quilibre entre richesse et tension min\u00e9rale, avec une finale fra\u00eeche et persistante.<\/p>\n<p data-start=\"910\" data-end=\"1072\" data-is-last-node=\"\" data-is-only-node=\"\">Un <strong data-start=\"913\" data-end=\"953\">Bourgogne blanc accessible et pr\u00e9cis<\/strong>, parfait pour d\u00e9couvrir le style Etienne Sauzet et la finesse du <strong data-start=\"1019\" data-end=\"1045\">Chardonnay bourguignon<\/strong>. <strong data-start=\"1047\" data-end=\"1068\">Une valeur s\u00fbre !<\/strong> \ud83c\udf77\u2728<\/p>\n","protected":false},"featured_media":515,"comment_status":"open","ping_status":"closed","template":"","meta":[],"product_brand":[],"product_cat":[195,217,26,273],"product_tag":[],"class_list":{"0":"post-228","1":"product","2":"type-product","3":"status-publish","4":"has-post-thumbnail","6":"product_cat-bourgogne","7":"product_cat-vignerons-etienne-sauzet","8":"product_cat-bouteilles-vins-blancs","9":"product_cat-vins-blancs-bourgogne","12":"first","13":"instock","14":"sold-individually","15":"shipping-taxable","16":"purchasable","17":"product-type-simple"},"_links":{"self":[{"href":"https:\/\/lerousseaugrenoble.fr\/boutique\/wp-json\/wp\/v2\/product\/228","targetHints":{"allow":["GET"]}}],"collection":[{"href":"https:\/\/lerousseaugrenoble.fr\/boutique\/wp-json\/wp\/v2\/product"}],"about":[{"href":"https:\/\/lerousseaugrenoble.fr\/boutique\/wp-json\/wp\/v2\/types\/product"}],"replies":[{"embeddable":true,"href":"https:\/\/lerousseaugrenoble.fr\/boutique\/wp-json\/wp\/v2\/comments?post=228"}],"version-history":[{"count":1,"href":"https:\/\/lerousseaugrenoble.fr\/boutique\/wp-json\/wp\/v2\/product\/228\/revisions"}],"predecessor-version":[{"id":25302,"href":"https:\/\/lerousseaugrenoble.fr\/boutique\/wp-json\/wp\/v2\/product\/228\/revisions\/25302"}],"wp:featuredmedia":[{"embeddable":true,"href":"https:\/\/lerousseaugrenoble.fr\/boutique\/wp-json\/wp\/v2\/media\/515"}],"wp:attachment":[{"href":"https:\/\/lerousseaugrenoble.fr\/boutique\/wp-json\/wp\/v2\/media?parent=228"}],"wp:term":[{"taxonomy":"product_brand","embeddable":true,"href":"https:\/\/lerousseaugrenoble.fr\/boutique\/wp-json\/wp\/v2\/product_brand?post=228"},{"taxonomy":"product_cat","embeddable":true,"href":"https:\/\/lerousseaugrenoble.fr\/boutique\/wp-json\/wp\/v2\/product_cat?post=228"},{"taxonomy":"product_tag","embeddable":true,"href":"https:\/\/lerousseaugrenoble.fr\/boutique\/wp-json\/wp\/v2\/product_tag?post=228"}],"curies":[{"name":"wp","href":"https:\/\/api.w.org\/{rel}","templated":true}]}}