{"id":226,"date":"2025-02-24T13:08:53","date_gmt":"2025-02-24T12:08:53","guid":{"rendered":"https:\/\/lerousseaugrenoble.fr\/boutique\/?post_type=product&#038;p=226"},"modified":"2025-07-03T13:30:24","modified_gmt":"2025-07-03T11:30:24","slug":"pouilly-vinzelles-en-chantenay-domaine-de-la-souffrandiere-2021","status":"publish","type":"product","link":"https:\/\/lerousseaugrenoble.fr\/boutique\/produit\/pouilly-vinzelles-en-chantenay-domaine-de-la-souffrandiere-2021\/","title":{"rendered":"Pouilly Vinzelles En Chantenay Domaine de La Souffrandi\u00e8re 2021"},"content":{"rendered":"<div class=\"flex max-w-full flex-col flex-grow\">\n<div class=\"min-h-8 text-message flex w-full flex-col items-end gap-2 whitespace-normal break-words text-start [.text-message+&amp;]:mt-5\" dir=\"auto\" data-message-author-role=\"assistant\" data-message-id=\"62182589-9ebd-433a-9a9e-1f4a7b5db310\" data-message-model-slug=\"gpt-4o\">\n<div class=\"flex w-full flex-col gap-1 empty:hidden first:pt-[3px]\">\n<div class=\"markdown prose w-full break-words dark:prose-invert dark\">\n<h3 data-start=\"0\" data-end=\"76\">Pouilly-Vinzelles &#8220;En Chatenay&#8221; 2021 \u2013 Domaine de la Soufrandi\u00e8re \ud83c\udf47\u2728<\/h3>\n<p data-start=\"78\" data-end=\"533\">Le <strong data-start=\"81\" data-end=\"122\">Pouilly-Vinzelles &#8220;En Chatenay&#8221; 2021<\/strong> du <strong data-start=\"126\" data-end=\"156\">Domaine de la Soufrandi\u00e8re<\/strong> est une cuv\u00e9e rare et vibrante, issue d\u2019un magnifique terroir calcaire d\u2019altitude. Ce <strong data-start=\"243\" data-end=\"270\">Chardonnay biodynamique<\/strong> b\u00e9n\u00e9ficie d\u2019un sol riche en argiles et en pierres calcaires, apportant une belle complexit\u00e9 aromatique et une tension min\u00e9rale exceptionnelle. Vinifi\u00e9 naturellement et \u00e9lev\u00e9 avec pr\u00e9cision, ce vin exprime toute la puret\u00e9 et l\u2019\u00e9l\u00e9gance du <strong data-start=\"509\" data-end=\"530\">Pouilly-Vinzelles<\/strong>.<\/p>\n<hr data-start=\"535\" data-end=\"540\" \/>\n<h3 data-start=\"542\" data-end=\"603\"><strong data-start=\"546\" data-end=\"601\">Domaine de la Soufrandi\u00e8re : Une Ic\u00f4ne du M\u00e2connais<\/strong><\/h3>\n<p data-start=\"605\" data-end=\"1028\">Le <strong data-start=\"608\" data-end=\"638\">Domaine de la Soufrandi\u00e8re<\/strong>, propri\u00e9t\u00e9 des <strong data-start=\"654\" data-end=\"669\">fr\u00e8res Bret<\/strong>, est une r\u00e9f\u00e9rence incontournable pour les amateurs de <strong data-start=\"725\" data-end=\"755\">Chardonnay purs et vivants<\/strong>. Cultiv\u00e9 en <strong data-start=\"768\" data-end=\"782\">biodynamie<\/strong>, le vignoble est travaill\u00e9 avec soin afin de pr\u00e9server l\u2019\u00e9quilibre naturel de la vigne et r\u00e9v\u00e9ler l\u2019authenticit\u00e9 du terroir. Les vinifications sont r\u00e9alis\u00e9es sans intrants et avec un minimum de soufre, garantissant des vins pr\u00e9cis et vibrants.<\/p>\n<hr data-start=\"1030\" data-end=\"1035\" \/>\n<h3 data-start=\"1037\" data-end=\"1070\"><strong data-start=\"1041\" data-end=\"1068\">Caract\u00e9ristiques du Vin<\/strong><\/h3>\n<p data-start=\"1072\" data-end=\"1304\">\ud83d\udcc5 <strong data-start=\"1075\" data-end=\"1088\">Mill\u00e9sime<\/strong> : 2021, frais et tendu.<br data-start=\"1112\" data-end=\"1115\" \/>\ud83d\udccd <strong data-start=\"1118\" data-end=\"1128\">R\u00e9gion<\/strong> : <strong data-start=\"1131\" data-end=\"1144\">Bourgogne<\/strong>, appellation <strong data-start=\"1158\" data-end=\"1179\">Pouilly-Vinzelles<\/strong>.<br data-start=\"1180\" data-end=\"1183\" \/>\ud83c\udf47 <strong data-start=\"1186\" data-end=\"1196\">C\u00e9page<\/strong> : <strong data-start=\"1199\" data-end=\"1213\">Chardonnay<\/strong>, \u00e9clatant et profond.<br data-start=\"1235\" data-end=\"1238\" \/>\ud83c\udf7e <strong data-start=\"1241\" data-end=\"1251\">Format<\/strong> : <strong data-start=\"1254\" data-end=\"1263\">75 cl<\/strong>.<br data-start=\"1264\" data-end=\"1267\" data-is-only-node=\"\" \/>% <strong data-start=\"1269\" data-end=\"1286\">Taux d\u2019alcool<\/strong> : <strong data-start=\"1289\" data-end=\"1302\">13 % vol.<\/strong><\/p>\n<hr data-start=\"1306\" data-end=\"1311\" \/>\n<h3 data-start=\"1313\" data-end=\"1334\"><strong data-start=\"1317\" data-end=\"1332\">D\u00e9gustation<\/strong><\/h3>\n<p data-start=\"1336\" data-end=\"1595\">\ud83d\udc43 <strong data-start=\"1339\" data-end=\"1346\">Nez<\/strong> : Expressif et \u00e9l\u00e9gant, avec des ar\u00f4mes de <strong data-start=\"1390\" data-end=\"1462\">fleurs blanches, zestes d\u2019agrumes, noisette fra\u00eeche et pierre humide<\/strong>.<br data-start=\"1463\" data-end=\"1466\" \/>\ud83d\udc44 <strong data-start=\"1469\" data-end=\"1479\">Bouche<\/strong> : Attaque franche, superbe tension min\u00e9rale, \u00e9quilibre entre acidit\u00e9 et texture soyeuse, finale longue et saline.<\/p>\n<hr data-start=\"1597\" data-end=\"1602\" \/>\n<h3 data-start=\"1604\" data-end=\"1654\"><strong data-start=\"1608\" data-end=\"1652\">Un Chardonnay d\u2019Altitude, Pur et \u00c9l\u00e9gant<\/strong><\/h3>\n<p data-start=\"1656\" data-end=\"1996\" data-is-last-node=\"\" data-is-only-node=\"\">Le <strong data-start=\"1659\" data-end=\"1700\">Pouilly-Vinzelles &#8220;En Chatenay&#8221; 2021<\/strong> est un grand vin blanc de <strong data-start=\"1727\" data-end=\"1740\">Bourgogne<\/strong>, id\u00e9al pour les amateurs de <strong data-start=\"1769\" data-end=\"1807\">Chardonnay vibrants et cristallins<\/strong>. Gr\u00e2ce \u00e0 son \u00e9quilibre parfait entre tension et rondeur, il pourra \u00eatre d\u00e9gust\u00e9 d\u00e8s maintenant ou b\u00e9n\u00e9ficier d\u2019un beau potentiel de garde. <strong data-start=\"1947\" data-end=\"1992\">Un joyau du M\u00e2connais, \u00e0 ne pas manquer !<\/strong> \ud83c\udf77\u2728<\/p>\n<\/div>\n<\/div>\n<\/div>\n<\/div>\n","protected":false},"excerpt":{"rendered":"<h3 data-start=\"0\" data-end=\"76\">Pouilly-Vinzelles &#8220;En Chatenay&#8221; 2021 \u2013 Domaine de la Soufrandi\u00e8re \ud83c\udf47\u2728<\/h3>\n<p data-start=\"78\" data-end=\"360\">Le <strong data-start=\"81\" data-end=\"122\">Pouilly-Vinzelles &#8220;En Chatenay&#8221; 2021<\/strong> du <strong data-start=\"126\" data-end=\"156\">Domaine de la Soufrandi\u00e8re<\/strong> est un <strong data-start=\"164\" data-end=\"191\">Chardonnay biodynamique<\/strong>, issu d\u2019un terroir calcaire d\u2019altitude offrant une belle tension et une grande puret\u00e9 aromatique. Une cuv\u00e9e d\u2019exception qui allie fra\u00eecheur, profondeur et min\u00e9ralit\u00e9.<\/p>\n<p data-start=\"362\" data-end=\"593\">\ud83d\udcc5 <strong data-start=\"365\" data-end=\"378\">Mill\u00e9sime<\/strong> : 2021, frais et pr\u00e9cis.<br data-start=\"403\" data-end=\"406\" \/>\ud83d\udccd <strong data-start=\"409\" data-end=\"419\">R\u00e9gion<\/strong> : <strong data-start=\"422\" data-end=\"435\" data-is-only-node=\"\">Bourgogne<\/strong>, appellation <strong data-start=\"449\" data-end=\"470\">Pouilly-Vinzelles<\/strong>.<br data-start=\"471\" data-end=\"474\" \/>\ud83c\udf47 <strong data-start=\"477\" data-end=\"487\">C\u00e9page<\/strong> : <strong data-start=\"490\" data-end=\"504\">Chardonnay<\/strong>, droit et lumineux.<br data-start=\"524\" data-end=\"527\" \/>\ud83c\udf7e <strong data-start=\"530\" data-end=\"540\">Format<\/strong> : <strong data-start=\"543\" data-end=\"552\">75 cl<\/strong>.<br data-start=\"553\" data-end=\"556\" \/>% <strong data-start=\"558\" data-end=\"575\">Taux d\u2019alcool<\/strong> : <strong data-start=\"578\" data-end=\"591\">13 % vol.<\/strong><\/p>\n<p data-start=\"595\" data-end=\"814\">\ud83d\udc43 <strong data-start=\"598\" data-end=\"605\">Nez<\/strong> : Ar\u00f4mes subtils de <strong data-start=\"626\" data-end=\"690\">fleurs blanches, zestes d\u2019agrumes, noisette et pierre humide<\/strong>.<br data-start=\"691\" data-end=\"694\" \/>\ud83d\udc44 <strong data-start=\"697\" data-end=\"707\" data-is-only-node=\"\">Bouche<\/strong> : Tension min\u00e9rale marqu\u00e9e, \u00e9quilibre parfait entre acidit\u00e9 et texture soyeuse, finale longue et saline.<\/p>\n<p data-start=\"816\" data-end=\"976\" data-is-last-node=\"\" data-is-only-node=\"\">Un <strong data-start=\"819\" data-end=\"846\">grand blanc bourguignon<\/strong>, pur et \u00e9l\u00e9gant, parfait pour la garde ou pour les amateurs de <strong data-start=\"910\" data-end=\"942\">Chardonnay vibrants et rac\u00e9s<\/strong>. <strong data-start=\"944\" data-end=\"972\">\u00c0 d\u00e9couvrir absolument !<\/strong> \ud83c\udf77\u2728<\/p>\n","protected":false},"featured_media":652,"comment_status":"open","ping_status":"closed","template":"","meta":[],"product_brand":[],"product_cat":[163,170,26,276],"product_tag":[],"class_list":{"0":"post-226","1":"product","2":"type-product","3":"status-publish","4":"has-post-thumbnail","6":"product_cat-beaujolais","7":"product_cat-vignerons-domaine-de-la-soufrandiere","8":"product_cat-bouteilles-vins-blancs","9":"product_cat-vins-blancs-beaujolais","12":"first","13":"instock","14":"shipping-taxable","15":"purchasable","16":"product-type-simple"},"_links":{"self":[{"href":"https:\/\/lerousseaugrenoble.fr\/boutique\/wp-json\/wp\/v2\/product\/226","targetHints":{"allow":["GET"]}}],"collection":[{"href":"https:\/\/lerousseaugrenoble.fr\/boutique\/wp-json\/wp\/v2\/product"}],"about":[{"href":"https:\/\/lerousseaugrenoble.fr\/boutique\/wp-json\/wp\/v2\/types\/product"}],"replies":[{"embeddable":true,"href":"https:\/\/lerousseaugrenoble.fr\/boutique\/wp-json\/wp\/v2\/comments?post=226"}],"version-history":[{"count":3,"href":"https:\/\/lerousseaugrenoble.fr\/boutique\/wp-json\/wp\/v2\/product\/226\/revisions"}],"predecessor-version":[{"id":25355,"href":"https:\/\/lerousseaugrenoble.fr\/boutique\/wp-json\/wp\/v2\/product\/226\/revisions\/25355"}],"wp:featuredmedia":[{"embeddable":true,"href":"https:\/\/lerousseaugrenoble.fr\/boutique\/wp-json\/wp\/v2\/media\/652"}],"wp:attachment":[{"href":"https:\/\/lerousseaugrenoble.fr\/boutique\/wp-json\/wp\/v2\/media?parent=226"}],"wp:term":[{"taxonomy":"product_brand","embeddable":true,"href":"https:\/\/lerousseaugrenoble.fr\/boutique\/wp-json\/wp\/v2\/product_brand?post=226"},{"taxonomy":"product_cat","embeddable":true,"href":"https:\/\/lerousseaugrenoble.fr\/boutique\/wp-json\/wp\/v2\/product_cat?post=226"},{"taxonomy":"product_tag","embeddable":true,"href":"https:\/\/lerousseaugrenoble.fr\/boutique\/wp-json\/wp\/v2\/product_tag?post=226"}],"curies":[{"name":"wp","href":"https:\/\/api.w.org\/{rel}","templated":true}]}}