{"id":225,"date":"2025-02-24T13:06:23","date_gmt":"2025-02-24T12:06:23","guid":{"rendered":"https:\/\/lerousseaugrenoble.fr\/boutique\/?post_type=product&#038;p=225"},"modified":"2025-03-12T13:17:34","modified_gmt":"2025-03-12T12:17:34","slug":"pouilly-vinzelles-les-quarts-domaine-de-la-souffrandiere-2021","status":"publish","type":"product","link":"https:\/\/lerousseaugrenoble.fr\/boutique\/produit\/pouilly-vinzelles-les-quarts-domaine-de-la-souffrandiere-2021\/","title":{"rendered":"Pouilly Vinzelles Les Quarts Domaine de La Souffrandi\u00e8re 2021"},"content":{"rendered":"<div class=\"flex max-w-full flex-col flex-grow\">\n<div class=\"min-h-8 text-message flex w-full flex-col items-end gap-2 whitespace-normal break-words text-start [.text-message+&amp;]:mt-5\" dir=\"auto\" data-message-author-role=\"assistant\" data-message-id=\"bb8f9c92-51ab-457c-82e4-f4a921340c12\" data-message-model-slug=\"gpt-4o\">\n<div class=\"flex w-full flex-col gap-1 empty:hidden first:pt-[3px]\">\n<div class=\"markdown prose w-full break-words dark:prose-invert dark\">\n<h3 data-start=\"0\" data-end=\"74\">Pouilly-Vinzelles &#8220;Les Quarts&#8221; 2021 \u2013 Domaine de la Soufrandi\u00e8re \ud83c\udf47\u2728<\/h3>\n<p data-start=\"76\" data-end=\"558\">Le <strong data-start=\"79\" data-end=\"118\">Pouilly-Vinzelles &#8220;Les Quarts&#8221; 2021<\/strong> du <strong data-start=\"122\" data-end=\"152\">Domaine de la Soufrandi\u00e8re<\/strong> est un <strong data-start=\"160\" data-end=\"186\">Chardonnay d\u2019exception<\/strong>, issu de l\u2019un des plus beaux terroirs de la r\u00e9gion. Situ\u00e9 sur un plateau calcaire expos\u00e9 plein sud, le vignoble des <strong data-start=\"303\" data-end=\"313\">Quarts<\/strong> est compos\u00e9 de vieilles vignes de plus de 50 ans, cultiv\u00e9es en <strong data-start=\"377\" data-end=\"391\">biodynamie<\/strong> et vinifi\u00e9es naturellement. Cette cuv\u00e9e exprime toute la finesse et la tension du <strong data-start=\"474\" data-end=\"495\">Pouilly-Vinzelles<\/strong>, avec une belle profondeur et un superbe potentiel de garde.<\/p>\n<hr data-start=\"560\" data-end=\"565\" \/>\n<h3 data-start=\"567\" data-end=\"632\"><strong data-start=\"571\" data-end=\"630\">Domaine de la Soufrandi\u00e8re : Une R\u00e9f\u00e9rence en M\u00e2connais<\/strong><\/h3>\n<p data-start=\"634\" data-end=\"982\">Dirig\u00e9 par les <strong data-start=\"649\" data-end=\"664\">fr\u00e8res Bret<\/strong>, le <strong data-start=\"669\" data-end=\"699\">Domaine de la Soufrandi\u00e8re<\/strong> est une figure embl\u00e9matique du <strong data-start=\"731\" data-end=\"744\">M\u00e2connais<\/strong>, produisant des vins purs et vibrants gr\u00e2ce \u00e0 une approche <strong data-start=\"804\" data-end=\"820\">biodynamique<\/strong> exigeante. Les vinifications sont r\u00e9alis\u00e9es avec un minimum d\u2019intervention, sans soufre ajout\u00e9 durant l\u2019\u00e9levage, afin de pr\u00e9server toute l\u2019identit\u00e9 du terroir.<\/p>\n<hr data-start=\"984\" data-end=\"989\" \/>\n<h3 data-start=\"991\" data-end=\"1024\"><strong data-start=\"995\" data-end=\"1022\">Caract\u00e9ristiques du Vin<\/strong><\/h3>\n<p data-start=\"1026\" data-end=\"1261\">\ud83d\udcc5 <strong data-start=\"1029\" data-end=\"1042\">Mill\u00e9sime<\/strong> : 2021, frais et \u00e9quilibr\u00e9.<br data-start=\"1070\" data-end=\"1073\" \/>\ud83d\udccd <strong data-start=\"1076\" data-end=\"1086\">R\u00e9gion<\/strong> : <strong data-start=\"1089\" data-end=\"1102\">Bourgogne<\/strong>, appellation <strong data-start=\"1116\" data-end=\"1137\">Pouilly-Vinzelles<\/strong>.<br data-start=\"1138\" data-end=\"1141\" \/>\ud83c\udf47 <strong data-start=\"1144\" data-end=\"1154\">C\u00e9page<\/strong> : <strong data-start=\"1157\" data-end=\"1171\">Chardonnay<\/strong>, min\u00e9ral et profond.<br data-start=\"1192\" data-end=\"1195\" \/>\ud83c\udf7e <strong data-start=\"1198\" data-end=\"1208\">Format<\/strong> : <strong data-start=\"1211\" data-end=\"1220\">75 cl<\/strong>.<br data-start=\"1221\" data-end=\"1224\" data-is-only-node=\"\" \/>% <strong data-start=\"1226\" data-end=\"1243\">Taux d\u2019alcool<\/strong> : <strong data-start=\"1246\" data-end=\"1259\">13 % vol.<\/strong><\/p>\n<hr data-start=\"1263\" data-end=\"1268\" \/>\n<h3 data-start=\"1270\" data-end=\"1291\"><strong data-start=\"1274\" data-end=\"1289\">D\u00e9gustation<\/strong><\/h3>\n<p data-start=\"1293\" data-end=\"1514\">\ud83d\udc43 <strong data-start=\"1296\" data-end=\"1303\">Nez<\/strong> : \u00c9l\u00e9gant et complexe, aux notes de <strong data-start=\"1340\" data-end=\"1410\">fleurs blanches, agrumes frais, amande, noisette et pierre \u00e0 fusil<\/strong>.<br data-start=\"1411\" data-end=\"1414\" \/>\ud83d\udc44 <strong data-start=\"1417\" data-end=\"1427\">Bouche<\/strong> : Attaque vive et tendue, belle acidit\u00e9, texture ample et finale saline persistante.<\/p>\n<hr data-start=\"1516\" data-end=\"1521\" \/>\n<h3 data-start=\"1523\" data-end=\"1556\"><strong data-start=\"1527\" data-end=\"1554\">Un Grand Blanc de Garde<\/strong><\/h3>\n<p data-start=\"1558\" data-end=\"1891\" data-is-last-node=\"\" data-is-only-node=\"\">Le <strong data-start=\"1561\" data-end=\"1600\">Pouilly-Vinzelles &#8220;Les Quarts&#8221; 2021<\/strong> est un <strong data-start=\"1608\" data-end=\"1638\">Chardonnay vibrant et rac\u00e9<\/strong>, id\u00e9al pour les amateurs de grands blancs <strong data-start=\"1681\" data-end=\"1716\">bourguignons pr\u00e9cis et profonds<\/strong>. Son \u00e9quilibre entre tension et rondeur en fait un vin parfait pour la garde ou pour \u00eatre d\u00e9gust\u00e9 d\u00e8s maintenant apr\u00e8s a\u00e9ration. <strong data-start=\"1846\" data-end=\"1887\">Une p\u00e9pite du M\u00e2connais \u00e0 d\u00e9couvrir !<\/strong> \ud83c\udf77\u2728<\/p>\n<\/div>\n<\/div>\n<\/div>\n<\/div>\n","protected":false},"excerpt":{"rendered":"<h3 data-start=\"0\" data-end=\"74\">Pouilly-Vinzelles &#8220;Les Quarts&#8221; 2021 \u2013 Domaine de la Soufrandi\u00e8re \ud83c\udf47\u2728<\/h3>\n<p data-start=\"76\" data-end=\"327\">Le <strong data-start=\"79\" data-end=\"118\">Pouilly-Vinzelles &#8220;Les Quarts&#8221; 2021<\/strong> du <strong data-start=\"122\" data-end=\"152\">Domaine de la Soufrandi\u00e8re<\/strong> est un <strong data-start=\"160\" data-end=\"187\">Chardonnay biodynamique<\/strong>, issu d\u2019un terroir calcaire historique aux vieilles vignes profondes. Un vin d\u2019une grande puret\u00e9, m\u00ealant tension, complexit\u00e9 et \u00e9l\u00e9gance.<\/p>\n<p data-start=\"329\" data-end=\"559\">\ud83d\udcc5 <strong data-start=\"332\" data-end=\"345\">Mill\u00e9sime<\/strong> : 2021, frais et pr\u00e9cis.<br data-start=\"370\" data-end=\"373\" \/>\ud83d\udccd <strong data-start=\"376\" data-end=\"386\">R\u00e9gion<\/strong> : <strong data-start=\"389\" data-end=\"402\" data-is-only-node=\"\">Bourgogne<\/strong>, appellation <strong data-start=\"416\" data-end=\"437\">Pouilly-Vinzelles<\/strong>.<br data-start=\"438\" data-end=\"441\" \/>\ud83c\udf47 <strong data-start=\"444\" data-end=\"454\">C\u00e9page<\/strong> : <strong data-start=\"457\" data-end=\"471\">Chardonnay<\/strong>, droit et min\u00e9ral.<br data-start=\"490\" data-end=\"493\" \/>\ud83c\udf7e <strong data-start=\"496\" data-end=\"506\">Format<\/strong> : <strong data-start=\"509\" data-end=\"518\">75 cl<\/strong>.<br data-start=\"519\" data-end=\"522\" \/>% <strong data-start=\"524\" data-end=\"541\">Taux d\u2019alcool<\/strong> : <strong data-start=\"544\" data-end=\"557\">13 % vol.<\/strong><\/p>\n<p data-start=\"561\" data-end=\"731\">\ud83d\udc43 <strong data-start=\"564\" data-end=\"571\">Nez<\/strong> : Ar\u00f4mes de <strong data-start=\"584\" data-end=\"645\">fleurs blanches, agrumes frais, amande et notes crayeuses<\/strong>.<br data-start=\"646\" data-end=\"649\" \/>\ud83d\udc44 <strong data-start=\"652\" data-end=\"662\" data-is-only-node=\"\">Bouche<\/strong> : Belle tension min\u00e9rale, profondeur et finale saline persistante.<\/p>\n<p data-start=\"733\" data-end=\"880\" data-is-last-node=\"\" data-is-only-node=\"\">Un <strong data-start=\"736\" data-end=\"764\">grand blanc de Bourgogne<\/strong>, pur et vibrant, parfait pour la garde ou les amateurs de <strong data-start=\"823\" data-end=\"843\">Chardonnay rac\u00e9s<\/strong>. <strong data-start=\"845\" data-end=\"876\">Disponible d\u00e8s maintenant !<\/strong> \ud83c\udf77\u2728<\/p>\n","protected":false},"featured_media":656,"comment_status":"open","ping_status":"closed","template":"","meta":[],"product_brand":[],"product_cat":[163,170,26,276],"product_tag":[],"class_list":{"0":"post-225","1":"product","2":"type-product","3":"status-publish","4":"has-post-thumbnail","6":"product_cat-beaujolais","7":"product_cat-vignerons-domaine-de-la-soufrandiere","8":"product_cat-bouteilles-vins-blancs","9":"product_cat-vins-blancs-beaujolais","12":"first","13":"instock","14":"shipping-taxable","15":"purchasable","16":"product-type-simple"},"_links":{"self":[{"href":"https:\/\/lerousseaugrenoble.fr\/boutique\/wp-json\/wp\/v2\/product\/225","targetHints":{"allow":["GET"]}}],"collection":[{"href":"https:\/\/lerousseaugrenoble.fr\/boutique\/wp-json\/wp\/v2\/product"}],"about":[{"href":"https:\/\/lerousseaugrenoble.fr\/boutique\/wp-json\/wp\/v2\/types\/product"}],"replies":[{"embeddable":true,"href":"https:\/\/lerousseaugrenoble.fr\/boutique\/wp-json\/wp\/v2\/comments?post=225"}],"version-history":[{"count":0,"href":"https:\/\/lerousseaugrenoble.fr\/boutique\/wp-json\/wp\/v2\/product\/225\/revisions"}],"wp:featuredmedia":[{"embeddable":true,"href":"https:\/\/lerousseaugrenoble.fr\/boutique\/wp-json\/wp\/v2\/media\/656"}],"wp:attachment":[{"href":"https:\/\/lerousseaugrenoble.fr\/boutique\/wp-json\/wp\/v2\/media?parent=225"}],"wp:term":[{"taxonomy":"product_brand","embeddable":true,"href":"https:\/\/lerousseaugrenoble.fr\/boutique\/wp-json\/wp\/v2\/product_brand?post=225"},{"taxonomy":"product_cat","embeddable":true,"href":"https:\/\/lerousseaugrenoble.fr\/boutique\/wp-json\/wp\/v2\/product_cat?post=225"},{"taxonomy":"product_tag","embeddable":true,"href":"https:\/\/lerousseaugrenoble.fr\/boutique\/wp-json\/wp\/v2\/product_tag?post=225"}],"curies":[{"name":"wp","href":"https:\/\/api.w.org\/{rel}","templated":true}]}}