{"id":224,"date":"2025-02-24T13:03:47","date_gmt":"2025-02-24T12:03:47","guid":{"rendered":"https:\/\/lerousseaugrenoble.fr\/boutique\/?post_type=product&#038;p=224"},"modified":"2025-05-09T14:02:30","modified_gmt":"2025-05-09T12:02:30","slug":"saint-veran-la-bonnode-domaine-de-la-souffrandiere-2016","status":"publish","type":"product","link":"https:\/\/lerousseaugrenoble.fr\/boutique\/produit\/saint-veran-la-bonnode-domaine-de-la-souffrandiere-2016\/","title":{"rendered":"Saint V\u00e9ran La Bonnode Domaine de La Souffrandi\u00e8re 2016"},"content":{"rendered":"<div class=\"flex max-w-full flex-col flex-grow\">\n<div class=\"min-h-8 text-message flex w-full flex-col items-end gap-2 whitespace-normal break-words text-start [.text-message+&amp;]:mt-5\" dir=\"auto\" data-message-author-role=\"assistant\" data-message-id=\"8f65eea3-7042-452b-9589-0eefbe78b28e\" data-message-model-slug=\"gpt-4o\">\n<div class=\"flex w-full flex-col gap-1 empty:hidden first:pt-[3px]\">\n<div class=\"markdown prose w-full break-words dark:prose-invert dark\">\n<h3 data-start=\"0\" data-end=\"68\">Saint-V\u00e9ran &#8220;La Bonnode&#8221; 2016 \u2013 Domaine de la Soufrandi\u00e8re \ud83c\udf47\u2728<\/h3>\n<p data-start=\"70\" data-end=\"366\">Le <strong data-start=\"73\" data-end=\"106\">Saint-V\u00e9ran &#8220;La Bonnode&#8221; 2016<\/strong> du <strong data-start=\"110\" data-end=\"140\">Domaine de la Soufrandi\u00e8re<\/strong> est un <strong data-start=\"148\" data-end=\"174\">Chardonnay d\u2019exception<\/strong>, issu d\u2019un terroir d\u2019altitude aux sols riches en calcaire. Cultiv\u00e9 en <strong data-start=\"245\" data-end=\"259\">biodynamie<\/strong> et vinifi\u00e9 naturellement, ce vin exprime une grande \u00e9l\u00e9gance, entre fra\u00eecheur, profondeur et min\u00e9ralit\u00e9.<\/p>\n<hr data-start=\"368\" data-end=\"373\" \/>\n<h3 data-start=\"375\" data-end=\"442\"><strong data-start=\"379\" data-end=\"440\">Domaine de la Soufrandi\u00e8re : La Pr\u00e9cision des Fr\u00e8res Bret<\/strong><\/h3>\n<p data-start=\"444\" data-end=\"818\">Le <strong data-start=\"447\" data-end=\"477\">Domaine de la Soufrandi\u00e8re<\/strong>, dirig\u00e9 par les fr\u00e8res <strong data-start=\"501\" data-end=\"541\">Jean-Guillaume et Jean-Philippe Bret<\/strong>, est une r\u00e9f\u00e9rence en <strong data-start=\"564\" data-end=\"577\">M\u00e2connais<\/strong> pour les vins purs et vivants. Attach\u00e9s \u00e0 une viticulture <strong data-start=\"636\" data-end=\"666\">biologique et biodynamique<\/strong>, ils mettent en valeur chaque terroir avec des vinifications soign\u00e9es et des \u00e9levages longs, r\u00e9v\u00e9lant toute la finesse du <strong data-start=\"789\" data-end=\"815\">Chardonnay bourguignon<\/strong>.<\/p>\n<hr data-start=\"820\" data-end=\"825\" \/>\n<h3 data-start=\"827\" data-end=\"860\"><strong data-start=\"831\" data-end=\"858\">Caract\u00e9ristiques du Vin<\/strong><\/h3>\n<p data-start=\"862\" data-end=\"1092\">\ud83d\udcc5 <strong data-start=\"865\" data-end=\"878\">Mill\u00e9sime<\/strong> : 2016, \u00e9quilibr\u00e9 et \u00e9l\u00e9gant.<br data-start=\"908\" data-end=\"911\" \/>\ud83d\udccd <strong data-start=\"914\" data-end=\"924\">R\u00e9gion<\/strong> : <strong data-start=\"927\" data-end=\"940\">Bourgogne<\/strong>, appellation <strong data-start=\"954\" data-end=\"969\">Saint-V\u00e9ran<\/strong>.<br data-start=\"970\" data-end=\"973\" \/>\ud83c\udf47 <strong data-start=\"976\" data-end=\"986\">C\u00e9page<\/strong> : <strong data-start=\"989\" data-end=\"1003\">Chardonnay<\/strong><br data-start=\"1023\" data-end=\"1026\" \/>\ud83c\udf7e <strong data-start=\"1029\" data-end=\"1039\">Format<\/strong> : <strong data-start=\"1042\" data-end=\"1051\">75 cl<\/strong>.<br data-start=\"1052\" data-end=\"1055\" data-is-only-node=\"\" \/>% <strong data-start=\"1057\" data-end=\"1074\">Taux d\u2019alcool<\/strong> : <strong data-start=\"1077\" data-end=\"1090\">13 % vol.<\/strong><\/p>\n<hr data-start=\"1094\" data-end=\"1099\" \/>\n<h3 data-start=\"1101\" data-end=\"1122\"><strong data-start=\"1105\" data-end=\"1120\">D\u00e9gustation<\/strong><\/h3>\n<p data-start=\"1124\" data-end=\"1355\">\ud83d\udc43 <strong data-start=\"1127\" data-end=\"1134\">Nez<\/strong> : Fin et complexe, sur des notes de <strong data-start=\"1171\" data-end=\"1240\">fleurs blanches, agrumes confits, amande fra\u00eeche et pierre humide<\/strong>.<br data-start=\"1241\" data-end=\"1244\" \/>\ud83d\udc44 <strong data-start=\"1247\" data-end=\"1257\">Bouche<\/strong> : Belle tension, \u00e9quilibre parfait entre fra\u00eecheur et texture soyeuse, finale longue et saline.<\/p>\n<hr data-start=\"1357\" data-end=\"1362\" \/>\n<h3 data-start=\"1364\" data-end=\"1406\"><strong data-start=\"1368\" data-end=\"1404\">Un Grand Chardonnay du M\u00e2connais<\/strong><\/h3>\n<p data-start=\"1408\" data-end=\"1601\" data-is-last-node=\"\" data-is-only-node=\"\">Ce <strong data-start=\"1411\" data-end=\"1444\">Saint-V\u00e9ran &#8220;La Bonnode&#8221; 2016<\/strong> est un <strong data-start=\"1452\" data-end=\"1478\">vin raffin\u00e9 et vibrant<\/strong>, parfait pour les amateurs de blancs bourguignons expressifs et taill\u00e9s pour la garde. <strong data-start=\"1566\" data-end=\"1597\">\u00c0 d\u00e9couvrir sans attendre !<\/strong> \ud83c\udf77\u2728<\/p>\n<\/div>\n<\/div>\n<\/div>\n<\/div>\n","protected":false},"excerpt":{"rendered":"<h3 data-start=\"0\" data-end=\"68\">Saint-V\u00e9ran &#8220;La Bonnode&#8221; 2016 \u2013 Domaine de la Soufrandi\u00e8re \ud83c\udf47\u2728<\/h3>\n<p data-start=\"70\" data-end=\"271\">Le <strong data-start=\"73\" data-end=\"106\">Saint-V\u00e9ran &#8220;La Bonnode&#8221; 2016<\/strong> du <strong data-start=\"110\" data-end=\"140\">Domaine de la Soufrandi\u00e8re<\/strong> est un <strong data-start=\"148\" data-end=\"175\">Chardonnay biodynamique<\/strong>, vinifi\u00e9 naturellement pour exprimer toute la finesse du terroir calcaire de <strong data-start=\"253\" data-end=\"268\">Saint-V\u00e9ran<\/strong>.<\/p>\n<p data-start=\"273\" data-end=\"495\">\ud83d\udcc5 <strong data-start=\"276\" data-end=\"289\">Mill\u00e9sime<\/strong> : 2016, \u00e9quilibr\u00e9 et \u00e9l\u00e9gant.<br data-start=\"319\" data-end=\"322\" \/>\ud83d\udccd <strong data-start=\"325\" data-end=\"335\">R\u00e9gion<\/strong> : <strong data-start=\"338\" data-end=\"351\" data-is-only-node=\"\">Bourgogne<\/strong>, appellation <strong data-start=\"365\" data-end=\"380\">Saint-V\u00e9ran<\/strong>.<br data-start=\"381\" data-end=\"384\" \/>\ud83c\udf47 <strong data-start=\"387\" data-end=\"397\">C\u00e9page<\/strong> : <strong data-start=\"400\" data-end=\"414\">Chardonnay<\/strong>, min\u00e9ral et pr\u00e9cis.<br data-start=\"434\" data-end=\"437\" \/>\ud83c\udf7e <strong data-start=\"440\" data-end=\"450\">Format<\/strong> : 75 cl.<br data-start=\"459\" data-end=\"462\" \/>% <strong data-start=\"464\" data-end=\"481\">Taux d\u2019alcool<\/strong> : 13 % vol.<\/p>\n<p data-start=\"497\" data-end=\"658\">\ud83d\udc43 <strong data-start=\"500\" data-end=\"507\">Nez<\/strong> : Notes de <strong data-start=\"519\" data-end=\"588\">fleurs blanches, agrumes confits, amande fra\u00eeche et pierre humide<\/strong>.<br data-start=\"589\" data-end=\"592\" \/>\ud83d\udc44 <strong data-start=\"595\" data-end=\"605\" data-is-only-node=\"\">Bouche<\/strong> : Belle tension, texture soyeuse et finale saline.<\/p>\n<p data-start=\"660\" data-end=\"771\" data-is-last-node=\"\" data-is-only-node=\"\">Un <strong data-start=\"663\" data-end=\"693\">Saint-V\u00e9ran pur et raffin\u00e9<\/strong>, id\u00e9al pour les amateurs de grands blancs bourguignons. <strong data-start=\"750\" data-end=\"767\">\u00c0 d\u00e9couvrir !<\/strong> \ud83c\udf77\u2728<\/p>\n","protected":false},"featured_media":534,"comment_status":"open","ping_status":"closed","template":"","meta":[],"product_brand":[],"product_cat":[163,170,26,276],"product_tag":[],"class_list":{"0":"post-224","1":"product","2":"type-product","3":"status-publish","4":"has-post-thumbnail","6":"product_cat-beaujolais","7":"product_cat-vignerons-domaine-de-la-soufrandiere","8":"product_cat-bouteilles-vins-blancs","9":"product_cat-vins-blancs-beaujolais","12":"first","13":"instock","14":"shipping-taxable","15":"purchasable","16":"product-type-simple"},"_links":{"self":[{"href":"https:\/\/lerousseaugrenoble.fr\/boutique\/wp-json\/wp\/v2\/product\/224","targetHints":{"allow":["GET"]}}],"collection":[{"href":"https:\/\/lerousseaugrenoble.fr\/boutique\/wp-json\/wp\/v2\/product"}],"about":[{"href":"https:\/\/lerousseaugrenoble.fr\/boutique\/wp-json\/wp\/v2\/types\/product"}],"replies":[{"embeddable":true,"href":"https:\/\/lerousseaugrenoble.fr\/boutique\/wp-json\/wp\/v2\/comments?post=224"}],"version-history":[{"count":2,"href":"https:\/\/lerousseaugrenoble.fr\/boutique\/wp-json\/wp\/v2\/product\/224\/revisions"}],"predecessor-version":[{"id":25304,"href":"https:\/\/lerousseaugrenoble.fr\/boutique\/wp-json\/wp\/v2\/product\/224\/revisions\/25304"}],"wp:featuredmedia":[{"embeddable":true,"href":"https:\/\/lerousseaugrenoble.fr\/boutique\/wp-json\/wp\/v2\/media\/534"}],"wp:attachment":[{"href":"https:\/\/lerousseaugrenoble.fr\/boutique\/wp-json\/wp\/v2\/media?parent=224"}],"wp:term":[{"taxonomy":"product_brand","embeddable":true,"href":"https:\/\/lerousseaugrenoble.fr\/boutique\/wp-json\/wp\/v2\/product_brand?post=224"},{"taxonomy":"product_cat","embeddable":true,"href":"https:\/\/lerousseaugrenoble.fr\/boutique\/wp-json\/wp\/v2\/product_cat?post=224"},{"taxonomy":"product_tag","embeddable":true,"href":"https:\/\/lerousseaugrenoble.fr\/boutique\/wp-json\/wp\/v2\/product_tag?post=224"}],"curies":[{"name":"wp","href":"https:\/\/api.w.org\/{rel}","templated":true}]}}