{"id":222,"date":"2025-02-24T12:57:47","date_gmt":"2025-02-24T11:57:47","guid":{"rendered":"https:\/\/lerousseaugrenoble.fr\/boutique\/?post_type=product&#038;p=222"},"modified":"2025-05-09T14:03:08","modified_gmt":"2025-05-09T12:03:08","slug":"macon-cruzille-aragonite-clos-des-vignes-du-maynes-2021","status":"publish","type":"product","link":"https:\/\/lerousseaugrenoble.fr\/boutique\/produit\/macon-cruzille-aragonite-clos-des-vignes-du-maynes-2021\/","title":{"rendered":"M\u00e2con Cruzille Aragonite Clos des Vignes du Maynes 2021"},"content":{"rendered":"<div class=\"flex max-w-full flex-col flex-grow\">\n<div class=\"min-h-8 text-message flex w-full flex-col items-end gap-2 whitespace-normal break-words text-start [.text-message+&amp;]:mt-5\" dir=\"auto\" data-message-author-role=\"assistant\" data-message-id=\"129d00a4-1777-410b-96b8-c91e474b9bd3\" data-message-model-slug=\"gpt-4o\">\n<div class=\"flex w-full flex-col gap-1 empty:hidden first:pt-[3px]\">\n<div class=\"markdown prose w-full break-words dark:prose-invert dark\">\n<h3 data-start=\"0\" data-end=\"69\">M\u00e2con Cruzille &#8220;Aragonite&#8221; 2021 \u2013 Clos des Vignes du Maynes \ud83c\udf47\u2728<\/h3>\n<p data-start=\"71\" data-end=\"407\">Le <strong data-start=\"74\" data-end=\"109\">M\u00e2con Cruzille &#8220;Aragonite&#8221; 2021<\/strong> du <strong data-start=\"113\" data-end=\"142\">Clos des Vignes du Maynes<\/strong> est un <strong data-start=\"150\" data-end=\"164\">Chardonnay<\/strong> d\u2019une puret\u00e9 exceptionnelle, issu d\u2019une agriculture <strong data-start=\"217\" data-end=\"233\">biodynamique<\/strong> et vinifi\u00e9 naturellement. Cette cuv\u00e9e refl\u00e8te \u00e0 merveille l\u2019identit\u00e9 du terroir calcaire de <strong data-start=\"326\" data-end=\"338\">Cruzille<\/strong>, offrant une belle tension min\u00e9rale et une profondeur remarquable.<\/p>\n<hr data-start=\"409\" data-end=\"414\" \/>\n<h3 data-start=\"416\" data-end=\"493\"><strong data-start=\"420\" data-end=\"491\">Le Clos des Vignes du Maynes : Un Domaine Historique et Visionnaire<\/strong><\/h3>\n<p data-start=\"495\" data-end=\"806\">Fond\u00e9 au IX\u1d49 si\u00e8cle et cultiv\u00e9 en <strong data-start=\"529\" data-end=\"543\">biodynamie<\/strong> depuis plusieurs d\u00e9cennies, le <strong data-start=\"575\" data-end=\"604\">Clos des Vignes du Maynes<\/strong> est une r\u00e9f\u00e9rence des vins naturels en Bourgogne. Julien Guillot, vigneron engag\u00e9, privil\u00e9gie des vinifications sans intrants ni soufre ajout\u00e9, afin de pr\u00e9server l\u2019expression la plus pure du terroir.<\/p>\n<hr data-start=\"808\" data-end=\"813\" \/>\n<h3 data-start=\"815\" data-end=\"848\"><strong data-start=\"819\" data-end=\"846\">Caract\u00e9ristiques du Vin<\/strong><\/h3>\n<p data-start=\"850\" data-end=\"1082\">\ud83d\udcc5 <strong data-start=\"853\" data-end=\"866\">Mill\u00e9sime<\/strong> : 2021, vif et cristallin.<br data-start=\"893\" data-end=\"896\" \/>\ud83d\udccd <strong data-start=\"899\" data-end=\"909\">R\u00e9gion<\/strong> : <strong data-start=\"912\" data-end=\"925\">Bourgogne<\/strong>, appellation <strong data-start=\"939\" data-end=\"957\">M\u00e2con-Cruzille<\/strong>.<br data-start=\"958\" data-end=\"961\" \/>\ud83c\udf47 <strong data-start=\"964\" data-end=\"974\">C\u00e9page<\/strong> : <strong data-start=\"977\" data-end=\"991\">Chardonnay<\/strong>, min\u00e9ral et pr\u00e9cis.<br data-start=\"1011\" data-end=\"1014\" \/>\ud83c\udf7e <strong data-start=\"1017\" data-end=\"1027\">Format<\/strong> : <strong data-start=\"1030\" data-end=\"1039\">75 cl<\/strong>.<br data-start=\"1040\" data-end=\"1043\" data-is-only-node=\"\" \/>% <strong data-start=\"1045\" data-end=\"1062\">Taux d\u2019alcool<\/strong> : <strong data-start=\"1065\" data-end=\"1080\">12,5 % vol.<\/strong><\/p>\n<hr data-start=\"1084\" data-end=\"1089\" \/>\n<h3 data-start=\"1091\" data-end=\"1112\"><strong data-start=\"1095\" data-end=\"1110\">D\u00e9gustation<\/strong><\/h3>\n<p data-start=\"1114\" data-end=\"1336\">\ud83d\udc43 <strong data-start=\"1117\" data-end=\"1124\">Nez<\/strong> : \u00c9l\u00e9gant et complexe, avec des notes de <strong data-start=\"1166\" data-end=\"1233\">zeste de citron, pomme verte, fleurs blanches et pierre \u00e0 fusil<\/strong>.<br data-start=\"1234\" data-end=\"1237\" \/>\ud83d\udc44 <strong data-start=\"1240\" data-end=\"1250\">Bouche<\/strong> : Belle acidit\u00e9, texture cisel\u00e9e, finale longue et saline avec une superbe tension.<\/p>\n<hr data-start=\"1338\" data-end=\"1343\" \/>\n<h3 data-start=\"1345\" data-end=\"1387\"><strong data-start=\"1349\" data-end=\"1385\">Un Chardonnay Vibrant et Min\u00e9ral<\/strong><\/h3>\n<p data-start=\"1389\" data-end=\"1693\" data-is-last-node=\"\" data-is-only-node=\"\">Ce <strong data-start=\"1392\" data-end=\"1427\">M\u00e2con Cruzille &#8220;Aragonite&#8221; 2021<\/strong> est un <strong data-start=\"1435\" data-end=\"1465\">grand vin blanc de terroir<\/strong>, alliant finesse et profondeur. Id\u00e9al pour les amateurs de <strong data-start=\"1525\" data-end=\"1557\">Chardonnay droits et vivants<\/strong>, il accompagnera aussi bien des fruits de mer que des plats raffin\u00e9s. <strong data-start=\"1628\" data-end=\"1689\">\u00c0 d\u00e9guster maintenant ou apr\u00e8s quelques ann\u00e9es de garde !<\/strong> \ud83c\udf77\u2728<\/p>\n<\/div>\n<\/div>\n<\/div>\n<\/div>\n","protected":false},"excerpt":{"rendered":"<h3 data-start=\"0\" data-end=\"69\">M\u00e2con Cruzille &#8220;Aragonite&#8221; 2021 \u2013 Clos des Vignes du Maynes \ud83c\udf47\u2728<\/h3>\n<p data-start=\"71\" data-end=\"269\">Le <strong data-start=\"74\" data-end=\"109\">M\u00e2con Cruzille &#8220;Aragonite&#8221; 2021<\/strong> du <strong data-start=\"113\" data-end=\"142\">Clos des Vignes du Maynes<\/strong> est un <strong data-start=\"150\" data-end=\"177\">Chardonnay biodynamique<\/strong>, vinifi\u00e9 naturellement pour exprimer toute la puret\u00e9 du terroir calcaire de <strong data-start=\"254\" data-end=\"266\">Cruzille<\/strong>.<\/p>\n<p data-start=\"271\" data-end=\"495\">\ud83d\udcc5 <strong data-start=\"274\" data-end=\"287\">Mill\u00e9sime<\/strong> : 2021, vif et cristallin.<br data-start=\"314\" data-end=\"317\" \/>\ud83d\udccd <strong data-start=\"320\" data-end=\"330\">R\u00e9gion<\/strong> : <strong data-start=\"333\" data-end=\"346\" data-is-only-node=\"\">Bourgogne<\/strong>, appellation <strong data-start=\"360\" data-end=\"378\">M\u00e2con-Cruzille<\/strong>.<br data-start=\"379\" data-end=\"382\" \/>\ud83c\udf47 <strong data-start=\"385\" data-end=\"395\">C\u00e9page<\/strong> : <strong data-start=\"398\" data-end=\"412\">Chardonnay<\/strong>, min\u00e9ral et pr\u00e9cis.<br data-start=\"432\" data-end=\"435\" \/>\ud83c\udf7e <strong data-start=\"438\" data-end=\"448\">Format<\/strong> : 75 cl.<br data-start=\"457\" data-end=\"460\" \/>% <strong data-start=\"462\" data-end=\"479\">Taux d\u2019alcool<\/strong> : 12,5 % vol.<\/p>\n<p data-start=\"497\" data-end=\"657\">\ud83d\udc43 <strong data-start=\"500\" data-end=\"507\">Nez<\/strong> : Notes de <strong data-start=\"519\" data-end=\"586\">zeste de citron, pomme verte, fleurs blanches et pierre \u00e0 fusil<\/strong>.<br data-start=\"587\" data-end=\"590\" \/>\ud83d\udc44 <strong data-start=\"593\" data-end=\"603\" data-is-only-node=\"\">Bouche<\/strong> : Tension min\u00e9rale, belle acidit\u00e9 et finale saline.<\/p>\n<p data-start=\"659\" data-end=\"771\" data-is-last-node=\"\" data-is-only-node=\"\">Un <strong data-start=\"662\" data-end=\"691\">Chardonnay pur et vibrant<\/strong>, parfait pour les amateurs de grands blancs de Bourgogne. <strong data-start=\"750\" data-end=\"767\">\u00c0 d\u00e9couvrir !<\/strong> \ud83c\udf77\u2728<\/p>\n","protected":false},"featured_media":657,"comment_status":"open","ping_status":"closed","template":"","meta":[],"product_brand":[],"product_cat":[195,202,26,273],"product_tag":[],"class_list":{"0":"post-222","1":"product","2":"type-product","3":"status-publish","4":"has-post-thumbnail","6":"product_cat-bourgogne","7":"product_cat-vignerons-clos-des-vignes-du-maynes-bourgogne","8":"product_cat-bouteilles-vins-blancs","9":"product_cat-vins-blancs-bourgogne","12":"first","13":"instock","14":"sold-individually","15":"shipping-taxable","16":"purchasable","17":"product-type-simple"},"_links":{"self":[{"href":"https:\/\/lerousseaugrenoble.fr\/boutique\/wp-json\/wp\/v2\/product\/222","targetHints":{"allow":["GET"]}}],"collection":[{"href":"https:\/\/lerousseaugrenoble.fr\/boutique\/wp-json\/wp\/v2\/product"}],"about":[{"href":"https:\/\/lerousseaugrenoble.fr\/boutique\/wp-json\/wp\/v2\/types\/product"}],"replies":[{"embeddable":true,"href":"https:\/\/lerousseaugrenoble.fr\/boutique\/wp-json\/wp\/v2\/comments?post=222"}],"version-history":[{"count":1,"href":"https:\/\/lerousseaugrenoble.fr\/boutique\/wp-json\/wp\/v2\/product\/222\/revisions"}],"predecessor-version":[{"id":25305,"href":"https:\/\/lerousseaugrenoble.fr\/boutique\/wp-json\/wp\/v2\/product\/222\/revisions\/25305"}],"wp:featuredmedia":[{"embeddable":true,"href":"https:\/\/lerousseaugrenoble.fr\/boutique\/wp-json\/wp\/v2\/media\/657"}],"wp:attachment":[{"href":"https:\/\/lerousseaugrenoble.fr\/boutique\/wp-json\/wp\/v2\/media?parent=222"}],"wp:term":[{"taxonomy":"product_brand","embeddable":true,"href":"https:\/\/lerousseaugrenoble.fr\/boutique\/wp-json\/wp\/v2\/product_brand?post=222"},{"taxonomy":"product_cat","embeddable":true,"href":"https:\/\/lerousseaugrenoble.fr\/boutique\/wp-json\/wp\/v2\/product_cat?post=222"},{"taxonomy":"product_tag","embeddable":true,"href":"https:\/\/lerousseaugrenoble.fr\/boutique\/wp-json\/wp\/v2\/product_tag?post=222"}],"curies":[{"name":"wp","href":"https:\/\/api.w.org\/{rel}","templated":true}]}}