{"id":221,"date":"2025-02-24T12:54:39","date_gmt":"2025-02-24T11:54:39","guid":{"rendered":"https:\/\/lerousseaugrenoble.fr\/boutique\/?post_type=product&#038;p=221"},"modified":"2025-05-09T14:04:19","modified_gmt":"2025-05-09T12:04:19","slug":"vdf-nueva-descripto-alice-olivier-de-moor-2022","status":"publish","type":"product","link":"https:\/\/lerousseaugrenoble.fr\/boutique\/produit\/vdf-nueva-descripto-alice-olivier-de-moor-2022\/","title":{"rendered":"VDF Nueva Descripto Alice &#038; Olivier De Moor 2022"},"content":{"rendered":"<div class=\"flex max-w-full flex-col flex-grow\">\n<div class=\"min-h-8 text-message flex w-full flex-col items-end gap-2 whitespace-normal break-words text-start [.text-message+&amp;]:mt-5\" dir=\"auto\" data-message-author-role=\"assistant\" data-message-id=\"7438b982-e000-41d7-a559-4435f8838a04\" data-message-model-slug=\"gpt-4o\">\n<div class=\"flex w-full flex-col gap-1 empty:hidden first:pt-[3px]\">\n<div class=\"markdown prose w-full break-words dark:prose-invert dark\">\n<h3 data-start=\"0\" data-end=\"60\">VDF Nueva Descripto 2022 \u2013 Alice &amp; Olivier De Moor \ud83c\udf47\u2728<\/h3>\n<p data-start=\"62\" data-end=\"483\">Le <strong data-start=\"65\" data-end=\"89\">Nueva Descripto 2022<\/strong> du <strong data-start=\"93\" data-end=\"128\">Domaine Alice &amp; Olivier De Moor<\/strong> est un vin blanc en <strong data-start=\"149\" data-end=\"166\">Vin de France<\/strong>, issu d\u2019une culture <strong data-start=\"187\" data-end=\"203\">biodynamique<\/strong> et d\u2019une vinification naturelle. Cette cuv\u00e9e rare et confidentielle exprime tout le savoir-faire du domaine dans l\u2019art des vins purs, vivants et cisel\u00e9s. Avec une belle tension et une expression aromatique subtile, ce vin s\u00e9duit par son \u00e9quilibre entre fra\u00eecheur et profondeur.<\/p>\n<hr data-start=\"485\" data-end=\"490\" \/>\n<h3 data-start=\"492\" data-end=\"548\"><strong data-start=\"496\" data-end=\"546\">Alice &amp; Olivier De Moor : Le Respect du Vivant<\/strong><\/h3>\n<p data-start=\"550\" data-end=\"996\">Depuis plusieurs d\u00e9cennies, <strong data-start=\"578\" data-end=\"605\">Alice &amp; Olivier De Moor<\/strong> s\u2019imposent comme des figures majeures du vin naturel en Bourgogne. Le domaine, men\u00e9 en <strong data-start=\"693\" data-end=\"707\">biodynamie<\/strong>, privil\u00e9gie des vinifications sans intrants, avec peu ou pas de soufre ajout\u00e9, afin de r\u00e9v\u00e9ler l\u2019expression la plus authentique du terroir et du mill\u00e9sime. <strong data-start=\"864\" data-end=\"883\">Nueva Descripto<\/strong> illustre cette philosophie avec une approche minimaliste qui laisse pleinement s\u2019exprimer le c\u00e9page et le sol.<\/p>\n<hr data-start=\"998\" data-end=\"1003\" \/>\n<h3 data-start=\"1005\" data-end=\"1038\"><strong data-start=\"1009\" data-end=\"1036\">Caract\u00e9ristiques du Vin<\/strong><\/h3>\n<p data-start=\"1040\" data-end=\"1252\">\ud83d\udcc5 <strong data-start=\"1043\" data-end=\"1056\">Mill\u00e9sime<\/strong> : 2022, frais et pr\u00e9cis.<br data-start=\"1081\" data-end=\"1084\" \/>\ud83d\udccd <strong data-start=\"1087\" data-end=\"1097\">R\u00e9gion<\/strong> : <strong data-start=\"1100\" data-end=\"1113\">Bourgogne<\/strong>, Vin de France.<br data-start=\"1129\" data-end=\"1132\" \/>\ud83c\udf47 <strong data-start=\"1135\" data-end=\"1145\">C\u00e9page<\/strong> : <strong data-start=\"1148\" data-end=\"1162\">Chardonnay<\/strong>, droit et min\u00e9ral.<br data-start=\"1181\" data-end=\"1184\" \/>\ud83c\udf7e <strong data-start=\"1187\" data-end=\"1197\">Format<\/strong> : <strong data-start=\"1200\" data-end=\"1209\">75 cl<\/strong>.<br data-start=\"1210\" data-end=\"1213\" \/>% <strong data-start=\"1215\" data-end=\"1232\">Taux d\u2019alcool<\/strong> : <strong data-start=\"1235\" data-end=\"1250\">12,5 % vol.<\/strong><\/p>\n<hr data-start=\"1254\" data-end=\"1259\" \/>\n<h3 data-start=\"1261\" data-end=\"1282\"><strong data-start=\"1265\" data-end=\"1280\">D\u00e9gustation<\/strong><\/h3>\n<p data-start=\"1284\" data-end=\"1588\">\ud83d\udc43 <strong data-start=\"1287\" data-end=\"1294\">Nez<\/strong> : D\u00e9licat et pur, marqu\u00e9 par des ar\u00f4mes de <strong data-start=\"1338\" data-end=\"1456\">fruits blancs croquants (pomme, poire), agrumes frais (citron, pamplemousse), fleurs blanches et une touche saline<\/strong>.<br data-start=\"1457\" data-end=\"1460\" \/>\ud83d\udc44 <strong data-start=\"1463\" data-end=\"1473\">Bouche<\/strong> : Belle tension min\u00e9rale, une attaque vive suivie d\u2019une texture \u00e9l\u00e9gante et d\u2019une longue finale iod\u00e9e et saline.<\/p>\n<hr data-start=\"1590\" data-end=\"1595\" \/>\n<h3 data-start=\"1597\" data-end=\"1638\"><strong data-start=\"1601\" data-end=\"1636\">Un Vin Blanc \u00c9pur\u00e9 et Expressif<\/strong><\/h3>\n<p data-start=\"1640\" data-end=\"1940\">Le <strong data-start=\"1643\" data-end=\"1667\">Nueva Descripto 2022<\/strong> est un vin blanc <strong data-start=\"1685\" data-end=\"1709\">pr\u00e9cis et cristallin<\/strong>, parfait pour les amateurs de <strong data-start=\"1740\" data-end=\"1777\">Chardonnay non interventionnistes<\/strong>. Sa fra\u00eecheur et sa puret\u00e9 aromatique en font une cuv\u00e9e de grande buvabilit\u00e9, id\u00e9ale aussi bien pour un ap\u00e9ritif raffin\u00e9 que pour accompagner des mets d\u00e9licats.<\/p>\n<p data-start=\"1942\" data-end=\"2006\" data-is-last-node=\"\" data-is-only-node=\"\">\u2728 <strong data-start=\"1944\" data-end=\"2003\">Disponible d\u00e8s maintenant sur notre boutique en ligne !<\/strong> \ud83c\udf77<\/p>\n<\/div>\n<\/div>\n<\/div>\n<\/div>\n","protected":false},"excerpt":{"rendered":"<h3 data-start=\"0\" data-end=\"60\">VDF Nueva Descripto 2022 \u2013 Alice &amp; Olivier De Moor \ud83c\udf47\u2728<\/h3>\n<p data-start=\"62\" data-end=\"356\">Le <strong data-start=\"65\" data-end=\"89\">Nueva Descripto 2022<\/strong> du <strong data-start=\"93\" data-end=\"128\">Domaine Alice &amp; Olivier De Moor<\/strong> est un vin blanc en <strong data-start=\"149\" data-end=\"166\">Vin de France<\/strong>, issu d\u2019une viticulture <strong data-start=\"191\" data-end=\"220\">naturelle et biodynamique<\/strong>. Avec une approche minimaliste et un respect total du raisin, cette cuv\u00e9e exprime une belle vivacit\u00e9 et une grande puret\u00e9 aromatique.<\/p>\n<p data-start=\"358\" data-end=\"564\">\ud83d\udcc5 <strong data-start=\"361\" data-end=\"374\">Mill\u00e9sime<\/strong> : 2022, frais et \u00e9clatant.<br data-start=\"401\" data-end=\"404\" \/>\ud83d\udccd <strong data-start=\"407\" data-end=\"417\">R\u00e9gion<\/strong> : <strong data-start=\"420\" data-end=\"433\" data-is-only-node=\"\">Bourgogne<\/strong>, Vin de France.<br data-start=\"449\" data-end=\"452\" \/>\ud83c\udf47 <strong data-start=\"455\" data-end=\"465\">C\u00e9page<\/strong> : <strong data-start=\"468\" data-end=\"482\">Chardonnay<\/strong>, droit et min\u00e9ral.<br data-start=\"501\" data-end=\"504\" \/>\ud83c\udf7e <strong data-start=\"507\" data-end=\"517\">Format<\/strong> : 75 cl.<br data-start=\"526\" data-end=\"529\" \/>% <strong data-start=\"531\" data-end=\"548\">Taux d\u2019alcool<\/strong> : 12,5 % vol.<\/p>\n<p data-start=\"566\" data-end=\"739\">\ud83d\udc43 <strong data-start=\"569\" data-end=\"576\">Nez<\/strong> : Notes de <strong data-start=\"588\" data-end=\"649\">fruits blancs croquants, agrumes, fleurs et touche saline<\/strong>.<br data-start=\"650\" data-end=\"653\" \/>\ud83d\udc44 <strong data-start=\"656\" data-end=\"666\" data-is-only-node=\"\">Bouche<\/strong> : \u00c9quilibr\u00e9e, vive et tendue, avec une finale min\u00e9rale et persistante.<\/p>\n<p data-start=\"741\" data-end=\"848\" data-is-last-node=\"\" data-is-only-node=\"\">Un blanc <strong data-start=\"750\" data-end=\"770\">pur et dynamique<\/strong>, parfait pour les amateurs de vins vivants et sinc\u00e8res. <strong data-start=\"827\" data-end=\"844\">\u00c0 d\u00e9couvrir !<\/strong> \ud83c\udf77\u2728<\/p>\n","protected":false},"featured_media":688,"comment_status":"open","ping_status":"closed","template":"","meta":[],"product_brand":[],"product_cat":[195,197,26,273],"product_tag":[],"class_list":{"0":"post-221","1":"product","2":"type-product","3":"status-publish","4":"has-post-thumbnail","6":"product_cat-bourgogne","7":"product_cat-vignerons-de-moor","8":"product_cat-bouteilles-vins-blancs","9":"product_cat-vins-blancs-bourgogne","12":"first","13":"instock","14":"shipping-taxable","15":"purchasable","16":"product-type-simple"},"_links":{"self":[{"href":"https:\/\/lerousseaugrenoble.fr\/boutique\/wp-json\/wp\/v2\/product\/221","targetHints":{"allow":["GET"]}}],"collection":[{"href":"https:\/\/lerousseaugrenoble.fr\/boutique\/wp-json\/wp\/v2\/product"}],"about":[{"href":"https:\/\/lerousseaugrenoble.fr\/boutique\/wp-json\/wp\/v2\/types\/product"}],"replies":[{"embeddable":true,"href":"https:\/\/lerousseaugrenoble.fr\/boutique\/wp-json\/wp\/v2\/comments?post=221"}],"version-history":[{"count":1,"href":"https:\/\/lerousseaugrenoble.fr\/boutique\/wp-json\/wp\/v2\/product\/221\/revisions"}],"predecessor-version":[{"id":25306,"href":"https:\/\/lerousseaugrenoble.fr\/boutique\/wp-json\/wp\/v2\/product\/221\/revisions\/25306"}],"wp:featuredmedia":[{"embeddable":true,"href":"https:\/\/lerousseaugrenoble.fr\/boutique\/wp-json\/wp\/v2\/media\/688"}],"wp:attachment":[{"href":"https:\/\/lerousseaugrenoble.fr\/boutique\/wp-json\/wp\/v2\/media?parent=221"}],"wp:term":[{"taxonomy":"product_brand","embeddable":true,"href":"https:\/\/lerousseaugrenoble.fr\/boutique\/wp-json\/wp\/v2\/product_brand?post=221"},{"taxonomy":"product_cat","embeddable":true,"href":"https:\/\/lerousseaugrenoble.fr\/boutique\/wp-json\/wp\/v2\/product_cat?post=221"},{"taxonomy":"product_tag","embeddable":true,"href":"https:\/\/lerousseaugrenoble.fr\/boutique\/wp-json\/wp\/v2\/product_tag?post=221"}],"curies":[{"name":"wp","href":"https:\/\/api.w.org\/{rel}","templated":true}]}}